{"id":73120,"date":"2025-02-25T19:01:03","date_gmt":"2025-02-25T19:01:03","guid":{"rendered":"https:\/\/brandss.com.py\/index\/?post_type=product&#038;p=73120"},"modified":"2025-06-13T13:11:20","modified_gmt":"2025-06-13T13:11:20","slug":"bermuda-masculino-umbro-essence","status":"publish","type":"product","link":"https:\/\/brandss.com.py\/index\/producto\/bermuda-masculino-umbro-essence\/","title":{"rendered":"BERMUDA DEPORTIVO MASCULINO UMBRO ESSENCE"},"content":{"rendered":"<p><img loading=\"lazy\" decoding=\"async\" class=\"\" src=\"https:\/\/upload.wikimedia.org\/wikipedia\/commons\/2\/22\/Umbro_logo_%28current%29.svg\" alt=\"Archivo:Umbro logo (current).svg - Wikipedia, la enciclopedia libre\" width=\"94\" height=\"61\" \/><\/p>\n<h1>ESSENCE<\/h1>\n<div class=\"vtex-flex-layout-0-x-flexColChild vtex-flex-layout-0-x-flexColChild--details-product pb0\">\n<div class=\"vtex-store-components-3-x-productDescriptionContainer\">\n<div class=\"vtex-store-components-3-x-productDescriptionText c-muted-1\">\n<div class=\"vtex-store-components-3-x-container relative\">\n<div class=\"vtex-store-components-3-x-content h-auto\">La Bermuda Essence para hombre es una prenda vers\u00e1til para complementar tu look casual y deportivo. De corte regular, la pieza est\u00e1 confeccionada en malla de poli\u00e9ster con un ajuste entallado. El modelo el\u00e1stico tiene un cord\u00f3n interno, as\u00ed como bolsillos laterales y una cinta Umbro personalizada sublimada en los lados.<\/div>\n<\/div>\n<\/div>\n<\/div>\n<\/div>\n<div class=\"vtex-flex-layout-0-x-flexColChild vtex-flex-layout-0-x-flexColChild--details-product pb0\"><\/div>\n<div>G\u00e9nero: Masculino.<\/div>\n<div>Color: Marino.<\/div>\n<div>Longitud total: 44 cm.<br \/>\nComposici\u00f3n: 100%\u00a0 Poli\u00e9ster.<\/div>\n<div class=\"vtex-flex-layout-0-x-flexColChild vtex-flex-layout-0-x-flexColChild--details-product pb0\"><span class=\"vtex-product-identifier-0-x-product-identifier vtex-product-identifier-0-x-product-identifier--productReference c-muted-1\"><span class=\"vtex-product-identifier-0-x-product-identifier__label\">Modelo<\/span><span class=\"vtex-product-identifier-0-x-product-identifier__separator\">:\u00a0<\/span><span class=\"vtex-product-identifier-0-x-product-identifier__value\">U11L00606-777.<\/span><\/span><\/div>\n","protected":false},"excerpt":{"rendered":"<p>ESSENCE La Bermuda Essence para hombre es una prenda vers\u00e1til para complementar tu look casual y deportivo. De corte regular,<\/p>\n","protected":false},"featured_media":73122,"comment_status":"open","ping_status":"closed","template":"","meta":{"nf_dc_page":""},"product_brand":[],"product_cat":[76],"product_tag":[],"class_list":{"0":"post-73120","1":"product","2":"type-product","3":"status-publish","4":"has-post-thumbnail","6":"product_cat-masculino","8":"first","9":"instock","10":"shipping-taxable","11":"purchasable","12":"product-type-simple"},"_links":{"self":[{"href":"https:\/\/brandss.com.py\/index\/wp-json\/wp\/v2\/product\/73120","targetHints":{"allow":["GET"]}}],"collection":[{"href":"https:\/\/brandss.com.py\/index\/wp-json\/wp\/v2\/product"}],"about":[{"href":"https:\/\/brandss.com.py\/index\/wp-json\/wp\/v2\/types\/product"}],"replies":[{"embeddable":true,"href":"https:\/\/brandss.com.py\/index\/wp-json\/wp\/v2\/comments?post=73120"}],"version-history":[{"count":2,"href":"https:\/\/brandss.com.py\/index\/wp-json\/wp\/v2\/product\/73120\/revisions"}],"predecessor-version":[{"id":73124,"href":"https:\/\/brandss.com.py\/index\/wp-json\/wp\/v2\/product\/73120\/revisions\/73124"}],"wp:featuredmedia":[{"embeddable":true,"href":"https:\/\/brandss.com.py\/index\/wp-json\/wp\/v2\/media\/73122"}],"wp:attachment":[{"href":"https:\/\/brandss.com.py\/index\/wp-json\/wp\/v2\/media?parent=73120"}],"wp:term":[{"taxonomy":"product_brand","embeddable":true,"href":"https:\/\/brandss.com.py\/index\/wp-json\/wp\/v2\/product_brand?post=73120"},{"taxonomy":"product_cat","embeddable":true,"href":"https:\/\/brandss.com.py\/index\/wp-json\/wp\/v2\/product_cat?post=73120"},{"taxonomy":"product_tag","embeddable":true,"href":"https:\/\/brandss.com.py\/index\/wp-json\/wp\/v2\/product_tag?post=73120"}],"curies":[{"name":"wp","href":"https:\/\/api.w.org\/{rel}","templated":true}]}}