{"id":73133,"date":"2025-02-26T11:31:11","date_gmt":"2025-02-26T11:31:11","guid":{"rendered":"https:\/\/brandss.com.py\/index\/?post_type=product&#038;p=73133"},"modified":"2025-02-26T11:33:23","modified_gmt":"2025-02-26T11:33:23","slug":"camiseta-casual-masculino-umbro-choice-of-champions-mangas-cortas","status":"publish","type":"product","link":"https:\/\/brandss.com.py\/index\/producto\/camiseta-casual-masculino-umbro-choice-of-champions-mangas-cortas\/","title":{"rendered":"CAMISETA CASUAL MASCULINO UMBRO CHOICE OF CHAMPIONS MANGAS CORTAS"},"content":{"rendered":"<p><img loading=\"lazy\" decoding=\"async\" class=\"\" src=\"https:\/\/upload.wikimedia.org\/wikipedia\/commons\/2\/22\/Umbro_logo_%28current%29.svg\" alt=\"Archivo:Umbro logo (current).svg - Wikipedia, la enciclopedia libre\" width=\"131\" height=\"85\" \/><\/p>\n<h1>CHOICE OF CHAMPIONS<\/h1>\n<div class=\"vtex-flex-layout-0-x-flexColChild vtex-flex-layout-0-x-flexColChild--details-product pb0\">\n<div class=\"vtex-store-components-3-x-productDescriptionContainer\">\n<div class=\"vtex-store-components-3-x-productDescriptionText c-muted-1\">\n<div class=\"vtex-store-components-3-x-container relative\">\n<div class=\"vtex-store-components-3-x-content h-auto\"><span>La camiseta Choice Of Champions de Umbro para hombre est\u00e1 confeccionada en 100 % algod\u00f3n y tiene un ajuste c\u00f3modo, que garantiza un ajuste m\u00e1s holgado en el cuerpo. El modelo presenta mangas cortas, cuello redondo acanalado y cinta Umbro personalizada, as\u00ed como una etiqueta del centenario rellena de Umbro en la manga y un estampado maxi Umbro Champions centrado en el frente.<\/span><\/div>\n<\/div>\n<\/div>\n<\/div>\n<\/div>\n<div class=\"vtex-flex-layout-0-x-flexColChild vtex-flex-layout-0-x-flexColChild--details-product pb0\"><\/div>\n<p>G\u00e9nero: Masculino.<\/p>\n<p>Color: Blanquecino.<\/p>\n<p>Composici\u00f3n: 100% Algod\u00f3n.<\/p>\n<p><span class=\"vtex-product-identifier-0-x-product-identifier vtex-product-identifier-0-x-product-identifier--productReference c-muted-1\"><span class=\"vtex-product-identifier-0-x-product-identifier__separator\"><span>Modelo: <\/span><\/span><span class=\"vtex-product-identifier-0-x-product-identifier__value\"><span>U11L00622-666.<\/span><\/span><\/span><\/p>\n","protected":false},"excerpt":{"rendered":"<p>CHOICE OF CHAMPIONS La camiseta Choice Of Champions de Umbro para hombre est\u00e1 confeccionada en 100 % algod\u00f3n y tiene<\/p>\n","protected":false},"featured_media":73134,"comment_status":"open","ping_status":"closed","template":"","meta":{"nf_dc_page":""},"product_brand":[],"product_cat":[76],"product_tag":[],"class_list":{"0":"post-73133","1":"product","2":"type-product","3":"status-publish","4":"has-post-thumbnail","6":"product_cat-masculino","8":"first","9":"instock","10":"shipping-taxable","11":"purchasable","12":"product-type-simple"},"_links":{"self":[{"href":"https:\/\/brandss.com.py\/index\/wp-json\/wp\/v2\/product\/73133","targetHints":{"allow":["GET"]}}],"collection":[{"href":"https:\/\/brandss.com.py\/index\/wp-json\/wp\/v2\/product"}],"about":[{"href":"https:\/\/brandss.com.py\/index\/wp-json\/wp\/v2\/types\/product"}],"replies":[{"embeddable":true,"href":"https:\/\/brandss.com.py\/index\/wp-json\/wp\/v2\/comments?post=73133"}],"version-history":[{"count":2,"href":"https:\/\/brandss.com.py\/index\/wp-json\/wp\/v2\/product\/73133\/revisions"}],"predecessor-version":[{"id":73141,"href":"https:\/\/brandss.com.py\/index\/wp-json\/wp\/v2\/product\/73133\/revisions\/73141"}],"wp:featuredmedia":[{"embeddable":true,"href":"https:\/\/brandss.com.py\/index\/wp-json\/wp\/v2\/media\/73134"}],"wp:attachment":[{"href":"https:\/\/brandss.com.py\/index\/wp-json\/wp\/v2\/media?parent=73133"}],"wp:term":[{"taxonomy":"product_brand","embeddable":true,"href":"https:\/\/brandss.com.py\/index\/wp-json\/wp\/v2\/product_brand?post=73133"},{"taxonomy":"product_cat","embeddable":true,"href":"https:\/\/brandss.com.py\/index\/wp-json\/wp\/v2\/product_cat?post=73133"},{"taxonomy":"product_tag","embeddable":true,"href":"https:\/\/brandss.com.py\/index\/wp-json\/wp\/v2\/product_tag?post=73133"}],"curies":[{"name":"wp","href":"https:\/\/api.w.org\/{rel}","templated":true}]}}