{"id":73142,"date":"2025-02-26T11:42:48","date_gmt":"2025-02-26T11:42:48","guid":{"rendered":"https:\/\/brandss.com.py\/index\/?post_type=product&#038;p=73142"},"modified":"2025-11-15T14:44:27","modified_gmt":"2025-11-15T14:44:27","slug":"caja-de-sonido-jbl-partybox-710-usb-aux-bluetooth-800w-2x-8-negro","status":"publish","type":"product","link":"https:\/\/brandss.com.py\/index\/producto\/caja-de-sonido-jbl-partybox-710-usb-aux-bluetooth-800w-2x-8-negro\/","title":{"rendered":"ALTAVOZ PORT\u00c1TIL JBL PARTYBOX 710 BT 800W BLACK"},"content":{"rendered":"<p><img loading=\"lazy\" decoding=\"async\" class=\"\" src=\"https:\/\/cdn.worldvectorlogo.com\/logos\/jbl-2.svg\" alt=\"JBL Logotipo Vector - Descarga Gratis SVG | Worldvectorlogo\" width=\"104\" height=\"104\" \/><\/p>\n<h1>\u00a0PARTYBOX 710<\/h1>\n<h4><em>El alma de cualquier fiesta<\/em><\/h4>\n<div class=\"spec-row\"><span class=\"spec-key -full\">El PartyBox 710 a prueba de salpicaduras transformar\u00e1 tu pr\u00f3ximo evento en una fiesta, un concierto o una aut\u00e9ntica discoteca. Con un exclusivo y colorido espect\u00e1culo de luces sincronizado con el sonido JBL Original Pro. Los controles minimalistas e intuitivos del panel superior y la aplicaci\u00f3n PartyBox te permiten crear experiencias musicales y visuales de alto nivel. Personaliza las luces estrobosc\u00f3picas e intermitentes, as\u00ed como del incre\u00edble sonido del conjunto doble de altavoces de agudos y de graves. El sonido True Wireless de un solo bot\u00f3n empareja al instante dos PartyBox 710 para montar una fiesta a\u00fan m\u00e1s grande. Y con una c\u00f3moda asa y unas ruedas robustas, podr\u00e1s disfrutar de los buenos momentos en cualquier lugar.<\/span><\/div>\n<div>\n<div class=\"expanded-feature -lifestyle in-view\">\n<div class=\"imagery\"><img loading=\"lazy\" decoding=\"async\" class=\"alignleft\" src=\"https:\/\/uy.jbl.com\/on\/demandware.static\/-\/Sites-masterCatalog_Harman\/default\/dwfe09bd91\/pdp\/JBL_Partybox_710__Lifestyle_03_905x560px.png\" alt=\"800\u00a0W RMS de potente sonido JBL Original Pro\" width=\"500\" height=\"310\" data-src=\"\/on\/demandware.static\/-\/Sites-masterCatalog_Harman\/default\/dwfe09bd91\/pdp\/JBL_Partybox_710__Lifestyle_03_905x560px.png\" \/><\/div>\n<div class=\"copy\">\n<h3><\/h3>\n<h3>800\u00a0W RMS de potente sonido JBL Original Pro<\/h3>\n<p>Crea una conexi\u00f3n musical instant\u00e1nea con 800 potentes vatios de sonido JBL Original Pro de alto rendimiento. Los altavoces de agudos duales de 70\u00a0mm y los altavoces de graves de 216\u00a0mm combinados con su puerto de reflejo de bajos ajustado ofrecen un sonido perfecto y tan alto que literalmente podr\u00e1s sentir el ritmo.<\/p>\n<\/div>\n<\/div>\n<div class=\"expanded-feature -lifestyle in-view\">\n<div class=\"imagery\"><img loading=\"lazy\" decoding=\"async\" class=\"alignright\" src=\"https:\/\/uy.jbl.com\/on\/demandware.static\/-\/Sites-masterCatalog_Harman\/default\/dwf116af4e\/pdp\/JBL_Partybox_710__Lifestyle_01_905x560px.png\" alt=\"Espect\u00e1culo de luces din\u00e1mico, colorido y personalizable\" width=\"500\" height=\"310\" data-src=\"\/on\/demandware.static\/-\/Sites-masterCatalog_Harman\/default\/dwf116af4e\/pdp\/JBL_Partybox_710__Lifestyle_01_905x560px.png\" \/><\/div>\n<div class=\"copy\">\n<h3><\/h3>\n<h3>Espect\u00e1culo de luces din\u00e1mico, colorido y personalizable<\/h3>\n<p>Una fiesta de luces y color Transforma cualquier espacio en un concierto de rock, una discoteca y un karaoke. Sincroniza la m\u00fasica con luces estrobosc\u00f3picas din\u00e1micas y personalizables, un efecto nocturno estrellado \u00fanico y patrones deslumbrantes que se controlan f\u00e1cilmente a trav\u00e9s del panel superior o la aplicaci\u00f3n PartyBox.<\/p>\n<\/div>\n<\/div>\n<div class=\"expanded-feature -lifestyle not-in-view\">\n<div class=\"imagery\"><img loading=\"lazy\" decoding=\"async\" class=\"alignleft\" src=\"https:\/\/uy.jbl.com\/on\/demandware.static\/-\/Sites-masterCatalog_Harman\/default\/dw8efdfc7a\/pdp\/JBL_Partybox_710__Lifestyle_02_905x560px.png\" alt=\"\u00cdndice de estanqueidad IPX4\" width=\"502\" height=\"311\" data-src=\"\/on\/demandware.static\/-\/Sites-masterCatalog_Harman\/default\/dw8efdfc7a\/pdp\/JBL_Partybox_710__Lifestyle_02_905x560px.png\" \/><\/div>\n<div class=\"copy\">\n<h3><\/h3>\n<h3><\/h3>\n<h3>\u00cdndice de estanqueidad IPX4<\/h3>\n<p>Si est\u00e1s de fiesta en el jard\u00edn o bebiendo algo junto a la piscina, el JBL PartyBox 710 es a prueba de salpicaduras IPX4 para que nunca tengas que preocuparte si la fiesta se vuelve salvaje y pasada por agua.<\/p>\n<\/div>\n<\/div>\n<\/div>\n<div class=\"w-100 rounded20 bordinha-cinza mt-3 mb-5\">\n<div id=\"item_product2\" class=\"col-12 item_product active\">\n<div class=\"col-12 box_detail\">\n<div class=\"col-6 item\">\n<div class=\"spec-accordion  -active\">\n<h3>Caracter\u00edsticas generales<\/h3>\n<div class=\"accordion-content\">\n<div class=\"spec-row\"><span class=\"spec-key\">Potencia de salida<\/span><span class=\"spec-value\">800<\/span><\/div>\n<\/div>\n<\/div>\n<div class=\"spec-accordion  -active\">\n<h3>Caracter\u00edsticas Audio<\/h3>\n<div class=\"accordion-content\">\n<div class=\"spec-row\"><span class=\"spec-key\">Respuesta de frecuencia din\u00e1mica<\/span><span class=\"spec-value\">35Hz \u2013 20kHz (-6dB )<\/span><\/div>\n<\/div>\n<\/div>\n<div class=\"spec-accordion -active\">\n<h3>Medidas<\/h3>\n<div class=\"accordion-content\">\n<div class=\"spec-row\"><span class=\"spec-key\">Dimensiones (Ancho x Alto x Profundidad) (cm): <\/span><span class=\"spec-value\">39.9 x 90.5 x 43.6<\/span><\/div>\n<div class=\"spec-row\"><span class=\"spec-key\">Dimensiones (Ancho x Alto x Profundidad) (in): <\/span><span class=\"spec-value\">15.70 x 35.60 x 17.20<\/span><\/div>\n<div class=\"spec-row\"><span class=\"spec-key\">Peso (kg): <\/span><span class=\"spec-value\">27.8<\/span><\/div>\n<div class=\"spec-row\"><span class=\"spec-key\">Peso (lbs): <\/span><span class=\"spec-value\">61.3<\/span><\/div>\n<\/div>\n<\/div>\n<div class=\"spec-accordion  -active\">\n<h3>Caracter\u00edsticas de control y conexi\u00f3n<\/h3>\n<div class=\"accordion-content\">\n<div class=\"spec-row\"><span class=\"spec-key\">Perfiles Bluetooth: <\/span><span class=\"spec-value\">A2DP V1.3, AVRCP V1.6<\/span><\/div>\n<div class=\"spec-row\"><span class=\"spec-key\">Rango de frecuencia de transmisi\u00f3n Bluetooth: <\/span><span class=\"spec-value\">2400 MHz \u2013 2483.5 MHz<\/span><\/div>\n<div class=\"spec-row\"><span class=\"spec-key\">Transmisi\u00f3n de modulaci\u00f3n GFSK v\u00eda Bluetooth: <\/span><span class=\"spec-value\">GFSK, \u03c0\/4 DQPSK, 8DPSK<\/span><\/div>\n<div class=\"spec-row\"><span class=\"spec-key\">Potencia de transmisi\u00f3n Bluetooth: <\/span><span class=\"spec-value\">\u2264 11dBm<\/span><\/div>\n<div class=\"spec-row\"><span class=\"spec-key\">Versi\u00f3n Bluetooth: <\/span><span class=\"spec-value\">5.1<\/span><\/div>\n<\/div>\n<\/div>\n<div class=\"spec-accordion  -active\">\n<h3>Caracter\u00edsticas<\/h3>\n<div class=\"accordion-content\">\n<div class=\"spec-row\"><span class=\"spec-key\">Bluetooth: <\/span><span class=\"spec-value\">S\u00ed<\/span><\/div>\n<div class=\"spec-row\"><span class=\"spec-key\">Show de luces: <\/span><span class=\"spec-value\">S\u00ed<\/span><\/div>\n<div class=\"spec-row\"><span class=\"spec-key\">A prueba de salpicaduras: <\/span><span class=\"spec-value\">S\u00ed<\/span><\/div>\n<div class=\"spec-row\"><span class=\"spec-key\">Certificaci\u00f3n IPX: 569<\/span><span class=\"spec-value\">IPX4<\/span><\/div>\n<\/div>\n<\/div>\n<div class=\"spec-accordion -active\">\n<h3>Contenido de la caja<\/h3>\n<div class=\"accordion-content\">\n<div class=\"box-contents\">\n<ul class=\"bulleted\">\n<li>1 altavoz JBL Party 710<\/li>\n<li>1 gu\u00eda de inicio r\u00e1pido<\/li>\n<li>1 tarjeta de garant\u00eda<\/li>\n<li>1 hoja de seguridad<\/li>\n<li>1 cable de alimentaci\u00f3n de CA de \u00e1ngulo recto (el tipo var\u00eda seg\u00fan la regi\u00f3n)<\/li>\n<\/ul>\n<\/div>\n<\/div>\n<\/div>\n<\/div>\n<\/div>\n<\/div>\n<\/div>\n","protected":false},"excerpt":{"rendered":"<p>\u00a0PARTYBOX 710 El alma de cualquier fiesta El PartyBox 710 a prueba de salpicaduras transformar\u00e1 tu pr\u00f3ximo evento en una<\/p>\n","protected":false},"featured_media":73143,"comment_status":"open","ping_status":"closed","template":"","meta":{"nf_dc_page":""},"product_brand":[541],"product_cat":[89],"product_tag":[992],"class_list":{"0":"post-73142","1":"product","2":"type-product","3":"status-publish","4":"has-post-thumbnail","6":"product_brand-jbl","7":"product_cat-electronicos","8":"product_tag-992","10":"first","11":"outofstock","12":"shipping-taxable","13":"purchasable","14":"product-type-simple"},"_links":{"self":[{"href":"https:\/\/brandss.com.py\/index\/wp-json\/wp\/v2\/product\/73142","targetHints":{"allow":["GET"]}}],"collection":[{"href":"https:\/\/brandss.com.py\/index\/wp-json\/wp\/v2\/product"}],"about":[{"href":"https:\/\/brandss.com.py\/index\/wp-json\/wp\/v2\/types\/product"}],"replies":[{"embeddable":true,"href":"https:\/\/brandss.com.py\/index\/wp-json\/wp\/v2\/comments?post=73142"}],"version-history":[{"count":3,"href":"https:\/\/brandss.com.py\/index\/wp-json\/wp\/v2\/product\/73142\/revisions"}],"predecessor-version":[{"id":92053,"href":"https:\/\/brandss.com.py\/index\/wp-json\/wp\/v2\/product\/73142\/revisions\/92053"}],"wp:featuredmedia":[{"embeddable":true,"href":"https:\/\/brandss.com.py\/index\/wp-json\/wp\/v2\/media\/73143"}],"wp:attachment":[{"href":"https:\/\/brandss.com.py\/index\/wp-json\/wp\/v2\/media?parent=73142"}],"wp:term":[{"taxonomy":"product_brand","embeddable":true,"href":"https:\/\/brandss.com.py\/index\/wp-json\/wp\/v2\/product_brand?post=73142"},{"taxonomy":"product_cat","embeddable":true,"href":"https:\/\/brandss.com.py\/index\/wp-json\/wp\/v2\/product_cat?post=73142"},{"taxonomy":"product_tag","embeddable":true,"href":"https:\/\/brandss.com.py\/index\/wp-json\/wp\/v2\/product_tag?post=73142"}],"curies":[{"name":"wp","href":"https:\/\/api.w.org\/{rel}","templated":true}]}}