{"id":73164,"date":"2025-02-26T12:08:13","date_gmt":"2025-02-26T12:08:13","guid":{"rendered":"https:\/\/brandss.com.py\/index\/?post_type=product&#038;p=73164"},"modified":"2026-04-24T13:47:16","modified_gmt":"2026-04-24T13:47:16","slug":"audifono-jbl-wave-200tws-bluetoot-con-microfono-blanco","status":"publish","type":"product","link":"https:\/\/brandss.com.py\/index\/producto\/audifono-jbl-wave-200tws-bluetoot-con-microfono-blanco\/","title":{"rendered":"AUDIFONO JBL WAVE 200TWS &#8211; BLUETOOT- CON MICROFONO- BLANCO"},"content":{"rendered":"<p><img loading=\"lazy\" decoding=\"async\" class=\"\" src=\"https:\/\/cdn.worldvectorlogo.com\/logos\/jbl-2.svg\" alt=\"JBL Logotipo Vector - Descarga Gratis SVG | Worldvectorlogo\" width=\"273\" height=\"273\" \/><\/p>\n<h1>WAVE 200TWS<\/h1>\n<p>La m\u00fasica es mejor con JBL. Y tu d\u00eda tambi\u00e9n. Siente el sonido de graves profundos amplificado por los controladores de 8mm y agrega diversi\u00f3n a tu rutina. Con una reserva de energ\u00eda de hasta 5 horas en los auriculares y hasta 15 horas en el estuche, el JBL Wave 200TWS dura tanto como t\u00fa.<\/p>\n<h3 class=\"visby-bold f40-home texto-madrid bold mb-2\">Especificaciones<\/h3>\n<hr \/>\n<div class=\"w-100 rounded20 bordinha-cinza mt-3 mb-5\">\n<div id=\"item_product2\" class=\"col-12 item_product active\">\n<div class=\"col-12 box_detail\">\n<div class=\"col-12 item_detail item_dark \">\n<div class=\"col-6 item\">Marca<\/div>\n<div class=\"col-6 item\">JBL<\/div>\n<\/div>\n<div class=\"col-12 item_detail \">\n<div class=\"col-6 item\">Modelo<\/div>\n<div class=\"col-6 item\">Wave 200TWS<\/div>\n<\/div>\n<div class=\"col-12 item_detail item_dark \">\n<div class=\"col-6 item\">Color<\/div>\n<div class=\"col-6 item\">Blanco<\/div>\n<\/div>\n<div class=\"col-12 item_detail \">\n<div class=\"col-6 item\">Conectividad<\/div>\n<div class=\"col-6 item\">Bluetooth 5.0<\/div>\n<\/div>\n<div class=\"col-12 item_detail item_dark \">\n<div class=\"col-6 item\">Micr\u00f3fono<\/div>\n<div class=\"col-6 item\">Integrado<\/div>\n<\/div>\n<div class=\"col-12 item_detail \">\n<div class=\"col-6 item\">Driver<\/div>\n<div class=\"col-6 item\">8mm<\/div>\n<\/div>\n<div class=\"col-12 item_detail item_dark \">\n<div class=\"col-6 item\">Respuesta de Frecuencia<\/div>\n<div class=\"col-6 item\">20Hz &#8211; 20kHz<\/div>\n<\/div>\n<div class=\"col-12 item_detail \">\n<div class=\"col-6 item\">Impedancia<\/div>\n<div class=\"col-6 item\">16 Ohm<\/div>\n<\/div>\n<div class=\"col-12 item_detail item_dark \">\n<div class=\"col-6 item\">Bateria<\/div>\n<div class=\"col-6 item\">Audifono: 48mAh &#8211; Case: 500mAh<\/div>\n<\/div>\n<div class=\"col-12 item_detail \">\n<div class=\"col-6 item\">Duraci\u00f3n de carga<\/div>\n<div class=\"col-6 item\">Hasta 5 Horas<\/div>\n<\/div>\n<div class=\"col-12 item_detail item_dark \">\n<div class=\"col-6 item\">Tiempo de recarga<\/div>\n<div class=\"col-6 item\">2 Horas<\/div>\n<\/div>\n<div class=\"col-12 item_detail \">\n<div class=\"col-6 item\">Dimensiones del Embalaje<\/div>\n<div class=\"col-6 item\">12.00 cm X 8.50 cm X 3.00 cm<\/div>\n<\/div>\n<div class=\"col-12 item_detail item_dark \">\n<div class=\"col-6 item\">Peso Bruto<\/div>\n<div class=\"col-6 item\">0.112 kg<\/div>\n<\/div>\n<\/div>\n<\/div>\n<\/div>\n","protected":false},"excerpt":{"rendered":"<p>WAVE 200TWS La m\u00fasica es mejor con JBL. Y tu d\u00eda tambi\u00e9n. Siente el sonido de graves profundos amplificado por<\/p>\n","protected":false},"featured_media":73165,"comment_status":"open","ping_status":"closed","template":"","meta":{"nf_dc_page":""},"product_brand":[],"product_cat":[89],"product_tag":[],"class_list":{"0":"post-73164","1":"product","2":"type-product","3":"status-publish","4":"has-post-thumbnail","6":"product_cat-electronicos","8":"first","9":"outofstock","10":"shipping-taxable","11":"purchasable","12":"product-type-simple"},"_links":{"self":[{"href":"https:\/\/brandss.com.py\/index\/wp-json\/wp\/v2\/product\/73164","targetHints":{"allow":["GET"]}}],"collection":[{"href":"https:\/\/brandss.com.py\/index\/wp-json\/wp\/v2\/product"}],"about":[{"href":"https:\/\/brandss.com.py\/index\/wp-json\/wp\/v2\/types\/product"}],"replies":[{"embeddable":true,"href":"https:\/\/brandss.com.py\/index\/wp-json\/wp\/v2\/comments?post=73164"}],"version-history":[{"count":1,"href":"https:\/\/brandss.com.py\/index\/wp-json\/wp\/v2\/product\/73164\/revisions"}],"predecessor-version":[{"id":73168,"href":"https:\/\/brandss.com.py\/index\/wp-json\/wp\/v2\/product\/73164\/revisions\/73168"}],"wp:featuredmedia":[{"embeddable":true,"href":"https:\/\/brandss.com.py\/index\/wp-json\/wp\/v2\/media\/73165"}],"wp:attachment":[{"href":"https:\/\/brandss.com.py\/index\/wp-json\/wp\/v2\/media?parent=73164"}],"wp:term":[{"taxonomy":"product_brand","embeddable":true,"href":"https:\/\/brandss.com.py\/index\/wp-json\/wp\/v2\/product_brand?post=73164"},{"taxonomy":"product_cat","embeddable":true,"href":"https:\/\/brandss.com.py\/index\/wp-json\/wp\/v2\/product_cat?post=73164"},{"taxonomy":"product_tag","embeddable":true,"href":"https:\/\/brandss.com.py\/index\/wp-json\/wp\/v2\/product_tag?post=73164"}],"curies":[{"name":"wp","href":"https:\/\/api.w.org\/{rel}","templated":true}]}}