{"id":73169,"date":"2025-02-26T12:17:09","date_gmt":"2025-02-26T12:17:09","guid":{"rendered":"https:\/\/brandss.com.py\/index\/?post_type=product&#038;p=73169"},"modified":"2025-03-08T12:37:16","modified_gmt":"2025-03-08T12:37:16","slug":"repetidor-wi-fi-tp-link-wa850re-300mbps","status":"publish","type":"product","link":"https:\/\/brandss.com.py\/index\/producto\/repetidor-wi-fi-tp-link-wa850re-300mbps\/","title":{"rendered":"EXTENSOR DE COBERTURA WI-FI TP-LINK WA855RE 300MBPS PLUGG"},"content":{"rendered":"<p><img loading=\"lazy\" decoding=\"async\" class=\"\" src=\"https:\/\/upload.wikimedia.org\/wikipedia\/commons\/a\/a7\/Tp-Link_logo_2016.png\" alt=\"Archivo:Tp-Link logo 2016.png - Wikipedia, la enciclopedia libre\" width=\"137\" height=\"52\" \/><\/p>\n<h1>WA855RE 300MBPS PLUGG<\/h1>\n<ul>\n<li>Aumenta la cobertura Wi-Fi existente para repartir conexiones inal\u00e1mbricas y cableadas de manera r\u00e1pida y fiable<\/li>\n<li>Antenas externas para un conexi\u00f3n Wi-Fi m\u00e1s r\u00e1pida y fiable<\/li>\n<li>Soporta el modo AP con el que podr\u00e1s crear un nuevo punto de acceso Wi-Fi<\/li>\n<li>Extiende tu cobertura Wi-Fi de forma sencilla pulsando el bot\u00f3n \u201c<em>Range Extender\u201d<\/em><\/li>\n<li>Configura la Programaci\u00f3n para el Ahorro de Energ\u00eda del extensor de cobertura<\/li>\n<li>La aplicaci\u00f3n Tether permite un acceso y gesti\u00f3n f\u00e1cil de manera mediante los dispositivos m\u00f3viles<\/li>\n<li>Funciona con cualquier Router Wi-Fi<\/li>\n<\/ul>\n","protected":false},"excerpt":{"rendered":"<p>WA855RE 300MBPS PLUGG Aumenta la cobertura Wi-Fi existente para repartir conexiones inal\u00e1mbricas y cableadas de manera r\u00e1pida y fiable Antenas<\/p>\n","protected":false},"featured_media":73190,"comment_status":"open","ping_status":"closed","template":"","meta":{"nf_dc_page":""},"product_brand":[],"product_cat":[89],"product_tag":[],"class_list":{"0":"post-73169","1":"product","2":"type-product","3":"status-publish","4":"has-post-thumbnail","6":"product_cat-electronicos","8":"first","9":"instock","10":"shipping-taxable","11":"purchasable","12":"product-type-simple"},"_links":{"self":[{"href":"https:\/\/brandss.com.py\/index\/wp-json\/wp\/v2\/product\/73169","targetHints":{"allow":["GET"]}}],"collection":[{"href":"https:\/\/brandss.com.py\/index\/wp-json\/wp\/v2\/product"}],"about":[{"href":"https:\/\/brandss.com.py\/index\/wp-json\/wp\/v2\/types\/product"}],"replies":[{"embeddable":true,"href":"https:\/\/brandss.com.py\/index\/wp-json\/wp\/v2\/comments?post=73169"}],"version-history":[{"count":3,"href":"https:\/\/brandss.com.py\/index\/wp-json\/wp\/v2\/product\/73169\/revisions"}],"predecessor-version":[{"id":73196,"href":"https:\/\/brandss.com.py\/index\/wp-json\/wp\/v2\/product\/73169\/revisions\/73196"}],"wp:featuredmedia":[{"embeddable":true,"href":"https:\/\/brandss.com.py\/index\/wp-json\/wp\/v2\/media\/73190"}],"wp:attachment":[{"href":"https:\/\/brandss.com.py\/index\/wp-json\/wp\/v2\/media?parent=73169"}],"wp:term":[{"taxonomy":"product_brand","embeddable":true,"href":"https:\/\/brandss.com.py\/index\/wp-json\/wp\/v2\/product_brand?post=73169"},{"taxonomy":"product_cat","embeddable":true,"href":"https:\/\/brandss.com.py\/index\/wp-json\/wp\/v2\/product_cat?post=73169"},{"taxonomy":"product_tag","embeddable":true,"href":"https:\/\/brandss.com.py\/index\/wp-json\/wp\/v2\/product_tag?post=73169"}],"curies":[{"name":"wp","href":"https:\/\/api.w.org\/{rel}","templated":true}]}}