{"id":73224,"date":"2025-02-26T13:09:42","date_gmt":"2025-02-26T13:09:42","guid":{"rendered":"https:\/\/brandss.com.py\/index\/?post_type=product&#038;p=73224"},"modified":"2025-11-04T17:17:34","modified_gmt":"2025-11-04T17:17:34","slug":"pila-philips-alcalina-lr06-p4b-aa-1-5v-c-4","status":"publish","type":"product","link":"https:\/\/brandss.com.py\/index\/producto\/pila-philips-alcalina-lr06-p4b-aa-1-5v-c-4\/","title":{"rendered":"PILA PHILIPS ALCALINA LR06-P4B AA 1.5V C\/4"},"content":{"rendered":"<p><img loading=\"lazy\" decoding=\"async\" class=\"\" src=\"https:\/\/encrypted-tbn0.gstatic.com\/images?q=tbn:ANd9GcRJONtOn28ythjTMSYpYDFUSeZFDMndtfVI0g&amp;s\" alt=\"Philips Logo - s\u00edmbolo, significado logotipo, historia, PNG\" width=\"117\" height=\"66\" \/><\/p>\n<h1>ALCALINA LR06-P4B AA<\/h1>\n<p class=\"p-p18v2-pex-area__desc-title pv-subheading--m pv-bold pv-margin-block-end--2xs\">Potencia duradera para dispositivos de alto consumo<\/p>\n<p class=\"p-p18v2-pex-area__desc-body pv-body--m pv-margin-block-end--2xs\">Tus productos electr\u00f3nicos, como juguetes electr\u00f3nicos y dispositivos de audio port\u00e1tiles, necesitan hoy en d\u00eda m\u00e1s energ\u00eda que nunca. Util\u00edzalos durante m\u00e1s tiempo con las pilas alcalinas Power de Philips.<\/p>\n<div id=\"see-all-benefits\" class=\"p-s01__pdp-overview-wraper\">\n<div class=\"s01highlight s01-highlights-banner component-base\">\n<section class=\"p-s01-highlights\">\n<div class=\"p-row-gutter p-comp-spacing-bottom\">\n<h2 class=\"p-heading-02 p-heading-medium p-s01__highlights-title\">Potencia duradera para dispositivos de alto consumo<\/h2>\n<h3 class=\"p-heading-03 p-heading-medium p-s01__highlights-subtitle\"><\/h3>\n<ul class=\"p-bullets p-large p-s01__bullets p-heading-medium\">\n<li class=\"p-s01__bullet\">AA<\/li>\n<li class=\"p-s01__bullet\">Alcalina<\/li>\n<\/ul>\n<\/div>\n<\/section>\n<\/div>\n<\/div>\n<div class=\"productFeatures s12-product-features component-base\">\n<section class=\"p-complete p-s12-product-features\" data-close-popup-label=\"Retorno\">\n<div class=\"p-row-gutter p-comp-spacing-bottom\">\n<div class=\"p-s12__feature-list\">\n<div class=\"p-s12__row\">\n<div class=\"p-s12__feature-item p-spacing-bottom-c\">\n<div class=\"p-s12__feature-description p-spacing-bottom-a\">\n<h3 class=\"p-heading-04-large p-heading-bold p-feature-title\">Tecnolog\u00eda alcalina ideal para dispositivos que requieren mucha energ\u00eda<\/h3>\n<p class=\"p-body-copy-02\">La tecnolog\u00eda alcalina proporciona la potencia que necesitan los dispositivos de alto consumo.<\/p>\n<\/div>\n<\/div>\n<div class=\"p-s12__feature-item p-spacing-bottom-c\">\n<div class=\"p-s12__feature-description p-spacing-bottom-a\">\n<h3 class=\"p-heading-04-large p-heading-bold p-feature-title\">Las bater\u00edas alcalinas de Philips contienen 0% de cadmio, mercurio y plomo<\/h3>\n<p class=\"p-body-copy-02\">Est\u00e1 garantizado que estas bater\u00edas de Philips no contienen metales pesados nocivos, como el cadmio, el mercurio y el plomo.<\/p>\n<\/div>\n<\/div>\n<div class=\"p-s12__feature-item p-spacing-bottom-c\">\n<div class=\"p-s12__feature-description p-spacing-bottom-a\">\n<h3 class=\"p-heading-04-large p-heading-bold p-feature-title\">Las bater\u00edas alcalinas son 6 veces mejores que las de zinc-carbono promedio<\/h3>\n<p class=\"p-body-copy-02\">Las bater\u00edas alcalinas son seis veces mejores que las bater\u00edas de zinc-carbono promedio.<\/p>\n<\/div>\n<\/div>\n<\/div>\n<div class=\"p-s12__more-features p-s12__toggle-item\">\n<div class=\"p-s12__more-features--inner\">\n<div class=\"p-s12__row\">\n<div class=\"p-s12__feature-item p-spacing-bottom-c\">\n<div class=\"p-s12__feature-description p-spacing-bottom-a\">\n<h3 class=\"p-heading-04-large p-heading-bold p-feature-title\">Capacidad de potencia de hasta 10\u00a0a\u00f1os<\/h3>\n<p class=\"p-body-copy-02\">Todas las bater\u00edas pierden energ\u00eda cuando no se utilizan. Te garantizamos que la bater\u00eda conservar\u00e1 como m\u00ednimo el 80% de su energ\u00eda inicial hasta la fecha de vencimiento.<\/p>\n<\/div>\n<\/div>\n<div class=\"p-s12__feature-item p-spacing-bottom-c\">\n<div class=\"p-s12__feature-description p-spacing-bottom-a\">\n<h3 class=\"p-heading-04-large p-heading-bold p-feature-title\">Un 109% m\u00e1s de energ\u00eda que el est\u00e1ndar de la industria<\/h3>\n<p class=\"p-body-copy-02\">Las bater\u00edas alcalinas AA Philips tienen un 109% m\u00e1s de energ\u00eda que las bater\u00edas est\u00e1ndar de la industria<\/p>\n<\/div>\n<\/div>\n<div class=\"p-s12__feature-item p-spacing-bottom-c\">\n<div class=\"p-s12__feature-description p-spacing-bottom-a\">\n<h3 class=\"p-heading-04-large p-heading-bold p-feature-title\">Gu\u00eda de selecci\u00f3n para escoger la bater\u00eda m\u00e1s adecuada<\/h3>\n<p class=\"p-body-copy-02\">Gu\u00eda de selecci\u00f3n de bater\u00eda para escoger el tipo de bater\u00eda m\u00e1s adecuado para tu dispositivo<\/p>\n<\/div>\n<\/div>\n<\/div>\n<\/div>\n<\/div>\n<\/div>\n<\/div>\n<\/section>\n<\/div>\n","protected":false},"excerpt":{"rendered":"<p>ALCALINA LR06-P4B AA Potencia duradera para dispositivos de alto consumo Tus productos electr\u00f3nicos, como juguetes electr\u00f3nicos y dispositivos de audio<\/p>\n","protected":false},"featured_media":73227,"comment_status":"open","ping_status":"closed","template":"","meta":{"nf_dc_page":""},"product_brand":[1284],"product_cat":[89],"product_tag":[1285],"class_list":{"0":"post-73224","1":"product","2":"type-product","3":"status-publish","4":"has-post-thumbnail","6":"product_brand-philips","7":"product_cat-electronicos","8":"product_tag-1285","10":"first","11":"outofstock","12":"shipping-taxable","13":"purchasable","14":"product-type-simple"},"_links":{"self":[{"href":"https:\/\/brandss.com.py\/index\/wp-json\/wp\/v2\/product\/73224","targetHints":{"allow":["GET"]}}],"collection":[{"href":"https:\/\/brandss.com.py\/index\/wp-json\/wp\/v2\/product"}],"about":[{"href":"https:\/\/brandss.com.py\/index\/wp-json\/wp\/v2\/types\/product"}],"replies":[{"embeddable":true,"href":"https:\/\/brandss.com.py\/index\/wp-json\/wp\/v2\/comments?post=73224"}],"version-history":[{"count":1,"href":"https:\/\/brandss.com.py\/index\/wp-json\/wp\/v2\/product\/73224\/revisions"}],"predecessor-version":[{"id":73231,"href":"https:\/\/brandss.com.py\/index\/wp-json\/wp\/v2\/product\/73224\/revisions\/73231"}],"wp:featuredmedia":[{"embeddable":true,"href":"https:\/\/brandss.com.py\/index\/wp-json\/wp\/v2\/media\/73227"}],"wp:attachment":[{"href":"https:\/\/brandss.com.py\/index\/wp-json\/wp\/v2\/media?parent=73224"}],"wp:term":[{"taxonomy":"product_brand","embeddable":true,"href":"https:\/\/brandss.com.py\/index\/wp-json\/wp\/v2\/product_brand?post=73224"},{"taxonomy":"product_cat","embeddable":true,"href":"https:\/\/brandss.com.py\/index\/wp-json\/wp\/v2\/product_cat?post=73224"},{"taxonomy":"product_tag","embeddable":true,"href":"https:\/\/brandss.com.py\/index\/wp-json\/wp\/v2\/product_tag?post=73224"}],"curies":[{"name":"wp","href":"https:\/\/api.w.org\/{rel}","templated":true}]}}