{"id":73226,"date":"2025-02-26T13:10:03","date_gmt":"2025-02-26T13:10:03","guid":{"rendered":"https:\/\/brandss.com.py\/index\/?post_type=product&#038;p=73226"},"modified":"2025-10-13T18:47:21","modified_gmt":"2025-10-13T18:47:21","slug":"audifono-jbl-tune-520bt-bluetooth-c-microfono-blanco","status":"publish","type":"product","link":"https:\/\/brandss.com.py\/index\/producto\/audifono-jbl-tune-520bt-bluetooth-c-microfono-blanco\/","title":{"rendered":"AURICULAR JBL TUNE 520BT BLUETOOTH WHITE"},"content":{"rendered":"<p><img loading=\"lazy\" decoding=\"async\" class=\"\" src=\"https:\/\/cdn.worldvectorlogo.com\/logos\/jbl-2.svg\" alt=\"JBL Logotipo Vector - Descarga Gratis SVG | Worldvectorlogo\" width=\"129\" height=\"129\" \/><\/p>\n<h1>TUNE 520BT<\/h1>\n<h4>Auriculares inal\u00e1mbricos supraaurales con sonido JBL Pure Bass<\/h4>\n<div class=\"spec-row\"><span class=\"spec-key -full\">Los auriculares JBL Tune 520BT transmiten el potente sonido JBL Pure Bass gracias a la \u00faltima tecnolog\u00eda 5.3\u00a0BT. Estos auriculares, muy f\u00e1ciles de usar, ofrecen hasta 57\u00a0horas de puro placer auditivo y 3\u00a0horas adicionales de bater\u00eda con solo 5\u00a0minutos de carga. Descarga la aplicaci\u00f3n gratuita JBL Headphones y personaliza tu sonido a trav\u00e9s del ecualizador, las indicaciones de voz te ayudar\u00e1n a conocer las prestaciones de los auriculares. Gestiona las llamadas, el sonido y el volumen desde el auricular, todo ello con el c\u00f3modo control de botones. Si recibes una llamada mientras est\u00e1s viendo un v\u00eddeo en otro dispositivo, los auriculares JBL Tune 520BT se conectan f\u00e1cilmente a tu m\u00f3vil para que nunca pierdas una llamada. Los auriculares JBL Tune 520BT son ligeros y c\u00f3modos incluso despu\u00e9s de horas de escucha, y puedes plegarlos para llev\u00e1rtelos en tu mochila a todas partes.<\/span><\/div>\n<h2>Caracter\u00edsticas<\/h2>\n<div class=\"expanded-features\">\n<div class=\"expanded-feature -lifestyle in-view\">\n<div class=\"imagery\"><img loading=\"lazy\" decoding=\"async\" class=\"alignleft\" src=\"https:\/\/i0.wp.com\/uy.jbl.com\/on\/demandware.static\/-\/Sites-masterCatalog_Harman\/default\/dw48f9e91c\/pdp\/JBL_Tune_520BT_Lifestyle_Image_White_904x560.png?resize=492%2C305&amp;ssl=1\" alt=\"Sonido JBL Pure Bass\" width=\"492\" height=\"305\" data-recalc-dims=\"1\" data-src=\"\/on\/demandware.static\/-\/Sites-masterCatalog_Harman\/default\/dw48f9e91c\/pdp\/JBL_Tune_520BT_Lifestyle_Image_White_904x560.png\" \/><\/div>\n<div class=\"copy\">\n<h3><\/h3>\n<h3><\/h3>\n<h3>Sonido JBL Pure Bass<\/h3>\n<p>El modelo JBL Tune 520BT cuenta con el famoso sonido JBL Pure Bass, el mismo que usan las salas de conciertos m\u00e1s famosas del mundo.<\/p>\n<\/div>\n<\/div>\n<div class=\"expanded-feature -lifestyle not-in-view\">\n<div class=\"imagery\"><img loading=\"lazy\" decoding=\"async\" class=\"alignright\" src=\"https:\/\/i0.wp.com\/uy.jbl.com\/on\/demandware.static\/-\/Sites-masterCatalog_Harman\/default\/dw9b28b501\/pdp\/JBL_Tune_520BT_Lifestyle_Image_Black_904x560.png?resize=517%2C320&amp;ssl=1\" alt=\"Tecnolog\u00eda inal\u00e1mbrica Bluetooth\u00a05.3\" width=\"517\" height=\"320\" data-recalc-dims=\"1\" data-src=\"\/on\/demandware.static\/-\/Sites-masterCatalog_Harman\/default\/dw9b28b501\/pdp\/JBL_Tune_520BT_Lifestyle_Image_Black_904x560.png\" \/><\/div>\n<div class=\"copy\">\n<h3><\/h3>\n<h3><\/h3>\n<h3><\/h3>\n<h3>Tecnolog\u00eda inal\u00e1mbrica Bluetooth\u00a05.3<\/h3>\n<p>Transmite de forma inal\u00e1mbrica sonido de alta calidad desde tu smartphone sin l\u00edos de cables con la ayuda de la \u00faltima tecnolog\u00eda Bluetooth.<\/p>\n<\/div>\n<\/div>\n<div class=\"expanded-feature -lifestyle not-in-view\">\n<div class=\"imagery\"><img loading=\"lazy\" decoding=\"async\" class=\"alignleft\" src=\"https:\/\/i0.wp.com\/uy.jbl.com\/on\/demandware.static\/-\/Sites-masterCatalog_Harman\/default\/dw8ae2c15f\/pdp\/JBL_Tune_520BT_Lifestyle_Image_Purple_904x560.png?resize=481%2C298&amp;ssl=1\" alt=\"Personaliza tu experiencia de sonido\" width=\"481\" height=\"298\" data-recalc-dims=\"1\" data-src=\"\/on\/demandware.static\/-\/Sites-masterCatalog_Harman\/default\/dw8ae2c15f\/pdp\/JBL_Tune_520BT_Lifestyle_Image_Purple_904x560.png\" \/><\/div>\n<div class=\"copy\">\n<h3><\/h3>\n<h3><\/h3>\n<h3><\/h3>\n<h3><\/h3>\n<h3>Personaliza tu experiencia de sonido<\/h3>\n<p>Descarga la aplicaci\u00f3n gratuita JBL\u00a0Headphones para adaptar el sonido a tus gustos con el ecualizador. Las indicaciones de voz te guiar\u00e1n en tu idioma a trav\u00e9s de las funciones del modelo Tune 520BT.<\/p>\n<\/div>\n<\/div>\n<\/div>\n<h3><\/h3>\n<h3>Caracter\u00edsticas generales<\/h3>\n<div class=\"accordion-content\">\n<div class=\"spec-row\"><span class=\"spec-key\">Driver (mm):\u00a0<\/span><span class=\"spec-value\">33<\/span><\/div>\n<div class=\"spec-row\"><span class=\"spec-key\">Number of Microphones:\u00a0<\/span><span class=\"spec-value\">1<\/span><\/div>\n<div>\n<h3>Caracter\u00edsticas Audio<\/h3>\n<div class=\"accordion-content\">\n<div class=\"spec-row\"><span class=\"spec-key\">Sensibilidad del driver a 1kHz1mW (dB):\u00a0<\/span><span class=\"spec-value\">102 dB SPL@ 1kHz 1mW.<\/span><\/div>\n<div class=\"spec-row\"><span class=\"spec-key\">Impedancia de entrada (ohms):\u00a0<\/span><span class=\"spec-value\">30.<\/span><\/div>\n<div class=\"spec-row\"><span class=\"spec-key\">Respuesta de frecuencia din\u00e1mica:\u00a0<\/span><span class=\"spec-value\">20 Hz \u2013 20 kHz.<\/span><\/div>\n<div>\n<div class=\"spec-accordion  -active\">\n<h3>Medidas<\/h3>\n<div class=\"accordion-content\">\n<div class=\"spec-row\"><span class=\"spec-key\">Audio Cable Length (ft):\u00a0<\/span><span class=\"spec-value\">0.7<\/span><\/div>\n<div class=\"spec-row\"><span class=\"spec-key\">Audio Cable Length (m):\u00a0<\/span><span class=\"spec-value\">0.2<\/span><\/div>\n<div class=\"spec-row\"><span class=\"spec-key\">Peso (g):\u00a0<\/span><span class=\"spec-value\">157<\/span><\/div>\n<div class=\"spec-row\"><span class=\"spec-key\">Peso (oz):\u00a0<\/span><span class=\"spec-value\">5.54<\/span><\/div>\n<div class=\"spec-row\"><span class=\"spec-key\">Altura (in):\u00a0<\/span><span class=\"spec-value\">1.3<\/span><\/div>\n<div class=\"spec-row\"><span class=\"spec-key\">Ancho (in):\u00a0<\/span><span class=\"spec-value\">2.9<\/span><\/div>\n<div class=\"spec-row\"><span class=\"spec-key\">Ancho Interno (in):\u00a0<\/span><span class=\"spec-value\">1.3<\/span><\/div>\n<div class=\"spec-row\"><span class=\"spec-key\">Alto Interno (in):\u00a0<\/span><span class=\"spec-value\">1.3<\/span><\/div>\n<div class=\"spec-row\"><span class=\"spec-key\">Profundidad (in):\u00a0<\/span><span class=\"spec-value\">0.7<\/span><\/div>\n<div class=\"spec-row\"><span class=\"spec-key\">Altura (cm):\u00a0<\/span><span class=\"spec-value\">3.2<\/span><\/div>\n<div class=\"spec-row\"><span class=\"spec-key\">Ancho (cm):\u00a0<\/span><span class=\"spec-value\">7.3<\/span><\/div>\n<div class=\"spec-row\"><span class=\"spec-key\">Ancho Interno (cm):\u00a0<\/span><span class=\"spec-value\">3.2<\/span><\/div>\n<div class=\"spec-row\"><span class=\"spec-key\">Alto Interno (cm):\u00a0<\/span><span class=\"spec-value\">3.2<\/span><\/div>\n<div class=\"spec-row\"><span class=\"spec-key\">Profundidad (cm):\u00a0<\/span><span class=\"spec-value\">1.7<\/span><\/div>\n<\/div>\n<\/div>\n<div class=\"spec-accordion  -active\">\n<h3>Caracter\u00edsticas de control y conexi\u00f3n<\/h3>\n<div class=\"accordion-content\">\n<div class=\"spec-row\"><span class=\"spec-key\">Versi\u00f3n Bluetooth:\u00a0<\/span><span class=\"spec-value\">5.3<\/span><\/div>\n<div class=\"spec-row\"><span class=\"spec-key\">Perfiles Bluetooth:\u00a0<\/span><span class=\"spec-value\">HFP 1.7.2, AVRCP 1.6.2, A2DP 1.3.2<\/span><\/div>\n<div class=\"spec-row\"><span class=\"spec-key\">Rango de frecuencia de transmisi\u00f3n Bluetooth:\u00a0<\/span><span class=\"spec-value\">2.4 GHz \u2013 2.4835 GHz<\/span><\/div>\n<div class=\"spec-row\"><span class=\"spec-key\">Transmisi\u00f3n de modulaci\u00f3n GFSK v\u00eda Bluetooth:\u00a0<\/span><span class=\"spec-value\">GFSK, \u03c0\/4-DQPSK, 8-DPSK<\/span><\/div>\n<div class=\"spec-row\"><span class=\"spec-key\">Potencia de transmisi\u00f3n Bluetooth:\u00a0<\/span><span class=\"spec-value\">6 dBm (E.I.R.P)<\/span><\/div>\n<\/div>\n<\/div>\n<div class=\"spec-accordion  -active\">\n<h3>Bater\u00eda<\/h3>\n<div class=\"accordion-content\">\n<div class=\"spec-row\"><span class=\"spec-key\">Tiempo de carga (horas):\u00a0<\/span><span class=\"spec-value\">2<\/span><\/div>\n<div class=\"spec-row\"><span class=\"spec-key\">Tiempo de juego m\u00e1ximo (horas):\u00a0<\/span><span class=\"spec-value\">57<\/span><\/div>\n<\/div>\n<\/div>\n<div class=\"spec-accordion  -active\">\n<h3>Caracter\u00edsticas<\/h3>\n<div class=\"accordion-content\">\n<div class=\"spec-row\"><span class=\"spec-key\">Voice Aware:\u00a0<\/span><span class=\"spec-value\">S\u00ed<\/span><\/div>\n<div class=\"spec-row\"><span class=\"spec-key\">On-ear:\u00a0<\/span><span class=\"spec-value\">S\u00ed<\/span><\/div>\n<div class=\"spec-row\"><span class=\"spec-key\">Plegable:\u00a0<\/span><span class=\"spec-value\">S\u00ed<\/span><\/div>\n<div class=\"spec-row\"><span class=\"spec-key\">Micr\u00f3fono integrado:\u00a0<\/span><span class=\"spec-value\">S\u00ed<\/span><\/div>\n<div class=\"spec-row\"><span class=\"spec-key\">Llamadas con manos libres:\u00a0<\/span><span class=\"spec-value\">S\u00ed<\/span><\/div>\n<div class=\"spec-row\"><span class=\"spec-key\">Sonido JBL Pure Bass:\u00a0<\/span><span class=\"spec-value\">S\u00ed<\/span><\/div>\n<div class=\"spec-row\"><span class=\"spec-key\">Conexi\u00f3n Multipunto:\u00a0<\/span><span class=\"spec-value\">S\u00ed<\/span><\/div>\n<div class=\"spec-row\"><span class=\"spec-key\">Carga r\u00e1pida:\u00a0<\/span><span class=\"spec-value\">S\u00ed<\/span><\/div>\n<div class=\"spec-row\"><span class=\"spec-key\">JBL Headphone App:\u00a0<\/span><span class=\"spec-value\">S\u00ed<\/span><\/div>\n<div class=\"spec-row\"><span class=\"spec-key\">Charging cable:\u00a0<\/span><span class=\"spec-value\">S\u00ed<\/span><\/div>\n<div class=\"spec-row\"><span class=\"spec-key\">Bluetooth:\u00a0<\/span><span class=\"spec-value\">S\u00ed<\/span><\/div>\n<\/div>\n<\/div>\n<div class=\"spec-accordion -active\">\n<h3>Contenido de la caja<\/h3>\n<div class=\"accordion-content\">\n<div class=\"box-contents\">\n<ul class=\"bulleted\">\n<li>1 auriculares JBL Tune 520BT<\/li>\n<li>1 cable de carga USB-C<\/li>\n<li>1 garant\u00eda\/advertencia<\/li>\n<li>1 gu\u00eda de inicio r\u00e1pido<\/li>\n<\/ul>\n<\/div>\n<\/div>\n<\/div>\n<\/div>\n<\/div>\n<\/div>\n<\/div>\n","protected":false},"excerpt":{"rendered":"<p>TUNE 520BT Auriculares inal\u00e1mbricos supraaurales con sonido JBL Pure Bass Los auriculares JBL Tune 520BT transmiten el potente sonido JBL<\/p>\n","protected":false},"featured_media":75254,"comment_status":"open","ping_status":"closed","template":"","meta":{"nf_dc_page":""},"product_brand":[],"product_cat":[89],"product_tag":[983],"class_list":{"0":"post-73226","1":"product","2":"type-product","3":"status-publish","4":"has-post-thumbnail","6":"product_cat-electronicos","7":"product_tag-983","9":"first","10":"outofstock","11":"shipping-taxable","12":"purchasable","13":"product-type-simple"},"_links":{"self":[{"href":"https:\/\/brandss.com.py\/index\/wp-json\/wp\/v2\/product\/73226","targetHints":{"allow":["GET"]}}],"collection":[{"href":"https:\/\/brandss.com.py\/index\/wp-json\/wp\/v2\/product"}],"about":[{"href":"https:\/\/brandss.com.py\/index\/wp-json\/wp\/v2\/types\/product"}],"replies":[{"embeddable":true,"href":"https:\/\/brandss.com.py\/index\/wp-json\/wp\/v2\/comments?post=73226"}],"version-history":[{"count":3,"href":"https:\/\/brandss.com.py\/index\/wp-json\/wp\/v2\/product\/73226\/revisions"}],"predecessor-version":[{"id":82271,"href":"https:\/\/brandss.com.py\/index\/wp-json\/wp\/v2\/product\/73226\/revisions\/82271"}],"wp:featuredmedia":[{"embeddable":true,"href":"https:\/\/brandss.com.py\/index\/wp-json\/wp\/v2\/media\/75254"}],"wp:attachment":[{"href":"https:\/\/brandss.com.py\/index\/wp-json\/wp\/v2\/media?parent=73226"}],"wp:term":[{"taxonomy":"product_brand","embeddable":true,"href":"https:\/\/brandss.com.py\/index\/wp-json\/wp\/v2\/product_brand?post=73226"},{"taxonomy":"product_cat","embeddable":true,"href":"https:\/\/brandss.com.py\/index\/wp-json\/wp\/v2\/product_cat?post=73226"},{"taxonomy":"product_tag","embeddable":true,"href":"https:\/\/brandss.com.py\/index\/wp-json\/wp\/v2\/product_tag?post=73226"}],"curies":[{"name":"wp","href":"https:\/\/api.w.org\/{rel}","templated":true}]}}