{"id":73233,"date":"2025-02-26T13:24:12","date_gmt":"2025-02-26T13:24:12","guid":{"rendered":"https:\/\/brandss.com.py\/index\/?post_type=product&#038;p=73233"},"modified":"2026-03-06T13:29:05","modified_gmt":"2026-03-06T13:29:05","slug":"auricular-headset-jbl-quantum-100-con-cable-driver-40mm-negro","status":"publish","type":"product","link":"https:\/\/brandss.com.py\/index\/producto\/auricular-headset-jbl-quantum-100-con-cable-driver-40mm-negro\/","title":{"rendered":"AURICULAR HEADSET JBL QUANTUM 100- CON CABLE-DRIVER 40MM-NEGRO"},"content":{"rendered":"<p><img loading=\"lazy\" decoding=\"async\" class=\"\" src=\"https:\/\/cdn.worldvectorlogo.com\/logos\/jbl-2.svg\" alt=\"JBL Logotipo Vector - Descarga Gratis SVG | Worldvectorlogo\" width=\"303\" height=\"303\" \/><\/p>\n<h1>687614<\/h1>\n<p>El aud\u00edfono JBL Quantum 100 te permite agrupar tropas y oponentes con claridad. El micr\u00f3fono direccional desmontable y centrado en la voz est\u00e1 equipado con funciones de silenciamiento. Compatible con entrada de 3.5 mm con PC, PlayStation, Xbox, Nintendo Switch, dispositivos m\u00f3viles, Mac y virtual.<\/p>\n<h3 class=\"visby-bold f40-home texto-madrid bold mb-2\">Especificaciones<\/h3>\n<hr \/>\n<div class=\"w-100 rounded20 bordinha-cinza mt-3 mb-5\">\n<div id=\"item_product2\" class=\"col-12 item_product active\">\n<div class=\"col-12 box_detail\">\n<div class=\"col-12 item_detail item_dark \">\n<div class=\"col-6 item\">Marca<\/div>\n<div class=\"col-6 item\">JBL<\/div>\n<\/div>\n<div class=\"col-12 item_detail \">\n<div class=\"col-6 item\">Modelo<\/div>\n<div class=\"col-6 item\">Quantum 100<\/div>\n<\/div>\n<div class=\"col-12 item_detail item_dark \">\n<div class=\"col-6 item\">Color<\/div>\n<div class=\"col-6 item\">Negro<\/div>\n<\/div>\n<div class=\"col-12 item_detail \">\n<div class=\"col-6 item\">Micr\u00f3fono<\/div>\n<div class=\"col-6 item\">Si<\/div>\n<\/div>\n<div class=\"col-12 item_detail item_dark \">\n<div class=\"col-6 item\">Driver<\/div>\n<div class=\"col-6 item\">40mm<\/div>\n<\/div>\n<div class=\"col-12 item_detail \">\n<div class=\"col-6 item\">Respuesta de frecuencia del micr\u00f3fono<\/div>\n<div class=\"col-6 item\">20Hz &#8211; 20KHz<\/div>\n<\/div>\n<div class=\"col-12 item_detail item_dark \">\n<div class=\"col-6 item\">Impedancia<\/div>\n<div class=\"col-6 item\">32 Ohms<\/div>\n<\/div>\n<div class=\"col-12 item_detail \">\n<div class=\"col-6 item\">Sensibilidad<\/div>\n<div class=\"col-6 item\">96dB<\/div>\n<\/div>\n<div class=\"col-12 item_detail item_dark \">\n<div class=\"col-6 item\">Dimensiones del Embalaje<\/div>\n<div class=\"col-6 item\">24.20 cm X 22.60 cm X 8.70 cm<\/div>\n<\/div>\n<div class=\"col-12 item_detail \">\n<div class=\"col-6 item\">Peso Bruto<\/div>\n<div class=\"col-6 item\">0.468 kg<\/div>\n<\/div>\n<\/div>\n<\/div>\n<\/div>\n","protected":false},"excerpt":{"rendered":"<p>687614 El aud\u00edfono JBL Quantum 100 te permite agrupar tropas y oponentes con claridad. El micr\u00f3fono direccional desmontable y centrado<\/p>\n","protected":false},"featured_media":73234,"comment_status":"open","ping_status":"closed","template":"","meta":{"nf_dc_page":""},"product_brand":[],"product_cat":[89],"product_tag":[],"class_list":{"0":"post-73233","1":"product","2":"type-product","3":"status-publish","4":"has-post-thumbnail","6":"product_cat-electronicos","8":"first","9":"outofstock","10":"shipping-taxable","11":"purchasable","12":"product-type-simple"},"_links":{"self":[{"href":"https:\/\/brandss.com.py\/index\/wp-json\/wp\/v2\/product\/73233","targetHints":{"allow":["GET"]}}],"collection":[{"href":"https:\/\/brandss.com.py\/index\/wp-json\/wp\/v2\/product"}],"about":[{"href":"https:\/\/brandss.com.py\/index\/wp-json\/wp\/v2\/types\/product"}],"replies":[{"embeddable":true,"href":"https:\/\/brandss.com.py\/index\/wp-json\/wp\/v2\/comments?post=73233"}],"version-history":[{"count":1,"href":"https:\/\/brandss.com.py\/index\/wp-json\/wp\/v2\/product\/73233\/revisions"}],"predecessor-version":[{"id":73242,"href":"https:\/\/brandss.com.py\/index\/wp-json\/wp\/v2\/product\/73233\/revisions\/73242"}],"wp:featuredmedia":[{"embeddable":true,"href":"https:\/\/brandss.com.py\/index\/wp-json\/wp\/v2\/media\/73234"}],"wp:attachment":[{"href":"https:\/\/brandss.com.py\/index\/wp-json\/wp\/v2\/media?parent=73233"}],"wp:term":[{"taxonomy":"product_brand","embeddable":true,"href":"https:\/\/brandss.com.py\/index\/wp-json\/wp\/v2\/product_brand?post=73233"},{"taxonomy":"product_cat","embeddable":true,"href":"https:\/\/brandss.com.py\/index\/wp-json\/wp\/v2\/product_cat?post=73233"},{"taxonomy":"product_tag","embeddable":true,"href":"https:\/\/brandss.com.py\/index\/wp-json\/wp\/v2\/product_tag?post=73233"}],"curies":[{"name":"wp","href":"https:\/\/api.w.org\/{rel}","templated":true}]}}