{"id":73256,"date":"2025-02-26T13:56:15","date_gmt":"2025-02-26T13:56:15","guid":{"rendered":"https:\/\/brandss.com.py\/index\/?post_type=product&#038;p=73256"},"modified":"2025-11-04T17:17:58","modified_gmt":"2025-11-04T17:17:58","slug":"pila-recargable-philips-r6b4rtu25-97-aa-2500mah-1-2v-c-4","status":"publish","type":"product","link":"https:\/\/brandss.com.py\/index\/producto\/pila-recargable-philips-r6b4rtu25-97-aa-2500mah-1-2v-c-4\/","title":{"rendered":"PILA RECARGABLE PHILIPS R6B4RTU25\/97 AA 2500MAH 1.2V C\/4"},"content":{"rendered":"<p><img loading=\"lazy\" decoding=\"async\" class=\"\" src=\"https:\/\/1000marcas.net\/wp-content\/uploads\/2020\/01\/Phillips-Logo-2008.png\" alt=\"Philips Logo - s\u00edmbolo, significado logotipo, historia, PNG\" width=\"177\" height=\"100\" \/><\/p>\n<h1>R6B4RTU25\/97 AA 2500MAH<\/h1>\n<p>&nbsp;<\/p>\n<p class=\"p-p18v2-pex-area__desc-title pv-subheading--m pv-bold pv-margin-block-end--2xs\">Disfrut\u00e1 de tu dispositivo durante m\u00e1s tiempo<\/p>\n<p class=\"p-p18v2-pex-area__desc-body pv-body--m pv-margin-block-end--2xs\">Ideal para todos tus dispositivos digitales. Estas accus AA de gran capacidad no necesitan descargarse antes de volverse a cargar; todo lo que tienes que hacer es recargarlas cuando lo necesites.<\/p>\n<div id=\"see-all-benefits\" class=\"p-s01__pdp-overview-wraper\">\n<div class=\"s01highlight s01-highlights-banner component-base\">\n<section class=\"p-s01-highlights\">\n<div class=\"p-row-gutter p-comp-spacing-bottom\">\n<ul class=\"p-bullets p-large p-s01__bullets p-heading-medium\">\n<li class=\"p-s01__bullet\">AA, 2500\u00a0mAh<\/li>\n<li class=\"p-s01__bullet\">Metal n\u00edquel hidruro<\/li>\n<\/ul>\n<\/div>\n<\/section>\n<\/div>\n<\/div>\n<div class=\"productFeatures s12-product-features component-base\">\n<section class=\"p-complete p-s12-product-features\" data-close-popup-label=\"Retorno\">\n<div class=\"p-row-gutter p-comp-spacing-bottom\">\n<div class=\"p-s12__feature-list\">\n<div class=\"p-s12__row\">\n<div class=\"p-s12__feature-item p-spacing-bottom-c\">\n<div class=\"p-s12__feature-description p-spacing-bottom-a\">\n<h3 class=\"p-heading-04-large p-heading-bold p-feature-title\">Tecnolog\u00eda de NiMH para recargar muchas veces<\/h3>\n<p class=\"p-body-copy-02\">La tecnolog\u00eda de n\u00edquel metal hidruro permite hacer recargas m\u00faltiples y evita pr\u00e1cticamente tener que sustituir las bater\u00edas.<\/p>\n<\/div>\n<\/div>\n<div class=\"p-s12__feature-item p-spacing-bottom-c\">\n<div class=\"p-s12__feature-description p-spacing-bottom-a\">\n<h3 class=\"p-heading-04-large p-heading-bold p-feature-title\">AA recargable de 2500\u00a0mAh para un uso m\u00e1s duradero<\/h3>\n<p class=\"p-body-copy-02\">Estas bater\u00edas recargables de tama\u00f1o AA almacenan y proporcionan 2500\u00a0mAh de energ\u00eda para alimentar los dispositivos a fin de usarlos durante m\u00e1s tiempo.<\/p>\n<\/div>\n<\/div>\n<div class=\"p-s12__feature-item p-spacing-bottom-c\">\n<div class=\"p-s12__feature-description p-spacing-bottom-a\">\n<h3 class=\"p-heading-04-large p-heading-bold p-feature-title\">Disfruta de la capacidad completa una y otra vez<\/h3>\n<p class=\"p-body-copy-02\">Una bater\u00eda de n\u00edquel metal hidruro se puede volver a cargar por completo hasta 1000 veces sin necesidad de agotarla antes de la recarga. As\u00ed podr\u00e1s utilizar tus bater\u00edas recargables mejor y m\u00e1s f\u00e1cil.<\/p>\n<\/div>\n<\/div>\n<\/div>\n<div class=\"p-s12__more-features p-s12__toggle-item\">\n<div class=\"p-s12__more-features--inner\">\n<div class=\"p-s12__row\">\n<div class=\"p-s12__feature-item p-spacing-bottom-c\">\n<div class=\"p-s12__feature-description p-spacing-bottom-a\">\n<h3 class=\"p-heading-04-large p-heading-bold p-feature-title\">Listo para usar<\/h3>\n<p class=\"p-body-copy-02\">Las pilas se pueden usar nada m\u00e1s sacarlas del paquete.<\/p>\n<\/div>\n<\/div>\n<div class=\"p-s12__feature-item p-spacing-bottom-c\">\n<div class=\"p-s12__feature-description p-spacing-bottom-a\">\n<h3 class=\"p-heading-04-large p-heading-bold p-feature-title\">Disfrut\u00e1 de una gran capacidad todas las veces que quieras<\/h3>\n<p class=\"p-body-copy-02\">Estas pilas recargables de n\u00edquel-metalhidruro pueden recargarse por completo hasta 500\u00a0veces sin necesidad de esperar a que se agoten. Recarg\u00e1 tus accus de la forma m\u00e1s f\u00e1cil y obten\u00e9 el mejor rendimiento.<\/p>\n<\/div>\n<\/div>\n<\/div>\n<\/div>\n<\/div>\n<\/div>\n<\/div>\n<\/section>\n<\/div>\n","protected":false},"excerpt":{"rendered":"<p>R6B4RTU25\/97 AA 2500MAH &nbsp; Disfrut\u00e1 de tu dispositivo durante m\u00e1s tiempo Ideal para todos tus dispositivos digitales. Estas accus AA<\/p>\n","protected":false},"featured_media":73257,"comment_status":"open","ping_status":"closed","template":"","meta":{"nf_dc_page":""},"product_brand":[1284],"product_cat":[89],"product_tag":[1286],"class_list":{"0":"post-73256","1":"product","2":"type-product","3":"status-publish","4":"has-post-thumbnail","6":"product_brand-philips","7":"product_cat-electronicos","8":"product_tag-1286","10":"first","11":"outofstock","12":"shipping-taxable","13":"purchasable","14":"product-type-simple"},"_links":{"self":[{"href":"https:\/\/brandss.com.py\/index\/wp-json\/wp\/v2\/product\/73256","targetHints":{"allow":["GET"]}}],"collection":[{"href":"https:\/\/brandss.com.py\/index\/wp-json\/wp\/v2\/product"}],"about":[{"href":"https:\/\/brandss.com.py\/index\/wp-json\/wp\/v2\/types\/product"}],"replies":[{"embeddable":true,"href":"https:\/\/brandss.com.py\/index\/wp-json\/wp\/v2\/comments?post=73256"}],"version-history":[{"count":1,"href":"https:\/\/brandss.com.py\/index\/wp-json\/wp\/v2\/product\/73256\/revisions"}],"predecessor-version":[{"id":73260,"href":"https:\/\/brandss.com.py\/index\/wp-json\/wp\/v2\/product\/73256\/revisions\/73260"}],"wp:featuredmedia":[{"embeddable":true,"href":"https:\/\/brandss.com.py\/index\/wp-json\/wp\/v2\/media\/73257"}],"wp:attachment":[{"href":"https:\/\/brandss.com.py\/index\/wp-json\/wp\/v2\/media?parent=73256"}],"wp:term":[{"taxonomy":"product_brand","embeddable":true,"href":"https:\/\/brandss.com.py\/index\/wp-json\/wp\/v2\/product_brand?post=73256"},{"taxonomy":"product_cat","embeddable":true,"href":"https:\/\/brandss.com.py\/index\/wp-json\/wp\/v2\/product_cat?post=73256"},{"taxonomy":"product_tag","embeddable":true,"href":"https:\/\/brandss.com.py\/index\/wp-json\/wp\/v2\/product_tag?post=73256"}],"curies":[{"name":"wp","href":"https:\/\/api.w.org\/{rel}","templated":true}]}}