{"id":73288,"date":"2025-02-26T14:26:37","date_gmt":"2025-02-26T14:26:37","guid":{"rendered":"https:\/\/brandss.com.py\/index\/?post_type=product&#038;p=73288"},"modified":"2025-04-26T13:38:54","modified_gmt":"2025-04-26T13:38:54","slug":"speaker-amazon-echo-show-8-con-alexa-3a-generacion-pantalla-8-touchscreen-bluetooth-wi-fi-negro","status":"publish","type":"product","link":"https:\/\/brandss.com.py\/index\/producto\/speaker-amazon-echo-show-8-con-alexa-3a-generacion-pantalla-8-touchscreen-bluetooth-wi-fi-negro\/","title":{"rendered":"SPEAKER AMAZON ECHO SHOW 8 \u2013 CON ALEXA \u2013 3\u00aa GENERACION \u2013 PANTALLA 8 TOUCHSCREEN BLUETOOTH\/WI-FI \u2013NEGRO"},"content":{"rendered":"<p><img loading=\"lazy\" decoding=\"async\" class=\"\" src=\"https:\/\/www.hatchwise.com\/wp-content\/uploads\/2022\/08\/Amazon-Logo-2000-present-1024x576.jpeg\" alt=\"The History Of The Amazon Logo - Hatchwise\" width=\"334\" height=\"188\" \/><\/p>\n<h1>AMAZON ECHO SHOW 8 \u2013 CON ALEXA \u2013 3\u00aa GENERACION \u2013 PANTALLA 8 TOUCHSCREEN<\/h1>\n<p>El Amazon Echo Show 8 se conecta a Alexa, ofreciendo un sonido est\u00e9reo rico y visuales v\u00edvidos en una pantalla HD de 8 pulgadas. Con una c\u00e1mara mejorada de 13 MP y encuadre autom\u00e1tico, te mantiene centrado durante las videollamadas, proporcionando una experiencia de comunicaci\u00f3n envolvente.<\/p>\n<h3 class=\"visby-bold f40-home texto-madrid bold mb-2\">Especificaciones<\/h3>\n<hr \/>\n<div class=\"w-100 rounded20 bordinha-cinza mt-3 mb-5\">\n<div id=\"item_product2\" class=\"col-12 item_product active\">\n<div class=\"col-12 box_detail\">\n<div class=\"col-12 item_detail item_dark \">\n<div class=\"col-6 item\">Marca<\/div>\n<div class=\"col-6 item\">Amazon<\/div>\n<\/div>\n<div class=\"col-12 item_detail \">\n<div class=\"col-6 item\">Modelo<\/div>\n<div class=\"col-6 item\">Echo Show 8 &#8211; 3\u00aa Generaci\u00f3n<\/div>\n<\/div>\n<div class=\"col-12 item_detail item_dark \">\n<div class=\"col-6 item\">Color<\/div>\n<div class=\"col-6 item\">Negro<\/div>\n<\/div>\n<div class=\"col-12 item_detail \">\n<div class=\"col-6 item\">Potencia<\/div>\n<div class=\"col-6 item\">30W<\/div>\n<\/div>\n<div class=\"col-12 item_detail item_dark \">\n<div class=\"col-6 item\">Bluetooth<\/div>\n<div class=\"col-6 item\">A2DP &#8211; AVRCP<\/div>\n<\/div>\n<div class=\"col-12 item_detail \">\n<div class=\"col-6 item\">Wi-Fi<\/div>\n<div class=\"col-6 item\">802.11a\/b\/g\/n\/ac &#8211; 2.4GHz-5GHz<\/div>\n<\/div>\n<div class=\"col-12 item_detail item_dark \">\n<div class=\"col-6 item\">C\u00e1mara<\/div>\n<div class=\"col-6 item\">13 MP<\/div>\n<\/div>\n<div class=\"col-12 item_detail \">\n<div class=\"col-6 item\">Pantalla<\/div>\n<div class=\"col-6 item\">WXGA 1280 x 800 p\u00edxeles &#8211; 8 pulgadas<\/div>\n<\/div>\n<div class=\"col-12 item_detail item_dark \">\n<div class=\"col-6 item\">Caracteristicas<\/div>\n<div class=\"col-6 item\">Asistente de Voz Alexa &#8211; Equipado con cuatro micr\u00f3fonos para una captaci\u00f3n de voz precisa &#8211; Verifica boletines meteorol\u00f3gicos y de tr\u00e1fico r\u00e1pidamente con comandos de voz &#8211; Altavoz est\u00e9reo con tecnolog\u00eda de audio espacial para una experiencia sonora inmersiva &#8211; Incluye una c\u00e1mara con encuadre autom\u00e1tico, perfecta para videollamadas e interacciones visuales &#8211; Mantente actualizado con los resultados de juegos y eventos deportivos.<\/div>\n<\/div>\n<div class=\"col-12 item_detail \">\n<div class=\"col-6 item\">Voltaje<\/div>\n<div class=\"col-6 item\">100-240V 50\/60Hz<\/div>\n<\/div>\n<div class=\"col-12 item_detail item_dark \">\n<div class=\"col-6 item\">Dimensiones del Embalaje<\/div>\n<div class=\"col-6 item\">21.00 cm X 20.70 cm X 11.20 cm<\/div>\n<\/div>\n<div class=\"col-12 item_detail \">\n<div class=\"col-6 item\">Peso Bruto<\/div>\n<div class=\"col-6 item\">1.452 kg<\/div>\n<\/div>\n<\/div>\n<\/div>\n<\/div>\n","protected":false},"excerpt":{"rendered":"<p>AMAZON ECHO SHOW 8 \u2013 CON ALEXA \u2013 3\u00aa GENERACION \u2013 PANTALLA 8 TOUCHSCREEN El Amazon Echo Show 8 se<\/p>\n","protected":false},"featured_media":73289,"comment_status":"open","ping_status":"closed","template":"","meta":{"nf_dc_page":""},"product_brand":[],"product_cat":[89],"product_tag":[],"class_list":{"0":"post-73288","1":"product","2":"type-product","3":"status-publish","4":"has-post-thumbnail","6":"product_cat-electronicos","8":"first","9":"outofstock","10":"shipping-taxable","11":"purchasable","12":"product-type-simple"},"_links":{"self":[{"href":"https:\/\/brandss.com.py\/index\/wp-json\/wp\/v2\/product\/73288","targetHints":{"allow":["GET"]}}],"collection":[{"href":"https:\/\/brandss.com.py\/index\/wp-json\/wp\/v2\/product"}],"about":[{"href":"https:\/\/brandss.com.py\/index\/wp-json\/wp\/v2\/types\/product"}],"replies":[{"embeddable":true,"href":"https:\/\/brandss.com.py\/index\/wp-json\/wp\/v2\/comments?post=73288"}],"version-history":[{"count":1,"href":"https:\/\/brandss.com.py\/index\/wp-json\/wp\/v2\/product\/73288\/revisions"}],"predecessor-version":[{"id":73292,"href":"https:\/\/brandss.com.py\/index\/wp-json\/wp\/v2\/product\/73288\/revisions\/73292"}],"wp:featuredmedia":[{"embeddable":true,"href":"https:\/\/brandss.com.py\/index\/wp-json\/wp\/v2\/media\/73289"}],"wp:attachment":[{"href":"https:\/\/brandss.com.py\/index\/wp-json\/wp\/v2\/media?parent=73288"}],"wp:term":[{"taxonomy":"product_brand","embeddable":true,"href":"https:\/\/brandss.com.py\/index\/wp-json\/wp\/v2\/product_brand?post=73288"},{"taxonomy":"product_cat","embeddable":true,"href":"https:\/\/brandss.com.py\/index\/wp-json\/wp\/v2\/product_cat?post=73288"},{"taxonomy":"product_tag","embeddable":true,"href":"https:\/\/brandss.com.py\/index\/wp-json\/wp\/v2\/product_tag?post=73288"}],"curies":[{"name":"wp","href":"https:\/\/api.w.org\/{rel}","templated":true}]}}