{"id":73298,"date":"2025-02-26T14:48:58","date_gmt":"2025-02-26T14:48:58","guid":{"rendered":"https:\/\/brandss.com.py\/index\/?post_type=product&#038;p=73298"},"modified":"2026-03-06T12:57:17","modified_gmt":"2026-03-06T12:57:17","slug":"repetidor-wi-fi-xiaomi-mi-pro-rc03-dvb4352gl-300mbps-2-antenas-negro","status":"publish","type":"product","link":"https:\/\/brandss.com.py\/index\/producto\/repetidor-wi-fi-xiaomi-mi-pro-rc03-dvb4352gl-300mbps-2-antenas-negro\/","title":{"rendered":"REPETIDOR WI-FI XIAOMI MI PRO RC03 DVB4352GL &#8211; 300MBPS  2 ANTENAS &#8211; NEGRO"},"content":{"rendered":"<p><img loading=\"lazy\" decoding=\"async\" class=\"\" src=\"https:\/\/1000marcas.net\/wp-content\/uploads\/2019\/12\/Xiaomi-Logo.png\" alt=\"Logo de Xiaomi: la historia y el significado del logotipo ...\" width=\"475\" height=\"267\" \/><\/p>\n<h1>MI PRO RC03 DVB4352GL &#8211; 300MBPS<\/h1>\n<p>El repetidor de se\u00f1al Xiaomi Mi Pro RC03 alcanza hasta 300 Mbps autom\u00e1ticamente, sin necesidad de ajustes, v\u00eda wireless, ya que se configura de forma autom\u00e1tica. Detecta con precisi\u00f3n el estado y la fuerza de la conexi\u00f3n, amplificando y reforzando la se\u00f1al Wi-Fi.<\/p>\n<h3 class=\"visby-bold f40-home texto-madrid bold mb-2\">Especificaciones<\/h3>\n<hr \/>\n<div class=\"w-100 rounded20 bordinha-cinza mt-3 mb-5\">\n<div id=\"item_product2\" class=\"col-12 item_product active\">\n<div class=\"col-12 box_detail\">\n<div class=\"col-12 item_detail item_dark \">\n<div class=\"col-6 item\">Marca<\/div>\n<div class=\"col-6 item\">Xiaomi<\/div>\n<\/div>\n<div class=\"col-12 item_detail \">\n<div class=\"col-6 item\">Modelo<\/div>\n<div class=\"col-6 item\">Mi Pro RC03 DVB4352GL<\/div>\n<\/div>\n<div class=\"col-12 item_detail item_dark \">\n<div class=\"col-6 item\">Color<\/div>\n<div class=\"col-6 item\">Negro<\/div>\n<\/div>\n<div class=\"col-12 item_detail \">\n<div class=\"col-6 item\">Conectividad<\/div>\n<div class=\"col-6 item\">Wi-Fi<\/div>\n<\/div>\n<div class=\"col-12 item_detail item_dark \">\n<div class=\"col-6 item\">Padr\u00f3n Wi-Fi<\/div>\n<div class=\"col-6 item\">IEEE 802.11b\/g\/n<\/div>\n<\/div>\n<div class=\"col-12 item_detail \">\n<div class=\"col-6 item\">Transferencia de datos<\/div>\n<div class=\"col-6 item\">300Mbps<\/div>\n<\/div>\n<div class=\"col-12 item_detail item_dark \">\n<div class=\"col-6 item\">Alimentaci\u00f3n<\/div>\n<div class=\"col-6 item\">100 &#8211; 240V \/ 50 &#8211; 60Hz<\/div>\n<\/div>\n<div class=\"col-12 item_detail \">\n<div class=\"col-6 item\">Dimensiones del Embalaje<\/div>\n<div class=\"col-6 item\">8.70 cm X 9.80 cm X 7.40 cm<\/div>\n<\/div>\n<div class=\"col-12 item_detail item_dark \">\n<div class=\"col-6 item\">Peso Bruto<\/div>\n<div class=\"col-6 item\">0.150 kg<\/div>\n<\/div>\n<\/div>\n<\/div>\n<\/div>\n","protected":false},"excerpt":{"rendered":"<p>MI PRO RC03 DVB4352GL &#8211; 300MBPS El repetidor de se\u00f1al Xiaomi Mi Pro RC03 alcanza hasta 300 Mbps autom\u00e1ticamente, sin<\/p>\n","protected":false},"featured_media":73299,"comment_status":"open","ping_status":"closed","template":"","meta":{"nf_dc_page":""},"product_brand":[],"product_cat":[89],"product_tag":[],"class_list":{"0":"post-73298","1":"product","2":"type-product","3":"status-publish","4":"has-post-thumbnail","6":"product_cat-electronicos","8":"first","9":"outofstock","10":"shipping-taxable","11":"purchasable","12":"product-type-simple"},"_links":{"self":[{"href":"https:\/\/brandss.com.py\/index\/wp-json\/wp\/v2\/product\/73298","targetHints":{"allow":["GET"]}}],"collection":[{"href":"https:\/\/brandss.com.py\/index\/wp-json\/wp\/v2\/product"}],"about":[{"href":"https:\/\/brandss.com.py\/index\/wp-json\/wp\/v2\/types\/product"}],"replies":[{"embeddable":true,"href":"https:\/\/brandss.com.py\/index\/wp-json\/wp\/v2\/comments?post=73298"}],"version-history":[{"count":1,"href":"https:\/\/brandss.com.py\/index\/wp-json\/wp\/v2\/product\/73298\/revisions"}],"predecessor-version":[{"id":73303,"href":"https:\/\/brandss.com.py\/index\/wp-json\/wp\/v2\/product\/73298\/revisions\/73303"}],"wp:featuredmedia":[{"embeddable":true,"href":"https:\/\/brandss.com.py\/index\/wp-json\/wp\/v2\/media\/73299"}],"wp:attachment":[{"href":"https:\/\/brandss.com.py\/index\/wp-json\/wp\/v2\/media?parent=73298"}],"wp:term":[{"taxonomy":"product_brand","embeddable":true,"href":"https:\/\/brandss.com.py\/index\/wp-json\/wp\/v2\/product_brand?post=73298"},{"taxonomy":"product_cat","embeddable":true,"href":"https:\/\/brandss.com.py\/index\/wp-json\/wp\/v2\/product_cat?post=73298"},{"taxonomy":"product_tag","embeddable":true,"href":"https:\/\/brandss.com.py\/index\/wp-json\/wp\/v2\/product_tag?post=73298"}],"curies":[{"name":"wp","href":"https:\/\/api.w.org\/{rel}","templated":true}]}}