{"id":73423,"date":"2025-02-26T18:17:55","date_gmt":"2025-02-26T18:17:55","guid":{"rendered":"https:\/\/brandss.com.py\/index\/?post_type=product&#038;p=73423"},"modified":"2025-02-26T18:18:42","modified_gmt":"2025-02-26T18:18:42","slug":"sandalia-avia-masculino-moda-pequi-navy","status":"publish","type":"product","link":"https:\/\/brandss.com.py\/index\/producto\/sandalia-avia-masculino-moda-pequi-navy\/","title":{"rendered":"SANDALIA AVIA MASCULINO MODA PEQUI NAVY"},"content":{"rendered":"<p><img loading=\"lazy\" decoding=\"async\" class=\"\" src=\"https:\/\/logowik.com\/content\/uploads\/images\/avia6531.logowik.com.webp\" alt=\"Avia Logo PNG vector in SVG, PDF, AI, CDR format\" width=\"244\" height=\"183\" \/><\/p>\n<h1>13-490533<\/h1>\n<div class=\"flex max-w-full flex-col flex-grow\">\n<div class=\"min-h-8 text-message relative flex w-full flex-col items-end gap-2 whitespace-normal break-words text-start [.text-message+&amp;]:mt-5\" dir=\"auto\" data-message-author-role=\"assistant\" data-message-id=\"c22e4ff0-e2ef-4d70-8337-16be438d2f10\" data-message-model-slug=\"gpt-4o\">\n<div class=\"flex w-full flex-col gap-1 empty:hidden first:pt-[3px]\">\n<div class=\"markdown prose w-full break-words dark:prose-invert light\">\n<p data-start=\"69\" data-end=\"364\">Las sandalias tipo slide de la marca AVIA son la combinaci\u00f3n perfecta entre comodidad, funcionalidad y un dise\u00f1o moderno. Este modelo en azul marino con una correa roja destaca por su apariencia deportiva y llamativa, ideal para quienes buscan un calzado pr\u00e1ctico y vers\u00e1til para el d\u00eda a d\u00eda.<\/p>\n<h3 data-start=\"366\" data-end=\"404\"><strong data-start=\"370\" data-end=\"402\">Caracter\u00edsticas principales:<\/strong><\/h3>\n<p data-start=\"406\" data-end=\"537\">\ud83d\udd39 <strong data-start=\"409\" data-end=\"431\">Dise\u00f1o ergon\u00f3mico:<\/strong> Su estructura ha sido dise\u00f1ada para ajustarse c\u00f3modamente al pie, brindando una pisada ligera y segura.<\/p>\n<p data-start=\"539\" data-end=\"679\">\ud83d\udd39 <strong data-start=\"542\" data-end=\"566\">Material resistente:<\/strong> Fabricadas con materiales sint\u00e9ticos de alta calidad, garantizan durabilidad y resistencia al desgaste diario.<\/p>\n<p data-start=\"681\" data-end=\"829\">\ud83d\udd39 <strong data-start=\"684\" data-end=\"709\">Suela antideslizante:<\/strong> La base de la sandalia proporciona un excelente agarre en diferentes superficies, reduciendo el riesgo de resbalones.<\/p>\n<p data-start=\"831\" data-end=\"1016\">\ud83d\udd39 <strong data-start=\"834\" data-end=\"860\">Correa ancha y c\u00f3moda:<\/strong> El dise\u00f1o de la banda superior en color rojo con el logo AVIA en blanco ofrece un ajuste seguro, evitando molestias y proporcionando un estilo atractivo.<\/p>\n<p data-start=\"1018\" data-end=\"1187\">\ud83d\udd39 <strong data-start=\"1021\" data-end=\"1038\">Uso vers\u00e1til:<\/strong> Perfectas para la casa, la piscina, la playa o despu\u00e9s del gimnasio. Su dise\u00f1o casual y deportivo las hace ideales para cualquier momento del d\u00eda.<\/p>\n<p data-start=\"1189\" data-end=\"1299\">\ud83d\udd39 <strong data-start=\"1192\" data-end=\"1216\">F\u00e1cil mantenimiento:<\/strong> Gracias a su material, son f\u00e1ciles de limpiar y mantener en \u00f3ptimas condiciones.<\/p>\n<p data-start=\"1301\" data-end=\"1563\" data-is-last-node=\"\" data-is-only-node=\"\">Si buscas una sandalia ligera, c\u00f3moda y con un dise\u00f1o deportivo, este modelo de AVIA es la elecci\u00f3n ideal. Su combinaci\u00f3n de colores y su practicidad las convierten en un b\u00e1sico imprescindible para cualquier persona que valore el confort sin renunciar al estilo.<\/p>\n<\/div>\n<\/div>\n<\/div>\n<\/div>\n<p>&nbsp;<\/p>\n","protected":false},"excerpt":{"rendered":"<p>13-490533 Las sandalias tipo slide de la marca AVIA son la combinaci\u00f3n perfecta entre comodidad, funcionalidad y un dise\u00f1o moderno.<\/p>\n","protected":false},"featured_media":73424,"comment_status":"open","ping_status":"closed","template":"","meta":{"nf_dc_page":""},"product_brand":[],"product_cat":[76],"product_tag":[],"class_list":{"0":"post-73423","1":"product","2":"type-product","3":"status-publish","4":"has-post-thumbnail","6":"product_cat-masculino","8":"first","9":"instock","10":"shipping-taxable","11":"purchasable","12":"product-type-simple"},"_links":{"self":[{"href":"https:\/\/brandss.com.py\/index\/wp-json\/wp\/v2\/product\/73423","targetHints":{"allow":["GET"]}}],"collection":[{"href":"https:\/\/brandss.com.py\/index\/wp-json\/wp\/v2\/product"}],"about":[{"href":"https:\/\/brandss.com.py\/index\/wp-json\/wp\/v2\/types\/product"}],"replies":[{"embeddable":true,"href":"https:\/\/brandss.com.py\/index\/wp-json\/wp\/v2\/comments?post=73423"}],"version-history":[{"count":1,"href":"https:\/\/brandss.com.py\/index\/wp-json\/wp\/v2\/product\/73423\/revisions"}],"predecessor-version":[{"id":73425,"href":"https:\/\/brandss.com.py\/index\/wp-json\/wp\/v2\/product\/73423\/revisions\/73425"}],"wp:featuredmedia":[{"embeddable":true,"href":"https:\/\/brandss.com.py\/index\/wp-json\/wp\/v2\/media\/73424"}],"wp:attachment":[{"href":"https:\/\/brandss.com.py\/index\/wp-json\/wp\/v2\/media?parent=73423"}],"wp:term":[{"taxonomy":"product_brand","embeddable":true,"href":"https:\/\/brandss.com.py\/index\/wp-json\/wp\/v2\/product_brand?post=73423"},{"taxonomy":"product_cat","embeddable":true,"href":"https:\/\/brandss.com.py\/index\/wp-json\/wp\/v2\/product_cat?post=73423"},{"taxonomy":"product_tag","embeddable":true,"href":"https:\/\/brandss.com.py\/index\/wp-json\/wp\/v2\/product_tag?post=73423"}],"curies":[{"name":"wp","href":"https:\/\/api.w.org\/{rel}","templated":true}]}}