{"id":73451,"date":"2025-02-26T18:45:10","date_gmt":"2025-02-26T18:45:10","guid":{"rendered":"https:\/\/brandss.com.py\/index\/?post_type=product&#038;p=73451"},"modified":"2026-01-10T14:29:05","modified_gmt":"2026-01-10T14:29:05","slug":"altavoz-portatil-jbl-charge-5-bt-40w-camuflado","status":"publish","type":"product","link":"https:\/\/brandss.com.py\/index\/producto\/altavoz-portatil-jbl-charge-5-bt-40w-camuflado\/","title":{"rendered":"ALTAVOZ PORT\u00c1TIL JBL CHARGE 5 BT 40W SQUAD"},"content":{"rendered":"<p><img loading=\"lazy\" decoding=\"async\" class=\"\" src=\"https:\/\/i0.wp.com\/cdn.freebiesupply.com\/logos\/large\/2x\/jbl-2-logo-png-transparent.png?resize=93%2C93&amp;ssl=1\" alt=\"JBL Logo PNG Transparent &amp; SVG Vector - Freebie Supply\" width=\"93\" height=\"93\" data-recalc-dims=\"1\" \/><\/p>\n<h1>CHARGE 5<\/h1>\n<p>Altavoz port\u00e1til resistente al agua con bater\u00eda integrada.<\/p>\n<h4>Reproducci\u00f3n y carga infinitas<\/h4>\n<div class=\"spec-row\"><span class=\"spec-key -full\">Lleva la fiesta contigo haga el tiempo que haga. El altavoz JBL Charge 5 ofrece el potente sonido JBL Original Pro gracias al driver optimizado de gran amplitud, el altavoz de agudos independiente y los dos radiadores de graves JBL. Hasta 20 horas de autonom\u00eda y una pr\u00e1ctica bater\u00eda integrada que te permite cargar tus dispositivos y alargar la fiesta durante toda la noche. \u00bfLlueve? \u00bfHas derramado la bebida? \u00bfEst\u00e1s en la playa? El Charge 5 resiste al polvo y el agua conforme a la norma IP67 para aguantar lo que le eches. Adem\u00e1s, podr\u00e1s conectar varios altavoces JBL compatibles con PartyBoost para disfrutar de un sonido con potencia suficiente para una multitud. Sus colores totalmente nuevos, inspirados en las \u00faltimas tendencias de moda urbana, le dan un aspecto tan bueno como su sonido.<\/span><\/div>\n<div>\n<div class=\"expanded-feature -lifestyle in-view\">\n<div class=\"imagery\"><img loading=\"lazy\" decoding=\"async\" class=\"alignleft\" src=\"https:\/\/i0.wp.com\/www.jbl.com.mx\/on\/demandware.static\/-\/Sites-masterCatalog_Harman\/default\/dwccc1d842\/pdp\/JBL_Charge_5_Lifestyle2_904x560px.png?resize=500%2C310&amp;ssl=1\" alt=\"Potente sonido JBL Original Pro\" width=\"500\" height=\"310\" data-recalc-dims=\"1\" data-src=\"\/on\/demandware.static\/-\/Sites-masterCatalog_Harman\/default\/dwccc1d842\/pdp\/JBL_Charge_5_Lifestyle2_904x560px.png\" \/><\/div>\n<div class=\"copy\">\n<h3><\/h3>\n<h3>Potente sonido JBL Original Pro<\/h3>\n<p>Disfruta de la incre\u00edble potencia del sonido JBL Original Pro. El JBL Charge 5 incorpora un driver optimizado de gran amplitud, un altavoz de agudos independiente y dos radiadores de graves JBL que te proporcionan un sonido intenso y n\u00edtido. Consigue el sonido de las salas m\u00e1s grandes, incluso al aire libre.<\/p>\n<\/div>\n<\/div>\n<div class=\"expanded-feature -lifestyle in-view\">\n<div class=\"imagery\"><img loading=\"lazy\" decoding=\"async\" class=\"alignright\" src=\"https:\/\/i0.wp.com\/www.jbl.com.mx\/on\/demandware.static\/-\/Sites-masterCatalog_Harman\/default\/dw1e0fb111\/pdp\/JBL_Charge_5_Lifestyle1_904x560px.png?resize=501%2C310&amp;ssl=1\" alt=\"20 horas de tiempo de reproducci\u00f3n\" width=\"501\" height=\"310\" data-recalc-dims=\"1\" data-src=\"\/on\/demandware.static\/-\/Sites-masterCatalog_Harman\/default\/dw1e0fb111\/pdp\/JBL_Charge_5_Lifestyle1_904x560px.png\" \/><\/div>\n<div class=\"copy\">\n<h3><\/h3>\n<h3><\/h3>\n<h3>20 horas de tiempo de reproducci\u00f3n<\/h3>\n<p>Para que no pare la diversi\u00f3n. El Charge 5 de JBL mantiene tu fiesta en marcha d\u00eda y noche gracias a su incre\u00edble bater\u00eda con una duraci\u00f3n de 20\u00a0horas.<\/p>\n<\/div>\n<\/div>\n<div class=\"expanded-feature -lifestyle not-in-view\">\n<div class=\"imagery\"><img loading=\"lazy\" decoding=\"async\" class=\"alignleft\" src=\"https:\/\/i0.wp.com\/www.jbl.com.mx\/on\/demandware.static\/-\/Sites-masterCatalog_Harman\/default\/dw70d97e4a\/pdp\/JBL_Charge_5_Lifestyle3_904x560px.png?resize=500%2C310&amp;ssl=1\" alt=\"Resistente al polvo y el agua conforme a la norma\u00a0IP67\" width=\"500\" height=\"310\" data-recalc-dims=\"1\" data-src=\"\/on\/demandware.static\/-\/Sites-masterCatalog_Harman\/default\/dw70d97e4a\/pdp\/JBL_Charge_5_Lifestyle3_904x560px.png\" \/><\/div>\n<div class=\"copy\">\n<h3><\/h3>\n<h3><\/h3>\n<h3><\/h3>\n<h3><\/h3>\n<h3>Resistente al polvo y el agua conforme a la norma\u00a0IP67<\/h3>\n<p>Para ir a la piscina. Para ir al parque. El JBL Charge 5 es resistente al polvo y el agua conforme a la norma\u00a0IP67 para que puedas llevar tu altavoz a cualquier parte.<\/p>\n<h3><\/h3>\n<h3>Caracter\u00edsticas generales<\/h3>\n<div class=\"accordion-content\">\n<div class=\"spec-row\"><span class=\"spec-key\">Potencia de salida:\u00a0<\/span><span class=\"spec-value\">40.<\/span><\/div>\n<div>\n<h3>Caracter\u00edsticas Audio<\/h3>\n<div class=\"accordion-content\">\n<div class=\"spec-row\"><span class=\"spec-key\">Respuesta de frecuencia din\u00e1mica:\u00a0<\/span><span class=\"spec-value\">60 Hz \u2013 20k Hz.<\/span><\/div>\n<div><\/div>\n<div>\n<h3>Caracter\u00edsticas de control y conexi\u00f3n<\/h3>\n<div class=\"accordion-content\">\n<div class=\"spec-row\"><span class=\"spec-key\">Perfiles Bluetooth:\u00a0<\/span><span class=\"spec-value\">A2DP 1.3, AVRCP 1.6.<\/span><\/div>\n<div class=\"spec-row\"><span class=\"spec-key\">Rango de frecuencia de transmisi\u00f3n Bluetooth:\u00a0<\/span><span class=\"spec-value\">2400 MHz \u2013 2483.5 MHz.<\/span><\/div>\n<div class=\"spec-row\"><span class=\"spec-key\">Transmisi\u00f3n de modulaci\u00f3n GFSK v\u00eda Bluetooth:\u00a0<\/span><span class=\"spec-value\">GFSK, \u03c0\/4 DQPSK, 8DPSK.<\/span><\/div>\n<div class=\"spec-row\"><span class=\"spec-key\">Potencia de transmisi\u00f3n Bluetooth:\u00a0<\/span><span class=\"spec-value\">\u2264 20 dBm (EIRP).<\/span><\/div>\n<div class=\"spec-row\"><span class=\"spec-key\">Versi\u00f3n Bluetooth:\u00a0<\/span><span class=\"spec-value\">5.1.<\/span><\/div>\n<div>\n<h3>Caracter\u00edsticas<\/h3>\n<div class=\"accordion-content\">\n<div class=\"spec-row\"><span class=\"spec-key\">Bluetooth:\u00a0<\/span><span class=\"spec-value\">S\u00ed.<\/span><\/div>\n<div class=\"spec-row\"><span class=\"spec-key\">Charging cable:\u00a0<\/span><span class=\"spec-value\">S\u00ed.<\/span><\/div>\n<div class=\"spec-row\"><span class=\"spec-key\">JBL PartyBoost:\u00a0<\/span><span class=\"spec-value\">S\u00ed.<\/span><\/div>\n<div class=\"spec-row\"><span class=\"spec-key\">USB para carga de dispositivos m\u00f3viles:\u00a0<\/span><span class=\"spec-value\">S\u00ed.<\/span><\/div>\n<div class=\"spec-row\"><span class=\"spec-key\">A prueba de agua:\u00a0<\/span><span class=\"spec-value\">S\u00ed.<\/span><\/div>\n<div class=\"spec-row\"><span class=\"spec-key\">Wireless:\u00a0<\/span><span class=\"spec-value\">S\u00ed.<\/span><\/div>\n<div class=\"spec-row\"><span class=\"spec-key\">Bater\u00eda recargable:\u00a0<\/span><span class=\"spec-value\">S\u00ed.<\/span><\/div>\n<div class=\"spec-row\"><span class=\"spec-key\">Certificaci\u00f3n: IPX<\/span><span class=\"spec-value\">IP67.<\/span><\/div>\n<div>\n<h3>Contenido de la caja<\/h3>\n<div class=\"accordion-content\">\n<div class=\"box-contents\">\n<ul class=\"bulleted\">\n<li>1 JBL Charge 5<\/li>\n<li>1 x cable USB-C<\/li>\n<li>1 hoja de seguridad<\/li>\n<li>1 gu\u00eda de inicio r\u00e1pido<\/li>\n<li>1 tarjeta de garant\u00eda<\/li>\n<\/ul>\n<\/div>\n<\/div>\n<\/div>\n<\/div>\n<\/div>\n<\/div>\n<\/div>\n<\/div>\n<\/div>\n<\/div>\n<\/div>\n<\/div>\n<\/div>\n","protected":false},"excerpt":{"rendered":"<p>CHARGE 5 Altavoz port\u00e1til resistente al agua con bater\u00eda integrada. Reproducci\u00f3n y carga infinitas Lleva la fiesta contigo haga el<\/p>\n","protected":false},"featured_media":73452,"comment_status":"open","ping_status":"closed","template":"","meta":{"nf_dc_page":""},"product_brand":[],"product_cat":[89],"product_tag":[],"class_list":{"0":"post-73451","1":"product","2":"type-product","3":"status-publish","4":"has-post-thumbnail","6":"product_cat-electronicos","8":"first","9":"outofstock","10":"shipping-taxable","11":"purchasable","12":"product-type-simple"},"_links":{"self":[{"href":"https:\/\/brandss.com.py\/index\/wp-json\/wp\/v2\/product\/73451","targetHints":{"allow":["GET"]}}],"collection":[{"href":"https:\/\/brandss.com.py\/index\/wp-json\/wp\/v2\/product"}],"about":[{"href":"https:\/\/brandss.com.py\/index\/wp-json\/wp\/v2\/types\/product"}],"replies":[{"embeddable":true,"href":"https:\/\/brandss.com.py\/index\/wp-json\/wp\/v2\/comments?post=73451"}],"version-history":[{"count":2,"href":"https:\/\/brandss.com.py\/index\/wp-json\/wp\/v2\/product\/73451\/revisions"}],"predecessor-version":[{"id":73506,"href":"https:\/\/brandss.com.py\/index\/wp-json\/wp\/v2\/product\/73451\/revisions\/73506"}],"wp:featuredmedia":[{"embeddable":true,"href":"https:\/\/brandss.com.py\/index\/wp-json\/wp\/v2\/media\/73452"}],"wp:attachment":[{"href":"https:\/\/brandss.com.py\/index\/wp-json\/wp\/v2\/media?parent=73451"}],"wp:term":[{"taxonomy":"product_brand","embeddable":true,"href":"https:\/\/brandss.com.py\/index\/wp-json\/wp\/v2\/product_brand?post=73451"},{"taxonomy":"product_cat","embeddable":true,"href":"https:\/\/brandss.com.py\/index\/wp-json\/wp\/v2\/product_cat?post=73451"},{"taxonomy":"product_tag","embeddable":true,"href":"https:\/\/brandss.com.py\/index\/wp-json\/wp\/v2\/product_tag?post=73451"}],"curies":[{"name":"wp","href":"https:\/\/api.w.org\/{rel}","templated":true}]}}