{"id":73508,"date":"2025-02-27T11:21:28","date_gmt":"2025-02-27T11:21:28","guid":{"rendered":"https:\/\/brandss.com.py\/index\/?post_type=product&#038;p=73508"},"modified":"2025-09-25T17:41:43","modified_gmt":"2025-09-25T17:41:43","slug":"altavoz-portatil-jbl-flip-6-bt-30w-squad","status":"publish","type":"product","link":"https:\/\/brandss.com.py\/index\/producto\/altavoz-portatil-jbl-flip-6-bt-30w-squad\/","title":{"rendered":"ALTAVOZ PORT\u00c1TIL JBL FLIP 6 BT 30W SQUAD"},"content":{"rendered":"<p><img loading=\"lazy\" decoding=\"async\" class=\"\" src=\"https:\/\/i0.wp.com\/cdn.freebiesupply.com\/logos\/large\/2x\/jbl-2-logo-png-transparent.png?resize=65%2C65&amp;ssl=1\" alt=\"JBL Logo PNG Transparent &amp; SVG Vector - Freebie Supply\" width=\"65\" height=\"65\" data-recalc-dims=\"1\" \/><\/p>\n<h1>FLIP 6<\/h1>\n<p>Altavoz port\u00e1til a prueba de agua.<\/p>\n<h4>El mejor sonido para cualquier aventura<\/h4>\n<div class=\"spec-row\"><span class=\"spec-key -full\">La banda sonora de tus aventuras El atrevido JBL Flip 6 ofrece el potente sonido JBL Original Pro con una claridad excepcional gracias a su sistema de altavoces bidireccionales, con un driver optimizado en forma de pista de carreras, un altavoz de agudos independiente y dos radiadores pasivos (uno a cada lateral). Este altavoz, adem\u00e1s de ofrecerte el mejor sonido, es f\u00e1cil de transportar y es resistente al agua y al polvo, por lo que puedes llevarlo a cualquier parte, sin importar el tiempo que haga. Y con 12 horas de bater\u00eda, puedes irte de fiesta desde el amanecer al anochecer, all\u00e1 donde te lleve la m\u00fasica. Usa PartyBoost para conectar varios altavoces compatibles. El Flip 6 est\u00e1 disponible en una gran variedad de colores.<\/span><\/div>\n<div>\n<div class=\"expanded-feature -lifestyle in-view\">\n<div class=\"imagery\"><img loading=\"lazy\" decoding=\"async\" class=\"alignleft\" src=\"https:\/\/i0.wp.com\/www.jbl.com.mx\/on\/demandware.static\/-\/Sites-masterCatalog_Harman\/default\/dw1035c065\/pdp\/JBL_Flip_6_Lifestyle_01_904x560px.png?resize=500%2C310&amp;ssl=1\" alt=\"Un sonido m\u00e1s alto y potente\" width=\"500\" height=\"310\" data-recalc-dims=\"1\" data-src=\"\/on\/demandware.static\/-\/Sites-masterCatalog_Harman\/default\/dw1035c065\/pdp\/JBL_Flip_6_Lifestyle_01_904x560px.png\" \/><\/div>\n<div class=\"copy\">\n<h3><\/h3>\n<h3>Un sonido m\u00e1s alto y potente<\/h3>\n<p>El ritmo no para con el sistema de altavoces de 2 v\u00edas del JBL Flip 6, dise\u00f1ado para ofrecer un sonido n\u00edtido y potente. El altavoz de bajos con forma de circuito de carreras ofrece frecuencias bajas y gamas medias excepcionales, mientras que un altavoz de agudos independiente produce frecuencias altas n\u00edtidas y claras. El Flip 6 tambi\u00e9n cuenta con radiadores pasivos duales optimizados para graves profundos, ajustados con el algoritmo avanzado de Harman.<\/p>\n<\/div>\n<\/div>\n<div class=\"expanded-feature -lifestyle in-view\">\n<div class=\"imagery\"><img loading=\"lazy\" decoding=\"async\" class=\"alignright\" src=\"https:\/\/i0.wp.com\/www.jbl.com.mx\/on\/demandware.static\/-\/Sites-masterCatalog_Harman\/default\/dw3ed7b5e9\/pdp\/JBL_Flip_6_Lifestyle_02_904x560px.png?resize=500%2C310&amp;ssl=1\" alt=\"Resistente al polvo y el agua conforme a la norma\u00a0IP67\" width=\"500\" height=\"310\" data-recalc-dims=\"1\" data-src=\"\/on\/demandware.static\/-\/Sites-masterCatalog_Harman\/default\/dw3ed7b5e9\/pdp\/JBL_Flip_6_Lifestyle_02_904x560px.png\" \/><\/div>\n<div class=\"copy\">\n<h3><\/h3>\n<h3>Resistente al polvo y el agua conforme a la norma\u00a0IP67<\/h3>\n<p>Para ir a la piscina. Para ir al parque. El JBL Flip 6 es resistente al polvo y al agua conforme a la norma\u00a0IP67 para que puedas llevar tu altavoz a cualquier parte.<\/p>\n<\/div>\n<\/div>\n<div class=\"expanded-feature -lifestyle not-in-view\">\n<div class=\"imagery\"><img loading=\"lazy\" decoding=\"async\" class=\"alignleft\" src=\"https:\/\/i0.wp.com\/www.jbl.com.mx\/on\/demandware.static\/-\/Sites-masterCatalog_Harman\/default\/dwb29c2f4e\/pdp\/JBL_Flip_6_Lifestyle_03_904x560px.png?resize=500%2C310&amp;ssl=1\" alt=\"12\u00a0horas de tiempo de reproducci\u00f3n\" width=\"500\" height=\"310\" data-recalc-dims=\"1\" data-src=\"\/on\/demandware.static\/-\/Sites-masterCatalog_Harman\/default\/dwb29c2f4e\/pdp\/JBL_Flip_6_Lifestyle_03_904x560px.png\" \/><\/div>\n<div class=\"copy\">\n<h3><\/h3>\n<h3><\/h3>\n<h3><\/h3>\n<h3><\/h3>\n<h3>12\u00a0horas de tiempo de reproducci\u00f3n<\/h3>\n<p>No te preocupes por cosas sin importancia como cargar la bater\u00eda. El JBL Flip 6 te da hasta 12\u00a0horas de tiempo de reproducci\u00f3n con una sola carga.<\/p>\n<\/div>\n<div class=\"spec-accordion  -active\">\n<h3><\/h3>\n<h3><\/h3>\n<h3>Caracter\u00edsticas generales<\/h3>\n<div class=\"accordion-content\">\n<div class=\"spec-row\"><span class=\"spec-key\">Potencia de salida:\u00a0<\/span><span class=\"spec-value\">30.<\/span><\/div>\n<\/div>\n<\/div>\n<div class=\"spec-accordion  -active\">\n<h3>Caracter\u00edsticas Audio<\/h3>\n<div class=\"accordion-content\">\n<div class=\"spec-row\"><span class=\"spec-key\">Respuesta de frecuencia din\u00e1mica:\u00a0<\/span><span class=\"spec-value\">63 Hz \u2013 20k Hz.<\/span><\/div>\n<div>\n<h3>Caracter\u00edsticas de control y conexi\u00f3n<\/h3>\n<div class=\"accordion-content\">\n<div class=\"spec-row\"><span class=\"spec-key\">Perfiles Bluetooth:\u00a0<\/span><span class=\"spec-value\">A2DP 1.3, AVRCP 1.6.<\/span><\/div>\n<div class=\"spec-row\"><span class=\"spec-key\">Rango de frecuencia de transmisi\u00f3n Bluetooth:\u00a0<\/span><span class=\"spec-value\">2400 MHz \u2013 2483.5 MHz.<\/span><\/div>\n<div class=\"spec-row\"><span class=\"spec-key\">Transmisi\u00f3n de modulaci\u00f3n GFSK v\u00eda Bluetooth:\u00a0<\/span><span class=\"spec-value\">GFSK, \u03c0\/4 DQPSK, 8DPSK.<\/span><\/div>\n<div class=\"spec-row\"><span class=\"spec-key\">Potencia de transmisi\u00f3n Bluetooth:\u00a0<\/span><span class=\"spec-value\">&lt; 10dBm (EIRP).<\/span><\/div>\n<div class=\"spec-row\"><span class=\"spec-key\">Versi\u00f3n Bluetooth:\u00a0<\/span><span class=\"spec-value\">5.1.<\/span><\/div>\n<div>\n<div class=\"spec-accordion  -active\">\n<h3>Caracter\u00edsticas<\/h3>\n<div class=\"accordion-content\">\n<div class=\"spec-row\"><span class=\"spec-key\">Bluetooth:\u00a0<\/span><span class=\"spec-value\">S\u00ed.<\/span><\/div>\n<div class=\"spec-row\"><span class=\"spec-key\">Charging cable:\u00a0<\/span><span class=\"spec-value\">S\u00ed.<\/span><\/div>\n<div class=\"spec-row\"><span class=\"spec-key\">JBL PartyBoost:\u00a0<\/span><span class=\"spec-value\">S\u00ed.<\/span><\/div>\n<div class=\"spec-row\"><span class=\"spec-key\">A prueba de agua:\u00a0<\/span><span class=\"spec-value\">S\u00ed.<\/span><\/div>\n<div class=\"spec-row\"><span class=\"spec-key\">Wireless:\u00a0<\/span><span class=\"spec-value\">S\u00ed.<\/span><\/div>\n<div class=\"spec-row\"><span class=\"spec-key\">Bater\u00eda recargable:\u00a0<\/span><span class=\"spec-value\">S\u00ed.<\/span><\/div>\n<div class=\"spec-row\"><span class=\"spec-key\">Certificaci\u00f3n: IPX<\/span><span class=\"spec-value\">IP67.<\/span><\/div>\n<\/div>\n<\/div>\n<div class=\"spec-accordion -active\">\n<h3>Contenido de la caja<\/h3>\n<div class=\"accordion-content\">\n<div class=\"box-contents\">\n<ul class=\"bulleted\">\n<li>1 x JBL Flip 6.<\/li>\n<li>1 x cable USB-C.<\/li>\n<li>1 x gu\u00eda de inicio r\u00e1pido.<\/li>\n<li>1 x Tarjeta de garant\u00eda\/ Ficha de seguridad.<\/li>\n<\/ul>\n<\/div>\n<\/div>\n<\/div>\n<\/div>\n<\/div>\n<\/div>\n<\/div>\n<\/div>\n<\/div>\n<\/div>\n","protected":false},"excerpt":{"rendered":"<p>FLIP 6 Altavoz port\u00e1til a prueba de agua. El mejor sonido para cualquier aventura La banda sonora de tus aventuras<\/p>\n","protected":false},"featured_media":73509,"comment_status":"open","ping_status":"closed","template":"","meta":{"nf_dc_page":""},"product_brand":[541],"product_cat":[89],"product_tag":[544],"class_list":{"0":"post-73508","1":"product","2":"type-product","3":"status-publish","4":"has-post-thumbnail","6":"product_brand-jbl","7":"product_cat-electronicos","8":"product_tag-544","10":"first","11":"outofstock","12":"shipping-taxable","13":"purchasable","14":"product-type-simple"},"_links":{"self":[{"href":"https:\/\/brandss.com.py\/index\/wp-json\/wp\/v2\/product\/73508","targetHints":{"allow":["GET"]}}],"collection":[{"href":"https:\/\/brandss.com.py\/index\/wp-json\/wp\/v2\/product"}],"about":[{"href":"https:\/\/brandss.com.py\/index\/wp-json\/wp\/v2\/types\/product"}],"replies":[{"embeddable":true,"href":"https:\/\/brandss.com.py\/index\/wp-json\/wp\/v2\/comments?post=73508"}],"version-history":[{"count":1,"href":"https:\/\/brandss.com.py\/index\/wp-json\/wp\/v2\/product\/73508\/revisions"}],"predecessor-version":[{"id":73516,"href":"https:\/\/brandss.com.py\/index\/wp-json\/wp\/v2\/product\/73508\/revisions\/73516"}],"wp:featuredmedia":[{"embeddable":true,"href":"https:\/\/brandss.com.py\/index\/wp-json\/wp\/v2\/media\/73509"}],"wp:attachment":[{"href":"https:\/\/brandss.com.py\/index\/wp-json\/wp\/v2\/media?parent=73508"}],"wp:term":[{"taxonomy":"product_brand","embeddable":true,"href":"https:\/\/brandss.com.py\/index\/wp-json\/wp\/v2\/product_brand?post=73508"},{"taxonomy":"product_cat","embeddable":true,"href":"https:\/\/brandss.com.py\/index\/wp-json\/wp\/v2\/product_cat?post=73508"},{"taxonomy":"product_tag","embeddable":true,"href":"https:\/\/brandss.com.py\/index\/wp-json\/wp\/v2\/product_tag?post=73508"}],"curies":[{"name":"wp","href":"https:\/\/api.w.org\/{rel}","templated":true}]}}