{"id":73544,"date":"2025-02-27T12:30:20","date_gmt":"2025-02-27T12:30:20","guid":{"rendered":"https:\/\/brandss.com.py\/index\/?post_type=product&#038;p=73544"},"modified":"2025-10-14T14:07:27","modified_gmt":"2025-10-14T14:07:27","slug":"altavoz-portatil-jbl-clip-5-bt-7w-black","status":"publish","type":"product","link":"https:\/\/brandss.com.py\/index\/producto\/altavoz-portatil-jbl-clip-5-bt-7w-black\/","title":{"rendered":"ALTAVOZ PORT\u00c1TIL JBL CLIP 5 BT 7W BLACK"},"content":{"rendered":"<p><img loading=\"lazy\" decoding=\"async\" class=\"\" src=\"https:\/\/cdn.freebiesupply.com\/logos\/large\/2x\/jbl-2-logo-png-transparent.png\" alt=\"JBL Logo PNG Transparent &amp; SVG Vector - Freebie Supply\" width=\"71\" height=\"71\" \/><\/p>\n<h1>CLIP 5<\/h1>\n<p>Altavoz ultraport\u00e1til resistente al agua.<\/p>\n<h4>Clip and Play<\/h4>\n<div class=\"spec-row\"><span class=\"spec-key -full\">El altavoz Bluetooth ultraport\u00e1til JBL Clip 5 es lo suficientemente peque\u00f1o como para llevarlo en una mano, pero que no te enga\u00f1e su tama\u00f1o: es grande donde de verdad importa. Un mosquet\u00f3n ancho y totalmente integrado permite engancharlo a casi cualquier cosa. El potente amplificador y el radiador pasivo ofrecen un sonido JBL Pro m\u00e1s alto y potente, as\u00ed como unos graves contundentes. Una sola carga te ofrece hasta 12 horas de reproducci\u00f3n e incluso m\u00e1s si Playtime Boost est\u00e1 activado. Su certificaci\u00f3n IP67 confirma su resistencia al agua y al polvo, por lo que estar\u00e1 encantado de acompa\u00f1arte en tu pr\u00f3xima excursi\u00f3n o acampada. Combina dos Clip 5 para obtener un sonido est\u00e9reo o con\u00e9ctalo al instante con varios altavoces compatibles mediante JBL Auracast para obtener un sonido a\u00fan mayor en m\u00e1s espacio. Adem\u00e1s, est\u00e1 disponible en varios colores, para que encuentres siempre uno que se adapte a tu estilo. Con el JBL Clip 5, cada d\u00eda es una aventura.<\/span><\/div>\n<div>\n<div class=\"expanded-feature -lifestyle in-view\">\n<div class=\"imagery\"><img loading=\"lazy\" decoding=\"async\" class=\"alignleft\" src=\"https:\/\/www.jbl.com.mx\/on\/demandware.static\/-\/Sites-masterCatalog_Harman\/default\/dwe8bb5675\/pdp\/JBL_Clip_5_Lifestyle_01_904x560px.png\" alt=\"Sonido JBL Pro ultraport\u00e1til\" width=\"500\" height=\"310\" data-src=\"\/on\/demandware.static\/-\/Sites-masterCatalog_Harman\/default\/dwe8bb5675\/pdp\/JBL_Clip_5_Lifestyle_01_904x560px.png\" \/><\/div>\n<div class=\"copy\">\n<h3><\/h3>\n<h3><\/h3>\n<h3>Sonido JBL Pro ultraport\u00e1til<\/h3>\n<p>No dejes que su peque\u00f1o tama\u00f1o te enga\u00f1e. El JBL Clip 5 brinda una excelente experiencia musical, ofreciendo un gran sonido JBL Pro con graves impactantes. Tus amigos no se van a creer que un sonido tan potente pueda salir de un altavoz JBL Pro tan peque\u00f1o.<\/p>\n<\/div>\n<\/div>\n<div class=\"expanded-feature -lifestyle not-in-view\">\n<div class=\"imagery\"><img loading=\"lazy\" decoding=\"async\" class=\"alignright\" src=\"https:\/\/www.jbl.com.mx\/on\/demandware.static\/-\/Sites-masterCatalog_Harman\/default\/dwb86ecaf9\/pdp\/JBL_Clip_5_Lifestyle_02_904x560px.png\" alt=\"Mosquet\u00f3n redise\u00f1ado\" width=\"500\" height=\"310\" data-src=\"\/on\/demandware.static\/-\/Sites-masterCatalog_Harman\/default\/dwb86ecaf9\/pdp\/JBL_Clip_5_Lifestyle_02_904x560px.png\" \/><\/div>\n<div class=\"copy\">\n<h3><\/h3>\n<h3>Mosquet\u00f3n redise\u00f1ado<\/h3>\n<p>El mosquet\u00f3n, completamente redise\u00f1ado e integrado, tiene una abertura mucho m\u00e1s ancha que lo hace a\u00fan m\u00e1s port\u00e1til. Puedes enganchar el Clip 5 en cualquier sitio, desde la mochila hasta la trabilla del cintur\u00f3n, y llevar tu m\u00fasica contigo todo el d\u00eda y a todas partes.<\/p>\n<\/div>\n<\/div>\n<div class=\"expanded-feature -lifestyle not-in-view\">\n<div class=\"imagery\"><img loading=\"lazy\" decoding=\"async\" class=\"alignleft\" src=\"https:\/\/www.jbl.com.mx\/on\/demandware.static\/-\/Sites-masterCatalog_Harman\/default\/dw21d3438b\/pdp\/JBL_Clip_5_Lifestyle_03_904x560px.png\" alt=\"Hasta 12 horas de reproducci\u00f3n m\u00e1s 3 horas extra con Playtime Boost\" width=\"500\" height=\"310\" data-src=\"\/on\/demandware.static\/-\/Sites-masterCatalog_Harman\/default\/dw21d3438b\/pdp\/JBL_Clip_5_Lifestyle_03_904x560px.png\" \/><\/div>\n<div class=\"copy\">\n<h3><\/h3>\n<h3><\/h3>\n<h3><\/h3>\n<h3>Hasta 12 horas de reproducci\u00f3n m\u00e1s 3 horas extra con Playtime Boost<\/h3>\n<p>No te preocupes por cosas sin importancia como cargar la bater\u00eda. El Clip 5 te da hasta 12\u00a0horas de tiempo de reproducci\u00f3n con una sola carga. Solo tienes que pulsar Playtime Boost para prolongar el tiempo de reproducci\u00f3n y aumentar la duraci\u00f3n de la bater\u00eda hasta 3 horas. Esta funci\u00f3n sintoniza y optimiza el rendimiento para obtener un sonido m\u00e1s alto y n\u00edtido.<\/p>\n<div class=\"spec-accordion  -active\">\n<h3>Caracter\u00edsticas generales<\/h3>\n<div class=\"accordion-content\">\n<div class=\"spec-row\"><span class=\"spec-key\">Potencia de salida: <\/span><span class=\"spec-value\">7.<\/span><\/div>\n<\/div>\n<\/div>\n<div class=\"spec-accordion  -active\">\n<h3>Caracter\u00edsticas Audio<\/h3>\n<div class=\"accordion-content\">\n<div class=\"spec-row\"><span class=\"spec-key\">Respuesta de frecuencia din\u00e1mica: <\/span><span class=\"spec-value\">95 Hz &#8211; 20 kHz.<\/span><\/div>\n<div>\n<h3>Caracter\u00edsticas de control y conexi\u00f3n<\/h3>\n<div class=\"accordion-content\">\n<div class=\"spec-row\"><span class=\"spec-key\">Perfiles Bluetooth: <\/span><span class=\"spec-value\">A2DP 1.4, AVRCP 1.6.<\/span><\/div>\n<div class=\"spec-row\"><span class=\"spec-key\">Rango de frecuencia de transmisi\u00f3n Bluetooth: <\/span><span class=\"spec-value\">2400MHz &#8211; 2483.5 MHz.<\/span><\/div>\n<div class=\"spec-row\"><span class=\"spec-key\">Transmisi\u00f3n de modulaci\u00f3n GFSK v\u00eda Bluetooth: <\/span><span class=\"spec-value\">GFSK, \u03c0\/4 DQPSK, 8DPSK.<\/span><\/div>\n<div class=\"spec-row\"><span class=\"spec-key\">Potencia de transmisi\u00f3n Bluetooth: <\/span><span class=\"spec-value\">\u2264 10dBm (EIRP).<\/span><\/div>\n<div class=\"spec-row\"><span class=\"spec-key\">Versi\u00f3n Bluetooth: <\/span><span class=\"spec-value\">5.3.<\/span><\/div>\n<div>\n<div class=\"spec-accordion  -active\">\n<h3>Caracter\u00edsticas<\/h3>\n<div class=\"accordion-content\">\n<div class=\"spec-row\"><span class=\"spec-key\">Bluetooth: <\/span><span class=\"spec-value\">S\u00ed.<\/span><\/div>\n<div class=\"spec-row\"><span class=\"spec-key\">Charging cable: <\/span><span class=\"spec-value\">S\u00ed.<\/span><\/div>\n<div class=\"spec-row\"><span class=\"spec-key\">A prueba de salpicaduras: <\/span><span class=\"spec-value\">S\u00ed.<\/span><\/div>\n<div class=\"spec-row\"><span class=\"spec-key\">A prueba de agua: <\/span><span class=\"spec-value\">S\u00ed.<\/span><\/div>\n<div class=\"spec-row\"><span class=\"spec-key\">Wireless: <\/span><span class=\"spec-value\">S\u00ed.<\/span><\/div>\n<div class=\"spec-row\"><span class=\"spec-key\">Conexi\u00f3n Multipunto: <\/span><span class=\"spec-value\">S\u00ed.<\/span><\/div>\n<div class=\"spec-row\"><span class=\"spec-key\">Bater\u00eda recargable: <\/span><span class=\"spec-value\">S\u00ed.<\/span><\/div>\n<div class=\"spec-row\"><span class=\"spec-key\">Certificaci\u00f3n: IPX<\/span><span class=\"spec-value\">IP67.<\/span><\/div>\n<div class=\"spec-row\"><span class=\"spec-key\">Supports Auracast: <\/span><span class=\"spec-value\">S\u00ed.<\/span><\/div>\n<div class=\"spec-row\"><span class=\"spec-key\">Dustproof: <\/span><span class=\"spec-value\">S\u00ed.<\/span><\/div>\n<\/div>\n<\/div>\n<div class=\"spec-accordion -active\">\n<h3>Contenido de la caja<\/h3>\n<div class=\"accordion-content\">\n<div class=\"box-contents\">\n<ul class=\"bulleted\">\n<li>1 JBL Clip 5.<\/li>\n<li>1 cable USB-C.<\/li>\n<li>1 gu\u00eda de inicio r\u00e1pido.<\/li>\n<li>1 tarjeta de garant\u00eda\/ficha de seguridad.<\/li>\n<\/ul>\n<\/div>\n<\/div>\n<\/div>\n<\/div>\n<\/div>\n<\/div>\n<\/div>\n<\/div>\n<\/div>\n<\/div>\n<\/div>\n","protected":false},"excerpt":{"rendered":"<p>CLIP 5 Altavoz ultraport\u00e1til resistente al agua. Clip and Play El altavoz Bluetooth ultraport\u00e1til JBL Clip 5 es lo suficientemente<\/p>\n","protected":false},"featured_media":73548,"comment_status":"open","ping_status":"closed","template":"","meta":{"nf_dc_page":""},"product_brand":[541],"product_cat":[89],"product_tag":[1004],"class_list":{"0":"post-73544","1":"product","2":"type-product","3":"status-publish","4":"has-post-thumbnail","6":"product_brand-jbl","7":"product_cat-electronicos","8":"product_tag-1004","10":"first","11":"outofstock","12":"shipping-taxable","13":"purchasable","14":"product-type-simple"},"_links":{"self":[{"href":"https:\/\/brandss.com.py\/index\/wp-json\/wp\/v2\/product\/73544","targetHints":{"allow":["GET"]}}],"collection":[{"href":"https:\/\/brandss.com.py\/index\/wp-json\/wp\/v2\/product"}],"about":[{"href":"https:\/\/brandss.com.py\/index\/wp-json\/wp\/v2\/types\/product"}],"replies":[{"embeddable":true,"href":"https:\/\/brandss.com.py\/index\/wp-json\/wp\/v2\/comments?post=73544"}],"version-history":[{"count":1,"href":"https:\/\/brandss.com.py\/index\/wp-json\/wp\/v2\/product\/73544\/revisions"}],"predecessor-version":[{"id":73557,"href":"https:\/\/brandss.com.py\/index\/wp-json\/wp\/v2\/product\/73544\/revisions\/73557"}],"wp:featuredmedia":[{"embeddable":true,"href":"https:\/\/brandss.com.py\/index\/wp-json\/wp\/v2\/media\/73548"}],"wp:attachment":[{"href":"https:\/\/brandss.com.py\/index\/wp-json\/wp\/v2\/media?parent=73544"}],"wp:term":[{"taxonomy":"product_brand","embeddable":true,"href":"https:\/\/brandss.com.py\/index\/wp-json\/wp\/v2\/product_brand?post=73544"},{"taxonomy":"product_cat","embeddable":true,"href":"https:\/\/brandss.com.py\/index\/wp-json\/wp\/v2\/product_cat?post=73544"},{"taxonomy":"product_tag","embeddable":true,"href":"https:\/\/brandss.com.py\/index\/wp-json\/wp\/v2\/product_tag?post=73544"}],"curies":[{"name":"wp","href":"https:\/\/api.w.org\/{rel}","templated":true}]}}