{"id":73558,"date":"2025-02-27T12:41:16","date_gmt":"2025-02-27T12:41:16","guid":{"rendered":"https:\/\/brandss.com.py\/index\/?post_type=product&#038;p=73558"},"modified":"2025-06-03T10:33:30","modified_gmt":"2025-06-03T10:33:30","slug":"camiseta-masculino-asics-t-shirt-silver-top","status":"publish","type":"product","link":"https:\/\/brandss.com.py\/index\/producto\/camiseta-masculino-asics-t-shirt-silver-top\/","title":{"rendered":"CAMISETA MASCULINO ASICS T-SHIRT SILVER-TOP"},"content":{"rendered":"<p><img loading=\"lazy\" decoding=\"async\" class=\"\" src=\"https:\/\/cdn.worldvectorlogo.com\/logos\/asics-6.svg\" alt=\"ASICS Logotipo Vector - Descarga Gratis SVG | Worldvectorlogo\" width=\"450\" height=\"146\" \/><\/p>\n<h1>2011C274.402<\/h1>\n<p data-start=\"935\" data-end=\"1288\">La camiseta est\u00e1 fabricada con una mezcla de <strong data-start=\"980\" data-end=\"1012\">tejidos sint\u00e9ticos avanzados<\/strong>, que ofrecen un rendimiento superior en t\u00e9rminos de <strong data-start=\"1065\" data-end=\"1106\">transpirabilidad y control de humedad<\/strong>. Su tecnolog\u00eda de secado r\u00e1pido permite que el sudor se evapore r\u00e1pidamente, evitando la sensaci\u00f3n de humedad en la piel y manteni\u00e9ndote <strong data-start=\"1244\" data-end=\"1261\">fresco y seco<\/strong> durante toda la carrera.<\/p>\n<p data-start=\"1290\" data-end=\"1622\">Las <strong data-start=\"1294\" data-end=\"1313\">costuras planas<\/strong> integradas en la prenda ayudan a reducir la fricci\u00f3n y el riesgo de rozaduras, garantizando una sensaci\u00f3n de suavidad en contacto con la piel. Esto es especialmente \u00fatil en sesiones de <strong data-start=\"1499\" data-end=\"1522\">running prolongadas<\/strong>, donde el movimiento continuo puede generar molestias en prendas con costuras m\u00e1s convencionales.<\/p>\n<hr data-start=\"1624\" data-end=\"1627\" \/>\n<h3 data-start=\"1629\" data-end=\"1654\"><strong data-start=\"1633\" data-end=\"1652\">Dise\u00f1o y ajuste<\/strong><\/h3>\n<ul data-start=\"1655\" data-end=\"2153\">\n<li data-start=\"1655\" data-end=\"1758\"><strong data-start=\"1657\" data-end=\"1679\">Ajuste ergon\u00f3mico:<\/strong> Dise\u00f1ada para adaptarse al cuerpo sin ser demasiado ajustada ni restrictiva.<\/li>\n<li data-start=\"1759\" data-end=\"1857\"><strong data-start=\"1761\" data-end=\"1779\">Tejido ligero:<\/strong> Reduce la carga sobre el cuerpo y proporciona mayor libertad de movimiento.<\/li>\n<li data-start=\"1858\" data-end=\"1990\"><strong data-start=\"1860\" data-end=\"1890\">Transpirabilidad mejorada:<\/strong> Su estructura permite un flujo de aire constante, ayudando a <strong data-start=\"1952\" data-end=\"1987\">regular la temperatura corporal<\/strong>.<\/li>\n<li data-start=\"1991\" data-end=\"2153\"><strong data-start=\"1993\" data-end=\"2010\">Versatilidad:<\/strong> Puede ser utilizada tanto para carreras al aire libre como para entrenamientos en interiores, gimnasio o cualquier otra actividad deportiva.<\/li>\n<\/ul>\n<hr data-start=\"2155\" data-end=\"2158\" \/>\n<h3 data-start=\"2160\" data-end=\"2202\"><strong data-start=\"2164\" data-end=\"2200\">Compromiso con la sostenibilidad<\/strong><\/h3>\n<p data-start=\"2203\" data-end=\"2564\">Uno de los aspectos m\u00e1s destacados de esta camiseta es su compromiso con un <strong data-start=\"2279\" data-end=\"2303\">dise\u00f1o m\u00e1s ecol\u00f3gico<\/strong>. Al estar confeccionada con al menos un <strong data-start=\"2344\" data-end=\"2377\">50 % de materiales reciclados<\/strong>, ayuda a reducir el impacto ambiental sin afectar la calidad del producto. Esto demuestra que es posible crear <strong data-start=\"2489\" data-end=\"2520\">prendas de alto rendimiento<\/strong> sin comprometer el bienestar del planeta.<\/p>\n<p data-start=\"2566\" data-end=\"2919\">El uso de materiales reciclados no solo contribuye a la <strong data-start=\"2622\" data-end=\"2657\">reducci\u00f3n de residuos pl\u00e1sticos<\/strong>, sino que tambi\u00e9n minimiza la cantidad de recursos naturales utilizados en la producci\u00f3n textil. Al elegir esta camiseta, no solo inviertes en tu rendimiento deportivo, sino que tambi\u00e9n apoyas un enfoque m\u00e1s <strong data-start=\"2866\" data-end=\"2894\">consciente y responsable<\/strong> con el medio ambiente.<\/p>\n<hr data-start=\"2921\" data-end=\"2924\" \/>\n<h3 data-start=\"2926\" data-end=\"2952\"><strong data-start=\"2930\" data-end=\"2950\">Beneficios clave<\/strong><\/h3>\n<p data-start=\"2953\" data-end=\"3438\">\u2714 <strong data-start=\"2955\" data-end=\"2972\">Secado r\u00e1pido<\/strong> para una gesti\u00f3n eficiente de la humedad y una mayor comodidad.<br data-start=\"3036\" data-end=\"3039\" \/>\u2714 <strong data-start=\"3041\" data-end=\"3064\">Construcci\u00f3n ligera<\/strong> que no a\u00f1ade peso innecesario y permite moverte con total libertad.<br data-start=\"3132\" data-end=\"3135\" \/>\u2714 <strong data-start=\"3137\" data-end=\"3156\">Costuras planas<\/strong> que reducen el riesgo de irritaci\u00f3n y proporcionan una sensaci\u00f3n m\u00e1s suave en la piel.<br data-start=\"3243\" data-end=\"3246\" \/>\u2714 <strong data-start=\"3248\" data-end=\"3271\">Dise\u00f1o transpirable<\/strong> que favorece la ventilaci\u00f3n y evita la acumulaci\u00f3n de calor.<br data-start=\"3332\" data-end=\"3335\" \/>\u2714 <strong data-start=\"3337\" data-end=\"3376\">Fabricada con materiales reciclados<\/strong> para un menor impacto ambiental y una mayor sostenibilidad.<\/p>\n<p>&nbsp;<\/p>\n","protected":false},"excerpt":{"rendered":"<p>2011C274.402 La camiseta est\u00e1 fabricada con una mezcla de tejidos sint\u00e9ticos avanzados, que ofrecen un rendimiento superior en t\u00e9rminos de<\/p>\n","protected":false},"featured_media":73559,"comment_status":"open","ping_status":"closed","template":"","meta":{"nf_dc_page":""},"product_brand":[],"product_cat":[76],"product_tag":[],"class_list":{"0":"post-73558","1":"product","2":"type-product","3":"status-publish","4":"has-post-thumbnail","6":"product_cat-masculino","8":"first","9":"instock","10":"shipping-taxable","11":"purchasable","12":"product-type-simple"},"_links":{"self":[{"href":"https:\/\/brandss.com.py\/index\/wp-json\/wp\/v2\/product\/73558","targetHints":{"allow":["GET"]}}],"collection":[{"href":"https:\/\/brandss.com.py\/index\/wp-json\/wp\/v2\/product"}],"about":[{"href":"https:\/\/brandss.com.py\/index\/wp-json\/wp\/v2\/types\/product"}],"replies":[{"embeddable":true,"href":"https:\/\/brandss.com.py\/index\/wp-json\/wp\/v2\/comments?post=73558"}],"version-history":[{"count":1,"href":"https:\/\/brandss.com.py\/index\/wp-json\/wp\/v2\/product\/73558\/revisions"}],"predecessor-version":[{"id":73564,"href":"https:\/\/brandss.com.py\/index\/wp-json\/wp\/v2\/product\/73558\/revisions\/73564"}],"wp:featuredmedia":[{"embeddable":true,"href":"https:\/\/brandss.com.py\/index\/wp-json\/wp\/v2\/media\/73559"}],"wp:attachment":[{"href":"https:\/\/brandss.com.py\/index\/wp-json\/wp\/v2\/media?parent=73558"}],"wp:term":[{"taxonomy":"product_brand","embeddable":true,"href":"https:\/\/brandss.com.py\/index\/wp-json\/wp\/v2\/product_brand?post=73558"},{"taxonomy":"product_cat","embeddable":true,"href":"https:\/\/brandss.com.py\/index\/wp-json\/wp\/v2\/product_cat?post=73558"},{"taxonomy":"product_tag","embeddable":true,"href":"https:\/\/brandss.com.py\/index\/wp-json\/wp\/v2\/product_tag?post=73558"}],"curies":[{"name":"wp","href":"https:\/\/api.w.org\/{rel}","templated":true}]}}