{"id":73599,"date":"2025-02-27T13:23:48","date_gmt":"2025-02-27T13:23:48","guid":{"rendered":"https:\/\/brandss.com.py\/index\/?post_type=product&#038;p=73599"},"modified":"2026-03-06T13:22:05","modified_gmt":"2026-03-06T13:22:05","slug":"altavoz-portatil-jbl-go-4-bt-4-2w-squad","status":"publish","type":"product","link":"https:\/\/brandss.com.py\/index\/producto\/altavoz-portatil-jbl-go-4-bt-4-2w-squad\/","title":{"rendered":"ALTAVOZ PORT\u00c1TIL JBL GO 4 BT 4.2W SQUAD"},"content":{"rendered":"<p><img loading=\"lazy\" decoding=\"async\" class=\"\" src=\"https:\/\/i0.wp.com\/cdn.freebiesupply.com\/logos\/large\/2x\/jbl-2-logo-png-transparent.png?resize=58%2C58&amp;ssl=1\" alt=\"JBL Logo PNG Transparent &amp; SVG Vector - Freebie Supply\" width=\"58\" height=\"58\" data-recalc-dims=\"1\" \/><\/p>\n<h1>GO 4<\/h1>\n<p>Altavoz Bluetooth ultraport\u00e1til con el gran sonido JBL Pro, graves impactantes y un estilo atrevido.<\/p>\n<h4>Listo para llevar y usar<\/h4>\n<div class=\"spec-row\"><span class=\"spec-key -full\">Ll\u00e9vate el gran sonido JBL Pro donde quiera que vayas. El atrevido y colorido altavoz Bluetooth ultraport\u00e1til JBL Go 4 cabe en la palma de la mano y ofrece un sonido JBL Pro Sound n\u00edtido y alto con graves potentes y potentes. Su asa integrada de nuevo dise\u00f1o hace que sea f\u00e1cil de llevar a cualquier parte; adem\u00e1s, puedes elegir el que se adapta m\u00e1s a tu estilo entre la amplia variedad de colores. Adem\u00e1s, es resistente al polvo y al agua, por lo que es ideal para llevar a cualquier parte. Gracias a las hasta 7 horas de tiempo de reproducci\u00f3n, podr\u00e1s disfrutar a tope de los divertidos d\u00edas de viaje o las noches tranquilas bajo las estrellas. Combina dos Go 4 para obtener un sonido est\u00e9reo o conecta de forma inal\u00e1mbrica varios altavoces compatibles con JBL Auracast para obtener un sonido a\u00fan m\u00e1s potente. Sube el volumen y deja que tu m\u00fasica te lleve a cualquier parte.<\/span><\/div>\n<div>\n<div class=\"expanded-feature -lifestyle in-view\">\n<div class=\"imagery\"><img loading=\"lazy\" decoding=\"async\" class=\"alignleft\" src=\"https:\/\/i0.wp.com\/www.jbl.com.mx\/on\/demandware.static\/-\/Sites-masterCatalog_Harman\/default\/dwf093cfcd\/pdp\/JBL_GO_4_LIFESTYLE_01_904x560px.png?resize=500%2C310&amp;ssl=1\" alt=\"Sonido JBL Pro ultraport\u00e1til con graves m\u00e1s potentes\" width=\"500\" height=\"310\" data-recalc-dims=\"1\" data-src=\"\/on\/demandware.static\/-\/Sites-masterCatalog_Harman\/default\/dwf093cfcd\/pdp\/JBL_GO_4_LIFESTYLE_01_904x560px.png\" \/><\/div>\n<div class=\"copy\">\n<h3><\/h3>\n<h3><\/h3>\n<h3>Sonido JBL Pro ultraport\u00e1til con graves m\u00e1s potentes<\/h3>\n<p>No dejes que su peque\u00f1o tama\u00f1o te enga\u00f1e. El JBL Go 4 brinda una excelente experiencia musical, ofreciendo el gran sonido JBL Pro con graves impactantes. Tus amigos no se van a creer que un sonido tan potente pueda salir de un altavoz JBL Pro tan peque\u00f1o.<\/p>\n<\/div>\n<\/div>\n<div class=\"expanded-feature -lifestyle not-in-view\">\n<div class=\"imagery\"><img loading=\"lazy\" decoding=\"async\" class=\"alignright\" src=\"https:\/\/i0.wp.com\/www.jbl.com.mx\/on\/demandware.static\/-\/Sites-masterCatalog_Harman\/default\/dw0744a72b\/pdp\/JBL_GO_4_LIFESTYLE_03_904x560px.png?resize=500%2C310&amp;ssl=1\" alt=\"Hasta 7 horas de reproducci\u00f3n m\u00e1s 2 horas extra con Playtime Boost\" width=\"500\" height=\"310\" data-recalc-dims=\"1\" data-src=\"\/on\/demandware.static\/-\/Sites-masterCatalog_Harman\/default\/dw0744a72b\/pdp\/JBL_GO_4_LIFESTYLE_03_904x560px.png\" \/><\/div>\n<div class=\"copy\">\n<h3><\/h3>\n<h3>Hasta 7 horas de reproducci\u00f3n m\u00e1s 2 horas extra con Playtime Boost<\/h3>\n<p>No te preocupes por cosas sin importancia como cargar la bater\u00eda. El JBL Go 4 te da hasta 7\u00a0horas de tiempo de reproducci\u00f3n con una sola carga. Solo tienes que pulsar Playtime Boost para prolongar el tiempo de reproducci\u00f3n y aumentar la duraci\u00f3n de la bater\u00eda hasta 2 horas. Esta funci\u00f3n sintoniza y optimiza el rendimiento para obtener un sonido m\u00e1s alto y n\u00edtido.<\/p>\n<\/div>\n<\/div>\n<div class=\"expanded-feature -lifestyle not-in-view\">\n<div class=\"imagery\"><img loading=\"lazy\" decoding=\"async\" class=\"alignleft\" src=\"https:\/\/i0.wp.com\/www.jbl.com.mx\/on\/demandware.static\/-\/Sites-masterCatalog_Harman\/default\/dw3a7fa40a\/pdp\/JBL_GO_4_LIFESTYLE_02_904x560px.png?resize=500%2C333&amp;ssl=1\" alt=\"Resistente al polvo y al agua\" width=\"500\" height=\"333\" data-recalc-dims=\"1\" data-src=\"\/on\/demandware.static\/-\/Sites-masterCatalog_Harman\/default\/dw3a7fa40a\/pdp\/JBL_GO_4_LIFESTYLE_02_904x560px.png\" \/><\/div>\n<div class=\"copy\">\n<h3><\/h3>\n<h3><\/h3>\n<h3>Resistente al polvo y al agua<\/h3>\n<p>La clasificaci\u00f3n IP67 de resistencia al agua y al polvo del JBL Go 4 garantiza que el altavoz port\u00e1til pueda soportar casi cualquier entorno, desde una fiesta junto a la piscina hasta un p\u00edcnic junto al mar.<\/p>\n<\/div>\n<div class=\"spec-accordion -active\">\n<h3><\/h3>\n<h3><\/h3>\n<h3>Caracter\u00edsticas generales<\/h3>\n<div class=\"accordion-content\">\n<div class=\"spec-row\"><span class=\"spec-key\">Potencia de salida:\u00a0<\/span><span class=\"spec-value\">4.2.<\/span><\/div>\n<\/div>\n<\/div>\n<div class=\"spec-accordion -active\">\n<h3>Caracter\u00edsticas Audio<\/h3>\n<div class=\"accordion-content\">\n<div class=\"spec-row\"><span class=\"spec-key\">Respuesta de frecuencia din\u00e1mica:\u00a0<\/span><span class=\"spec-value\">90 Hz \u2013 20 kHz.<\/span><\/div>\n<div>\n<h3>Caracter\u00edsticas de control y conexi\u00f3n<\/h3>\n<div class=\"accordion-content\">\n<div class=\"spec-row\"><span class=\"spec-key\">Perfiles Bluetooth:\u00a0<\/span><span class=\"spec-value\">A2DP V1.4, AVRCP V1.6.<\/span><\/div>\n<div class=\"spec-row\"><span class=\"spec-key\">Rango de frecuencia de transmisi\u00f3n Bluetooth:\u00a0<\/span><span class=\"spec-value\">2400 MHz \u2013 2483.5 MHz.<\/span><\/div>\n<div class=\"spec-row\"><span class=\"spec-key\">Transmisi\u00f3n de modulaci\u00f3n GFSK v\u00eda Bluetooth:\u00a0<\/span><span class=\"spec-value\">GFSK, \u03c0\/4 DQPSK.<\/span><\/div>\n<div class=\"spec-row\"><span class=\"spec-key\">Potencia de transmisi\u00f3n Bluetooth:\u00a0<\/span><span class=\"spec-value\">\u2264 9 dBm (EIRP).<\/span><\/div>\n<div class=\"spec-row\"><span class=\"spec-key\">Versi\u00f3n Bluetooth:\u00a0<\/span><span class=\"spec-value\">5.3<\/span><\/div>\n<div>\n<div class=\"spec-accordion -active\">\n<h3>Caracter\u00edsticas<\/h3>\n<div class=\"accordion-content\">\n<div class=\"spec-row\"><span class=\"spec-key\">Bluetooth:\u00a0<\/span><span class=\"spec-value\">S\u00ed.<\/span><\/div>\n<div class=\"spec-row\"><span class=\"spec-key\">Charging cable:\u00a0<\/span><span class=\"spec-value\">S\u00ed.<\/span><\/div>\n<div class=\"spec-row\"><span class=\"spec-key\">A prueba de salpicaduras:\u00a0<\/span><span class=\"spec-value\">S\u00ed.<\/span><\/div>\n<div class=\"spec-row\"><span class=\"spec-key\">A prueba de agua:\u00a0<\/span><span class=\"spec-value\">S\u00ed.<\/span><\/div>\n<div class=\"spec-row\"><span class=\"spec-key\">Wireless:\u00a0<\/span><span class=\"spec-value\">S\u00ed.<\/span><\/div>\n<div class=\"spec-row\"><span class=\"spec-key\">Conexi\u00f3n Multipunto:\u00a0<\/span><span class=\"spec-value\">S\u00ed.<\/span><\/div>\n<div class=\"spec-row\"><span class=\"spec-key\">Bater\u00eda recargable:\u00a0<\/span><span class=\"spec-value\">S\u00ed.<\/span><\/div>\n<div class=\"spec-row\"><span class=\"spec-key\">Certificaci\u00f3n: IPX<\/span><span class=\"spec-value\">IP67.<\/span><\/div>\n<div class=\"spec-row\"><span class=\"spec-key\">Supports Auracast:\u00a0<\/span><span class=\"spec-value\">S\u00ed.<\/span><\/div>\n<div class=\"spec-row\"><span class=\"spec-key\">Dustproof:\u00a0<\/span><span class=\"spec-value\">S\u00ed.<\/span><\/div>\n<\/div>\n<\/div>\n<div class=\"spec-accordion -active\">\n<h3>Contenido de la caja<\/h3>\n<div class=\"accordion-content\">\n<div class=\"box-contents\">\n<ul class=\"bulleted\">\n<li>1 altavoz JBL Go 4.<\/li>\n<li>1 cable de tipo C.<\/li>\n<li>1 gu\u00eda de inicio r\u00e1pido.<\/li>\n<li>1 tarjeta de garant\u00eda y ficha de seguridad.<\/li>\n<\/ul>\n<\/div>\n<\/div>\n<\/div>\n<\/div>\n<\/div>\n<\/div>\n<\/div>\n<\/div>\n<\/div>\n<\/div>\n","protected":false},"excerpt":{"rendered":"<p>GO 4 Altavoz Bluetooth ultraport\u00e1til con el gran sonido JBL Pro, graves impactantes y un estilo atrevido. Listo para llevar<\/p>\n","protected":false},"featured_media":73600,"comment_status":"open","ping_status":"closed","template":"","meta":{"nf_dc_page":""},"product_brand":[541],"product_cat":[89],"product_tag":[1000],"class_list":{"0":"post-73599","1":"product","2":"type-product","3":"status-publish","4":"has-post-thumbnail","6":"product_brand-jbl","7":"product_cat-electronicos","8":"product_tag-1000","10":"first","11":"outofstock","12":"shipping-taxable","13":"purchasable","14":"product-type-simple"},"_links":{"self":[{"href":"https:\/\/brandss.com.py\/index\/wp-json\/wp\/v2\/product\/73599","targetHints":{"allow":["GET"]}}],"collection":[{"href":"https:\/\/brandss.com.py\/index\/wp-json\/wp\/v2\/product"}],"about":[{"href":"https:\/\/brandss.com.py\/index\/wp-json\/wp\/v2\/types\/product"}],"replies":[{"embeddable":true,"href":"https:\/\/brandss.com.py\/index\/wp-json\/wp\/v2\/comments?post=73599"}],"version-history":[{"count":1,"href":"https:\/\/brandss.com.py\/index\/wp-json\/wp\/v2\/product\/73599\/revisions"}],"predecessor-version":[{"id":73611,"href":"https:\/\/brandss.com.py\/index\/wp-json\/wp\/v2\/product\/73599\/revisions\/73611"}],"wp:featuredmedia":[{"embeddable":true,"href":"https:\/\/brandss.com.py\/index\/wp-json\/wp\/v2\/media\/73600"}],"wp:attachment":[{"href":"https:\/\/brandss.com.py\/index\/wp-json\/wp\/v2\/media?parent=73599"}],"wp:term":[{"taxonomy":"product_brand","embeddable":true,"href":"https:\/\/brandss.com.py\/index\/wp-json\/wp\/v2\/product_brand?post=73599"},{"taxonomy":"product_cat","embeddable":true,"href":"https:\/\/brandss.com.py\/index\/wp-json\/wp\/v2\/product_cat?post=73599"},{"taxonomy":"product_tag","embeddable":true,"href":"https:\/\/brandss.com.py\/index\/wp-json\/wp\/v2\/product_tag?post=73599"}],"curies":[{"name":"wp","href":"https:\/\/api.w.org\/{rel}","templated":true}]}}