{"id":73620,"date":"2025-02-27T13:45:51","date_gmt":"2025-02-27T13:45:51","guid":{"rendered":"https:\/\/brandss.com.py\/index\/?post_type=product&#038;p=73620"},"modified":"2025-02-27T13:48:44","modified_gmt":"2025-02-27T13:48:44","slug":"canillera-unisex-umbro-futbol-shin-gua","status":"publish","type":"product","link":"https:\/\/brandss.com.py\/index\/producto\/canillera-unisex-umbro-futbol-shin-gua\/","title":{"rendered":"CANILLERA UNISEX UMBRO FUTBOL SHIN-GUA"},"content":{"rendered":"<p><img loading=\"lazy\" decoding=\"async\" class=\"\" src=\"https:\/\/upload.wikimedia.org\/wikipedia\/commons\/2\/22\/Umbro_logo_%28current%29.svg\" alt=\"Archivo:Umbro logo (current).svg - Wikipedia, la ...\" width=\"473\" height=\"307\" \/><\/p>\n<h1>21391U-MCY<\/h1>\n<p data-start=\"74\" data-end=\"353\">Estas <strong data-start=\"80\" data-end=\"107\">canilleras Umbro unisex<\/strong> est\u00e1n dise\u00f1adas para brindar <strong data-start=\"137\" data-end=\"170\">m\u00e1xima protecci\u00f3n y comodidad<\/strong> durante los entrenamientos y partidos. Su dise\u00f1o ergon\u00f3mico se adapta perfectamente a la forma de la pierna, proporcionando un ajuste seguro y estable sin comprometer la movilidad.<\/p>\n<p data-start=\"355\" data-end=\"572\">Fabricadas con materiales <strong data-start=\"381\" data-end=\"406\">ligeros y resistentes<\/strong>, absorben impactos y reducen el riesgo de lesiones en la zona de la tibia. Adem\u00e1s, su interior acolchado mejora la comodidad y evita roces molestos durante el uso.<\/p>\n<hr data-start=\"574\" data-end=\"577\" \/>\n<h3 data-start=\"579\" data-end=\"616\"><strong data-start=\"583\" data-end=\"614\">CARACTER\u00cdSTICAS PRINCIPALES<\/strong><\/h3>\n<p data-start=\"618\" data-end=\"1029\">\u26bd <strong data-start=\"620\" data-end=\"630\">Marca:<\/strong> Umbro<br data-start=\"636\" data-end=\"639\" \/>\ud83d\udc6b <strong data-start=\"642\" data-end=\"653\">G\u00e9nero:<\/strong> Unisex<br data-start=\"660\" data-end=\"663\" \/>\ud83d\udee1\ufe0f <strong data-start=\"667\" data-end=\"689\">Dise\u00f1o ergon\u00f3mico:<\/strong> Ajuste c\u00f3modo y estable para mayor seguridad.<br data-start=\"735\" data-end=\"738\" \/>\ud83d\udca8 <strong data-start=\"741\" data-end=\"774\">Material ligero y resistente:<\/strong> Absorbe impactos sin a\u00f1adir peso extra.<br data-start=\"814\" data-end=\"817\" \/>\ud83c\udfa8 <strong data-start=\"820\" data-end=\"830\">Color:<\/strong> Blanco con detalles en rojo y azul.<br data-start=\"866\" data-end=\"869\" \/>\ud83d\udccc <strong data-start=\"872\" data-end=\"895\">Interior acolchado:<\/strong> Evita roces y mejora la comodidad.<br data-start=\"930\" data-end=\"933\" \/>\u26a1 <strong data-start=\"935\" data-end=\"978\">Ideales para entrenamientos y partidos:<\/strong> Brindan protecci\u00f3n sin comprometer la movilidad.<\/p>\n<p data-start=\"1031\" data-end=\"1216\" data-is-last-node=\"\" data-is-only-node=\"\">Estas canilleras son una opci\u00f3n <strong data-start=\"1063\" data-end=\"1087\">vers\u00e1til y funcional<\/strong> para futbolistas de todos los niveles que buscan <strong data-start=\"1137\" data-end=\"1181\">protecci\u00f3n, ligereza y un dise\u00f1o moderno<\/strong>. \u00a1Juega con confianza y seguridad!<\/p>\n<p>&nbsp;<\/p>\n","protected":false},"excerpt":{"rendered":"<p>21391U-MCY Estas canilleras Umbro unisex est\u00e1n dise\u00f1adas para brindar m\u00e1xima protecci\u00f3n y comodidad durante los entrenamientos y partidos. Su dise\u00f1o<\/p>\n","protected":false},"featured_media":73623,"comment_status":"open","ping_status":"closed","template":"","meta":{"nf_dc_page":""},"product_brand":[],"product_cat":[73,76],"product_tag":[],"class_list":{"0":"post-73620","1":"product","2":"type-product","3":"status-publish","4":"has-post-thumbnail","6":"product_cat-femenino","7":"product_cat-masculino","9":"first","10":"instock","11":"shipping-taxable","12":"purchasable","13":"product-type-simple"},"_links":{"self":[{"href":"https:\/\/brandss.com.py\/index\/wp-json\/wp\/v2\/product\/73620","targetHints":{"allow":["GET"]}}],"collection":[{"href":"https:\/\/brandss.com.py\/index\/wp-json\/wp\/v2\/product"}],"about":[{"href":"https:\/\/brandss.com.py\/index\/wp-json\/wp\/v2\/types\/product"}],"replies":[{"embeddable":true,"href":"https:\/\/brandss.com.py\/index\/wp-json\/wp\/v2\/comments?post=73620"}],"version-history":[{"count":3,"href":"https:\/\/brandss.com.py\/index\/wp-json\/wp\/v2\/product\/73620\/revisions"}],"predecessor-version":[{"id":73638,"href":"https:\/\/brandss.com.py\/index\/wp-json\/wp\/v2\/product\/73620\/revisions\/73638"}],"wp:featuredmedia":[{"embeddable":true,"href":"https:\/\/brandss.com.py\/index\/wp-json\/wp\/v2\/media\/73623"}],"wp:attachment":[{"href":"https:\/\/brandss.com.py\/index\/wp-json\/wp\/v2\/media?parent=73620"}],"wp:term":[{"taxonomy":"product_brand","embeddable":true,"href":"https:\/\/brandss.com.py\/index\/wp-json\/wp\/v2\/product_brand?post=73620"},{"taxonomy":"product_cat","embeddable":true,"href":"https:\/\/brandss.com.py\/index\/wp-json\/wp\/v2\/product_cat?post=73620"},{"taxonomy":"product_tag","embeddable":true,"href":"https:\/\/brandss.com.py\/index\/wp-json\/wp\/v2\/product_tag?post=73620"}],"curies":[{"name":"wp","href":"https:\/\/api.w.org\/{rel}","templated":true}]}}