{"id":73668,"date":"2025-02-27T16:22:44","date_gmt":"2025-02-27T16:22:44","guid":{"rendered":"https:\/\/brandss.com.py\/index\/?post_type=product&#038;p=73668"},"modified":"2026-01-10T14:17:57","modified_gmt":"2026-01-10T14:17:57","slug":"parlante-inteligente-amazon-echo-dot-alexa-5-generacion-black","status":"publish","type":"product","link":"https:\/\/brandss.com.py\/index\/producto\/parlante-inteligente-amazon-echo-dot-alexa-5-generacion-black\/","title":{"rendered":"PARLANTE INTELIGENTE AMAZON ECHO DOT ALEXA 5\u00b0 GENERACI\u00d3N BLACK"},"content":{"rendered":"<p><img loading=\"lazy\" decoding=\"async\" class=\"\" src=\"https:\/\/www.allaboutlean.com\/wp-content\/uploads\/2019\/10\/Amazon-Logo.png\" alt=\"Amazon Logo \u2013 AllAboutLean.com\" width=\"139\" height=\"42\" \/><\/p>\n<h1>ECHO DOT ALEXA 5\u00b0 GENERACI\u00d3N<\/h1>\n<p>Nuestro parlante inteligente m\u00e1s popular cuenta con un dise\u00f1o estilizado y audio mejorado para producir un sonido vibrante en cualquier lugar de tu casa. Usa el Echo Dot para mantenerte al d\u00eda con la ayuda de Alexa, controlar dispositivos de Smart Home e iniciar rutinas por movimiento.<\/p>\n<div style=\"width: 1920px;\" class=\"wp-video\"><video class=\"wp-video-shortcode\" id=\"video-73668-1\" width=\"1920\" height=\"1080\" preload=\"metadata\" controls=\"controls\"><source type=\"video\/mp4\" src=\"https:\/\/brandss.com.py\/index\/wp-content\/uploads\/2025\/02\/NzI3MDJjY2Ut._CB608274357_.mp4?_=1\" \/><a href=\"https:\/\/brandss.com.py\/index\/wp-content\/uploads\/2025\/02\/NzI3MDJjY2Ut._CB608274357_.mp4\">https:\/\/brandss.com.py\/index\/wp-content\/uploads\/2025\/02\/NzI3MDJjY2Ut._CB608274357_.mp4<\/a><\/video><\/div>\n<p><strong><span class=\"a-list-item\">NUESTRO ECHO DOT CON MEJOR SONIDO ACTUALMENTE<\/span><\/strong><\/p>\n<p><span class=\"a-list-item\">\u2013 Disfruta de una experiencia de audio superior a los Echo Dot anteriores con Alexa, en la que obtendr\u00e1s voces m\u00e1s n\u00edtidas, graves m\u00e1s profundos y sonido vibrante en cualquier habitaci\u00f3n.<\/span><\/p>\n<p><strong><span class=\"a-list-item\">TU M\u00daSICA Y CONTENIDO FAVORITOS<\/span><\/strong><\/p>\n<p><span class=\"a-list-item\">\u2013 Reproduce m\u00fasica, audiolibros y podcasts en Amazon Music, Apple Music, Spotify y otros servicios o a trav\u00e9s de Bluetooth en tu hogar.<\/span><\/p>\n<p><strong><span class=\"a-list-item\">ALEXA TE AYUDA CON GUSTO <\/span><\/strong><\/p>\n<p><span class=\"a-list-item\">\u2013 P\u00eddele a Alexa que te d\u00e9 actualizaciones del clima y que ponga timers con tan solo usar la voz. Incluso puedes obtener respuestas a tus preguntas y pedirle chistes. \u00bfQuieres dormir unos minutos m\u00e1s por la ma\u00f1ana? Toca ligeramente la parte superior del Echo Dot para posponer alarmas.<\/span><\/p>\n<p><strong><span class=\"a-list-item\">MANT\u00c9N UN AMBIENTE ACOGEDOR EN TU CASA <\/span><\/strong><\/p>\n<p><span class=\"a-list-item\">\u2013 Controla dispositivos de Smart Home compatibles con la voz y rutinas que activan acciones utilizando los sensores integrados de temperatura interior y movimiento. Crea rutinas para encender autom\u00e1ticamente luces compatibles cuando entres a una habitaci\u00f3n o para encender un ventilador si la temperatura interior se eleva m\u00e1s all\u00e1 de tu zona de confort.<\/span><\/p>\n<div style=\"width: 1920px;\" class=\"wp-video\"><video class=\"wp-video-shortcode\" id=\"video-73668-2\" width=\"1920\" height=\"1056\" preload=\"metadata\" controls=\"controls\"><source type=\"video\/mp4\" src=\"https:\/\/brandss.com.py\/index\/wp-content\/uploads\/2025\/02\/MDQ2ZTEzZWEt.mp4?_=2\" \/><a href=\"https:\/\/brandss.com.py\/index\/wp-content\/uploads\/2025\/02\/MDQ2ZTEzZWEt.mp4\">https:\/\/brandss.com.py\/index\/wp-content\/uploads\/2025\/02\/MDQ2ZTEzZWEt.mp4<\/a><\/video><\/div>\n<p><strong><span class=\"a-list-item\">APROVECHA AL M\u00c1XIMO LA VINCULACI\u00d3N DE DISPOSITIVOS <\/span><\/strong><\/p>\n<p><span class=\"a-list-item\">\u2013 Llena tu casa con m\u00fasica usando dispositivos Echo compatibles en distintas habitaciones, crea un sistema de cine en casa con Fire TV.<\/span><\/p>\n<p><strong><span class=\"a-list-item\">DISE\u00d1O QUE PROTEGE TU PRIVACIDAD <\/span><\/strong><\/p>\n<p><span class=\"a-list-item\">\u2013 Amazon no se dedica a vender tu informaci\u00f3n personal a terceros. Cuenta con varias capas de controles de privacidad, incluyendo un bot\u00f3n para desactivar los micr\u00f3fonos.<\/span><\/p>\n<p><strong><span class=\"a-list-item\">CLIMATE PLEDGE FRIENDLY <\/span><\/strong><\/p>\n<p><span class=\"a-list-item\">\u2013 Consideramos la sostenibilidad en el dise\u00f1o de este dispositivo; el 100% del empaque se puede reciclar, el 95% de la tela es material reciclado posconsumo y el 50% del pl\u00e1stico es material reciclado posconsumo.<\/span><\/p>\n<div class=\"content-grid-row-wrapper \" data-lazy-loading-background-image=\"\">\n<div class=\"a-row\">\n<div class=\"a-column a-span12 block-content block-type-text textalign-left\">\n<div class=\"content-grid-block\">\n<h2><strong>Nuestro Echo Dot con mejor sonido actualmente<\/strong><\/h2>\n<\/div>\n<\/div>\n<\/div>\n<\/div>\n<div class=\"content-grid-row-wrapper \" data-lazy-loading-background-image=\"\">\n<div class=\"a-row\">\n<div class=\"a-column a-span12 block-content block-type-text textalign-left\">\n<div class=\"content-grid-block\">\n<p><img decoding=\"async\" src=\"https:\/\/m.media-amazon.com\/images\/G\/01\/kindle\/2021\/BE\/CanCheese_Utterance_Desktop_one_line_ES-MX.png\" alt=\"Alt text\" \/><\/p>\n<p>Este Echo Dot tiene un parlante con calidad de audio mejorada, voces m\u00e1s n\u00edtidas y graves m\u00e1s profundos para que el sonido sea intenso y vibrante. Solo p\u00eddele a Alexa que ponga m\u00fasica, podcasts y audiolibros para disfrutar de una experiencia de audio din\u00e1mica en cualquier lugar de tu casa.<\/p>\n<div style=\"width: 1080px;\" class=\"wp-video\"><video class=\"wp-video-shortcode\" id=\"video-73668-3\" width=\"1080\" height=\"1080\" preload=\"metadata\" controls=\"controls\"><source type=\"video\/mp4\" src=\"https:\/\/brandss.com.py\/index\/wp-content\/uploads\/2025\/02\/YzYwZGNkYTUt.mp4?_=3\" \/><a href=\"https:\/\/brandss.com.py\/index\/wp-content\/uploads\/2025\/02\/YzYwZGNkYTUt.mp4\">https:\/\/brandss.com.py\/index\/wp-content\/uploads\/2025\/02\/YzYwZGNkYTUt.mp4<\/a><\/video><\/div>\n<\/div>\n<\/div>\n<\/div>\n<\/div>\n","protected":false},"excerpt":{"rendered":"<p>ECHO DOT ALEXA 5\u00b0 GENERACI\u00d3N Nuestro parlante inteligente m\u00e1s popular cuenta con un dise\u00f1o estilizado y audio mejorado para producir<\/p>\n","protected":false},"featured_media":73673,"comment_status":"open","ping_status":"closed","template":"","meta":{"nf_dc_page":""},"product_brand":[539],"product_cat":[89],"product_tag":[1357],"class_list":{"0":"post-73668","1":"product","2":"type-product","3":"status-publish","4":"has-post-thumbnail","6":"product_brand-amazon","7":"product_cat-electronicos","8":"product_tag-1357","10":"first","11":"outofstock","12":"sale","13":"shipping-taxable","14":"purchasable","15":"product-type-simple"},"_links":{"self":[{"href":"https:\/\/brandss.com.py\/index\/wp-json\/wp\/v2\/product\/73668","targetHints":{"allow":["GET"]}}],"collection":[{"href":"https:\/\/brandss.com.py\/index\/wp-json\/wp\/v2\/product"}],"about":[{"href":"https:\/\/brandss.com.py\/index\/wp-json\/wp\/v2\/types\/product"}],"replies":[{"embeddable":true,"href":"https:\/\/brandss.com.py\/index\/wp-json\/wp\/v2\/comments?post=73668"}],"version-history":[{"count":2,"href":"https:\/\/brandss.com.py\/index\/wp-json\/wp\/v2\/product\/73668\/revisions"}],"predecessor-version":[{"id":91161,"href":"https:\/\/brandss.com.py\/index\/wp-json\/wp\/v2\/product\/73668\/revisions\/91161"}],"wp:featuredmedia":[{"embeddable":true,"href":"https:\/\/brandss.com.py\/index\/wp-json\/wp\/v2\/media\/73673"}],"wp:attachment":[{"href":"https:\/\/brandss.com.py\/index\/wp-json\/wp\/v2\/media?parent=73668"}],"wp:term":[{"taxonomy":"product_brand","embeddable":true,"href":"https:\/\/brandss.com.py\/index\/wp-json\/wp\/v2\/product_brand?post=73668"},{"taxonomy":"product_cat","embeddable":true,"href":"https:\/\/brandss.com.py\/index\/wp-json\/wp\/v2\/product_cat?post=73668"},{"taxonomy":"product_tag","embeddable":true,"href":"https:\/\/brandss.com.py\/index\/wp-json\/wp\/v2\/product_tag?post=73668"}],"curies":[{"name":"wp","href":"https:\/\/api.w.org\/{rel}","templated":true}]}}