{"id":73722,"date":"2025-02-27T17:48:42","date_gmt":"2025-02-27T17:48:42","guid":{"rendered":"https:\/\/brandss.com.py\/index\/?post_type=product&#038;p=73722"},"modified":"2025-04-26T13:40:30","modified_gmt":"2025-04-26T13:40:30","slug":"parlante-inteligente-amazon-alexa-echo-pop-1a-generacion-white","status":"publish","type":"product","link":"https:\/\/brandss.com.py\/index\/producto\/parlante-inteligente-amazon-alexa-echo-pop-1a-generacion-white\/","title":{"rendered":"PARLANTE INTELIGENTE AMAZON ALEXA ECHO POP 1\u00aa GENERACI\u00d3N WHITE"},"content":{"rendered":"<p><img loading=\"lazy\" decoding=\"async\" class=\"\" src=\"https:\/\/i0.wp.com\/www.allaboutlean.com\/wp-content\/uploads\/2019\/10\/Amazon-Logo.png?resize=182%2C55&amp;ssl=1\" alt=\"Amazon Logo \u2013 AllAboutLean.com\" width=\"182\" height=\"55\" data-recalc-dims=\"1\" \/><\/p>\n<h1>ECHO POP 1\u00aa GENERACI\u00d3N<\/h1>\n<p>\u00bfTe gustaria tener un asistente personal que te ayude con todo lo que necesitas, desde poner musica, hasta controlar tus dispositivos inteligentes, pasando por contarte chistes y darte consejos? Entonces te encantara el Echo Pop de Amazon, una bocina inteligente que tiene a Alexa integrada. Con el Echo Pop podras hablar con Alexa y pedirle lo que quieras, solo con tu voz. Ella te escuchara gracias a sus varios microfonos y te respondera con su voz dulce y amigable. Ademas, el Echo Pop tiene un dise\u00f1o compacto y colorido, que puedes elegir entre lavanda, verde, negro y blanco. Su altavoz de 49,5 mm te ofrece un sonido de alta definicion y sin perdidas, ideal para escuchar tus canciones favoritas o las noticias del dia. Y lo mejor de todo es que el Echo Pop tiene el procesador AZ2 Neural Edge, que le permite procesar tus solicitudes mas rapido y con menos consumo de energia. \u00bfQue esperas? No dejes pasar esta oportunidad de comprar el Echo Pop de Amazon a un precio de locura. \u00a1Date prisa, que se acaban!<\/p>\n<div class=\"wp-video\">\n<div style=\"width: 1920px;\" class=\"wp-video\"><video class=\"wp-video-shortcode\" id=\"video-73722-1\" width=\"1920\" height=\"1080\" preload=\"metadata\" controls=\"controls\"><source type=\"video\/mp4\" src=\"https:\/\/brandss.com.py\/index\/wp-content\/uploads\/2025\/02\/ODVjMWEzMDAt._CB588266350_.mp4?_=1\" \/><a href=\"https:\/\/brandss.com.py\/index\/wp-content\/uploads\/2025\/02\/ODVjMWEzMDAt._CB588266350_.mp4\">https:\/\/brandss.com.py\/index\/wp-content\/uploads\/2025\/02\/ODVjMWEzMDAt._CB588266350_.mp4<\/a><\/video><\/div>\n<\/div>\n<div class=\"content-grid-row-wrapper \" data-lazy-loading-background-image=\"\">\n<div class=\"a-row\">\n<div class=\"a-column a-span12 block-content block-type-container textalign-left\">\n<div class=\"content-grid-block\">\n<div class=\"content-grid-row-wrapper \" data-lazy-loading-background-image=\"\">\n<div class=\"a-row\">\n<div class=\"a-column a-span12 block-content block-type-text textalign-center\">\n<div class=\"content-grid-block\">\n<h2><strong>Toca las notas adecuadas<\/strong><\/h2>\n<\/div>\n<\/div>\n<\/div>\n<\/div>\n<div class=\"content-grid-row-wrapper \" data-lazy-loading-background-image=\"\">\n<div class=\"a-row\">\n<div class=\"a-column a-span12 block-content block-type-text textalign-center\">\n<div class=\"content-grid-block\">\n<p>Pon ambiente en tu habitaci\u00f3n con el parlante de proyecci\u00f3n frontal del Echo Pop para un sonido definido. Solo p\u00eddele a Alexa que ponga tu contenido favorito de m\u00fasica, p\u00f3dcast, audiolibros, o bien que te ayude a relajarte con meditaci\u00f3n, sonidos para dormir, entre otras opciones.<\/p>\n<\/div>\n<\/div>\n<\/div>\n<\/div>\n<\/div>\n<\/div>\n<\/div>\n<\/div>\n<div class=\"content-grid-row-wrapper \" data-lazy-loading-background-image=\"\">\n<div class=\"a-row\">\n<div class=\"a-column a-span12 block-content block-type-container textalign-left\">\n<div class=\"content-grid-block\">\n<div class=\"content-grid-row-wrapper \" data-lazy-loading-background-image=\"\">\n<div class=\"a-row\">\n<div class=\"a-column a-span12 block-content block-type-text textalign-center\">\n<div class=\"content-grid-block\">\n<h3>\u201cAlexa, pon mi canci\u00f3n favorita\u201d.<\/h3>\n<p><strong><span class=\"a-list-item\">Echo Pop<\/span><\/strong><\/p>\n<p><span class=\"a-list-item\">\u2013 Este parlante inteligente y compacto con sonido definido y funcionalidades de Alexa es ideal para dormitorios y espacios peque\u00f1os. Gracias a su tama\u00f1o, se integra muy bien a sus alrededores sin dejar de destacar.<\/span><\/p>\n<p><img loading=\"lazy\" decoding=\"async\" class=\"alignleft\" src=\"https:\/\/m.media-amazon.com\/images\/G\/01\/kindle\/journeys\/4lhYvS4HHBW7GONHNPfWLIX6hI91wzvMyzJfdCXcNlc3D\/ZWRlYTU1MmMt._CB588266350_.jpg\" width=\"399\" height=\"180\" \/><\/p>\n<p><strong><span class=\"a-list-item\">Controla la m\u00fasica con la voz<\/span><\/strong><\/p>\n<p><span class=\"a-list-item\">\u2013 P\u00eddele a Alexa que ponga m\u00fasica, audiolibros y p\u00f3dcast en tus proveedores favoritos como Amazon Music, Apple Music, Spotify, Pandora, Sirius XM y m\u00e1s. Conecta el Echo Pop por Bluetooth para reproducir contenido.<\/span><\/p>\n<p><strong><span class=\"a-list-item\">Cualquier espacio puede ser inteligente<\/span><\/strong><\/p>\n<p><span class=\"a-list-item\">\u2013 Controla f\u00e1cilmente dispositivos de Smart Home compatibles, como enchufes o luces inteligentes, con tu voz o a trav\u00e9s de la app de Alexa.<\/span><\/p>\n<p><strong><span class=\"a-list-item\">Tu vida es m\u00e1s f\u00e1cil con Alexa<\/span><\/strong><\/p>\n<p><span class=\"a-list-item\">\u2013 P\u00eddele que ponga timers, que revise el estado del clima, que te ponga las noticias, que agregue leche a la lista de la compra, que haga llamadas, que responda preguntas y m\u00e1s.<\/span><\/p>\n<p><strong><span class=\"a-list-item\">Alexa tiene muchas skills<\/span><\/strong><\/p>\n<p><span class=\"a-list-item\">\u2013 Gracias a las decenas de miles de Skills (n\u00famero que va en aumento constante), Alexa puede ayudarte, brind\u00e1ndote comodidad, valor y diversi\u00f3n en tu vida. Por ejemplo, puede reproducir sonidos relajantes o poner a prueba tus conocimientos musicales.<\/span><\/p>\n<p><strong><span class=\"a-list-item\">Descubre la barra de luz<\/span><\/strong><\/p>\n<p><span class=\"a-list-item\">\u2013 Alexa no comienza a procesar lo que se dice hasta que el dispositivo Echo detecta la palabra de activaci\u00f3n \u201cAlexa\u201d y la barra se ilumina de color azul.<\/span><\/p>\n<p><strong><span class=\"a-list-item\">Dise\u00f1o que protege tu privacidad<\/span><\/strong><\/p>\n<p><span class=\"a-list-item\">\u2013 Amazon no se dedica a vender tu informaci\u00f3n personal a terceros. Cuenta con varias capas de controles de privacidad, incluyendo un bot\u00f3n para desactivar los\u00a0<\/span><span class=\"a-list-item\">micr\u00f3fonos.<\/span><\/p>\n<div class=\"a-row a-expander-container a-expander-inline-container\">\n<div class=\"a-expander-content a-expander-extend-content a-expander-content-expanded\" data-expanded=\"true\">\n<p><strong><span class=\"a-list-item\">Dise\u00f1o sustentable<\/span><\/strong><\/p>\n<p><span class=\"a-list-item\">\u2013 El 100% de la tela de este dispositivo es hilo reciclado posconsumo y el 80% del aluminio es aluminio reciclado. El empaque del dispositivo es 100% reciclable.<\/span><\/p>\n<p>Conecta dispositivos Echo compatibles para llenar tu espacio con m\u00fasica Multi-room o crea un intercomunicador para hablar con las personas que viven contigo sin tener que gritar. Extiende el alcance de tu wifi y desp\u00eddete de las desconexiones, as\u00ed como del tiempo de espera de carga con eero integrado en una red wifi eero compatible.<\/p>\n<div class=\"wp-video\">\n<div style=\"width: 1920px;\" class=\"wp-video\"><video class=\"wp-video-shortcode\" id=\"video-73722-2\" width=\"1920\" height=\"1080\" preload=\"metadata\" controls=\"controls\"><source type=\"video\/mp4\" src=\"https:\/\/brandss.com.py\/index\/wp-content\/uploads\/2025\/02\/A.mp4?_=2\" \/><a href=\"https:\/\/brandss.com.py\/index\/wp-content\/uploads\/2025\/02\/A.mp4\">https:\/\/brandss.com.py\/index\/wp-content\/uploads\/2025\/02\/A.mp4<\/a><\/video><\/div>\n<div id=\"mep_1\" class=\"mejs-container mejs-container-keyboard-inactive wp-video-shortcode mejs-video\" role=\"application\" aria-label=\"Reproductor de v\u00eddeo\">\n<div class=\"mejs-inner\">\n<div class=\"mejs-layers\">\n<div class=\"mejs-overlay mejs-layer mejs-overlay-play\"><\/div>\n<\/div>\n<\/div>\n<\/div>\n<\/div>\n<\/div>\n<\/div>\n<\/div>\n<\/div>\n<\/div>\n<\/div>\n<\/div>\n<\/div>\n<\/div>\n<\/div>\n","protected":false},"excerpt":{"rendered":"<p>ECHO POP 1\u00aa GENERACI\u00d3N \u00bfTe gustaria tener un asistente personal que te ayude con todo lo que necesitas, desde poner<\/p>\n","protected":false},"featured_media":73723,"comment_status":"open","ping_status":"closed","template":"","meta":{"nf_dc_page":""},"product_brand":[],"product_cat":[89],"product_tag":[],"class_list":{"0":"post-73722","1":"product","2":"type-product","3":"status-publish","4":"has-post-thumbnail","6":"product_cat-electronicos","8":"first","9":"outofstock","10":"shipping-taxable","11":"purchasable","12":"product-type-simple"},"_links":{"self":[{"href":"https:\/\/brandss.com.py\/index\/wp-json\/wp\/v2\/product\/73722","targetHints":{"allow":["GET"]}}],"collection":[{"href":"https:\/\/brandss.com.py\/index\/wp-json\/wp\/v2\/product"}],"about":[{"href":"https:\/\/brandss.com.py\/index\/wp-json\/wp\/v2\/types\/product"}],"replies":[{"embeddable":true,"href":"https:\/\/brandss.com.py\/index\/wp-json\/wp\/v2\/comments?post=73722"}],"version-history":[{"count":1,"href":"https:\/\/brandss.com.py\/index\/wp-json\/wp\/v2\/product\/73722\/revisions"}],"predecessor-version":[{"id":73732,"href":"https:\/\/brandss.com.py\/index\/wp-json\/wp\/v2\/product\/73722\/revisions\/73732"}],"wp:featuredmedia":[{"embeddable":true,"href":"https:\/\/brandss.com.py\/index\/wp-json\/wp\/v2\/media\/73723"}],"wp:attachment":[{"href":"https:\/\/brandss.com.py\/index\/wp-json\/wp\/v2\/media?parent=73722"}],"wp:term":[{"taxonomy":"product_brand","embeddable":true,"href":"https:\/\/brandss.com.py\/index\/wp-json\/wp\/v2\/product_brand?post=73722"},{"taxonomy":"product_cat","embeddable":true,"href":"https:\/\/brandss.com.py\/index\/wp-json\/wp\/v2\/product_cat?post=73722"},{"taxonomy":"product_tag","embeddable":true,"href":"https:\/\/brandss.com.py\/index\/wp-json\/wp\/v2\/product_tag?post=73722"}],"curies":[{"name":"wp","href":"https:\/\/api.w.org\/{rel}","templated":true}]}}