{"id":73745,"date":"2025-02-27T18:26:54","date_gmt":"2025-02-27T18:26:54","guid":{"rendered":"https:\/\/brandss.com.py\/index\/?post_type=product&#038;p=73745"},"modified":"2025-02-27T18:27:37","modified_gmt":"2025-02-27T18:27:37","slug":"calzado-deportivo-fila-masculino-training-f-virt","status":"publish","type":"product","link":"https:\/\/brandss.com.py\/index\/producto\/calzado-deportivo-fila-masculino-training-f-virt\/","title":{"rendered":"CALZADO DEPORTIVO FILA MASCULINO TRAINING F-VIRT"},"content":{"rendered":"<p><img loading=\"lazy\" decoding=\"async\" class=\"\" src=\"https:\/\/1000marcas.net\/wp-content\/uploads\/2019\/12\/logo-Fila.png\" alt=\"Logo de Fila: la historia y el significado del logotipo, la ...\" width=\"201\" height=\"113\" \/><\/p>\n<h1>FO1ATOOO56-3371<\/h1>\n<p data-start=\"0\" data-end=\"299\">Son una excelente opci\u00f3n para quienes buscan comodidad, rendimiento y un dise\u00f1o moderno en un calzado deportivo. Est\u00e1n dise\u00f1ados para entrenamientos y actividades f\u00edsicas de alto impacto, ofreciendo un ajuste seguro y una amortiguaci\u00f3n \u00f3ptima.<\/p>\n<h3 data-start=\"301\" data-end=\"377\"><strong data-start=\"305\" data-end=\"375\">Caracter\u00edsticas principales de los tenis FILA Training F-Virtuous:<\/strong><\/h3>\n<ul data-start=\"379\" data-end=\"1416\">\n<li data-start=\"379\" data-end=\"622\">\n<p data-start=\"381\" data-end=\"622\"><strong data-start=\"381\" data-end=\"412\">Dise\u00f1o moderno y deportivo:<\/strong> Presentan un estilo din\u00e1mico con un ajuste ergon\u00f3mico, ideal para entrenamientos en el gimnasio o actividades al aire libre. Su combinaci\u00f3n de colores y detalles en contraste los hace visualmente atractivos.<\/p>\n<\/li>\n<li data-start=\"624\" data-end=\"879\">\n<p data-start=\"626\" data-end=\"879\"><strong data-start=\"626\" data-end=\"657\">Materiales de alta calidad:<\/strong> Fabricados con una <strong data-start=\"677\" data-end=\"712\">capellada de malla transpirable<\/strong>, que permite la ventilaci\u00f3n y mantiene los pies frescos durante el ejercicio. Adem\u00e1s, incluyen refuerzos sint\u00e9ticos en zonas clave para mayor estabilidad y soporte.<\/p>\n<\/li>\n<li data-start=\"881\" data-end=\"1065\">\n<p data-start=\"883\" data-end=\"1065\"><strong data-start=\"883\" data-end=\"911\">Amortiguaci\u00f3n y confort:<\/strong> Incorporan una <strong data-start=\"927\" data-end=\"948\">entresuela de EVA<\/strong> que proporciona una excelente absorci\u00f3n de impactos, reduciendo la fatiga y mejorando la comodidad en cada pisada.<\/p>\n<\/li>\n<li data-start=\"1067\" data-end=\"1247\">\n<p data-start=\"1069\" data-end=\"1247\"><strong data-start=\"1069\" data-end=\"1094\">Suela antideslizante:<\/strong> La suela de <strong data-start=\"1107\" data-end=\"1138\">goma con dise\u00f1o de tracci\u00f3n<\/strong> garantiza un buen agarre en diferentes superficies, ofreciendo estabilidad y seguridad en cada movimiento.<\/p>\n<\/li>\n<li data-start=\"1249\" data-end=\"1416\">\n<p data-start=\"1251\" data-end=\"1416\"><strong data-start=\"1251\" data-end=\"1269\">Ajuste seguro:<\/strong> Su sistema de cordones y el dise\u00f1o envolvente aseguran un ajuste firme y personalizado, brindando mayor soporte al pie durante el entrenamiento.<\/p>\n<\/li>\n<\/ul>\n<h3 data-start=\"1418\" data-end=\"1449\"><strong data-start=\"1422\" data-end=\"1447\">Ventajas adicionales:<\/strong><\/h3>\n<p data-start=\"1450\" data-end=\"1666\">\u2714 <strong data-start=\"1452\" data-end=\"1469\">Versatilidad:<\/strong> Ideales para entrenamientos, running ligero y uso diario.<br data-start=\"1527\" data-end=\"1530\" \/>\u2714 <strong data-start=\"1532\" data-end=\"1550\">Dise\u00f1o ligero:<\/strong> Facilita la movilidad sin sacrificar soporte.<br data-start=\"1596\" data-end=\"1599\" \/>\u2714 <strong data-start=\"1601\" data-end=\"1617\">Durabilidad:<\/strong> Materiales resistentes para un uso prolongado.<\/p>\n","protected":false},"excerpt":{"rendered":"<p>FO1ATOOO56-3371 Son una excelente opci\u00f3n para quienes buscan comodidad, rendimiento y un dise\u00f1o moderno en un calzado deportivo. Est\u00e1n dise\u00f1ados<\/p>\n","protected":false},"featured_media":73748,"comment_status":"open","ping_status":"closed","template":"","meta":{"nf_dc_page":""},"product_brand":[],"product_cat":[76],"product_tag":[],"class_list":{"0":"post-73745","1":"product","2":"type-product","3":"status-publish","4":"has-post-thumbnail","6":"product_cat-masculino","8":"first","9":"instock","10":"shipping-taxable","11":"purchasable","12":"product-type-simple"},"_links":{"self":[{"href":"https:\/\/brandss.com.py\/index\/wp-json\/wp\/v2\/product\/73745","targetHints":{"allow":["GET"]}}],"collection":[{"href":"https:\/\/brandss.com.py\/index\/wp-json\/wp\/v2\/product"}],"about":[{"href":"https:\/\/brandss.com.py\/index\/wp-json\/wp\/v2\/types\/product"}],"replies":[{"embeddable":true,"href":"https:\/\/brandss.com.py\/index\/wp-json\/wp\/v2\/comments?post=73745"}],"version-history":[{"count":1,"href":"https:\/\/brandss.com.py\/index\/wp-json\/wp\/v2\/product\/73745\/revisions"}],"predecessor-version":[{"id":73762,"href":"https:\/\/brandss.com.py\/index\/wp-json\/wp\/v2\/product\/73745\/revisions\/73762"}],"wp:featuredmedia":[{"embeddable":true,"href":"https:\/\/brandss.com.py\/index\/wp-json\/wp\/v2\/media\/73748"}],"wp:attachment":[{"href":"https:\/\/brandss.com.py\/index\/wp-json\/wp\/v2\/media?parent=73745"}],"wp:term":[{"taxonomy":"product_brand","embeddable":true,"href":"https:\/\/brandss.com.py\/index\/wp-json\/wp\/v2\/product_brand?post=73745"},{"taxonomy":"product_cat","embeddable":true,"href":"https:\/\/brandss.com.py\/index\/wp-json\/wp\/v2\/product_cat?post=73745"},{"taxonomy":"product_tag","embeddable":true,"href":"https:\/\/brandss.com.py\/index\/wp-json\/wp\/v2\/product_tag?post=73745"}],"curies":[{"name":"wp","href":"https:\/\/api.w.org\/{rel}","templated":true}]}}