{"id":73905,"date":"2025-02-28T13:52:24","date_gmt":"2025-02-28T13:52:24","guid":{"rendered":"https:\/\/brandss.com.py\/index\/?post_type=product&#038;p=73905"},"modified":"2025-07-12T14:16:56","modified_gmt":"2025-07-12T14:16:56","slug":"pala-de-padel-drop-shotconqueror-soft-bt","status":"publish","type":"product","link":"https:\/\/brandss.com.py\/index\/producto\/pala-de-padel-drop-shotconqueror-soft-bt\/","title":{"rendered":"PALA DE PADEL DROP SHOTCONQUEROR SOFT BT"},"content":{"rendered":"<p><img loading=\"lazy\" decoding=\"async\" class=\"\" src=\"https:\/\/spinsports.cl\/cdn\/shop\/collections\/padel-market-1550477097.png?v=1660607958\" alt=\"DROP SHOT \u2013 SPIN SPORTS\" width=\"276\" height=\"276\" \/><\/p>\n<h1>DP304068<\/h1>\n<p>&nbsp;<\/p>\n<p data-start=\"0\" data-end=\"417\">La <strong data-start=\"3\" data-end=\"65\">raqueta de tenis playa Drop Shot Conqueror Soft 12 BT 2024<\/strong> es una opci\u00f3n premium dentro de la l\u00ednea <strong data-start=\"107\" data-end=\"120\">Be Unique<\/strong> de Drop Shot, dirigida a jugadores avanzados y expertos que buscan la perfecci\u00f3n en cada golpe. Dise\u00f1ada para quienes desean combinar potencia, control y comodidad, esta raqueta destaca por su alta tecnolog\u00eda y sus materiales de \u00faltima generaci\u00f3n, ofreciendo un rendimiento superior en la cancha.<\/p>\n<h3 data-start=\"419\" data-end=\"450\">Caracter\u00edsticas destacadas:<\/h3>\n<ol data-start=\"452\" data-end=\"2746\">\n<li data-start=\"452\" data-end=\"751\">\n<p data-start=\"455\" data-end=\"751\"><strong data-start=\"455\" data-end=\"464\">Marco<\/strong>: El <strong data-start=\"472\" data-end=\"500\">marco tubular de carbono<\/strong> proporciona una gran rigidez y resistencia. Este material no solo mejora la durabilidad de la raqueta, sino que tambi\u00e9n optimiza la transferencia de energ\u00eda al momento del golpeo, permitiendo a los jugadores ejecutar tiros m\u00e1s potentes y controlados.<\/p>\n<\/li>\n<li data-start=\"753\" data-end=\"1071\">\n<p data-start=\"756\" data-end=\"1071\"><strong data-start=\"756\" data-end=\"764\">Cara<\/strong>: La raqueta cuenta con <strong data-start=\"791\" data-end=\"819\">Wil Woven 24 Carbon + 3D<\/strong>, un material de alto rendimiento que le otorga una mayor resistencia y un excelente control sobre la pelota. La tecnolog\u00eda 3D en la cara de la raqueta tambi\u00e9n mejora el agarre de la pelota, permitiendo ejecutar efectos con mayor facilidad y precisi\u00f3n.<\/p>\n<\/li>\n<li data-start=\"1073\" data-end=\"1390\">\n<p data-start=\"1076\" data-end=\"1390\"><strong data-start=\"1076\" data-end=\"1086\">N\u00facleo<\/strong>: El <strong data-start=\"1094\" data-end=\"1128\">n\u00famero de EVA Soft Low Density<\/strong> es un componente clave que ofrece un toque m\u00e1s suave, lo que mejora la sensaci\u00f3n al golpear la pelota. Este n\u00facleo proporciona un excelente equilibrio entre confort y potencia, permitiendo a los jugadores controlar la pelota sin sacrificar fuerza en sus golpes.<\/p>\n<\/li>\n<li data-start=\"1392\" data-end=\"1660\">\n<p data-start=\"1395\" data-end=\"1660\"><strong data-start=\"1395\" data-end=\"1406\">Formato<\/strong>: Su <strong data-start=\"1414\" data-end=\"1441\">formato ovalado cl\u00e1sico<\/strong> es ideal para quienes buscan versatilidad y un excelente punto de contacto con la pelota. Este formato favorece tanto a los jugadores de fondo de cancha como a aquellos que ejecutan tiros m\u00e1s agresivos cerca de la red.<\/p>\n<\/li>\n<li data-start=\"1662\" data-end=\"1971\">\n<p data-start=\"1665\" data-end=\"1971\"><strong data-start=\"1665\" data-end=\"1686\">Peso y equilibrio<\/strong>: Con un peso de <strong data-start=\"1706\" data-end=\"1724\">320-340 gramos<\/strong>, la raqueta se encuentra en un rango medio, lo que le confiere un equilibrio perfecto entre control y potencia. El <strong data-start=\"1840\" data-end=\"1860\">equilibrio medio<\/strong> permite que los jugadores mantengan un buen manejo, sin perder la capacidad de generar potencia en sus golpes.<\/p>\n<\/li>\n<li data-start=\"1973\" data-end=\"2258\">\n<p data-start=\"1976\" data-end=\"2258\"><strong data-start=\"1976\" data-end=\"1991\">Dimensiones<\/strong>: La raqueta tiene un <strong data-start=\"2016\" data-end=\"2036\">espesor de 22 mm<\/strong> y una <strong data-start=\"2043\" data-end=\"2064\">longitud de 50 cm<\/strong>, lo que la hace ideal para jugadores que prefieren una sensaci\u00f3n m\u00e1s controlada y estable en el golpeo. Su tama\u00f1o tambi\u00e9n la convierte en una opci\u00f3n c\u00f3moda para los partidos largos y exigentes.<\/p>\n<\/li>\n<li data-start=\"2260\" data-end=\"2549\">\n<p data-start=\"2263\" data-end=\"2549\"><strong data-start=\"2263\" data-end=\"2281\">Rango de juego<\/strong>: Esta raqueta est\u00e1 pensada para <strong data-start=\"2317\" data-end=\"2339\">jugadores expertos<\/strong> que buscan la <strong data-start=\"2354\" data-end=\"2386\">excelencia en su rendimiento<\/strong>. Su dise\u00f1o y tecnolog\u00eda la convierten en una opci\u00f3n de alto nivel para quienes desean mejorar su juego con una raqueta que responda a cada exigencia en la cancha.<\/p>\n<\/li>\n<li data-start=\"2551\" data-end=\"2746\">\n<p data-start=\"2554\" data-end=\"2746\"><strong data-start=\"2554\" data-end=\"2576\">Cobertura incluida<\/strong>: Adem\u00e1s, la raqueta incluye una <strong data-start=\"2612\" data-end=\"2625\">cobertura<\/strong>, lo que facilita su transporte y protecci\u00f3n, asegurando que se mantenga en perfectas condiciones durante todo el tiempo.<\/p>\n<\/li>\n<\/ol>\n<p>&nbsp;<\/p>\n","protected":false},"excerpt":{"rendered":"<p>DP304068 &nbsp; La raqueta de tenis playa Drop Shot Conqueror Soft 12 BT 2024 es una opci\u00f3n premium dentro de<\/p>\n","protected":false},"featured_media":73906,"comment_status":"open","ping_status":"closed","template":"","meta":{"nf_dc_page":""},"product_brand":[],"product_cat":[93],"product_tag":[],"class_list":{"0":"post-73905","1":"product","2":"type-product","3":"status-publish","4":"has-post-thumbnail","6":"product_cat-deportivo","8":"first","9":"instock","10":"shipping-taxable","11":"purchasable","12":"product-type-simple"},"_links":{"self":[{"href":"https:\/\/brandss.com.py\/index\/wp-json\/wp\/v2\/product\/73905","targetHints":{"allow":["GET"]}}],"collection":[{"href":"https:\/\/brandss.com.py\/index\/wp-json\/wp\/v2\/product"}],"about":[{"href":"https:\/\/brandss.com.py\/index\/wp-json\/wp\/v2\/types\/product"}],"replies":[{"embeddable":true,"href":"https:\/\/brandss.com.py\/index\/wp-json\/wp\/v2\/comments?post=73905"}],"version-history":[{"count":1,"href":"https:\/\/brandss.com.py\/index\/wp-json\/wp\/v2\/product\/73905\/revisions"}],"predecessor-version":[{"id":73912,"href":"https:\/\/brandss.com.py\/index\/wp-json\/wp\/v2\/product\/73905\/revisions\/73912"}],"wp:featuredmedia":[{"embeddable":true,"href":"https:\/\/brandss.com.py\/index\/wp-json\/wp\/v2\/media\/73906"}],"wp:attachment":[{"href":"https:\/\/brandss.com.py\/index\/wp-json\/wp\/v2\/media?parent=73905"}],"wp:term":[{"taxonomy":"product_brand","embeddable":true,"href":"https:\/\/brandss.com.py\/index\/wp-json\/wp\/v2\/product_brand?post=73905"},{"taxonomy":"product_cat","embeddable":true,"href":"https:\/\/brandss.com.py\/index\/wp-json\/wp\/v2\/product_cat?post=73905"},{"taxonomy":"product_tag","embeddable":true,"href":"https:\/\/brandss.com.py\/index\/wp-json\/wp\/v2\/product_tag?post=73905"}],"curies":[{"name":"wp","href":"https:\/\/api.w.org\/{rel}","templated":true}]}}