{"id":73947,"date":"2025-02-28T17:05:43","date_gmt":"2025-02-28T17:05:43","guid":{"rendered":"https:\/\/brandss.com.py\/index\/?post_type=product&#038;p=73947"},"modified":"2025-07-03T17:17:05","modified_gmt":"2025-07-03T17:17:05","slug":"robot-aspirador-xiaomi-mi-robot-vacuum-x10","status":"publish","type":"product","link":"https:\/\/brandss.com.py\/index\/producto\/robot-aspirador-xiaomi-mi-robot-vacuum-x10\/","title":{"rendered":"ROBOT ASPIRADOR XIAOMI MI ROBOT VACUUM X10"},"content":{"rendered":"<p><img loading=\"lazy\" decoding=\"async\" class=\"\" src=\"https:\/\/companylogos.org\/wp-content\/uploads\/2024\/08\/Xiaomi-2021-300x169.png\" alt=\"The History and Evolution of the Xiaomi Logo - Famous Company Logos\" width=\"179\" height=\"101\" \/><\/p>\n<h1>MI ROBOT VACUUM X10<\/h1>\n<div class=\"div44\">\n<div class=\"div46\"><strong><span class=\"xm-text split_text4389\" data-key=\"overview_17\" data-type=\"text\" data-id=\"ivwm9tsw4h\">Recogida r\u00e1pida de polvo<\/span><\/strong><\/div>\n<div class=\"div47\"><span class=\"xm-text split_text4391\" data-key=\"overview_18\" data-type=\"text\" data-id=\"nambh3ulff\">Limpieza y vaciado del polvo totalmente autom\u00e1ticos<\/span><\/div>\n<\/div>\n<div class=\"div48\">\n<div class=\"div49\"><span class=\"xm-text split_text4392\" data-key=\"overview_19\" data-type=\"text\" data-id=\"pytyp50mjc\">Compartimento de residuos autom\u00e1tico 1\u00a0bolsa para el polvo permite recoger el polvo m\u00e1s de 60\u00a0veces<\/span><\/div>\n<div class=\"div50\"><span class=\"xm-text split_text4393\" data-key=\"overview_20\" data-type=\"text\" data-id=\"owd26vl8mm\">El dise\u00f1o de recogida de polvo de dos canales de la base, con su potente succi\u00f3n de 17\u00a0000\u00a0Pa, vac\u00eda el dep\u00f3sito de polvo al instante. La bolsa para el polvo integrada puede recoger y vaciar el polvo m\u00e1s de 60\u00a0veces y se sella autom\u00e1ticamente al recogerlo para que ni t\u00fa ni el entorno acab\u00e9is cubiertos de polvo.<\/span><\/div>\n<div><\/div>\n<\/div>\n<div class=\"div52\">\n<div class=\"div52\"><img decoding=\"async\" class=\"xm-img lazy alignleft\" src=\"https:\/\/i02.appmifile.com\/mi-com-product\/fly-birds\/xiaomi-robot-vacuum-x10\/f147582290bdc593eb8bdf927ce6ed6e.png\" alt=\"Xiaomi Robot Vacuum X10\" data-id=\"vn5z5dy055\" data-src=\"https:\/\/i02.appmifile.com\/mi-com-product\/fly-birds\/xiaomi-robot-vacuum-x10\/f147582290bdc593eb8bdf927ce6ed6e.png\" data-loaded=\"true\" \/><\/div>\n<div class=\"div56\">\n<div class=\"div57\"><\/div>\n<div><\/div>\n<div class=\"div58\"><em><strong><span class=\"xm-text split_text4397\" data-key=\"overview_24\" data-type=\"text\" data-id=\"3b9sf9ydxe\"><span class=\"xm-text split_text4395\" data-key=\"overview_22\" data-type=\"text\" data-id=\"hh4b9x2dh0\">Dos canales de soplo y succi\u00f3n\u00a0<\/span><\/span><\/strong><\/em><\/div>\n<div class=\"div59\">Recogida de polvo m\u00e1s eficiente que mantiene los conductos de polvo limpios.<\/div>\n<\/div>\n<div class=\"div60\">\n<div class=\"div62\"><\/div>\n<div class=\"div63\"><\/div>\n<p><img decoding=\"async\" class=\"xm-img lazy alignleft\" src=\"https:\/\/i02.appmifile.com\/mi-com-product\/fly-birds\/xiaomi-robot-vacuum-x10\/c2ac84a3a6f0afbf983699f65dc6cdbe.png\" alt=\"Xiaomi Robot Vacuum X10\" data-id=\"f1fjt68gmy\" data-src=\"https:\/\/i02.appmifile.com\/mi-com-product\/fly-birds\/xiaomi-robot-vacuum-x10\/c2ac84a3a6f0afbf983699f65dc6cdbe.png\" data-loaded=\"true\" \/><\/div>\n<div><\/div>\n<div class=\"div60\"><em><strong><span class=\"xm-text split_text4397\" data-key=\"overview_24\" data-type=\"text\" data-id=\"3b9sf9ydxe\">Potente ventilador de succi\u00f3n de 17\u00a0000\u00a0Pa<\/span><\/strong><\/em><\/p>\n<div class=\"div63\">Limpia al instante el dep\u00f3sito de polvo dej\u00e1ndolo como nuevo.<\/div>\n<\/div>\n<div><\/div>\n<\/div>\n<div><\/div>\n<div class=\"div52\">\n<div class=\"div60\"><img decoding=\"async\" class=\"xm-img lazy alignleft\" src=\"https:\/\/i02.appmifile.com\/mi-com-product\/fly-birds\/xiaomi-robot-vacuum-x10\/40e65f01555d3d058fd85749e12f9cfd.png\" alt=\"Xiaomi Robot Vacuum X10\" data-id=\"51hez11f79\" data-src=\"https:\/\/i02.appmifile.com\/mi-com-product\/fly-birds\/xiaomi-robot-vacuum-x10\/40e65f01555d3d058fd85749e12f9cfd.png\" data-loaded=\"true\" \/><\/div>\n<div><em><strong><span class=\"xm-text split_text4399\" data-key=\"overview_26\" data-type=\"text\" data-id=\"lsg9o5hfas\">Bolsa para el polvo con cord\u00f3n ajustable.<\/span><\/strong><\/em><\/div>\n<div><span class=\"xm-text split_text4400\" data-key=\"overview_27\" data-type=\"text\" data-id=\"jtmf77s11q\">Se sella autom\u00e1ticamente para mantener el polvo en el interior.<\/span><\/div>\n<\/div>\n<div>\n<div class=\"div67\">\n<div><\/div>\n<div><\/div>\n<div class=\"div68\"><span class=\"xm-text split_text4385\" data-key=\"overview_28\" data-type=\"text\" data-id=\"unqzdfrx78\">Disfruta de limpieza y comodidad Sin necesidad de tocar el polvo<\/span><\/div>\n<\/div>\n<div class=\"flex-box\">\n<div class=\"flex-item\"><img decoding=\"async\" class=\"xm-img lazy\" src=\"https:\/\/i02.appmifile.com\/mi-com-product\/fly-birds\/xiaomi-robot-vacuum-x10\/c5dbd61e2bf9bfbc08286570b3d9d749.png\" alt=\"Xiaomi Robot Vacuum X10\" data-id=\"jp701xu0ux\" data-src=\"https:\/\/i02.appmifile.com\/mi-com-product\/fly-birds\/xiaomi-robot-vacuum-x10\/c5dbd61e2bf9bfbc08286570b3d9d749.png\" data-loaded=\"true\" \/><span class=\"xm-text info\" data-key=\"overview_29\" data-type=\"text\" data-id=\"5wk22phsv6\">Olv\u00eddate del vaciado frecuente<\/span><\/div>\n<div class=\"flex-item\"><img decoding=\"async\" class=\"xm-img lazy\" src=\"https:\/\/i02.appmifile.com\/mi-com-product\/fly-birds\/xiaomi-robot-vacuum-x10\/c5dbd61e2bf9bfbc08286570b3d9d749.png\" alt=\"Xiaomi Robot Vacuum X10\" data-id=\"7req2s5iie\" data-src=\"https:\/\/i02.appmifile.com\/mi-com-product\/fly-birds\/xiaomi-robot-vacuum-x10\/c5dbd61e2bf9bfbc08286570b3d9d749.png\" data-loaded=\"true\" \/><span class=\"xm-text info\" data-key=\"overview_30\" data-type=\"text\" data-id=\"4rutj4tdby\">Mant\u00e9n los al\u00e9rgenos del polvo bajo control<\/span><\/div>\n<div class=\"flex-item\"><img decoding=\"async\" class=\"xm-img lazy\" src=\"https:\/\/i02.appmifile.com\/mi-com-product\/fly-birds\/xiaomi-robot-vacuum-x10\/c5dbd61e2bf9bfbc08286570b3d9d749.png\" alt=\"Xiaomi Robot Vacuum X10\" data-id=\"a5u82tzrx7\" data-src=\"https:\/\/i02.appmifile.com\/mi-com-product\/fly-birds\/xiaomi-robot-vacuum-x10\/c5dbd61e2bf9bfbc08286570b3d9d749.png\" data-loaded=\"true\" \/><span class=\"xm-text info\" data-key=\"overview_31\" data-type=\"text\" data-id=\"1yrc83bbk6\">El pelo de las mascotas se introduce autom\u00e1ticamente en la bolsa<\/span><\/div>\n<div><\/div>\n<div>\n<div class=\"div80\"><strong><span class=\"xm-text split_text4383\" data-key=\"overview_32\" data-type=\"text\" data-id=\"hmqard4y3l\">C\u00e1lculo r\u00e1pido<\/span><\/strong><\/div>\n<div><img loading=\"lazy\" decoding=\"async\" class=\"alignright\" src=\"https:\/\/i02.appmifile.com\/mi-com-product\/fly-birds\/xiaomi-robot-vacuum-x10\/10d5c9f2e9943f1a542977f55b907b79.jpg?f=webp\" width=\"689\" height=\"323\" \/><\/div>\n<div class=\"div81\"><span class=\"xm-text split_text4384\" data-key=\"overview_33\" data-type=\"text\" data-id=\"2gtuwh9trw\">Crea un mapa de tu hogar con las capacidades de trazado inteligentes.<\/span><\/div>\n<div><\/div>\n<div>\n<div class=\"div82\"><strong><span class=\"xm-text split_text4376\" data-key=\"overview_34\" data-type=\"text\" data-id=\"t9ra5cpg2y\">Trazado de mapas de precisi\u00f3n incluso en la oscuridad<\/span><\/strong><\/div>\n<div><\/div>\n<div class=\"div82\"><span class=\"xm-text split_text4376\" data-key=\"overview_34\" data-type=\"text\" data-id=\"t9ra5cpg2y\">Reduce la velocidad para evitar chocarse con obst\u00e1culos* <\/span><\/div>\n<div class=\"div83\"><span class=\"xm-text split_text4377\" data-key=\"overview_35\" data-type=\"text\" data-id=\"t92qcxvz00\">La tecnolog\u00eda de navegaci\u00f3n l\u00e1ser LDS de nueva generaci\u00f3n escanea con precisi\u00f3n el entorno de la casa y entre los huecos para trazar la distribuci\u00f3n real de tu hogar. Sin miedo a la oscuridad, puede seguir navegando con precisi\u00f3n en ella y reduce la velocidad cuando se encuentra con obst\u00e1culos.<\/span><\/div>\n<div><\/div>\n<div>\n<div class=\"div85\"><strong><span class=\"xm-text split_text4382\" data-key=\"overview_36\" data-type=\"text\" data-id=\"1w552i5pgc\">Sistema de navegaci\u00f3n l\u00e1ser con sensores LDS<\/span><\/strong><\/div>\n<div class=\"spacer\"><\/div>\n<div class=\"div86\"><span class=\"xm-text split_text4378\" data-key=\"overview_37\" data-type=\"text\" data-id=\"6qh02canqr\">Trazado de mapas r\u00e1pido y planes sobre la marca<\/span><\/div>\n<div class=\"div87\"><span class=\"xm-text split_text4379\" data-key=\"overview_38\" data-type=\"text\" data-id=\"rm57rfi6bq\">Posicionamiento preciso y trazado de precisi\u00f3n<\/span><\/div>\n<div class=\"div88\"><span class=\"xm-text split_text4380\" data-key=\"overview_39\" data-type=\"text\" data-id=\"3g4gat7hie\">Acoplamiento y carga precisos y eficientes<\/span><\/div>\n<div class=\"div89\"><span class=\"xm-text split_text4381\" data-key=\"overview_40\" data-type=\"text\" data-id=\"8fcmll7inj\">No tiene miedo a la oscuridad y la luz no le afecta f\u00e1cilmente<\/span><\/div>\n<div>\n<div><\/div>\n<div class=\"div99\"><strong><span class=\"xm-text split_text4374\" data-key=\"overview_41\" data-type=\"text\" data-id=\"qfbm4kqguf\">Limpieza potente<\/span><\/strong><\/div>\n<div><\/div>\n<div class=\"div100\"><span class=\"xm-text split_text4375\" data-key=\"overview_42\" data-type=\"text\" data-id=\"tihku57sa3\">Un aspirador y mopa 2 en 1 m\u00e1s eficiente<\/span><\/div>\n<div class=\"spacer\"><\/div>\n<div class=\"div101\"><strong><span class=\"xm-text split_text4372\" data-key=\"overview_43\" data-type=\"text\" data-id=\"49o4v1fe83\">Potente ventilador de succi\u00f3n de 4000\u00a0Pa<\/span><\/strong><\/div>\n<div><\/div>\n<div class=\"div101\"><span class=\"xm-text split_text4372\" data-key=\"overview_43\" data-type=\"text\" data-id=\"49o4v1fe83\">Aspira el polvo y el pelo de las mascotas de una pasada<\/span><\/div>\n<div class=\"div102\"><span class=\"xm-text split_text4373\" data-key=\"overview_44\" data-type=\"text\" data-id=\"h0prlmfvrz\">Equipado con una potencia de succi\u00f3n de 4000\u00a0Pa, la supersucci\u00f3n potente y continua limpia el polvo y el pelo de las mascotas del suelo de forma excelente.<\/span><\/div>\n<div><\/div>\n<div>\n<div class=\"div115\"><strong><span class=\"xm-text split_text4367\" data-key=\"overview_48\" data-type=\"text\" data-id=\"zf7w7j2hgu\">Dise\u00f1o de aspirador y mopa 2 en 1 que elimina completamente las part\u00edculas de polvo<\/span><\/strong><\/div>\n<div><\/div>\n<div class=\"div116\"><span class=\"xm-text split_text4368\" data-key=\"overview_49\" data-type=\"text\" data-id=\"h1e5vn6rqz\">Equipado con un dep\u00f3sito de agua con control electr\u00f3nico de 200\u00a0ml* que permite 80\u00a0minutos de fregado, el dep\u00f3sito de agua distribuye el agua de forma uniforme sin fugas y admite tres niveles de control del flujo de agua para limpiar a fondo los suelos de toda la casa.<\/span><\/div>\n<div>\n<div><\/div>\n<div class=\"div120\"><strong><span class=\"xm-text split_text4365\" data-key=\"overview_50\" data-type=\"text\" data-id=\"o4iatgoa1t\">Bater\u00eda de larga duraci\u00f3n<\/span><\/strong><\/div>\n<div><\/div>\n<div class=\"div121\"><span class=\"xm-text split_text4366\" data-key=\"overview_51\" data-type=\"text\" data-id=\"escxjjjvl0\">Longer lasting &#8220;energy station&#8221; <\/span><span class=\"xm-text split_text4362\" data-key=\"overview_52\" data-type=\"text\" data-id=\"enfq5akr9r\">Limpia f\u00e1cilmente tu casa grande gracias a la duraci\u00f3n de la bater\u00eda extralarga de 180\u00a0minutos*<\/span><\/div>\n<div class=\"div123\"><span class=\"xm-text split_text4363\" data-key=\"overview_53\" data-type=\"text\" data-id=\"lwkvqlapzp\">La gran bater\u00eda de 5200\u00a0mAh integrada permite limpiar durante m\u00e1s de 180\u00a0minutos* en el modo est\u00e1ndar, por lo que las casas grandes no son un problema.<\/span><\/div>\n<div class=\"div124\"><span class=\"xm-text split_text4364\" data-key=\"overview_54\" data-type=\"text\" data-id=\"nterxyrwbn\">*Capacidad nominal de la bater\u00eda de 5200\u00a0mAh<\/span><\/div>\n<div>\n<div><\/div>\n<div class=\"div128\"><strong><span class=\"xm-text split_text4360\" data-key=\"overview_55\" data-type=\"text\" data-id=\"5ax8mgwaum\">Interacci\u00f3n inteligente<\/span><\/strong><\/div>\n<div><\/div>\n<div class=\"div129\"><span class=\"xm-text split_text4361\" data-key=\"overview_56\" data-type=\"text\" data-id=\"px8ruo9ifs\">Un &#8220;asistente&#8221; m\u00e1s personal. <\/span><span class=\"xm-text split_text4358\" data-key=\"overview_57\" data-type=\"text\" data-id=\"05eqni9ddi\">Crea programas de limpieza personalizados. <\/span><span class=\"xm-text split_text4359\" data-key=\"overview_58\" data-type=\"text\" data-id=\"8m8yk9jn52\">Una vez que se ha creado el mapa, se puede crear un programa de limpieza l\u00f3gico seg\u00fan el plano del suelo, con configuraci\u00f3n completa de tiempo de limpieza, ajustes, \u00e1reas y frecuencia.<\/span><\/div>\n<div>\n<div><\/div>\n<div class=\"div208\"><strong><span class=\"xm-text split_text4324\" data-key=\"overview_79\" data-type=\"text\" data-id=\"wp115gh03b\">Programa una estrategia de limpieza inteligente<\/span><\/strong><\/div>\n<div><\/div>\n<div class=\"div209\"><span class=\"xm-text split_text4325\" data-key=\"overview_80\" data-type=\"text\" data-id=\"7z294noyxx\">Durante el proceso de limpieza, predice autom\u00e1ticamente los desniveles, lo que hace que las tareas de limpieza sean m\u00e1s eficientes, seguras y sin preocupaciones.<\/span><\/div>\n<div>Mecanismo de sensor de desnivel.<\/div>\n<div>Reduce la velocidad cuando se detectan obst\u00e1culos.<\/div>\n<div>Limpieza inteligente de bordes.<\/div>\n<div>\n<h3 class=\"visby-bold f40-home texto-madrid bold mb-2\">Especificaciones<\/h3>\n<div class=\"w-100 rounded20 bordinha-cinza mt-3 mb-5\">\n<div id=\"item_product2\" class=\"col-12 item_product active\">\n<div class=\"col-12 box_detail\">\n<div class=\"col-12 item_detail item_dark \">\n<div class=\"col-6 item\">Marca: Xiaomi<\/div>\n<\/div>\n<div class=\"col-12 item_detail \">\n<div class=\"col-6 item\">Modelo: Mi Robot Vacuum X10<\/div>\n<\/div>\n<div class=\"col-12 item_detail item_dark \">\n<div class=\"col-6 item\">Color: Blanco<\/div>\n<\/div>\n<div class=\"col-12 item_detail \">\n<div class=\"col-6 item\">Potencia: 46W<\/div>\n<\/div>\n<div class=\"col-12 item_detail item_dark \">\n<div class=\"col-6 item\">Ruido: 72dB<\/div>\n<\/div>\n<div class=\"col-12 item_detail \">\n<div class=\"col-6 item\">Capacidad de Tanque: 2.5 litros<\/div>\n<\/div>\n<div class=\"col-12 item_detail item_dark \">\n<div class=\"col-6 item\">Aplicaci\u00f3n: Xiaomi Home<\/div>\n<\/div>\n<div class=\"col-12 item_detail \">\n<div class=\"col-6 item\">Incluye: Fregona y Tanque de Agua<\/div>\n<\/div>\n<div class=\"col-12 item_detail item_dark \">\n<div class=\"col-6 item\">Funciones: Limpieza de habitaciones seleccionadas &#8211; Limpieza de zonas &#8211; Paredes virtuales &#8211; Mapas de suelos y habitaciones &#8211; Sistema de navegaci\u00f3n l\u00e1ser LDS &#8211; Reconocimiento de obst\u00e1culos 3D<\/div>\n<\/div>\n<div class=\"col-12 item_detail \">\n<div class=\"col-6 item\">Bateria: 5200mAh<\/div>\n<\/div>\n<div class=\"col-12 item_detail item_dark \">\n<div class=\"col-6 item\">Voltaje: 220V<\/div>\n<\/div>\n<div class=\"col-12 item_detail \">\n<div class=\"col-6 item\">Dimensiones del Embalaje: 40.80 cm X 46.10 cm X 37.80 cm<\/div>\n<\/div>\n<div class=\"col-12 item_detail item_dark \">\n<div class=\"col-6 item\">Peso Bruto: 10.564 kg<\/div>\n<\/div>\n<\/div>\n<\/div>\n<\/div>\n<\/div>\n<\/div>\n<\/div>\n<\/div>\n<\/div>\n<\/div>\n<\/div>\n<\/div>\n<\/div>\n<\/div>\n<\/div>\n","protected":false},"excerpt":{"rendered":"<p>MI ROBOT VACUUM X10 Recogida r\u00e1pida de polvo Limpieza y vaciado del polvo totalmente autom\u00e1ticos Compartimento de residuos autom\u00e1tico 1\u00a0bolsa<\/p>\n","protected":false},"featured_media":73957,"comment_status":"open","ping_status":"closed","template":"","meta":{"nf_dc_page":""},"product_brand":[],"product_cat":[89],"product_tag":[],"class_list":{"0":"post-73947","1":"product","2":"type-product","3":"status-publish","4":"has-post-thumbnail","6":"product_cat-electronicos","8":"first","9":"outofstock","10":"shipping-taxable","11":"purchasable","12":"product-type-simple"},"_links":{"self":[{"href":"https:\/\/brandss.com.py\/index\/wp-json\/wp\/v2\/product\/73947","targetHints":{"allow":["GET"]}}],"collection":[{"href":"https:\/\/brandss.com.py\/index\/wp-json\/wp\/v2\/product"}],"about":[{"href":"https:\/\/brandss.com.py\/index\/wp-json\/wp\/v2\/types\/product"}],"replies":[{"embeddable":true,"href":"https:\/\/brandss.com.py\/index\/wp-json\/wp\/v2\/comments?post=73947"}],"version-history":[{"count":1,"href":"https:\/\/brandss.com.py\/index\/wp-json\/wp\/v2\/product\/73947\/revisions"}],"predecessor-version":[{"id":73971,"href":"https:\/\/brandss.com.py\/index\/wp-json\/wp\/v2\/product\/73947\/revisions\/73971"}],"wp:featuredmedia":[{"embeddable":true,"href":"https:\/\/brandss.com.py\/index\/wp-json\/wp\/v2\/media\/73957"}],"wp:attachment":[{"href":"https:\/\/brandss.com.py\/index\/wp-json\/wp\/v2\/media?parent=73947"}],"wp:term":[{"taxonomy":"product_brand","embeddable":true,"href":"https:\/\/brandss.com.py\/index\/wp-json\/wp\/v2\/product_brand?post=73947"},{"taxonomy":"product_cat","embeddable":true,"href":"https:\/\/brandss.com.py\/index\/wp-json\/wp\/v2\/product_cat?post=73947"},{"taxonomy":"product_tag","embeddable":true,"href":"https:\/\/brandss.com.py\/index\/wp-json\/wp\/v2\/product_tag?post=73947"}],"curies":[{"name":"wp","href":"https:\/\/api.w.org\/{rel}","templated":true}]}}