{"id":73981,"date":"2025-02-28T17:51:50","date_gmt":"2025-02-28T17:51:50","guid":{"rendered":"https:\/\/brandss.com.py\/index\/?post_type=product&#038;p=73981"},"modified":"2025-10-13T14:30:19","modified_gmt":"2025-10-13T14:30:19","slug":"robot-aspirador-xiaomi-mi-robot-vacuum-e5-c10b","status":"publish","type":"product","link":"https:\/\/brandss.com.py\/index\/producto\/robot-aspirador-xiaomi-mi-robot-vacuum-e5-c10b\/","title":{"rendered":"ROBOT ASPIRADOR XIAOMI MI ROBOT VACUUM E5 C10B"},"content":{"rendered":"<div class=\"div5_head\"><\/div>\n<div><img loading=\"lazy\" decoding=\"async\" class=\"\" src=\"https:\/\/companylogos.org\/wp-content\/uploads\/2024\/08\/Xiaomi-2021-300x169.png\" alt=\"The History and Evolution of the Xiaomi Logo - Famous Company Logos\" width=\"163\" height=\"92\" \/><\/div>\n<h1>MI ROBOT VACUUM E5 C10B<\/h1>\n<div><\/div>\n<div class=\"div5\">\n<div class=\"div6\"><strong><span class=\"xm-text split_text1182 f-medium\" data-key=\"slogan_1\" data-type=\"text\" data-id=\"1q0gg2odyb\">Funci\u00f3n de aspiraci\u00f3n y fregado en uno, para una limpieza completa del suelo<\/span><\/strong><\/div>\n<div><\/div>\n<div>El nuevo dise\u00f1o de succi\u00f3n evita que el cabello se enrede, lo que lo hace ideal para que los due\u00f1os de mascotas mantengan un hogar limpio y sin pelo. Por tanto, el mantenimiento de la aspiradora es m\u00e1s sencillo porque no requiere limpieza adicional del cabello ni pelos enredados.<\/div>\n<div><\/div>\n<div>\n<div class=\"div14\"><strong><span class=\"xm-text split_text1159 f-bold\" data-key=\"ksp_1\" data-type=\"text\" data-id=\"zrp5wdocmg\">Funcionamiento m\u00e1s c\u00f3modo y f\u00e1cil de usar<\/span><\/strong><\/div>\n<div><\/div>\n<div class=\"div15\">\n<div class=\"text-container-972\"><span class=\"xm-text split_text1158 f-light\" data-key=\"ksp_2\" data-type=\"text\" data-id=\"d35567tgsy\">Dise\u00f1o de la boquilla resistente al pelo enredado<\/span><\/div>\n<\/div>\n<div class=\"div16\">\n<div class=\"text-container-971\"><span class=\"xm-text split_text1156 f-light\" data-key=\"ksp_3\" data-type=\"text\" data-id=\"9wd962w3td\">Compacto, ligero y f\u00e1cil de transportar<\/span><\/div>\n<\/div>\n<div class=\"div17\">\n<div class=\"text-container-970\"><span class=\"xm-text split_text1154 f-light\" data-key=\"ksp_4\" data-type=\"text\" data-id=\"s6jfxwu8mq\">Dep\u00f3sito de 400\u00a0ml* para evitar vaciarlo con frecuencia<\/span><\/div>\n<\/div>\n<div class=\"div18\">\n<div class=\"text-container-969\"><span class=\"xm-text split_text1152 f-light\" data-key=\"ksp_5\" data-type=\"text\" data-id=\"ois5titns8\">Dep\u00f3sito dise\u00f1ado para montarlo y desmontarlo r\u00e1pidamente<\/span><\/div>\n<div>\n<div><\/div>\n<div class=\"div23\"><strong><span class=\"xm-text split_text1166 f-bold\" data-key=\"ksp_6\" data-type=\"text\" data-id=\"z450ypfyuz\">Limpieza a fondo hasta el \u00faltimo rinc\u00f3n<\/span><\/strong><\/div>\n<div><\/div>\n<div class=\"div24\">\n<div class=\"text-container-976\"><span class=\"xm-text split_text1165 f-light\" data-key=\"ksp_7\" data-type=\"text\" data-id=\"qm8eclhrky\">Colaboraci\u00f3n multidimensional<\/span><\/div>\n<\/div>\n<div class=\"div25\">\n<div class=\"text-container-975\"><span class=\"xm-text split_text1163 f-light\" data-key=\"ksp_8\" data-type=\"text\" data-id=\"3jam7qu90i\">Cepillos laterales dobles para recoger el polvo<\/span><\/div>\n<\/div>\n<div class=\"div26\">\n<div class=\"text-container-974\"><span class=\"xm-text split_text1161 f-light\" data-key=\"ksp_9\" data-type=\"text\" data-id=\"x7floshz9k\">Potencia m\u00e1xima de succi\u00f3n del ventilador de 2000\u00a0Pa<\/span><\/div>\n<div><\/div>\n<div>\n<div class=\"div30\"><strong><span class=\"xm-text split_text1173 f-bold\" data-key=\"ksp_10\" data-type=\"text\" data-id=\"0t6w6h0ges\">Planificaci\u00f3n inteligente de rutas<\/span><\/strong><\/div>\n<div><\/div>\n<div class=\"div31\">\n<div class=\"text-container-980\"><span class=\"xm-text split_text1172 f-light\" data-key=\"ksp_11\" data-type=\"text\" data-id=\"l5524biybw\">Percepci\u00f3n inteligente, detecci\u00f3n y prevenci\u00f3n flexible de obst\u00e1culos<\/span><\/div>\n<\/div>\n<div class=\"div32\">\n<div class=\"text-container-979\"><span class=\"xm-text split_text1170 f-light\" data-key=\"ksp_12\" data-type=\"text\" data-id=\"cjfy9u7g5q\">Ruta de limpieza en zigzag<\/span><\/div>\n<\/div>\n<div class=\"div33\">\n<div class=\"text-container-978\"><span class=\"xm-text split_text1168 f-light\" data-key=\"ksp_13\" data-type=\"text\" data-id=\"za1ohu50hy\">Retroceso inmediato al detectar un escal\u00f3n<\/span><\/div>\n<div>\n<div><\/div>\n<div class=\"div37\"><strong><span class=\"xm-text split_text1180 f-bold\" data-key=\"ksp_14\" data-type=\"text\" data-id=\"ebw0mkx4uq\">Aplicaci\u00f3n y control por voz<\/span><\/strong><\/div>\n<div class=\"spacer\"><\/div>\n<div class=\"div38\">\n<div class=\"text-container-983\"><span class=\"xm-text split_text1179 f-light\" data-key=\"ksp_15\" data-type=\"text\" data-id=\"3em3jxkx7s\">Control a trav\u00e9s de la aplicaci\u00f3n Mi Home\/Xiaomi Home<\/span><\/div>\n<\/div>\n<div class=\"div39\">\n<div class=\"text-container-982\"><span class=\"xm-text split_text1176 f-light\" data-key=\"ksp_16\" data-type=\"text\" data-id=\"exwi9d1e2g\">Control a trav\u00e9s de Alexa y el Asistente de Google<\/span><\/div>\n<\/div>\n<div>\n<div><\/div>\n<div class=\"div44\"><strong><span class=\"xm-text split_text1150 f-bold\" data-key=\"overview_1\" data-type=\"text\" data-id=\"gbdkswxb2y\">Funcionamiento m\u00e1s c\u00f3modo y f\u00e1cil de usar<\/span><\/strong><\/div>\n<div class=\"div45\"><span class=\"xm-text split_text1149 f-medium\" data-key=\"overview_2\" data-type=\"text\" data-id=\"3a3oszkqh5\">Ahorra tiempo<\/span><\/div>\n<div>\n<div><\/div>\n<div class=\"div49\"><strong><span class=\"xm-text split_text1148 f-bold\" data-key=\"overview_3\" data-type=\"text\" data-id=\"k52qez0com\">Dise\u00f1o de la boquilla resistente al pelo enredado<\/span><\/strong><\/div>\n<div class=\"spacer\"><\/div>\n<div class=\"div50\"><span class=\"xm-text split_text1147 f-light\" data-key=\"overview_4\" data-type=\"text\" data-id=\"694uxb0pvk\">Perfecto para propietarios de mascotas, ideal para mantener un entorno sin pelo<\/span><\/div>\n<div class=\"div51\"><span class=\"xm-text split_text1146 f-light\" data-key=\"overview_5\" data-type=\"text\" data-id=\"77nravwxbw\">No es necesario manipular el pelo con la mano y es muy f\u00e1cil de mantener<\/span><\/div>\n<div>\n<div><\/div>\n<div class=\"div60\"><strong><span class=\"xm-text split_text1144 f-bold\" data-key=\"overview_7\" data-type=\"text\" data-id=\"cpgvo9e1ng\">F\u00e1cil colocaci\u00f3n<\/span><\/strong><\/div>\n<div><\/div>\n<div class=\"div61\"><span class=\"xm-text split_text1143 f-light\" data-key=\"overview_8\" data-type=\"text\" data-id=\"hhgfjeifoe\">El cuerpo compacto de 300\u00a0mm* permite al robot moverse f\u00e1cilmente en espacios reducidos y limpiar hasta el \u00faltimo rinc\u00f3n.<\/span><\/div>\n<div>\n<div><\/div>\n<div class=\"div69\"><strong><span class=\"xm-text split_text1141 f-bold\" data-key=\"overview_9\" data-type=\"text\" data-id=\"aqirzzr77m\">Compacto y ligero<\/span><\/strong><\/div>\n<div><\/div>\n<div class=\"div70\"><span class=\"xm-text split_text1140 f-light\" data-key=\"overview_10\" data-type=\"text\" data-id=\"zstkpw5doh\">Con una altura de 70\u00a0mm, puede maniobrar f\u00e1cilmente debajo de los muebles.<\/span><\/div>\n<div>\n<div><\/div>\n<div class=\"div76\"><strong><span class=\"xm-text split_text1138 f-bold\" data-key=\"overview_11\" data-type=\"text\" data-id=\"0vie5zfyw8\">Dep\u00f3sito grande de 400\u00a0ml<\/span><\/strong><\/div>\n<div><\/div>\n<div class=\"div77\"><span class=\"xm-text split_text1137 f-regular\" data-key=\"overview_12\" data-type=\"text\" data-id=\"d5gv4gls4y\">Acumula m\u00e1s cantidad de polvo para reducir la frecuencia de vaciado<\/span><\/div>\n<div>\n<div class=\"div78\">\n<div class=\"div80\">\n<div><\/div>\n<div class=\"div81\"><strong><span class=\"xm-text split_text1136 f-bold\" data-key=\"overview_13\" data-type=\"text\" data-id=\"auaj1aufeh\">Dep\u00f3sito dise\u00f1ado para montarlo y desmontarlo r\u00e1pidamente<\/span><\/strong><\/div>\n<div><\/div>\n<div class=\"div82\"><span class=\"xm-text split_text1135 f-regular\" data-key=\"overview_14\" data-type=\"text\" data-id=\"9j25r7p8a5\">Desmontaje y montaje r\u00e1pidos, lo que facilita la limpieza<\/span><\/div>\n<div><\/div>\n<\/div>\n<\/div>\n<div class=\"div83\">\n<div class=\"div97\">\n<div class=\"div98\"><strong><span class=\"xm-text split_text1130 f-bold\" data-key=\"overview_19\" data-type=\"text\" data-id=\"p2t8ihycfm\">Colaboraci\u00f3n multidimensional<\/span><\/strong><\/div>\n<div><\/div>\n<div class=\"div99\"><span class=\"xm-text split_text1129 f-regular\" data-key=\"overview_20\" data-type=\"text\" data-id=\"el8vwolu3w\">Equipado con componentes avanzados, como cepillos laterales dobles, boquilla, filtro de dep\u00f3sito de polvo y ventilador de succi\u00f3n, ofrece una experiencia de limpieza exhaustiva y muy eficiente<\/span><\/div>\n<\/div>\n<div class=\"div100\">\n<div class=\"div101\"><img decoding=\"async\" class=\"xm-img lazy alignleft\" src=\"https:\/\/i02.appmifile.com\/mi-com-product\/fly-birds\/xiaomi-robot-vacuum-e5\/PC\/9f58505a99af226670bef0ab81ae414d.png\" alt=\"Xiaomi Robot Vacuum E5\" data-id=\"a8oj7ej7cm\" data-src=\"https:\/\/i02.appmifile.com\/mi-com-product\/fly-birds\/xiaomi-robot-vacuum-e5\/PC\/9f58505a99af226670bef0ab81ae414d.png\" data-loaded=\"true\" \/><\/p>\n<div><\/div>\n<div class=\"div103\"><strong><span class=\"xm-text split_text1128 f-light\" data-key=\"overview_27\" data-type=\"text\" data-id=\"py5dexy7ul\">Cepillo lateral<\/span><\/strong><\/div>\n<div class=\"spacer\"><\/div>\n<div class=\"div104\"><span class=\"xm-text split_text1127 f-light\" data-key=\"overview_28\" data-type=\"text\" data-id=\"vtrflv9u6s\">Cepillo lateral muy flexible y duradero.<\/span><\/div>\n<\/div>\n<div><\/div>\n<div class=\"div105\"><img decoding=\"async\" class=\"xm-img lazy alignleft\" src=\"https:\/\/i02.appmifile.com\/mi-com-product\/fly-birds\/xiaomi-robot-vacuum-e5\/PC\/bd6cb6bd84432db883245c0c46b31ebc.png\" alt=\"Xiaomi Robot Vacuum E5\" data-id=\"nktkwt8cmv\" data-src=\"https:\/\/i02.appmifile.com\/mi-com-product\/fly-birds\/xiaomi-robot-vacuum-e5\/PC\/bd6cb6bd84432db883245c0c46b31ebc.png\" data-loaded=\"true\" \/><\/p>\n<div><\/div>\n<div class=\"div107\"><strong><span class=\"xm-text split_text1126 f-light\" data-key=\"overview_24\" data-type=\"text\" data-id=\"biutgo550u\">Boquilla<\/span><\/strong><\/div>\n<div class=\"spacer\"><\/div>\n<div class=\"div108\"><span class=\"xm-text split_text1125 f-light\" data-key=\"overview_26\" data-type=\"text\" data-id=\"9xjxctwle7\">Resistente al pelo enredado.<\/span><\/div>\n<\/div>\n<div class=\"div109\"><img decoding=\"async\" class=\"xm-img lazy alignleft\" src=\"https:\/\/i02.appmifile.com\/mi-com-product\/fly-birds\/xiaomi-robot-vacuum-e5\/PC\/db788cc1392c2700fe8d6be1687b8b06.png\" alt=\"Xiaomi Robot Vacuum E5\" data-id=\"uovkf3hj3y\" data-src=\"https:\/\/i02.appmifile.com\/mi-com-product\/fly-birds\/xiaomi-robot-vacuum-e5\/PC\/db788cc1392c2700fe8d6be1687b8b06.png\" data-loaded=\"true\" \/><\/p>\n<div><\/div>\n<div><\/div>\n<div class=\"div111\"><strong><span class=\"xm-text split_text1124 f-light\" data-key=\"overview_21\" data-type=\"text\" data-id=\"76upxn4nsw\">Filtraci\u00f3n triple<\/span><\/strong><\/div>\n<div class=\"spacer\"><\/div>\n<div class=\"div112\"><span class=\"xm-text split_text1123 f-light\" data-key=\"overview_22\" data-type=\"text\" data-id=\"sjrbh50js0\">Filtrado eficaz.<\/span><\/div>\n<\/div>\n<div>\n<div><\/div>\n<div class=\"div121\"><strong><span class=\"xm-text split_text1122 f-bold\" data-key=\"overview_31\" data-type=\"text\" data-id=\"wuzg3d087z\">Potencia m\u00e1xima de succi\u00f3n del ventilador de 2000\u00a0Pa<\/span><\/strong><\/div>\n<div class=\"div122\"><span class=\"xm-text split_text1121 f-regular\" data-key=\"overview_32\" data-type=\"text\" data-id=\"8lgooqzpbo\">Tres niveles de succi\u00f3n para una limpieza profunda del pelo y el polvo<\/span><\/div>\n<div>\n<div class=\"div124\"><img decoding=\"async\" class=\"xm-img lazy alignleft\" src=\"https:\/\/i02.appmifile.com\/mi-com-product\/fly-birds\/xiaomi-robot-vacuum-e5\/PC\/d49c34ea2e96d2385960be3ea79569b0.png\" alt=\"Xiaomi Robot Vacuum E5\" data-id=\"vmn890dmdr\" data-src=\"https:\/\/i02.appmifile.com\/mi-com-product\/fly-birds\/xiaomi-robot-vacuum-e5\/PC\/d49c34ea2e96d2385960be3ea79569b0.png\" data-loaded=\"true\" \/><\/p>\n<div><\/div>\n<div><\/div>\n<div class=\"div126\"><span class=\"xm-text split_text1118 f-medium\" data-key=\"overview_33\" data-type=\"text\" data-id=\"myz668twda\">Silencioso.<\/span><\/div>\n<\/div>\n<div><\/div>\n<div class=\"div127\"><img decoding=\"async\" class=\"xm-img lazy alignleft\" src=\"https:\/\/i02.appmifile.com\/mi-com-product\/fly-birds\/xiaomi-robot-vacuum-e5\/PC\/18dfba1dae132a3759d7293128bc0be0.png\" alt=\"Xiaomi Robot Vacuum E5\" data-id=\"x24x8ohqdp\" data-src=\"https:\/\/i02.appmifile.com\/mi-com-product\/fly-birds\/xiaomi-robot-vacuum-e5\/PC\/18dfba1dae132a3759d7293128bc0be0.png\" data-loaded=\"true\" \/><\/p>\n<div><\/div>\n<div><\/div>\n<div><\/div>\n<div class=\"div129\"><span class=\"xm-text split_text1119 f-medium\" data-key=\"overview_34\" data-type=\"text\" data-id=\"wyszaa18ou\">Est\u00e1ndar.<\/span><\/div>\n<\/div>\n<div><\/div>\n<div class=\"div130\"><img decoding=\"async\" class=\"xm-img lazy alignleft\" src=\"https:\/\/i02.appmifile.com\/mi-com-product\/fly-birds\/xiaomi-robot-vacuum-e5\/PC\/73bb361fc89ea4735fffc8f4bf256825.png\" alt=\"Xiaomi Robot Vacuum E5\" data-id=\"tnsh4wd6tj\" data-src=\"https:\/\/i02.appmifile.com\/mi-com-product\/fly-birds\/xiaomi-robot-vacuum-e5\/PC\/73bb361fc89ea4735fffc8f4bf256825.png\" data-loaded=\"true\" \/><\/p>\n<div><\/div>\n<div><\/div>\n<div><\/div>\n<div class=\"div132\"><span class=\"xm-text split_text1120 f-medium\" data-key=\"overview_35\" data-type=\"text\" data-id=\"kq6dy2lsbb\">Fuerte.<\/span><\/div>\n<\/div>\n<div>\n<div><\/div>\n<div><\/div>\n<div class=\"div179\"><strong><span class=\"xm-text split_text1094 f-bold\" data-key=\"overview_52\" data-type=\"text\" data-id=\"1xz05eqbe7\">Conectado a la aplicaci\u00f3n Mi Home\/Xiaomi Home<\/span><\/strong><\/div>\n<div class=\"div180\"><span class=\"xm-text split_text1093 f-light\" data-key=\"overview_53\" data-type=\"text\" data-id=\"3hcb4lqwtd\">Controla el Xiaomi Robot Vacuum E5 de forma remota a trav\u00e9s de la aplicaci\u00f3n Mi Home\/Xiaomi Home para activar y desactivar los programas de limpieza a voluntad y liberar tus manos para dedicar m\u00e1s tiempo a lo que te gusta.<\/span><\/div>\n<div>\n<div><\/div>\n<div class=\"div184\"><strong><span class=\"xm-text split_text1099 f-bold\" data-key=\"overview_54\" data-type=\"text\" data-id=\"l1dps16pjz\">Control a trav\u00e9s de Alexa y el Asistente de Google*<\/span><\/strong><\/div>\n<div class=\"div185\"><span class=\"xm-text split_text1098 f-regular\" data-key=\"overview_55\" data-type=\"text\" data-id=\"ykrcs34fzq\">Control por voz para un uso sencillo<\/span><\/div>\n<div class=\"div186\"><span class=\"xm-text split_text1097 f-light\" data-key=\"overview_56\" data-type=\"text\" data-id=\"d0fb4d3d1y\">*Se requieren dispositivos compatibles con Alexa y el Asistente de Google. El Asistente de Google no est\u00e1 disponible en determinados pa\u00edses e idiomas. Google, Google Home y Google Nest Mini son marcas comerciales de Google LLC. Alexa no est\u00e1 disponible en determinados pa\u00edses e idiomas. Amazon, Alexa y todos los logotipos relacionados son marcas comerciales de Amazon.com, Inc. o sus afiliados. Consulta los respectivos sitios web oficiales para obtener m\u00e1s informaci\u00f3n.<\/span><\/div>\n<div>\n<h3 class=\"visby-bold f40-home texto-madrid bold mb-2\">Especificaciones<\/h3>\n<div class=\"w-100 rounded20 bordinha-cinza mt-3 mb-5\">\n<div id=\"item_product2\" class=\"col-12 item_product active\">\n<div class=\"col-12 box_detail\">\n<div class=\"col-12 item_detail item_dark \">\n<div class=\"col-6 item\">Marca: Xiaomi<\/div>\n<\/div>\n<div class=\"col-12 item_detail \">\n<div class=\"col-6 item\">Modelo: Mi Robot Vacuum E5<\/div>\n<\/div>\n<div class=\"col-12 item_detail item_dark \">\n<div class=\"col-6 item\">Color: Blanco<\/div>\n<\/div>\n<div class=\"col-12 item_detail \">\n<div class=\"col-6 item\">Potencia: 25W<\/div>\n<\/div>\n<div class=\"col-12 item_detail item_dark \">\n<div class=\"col-6 item\">Capacidad de Tanque: 400ml<\/div>\n<\/div>\n<div class=\"col-12 item_detail \">\n<div class=\"col-6 item\">Incluye: Base de carga &#8211; Cepillo lateral &#8211; 2x Mopa &#8211; Cepillo de limpieza &#8211; Compartimento para el polvo &#8211; Dep\u00f3sito de agua<\/div>\n<\/div>\n<div class=\"col-12 item_detail item_dark \">\n<div class=\"col-6 item\">Funciones: Aspirar &#8211; Barrer &#8211; Trapear<\/div>\n<\/div>\n<div class=\"col-12 item_detail \">\n<div class=\"col-6 item\">Bateria: 2600mAh<\/div>\n<\/div>\n<div class=\"col-12 item_detail item_dark \">\n<div class=\"col-6 item\">Voltaje: Bivolt<\/div>\n<\/div>\n<div class=\"col-12 item_detail \">\n<div class=\"col-6 item\">Dimensiones del Embalaje: 41.80 cm X 36.90 cm X 12.20 cm<\/div>\n<\/div>\n<div class=\"col-12 item_detail item_dark \">\n<div class=\"col-6 item\">Peso Bruto: 3.700 kg<\/div>\n<\/div>\n<\/div>\n<\/div>\n<\/div>\n<\/div>\n<\/div>\n<\/div>\n<\/div>\n<\/div>\n<\/div>\n<\/div>\n<\/div>\n<\/div>\n<\/div>\n<\/div>\n<\/div>\n<\/div>\n<\/div>\n<\/div>\n<\/div>\n<\/div>\n<\/div>\n<\/div>\n<\/div>\n<\/div>\n","protected":false},"excerpt":{"rendered":"<p>MI ROBOT VACUUM E5 C10B Funci\u00f3n de aspiraci\u00f3n y fregado en uno, para una limpieza completa del suelo El nuevo<\/p>\n","protected":false},"featured_media":73994,"comment_status":"open","ping_status":"closed","template":"","meta":{"nf_dc_page":""},"product_brand":[977],"product_cat":[89],"product_tag":[976],"class_list":{"0":"post-73981","1":"product","2":"type-product","3":"status-publish","4":"has-post-thumbnail","6":"product_brand-xiaomi","7":"product_cat-electronicos","8":"product_tag-976","10":"first","11":"outofstock","12":"shipping-taxable","13":"purchasable","14":"product-type-simple"},"_links":{"self":[{"href":"https:\/\/brandss.com.py\/index\/wp-json\/wp\/v2\/product\/73981","targetHints":{"allow":["GET"]}}],"collection":[{"href":"https:\/\/brandss.com.py\/index\/wp-json\/wp\/v2\/product"}],"about":[{"href":"https:\/\/brandss.com.py\/index\/wp-json\/wp\/v2\/types\/product"}],"replies":[{"embeddable":true,"href":"https:\/\/brandss.com.py\/index\/wp-json\/wp\/v2\/comments?post=73981"}],"version-history":[{"count":1,"href":"https:\/\/brandss.com.py\/index\/wp-json\/wp\/v2\/product\/73981\/revisions"}],"predecessor-version":[{"id":74018,"href":"https:\/\/brandss.com.py\/index\/wp-json\/wp\/v2\/product\/73981\/revisions\/74018"}],"wp:featuredmedia":[{"embeddable":true,"href":"https:\/\/brandss.com.py\/index\/wp-json\/wp\/v2\/media\/73994"}],"wp:attachment":[{"href":"https:\/\/brandss.com.py\/index\/wp-json\/wp\/v2\/media?parent=73981"}],"wp:term":[{"taxonomy":"product_brand","embeddable":true,"href":"https:\/\/brandss.com.py\/index\/wp-json\/wp\/v2\/product_brand?post=73981"},{"taxonomy":"product_cat","embeddable":true,"href":"https:\/\/brandss.com.py\/index\/wp-json\/wp\/v2\/product_cat?post=73981"},{"taxonomy":"product_tag","embeddable":true,"href":"https:\/\/brandss.com.py\/index\/wp-json\/wp\/v2\/product_tag?post=73981"}],"curies":[{"name":"wp","href":"https:\/\/api.w.org\/{rel}","templated":true}]}}