{"id":73982,"date":"2025-02-28T17:37:34","date_gmt":"2025-02-28T17:37:34","guid":{"rendered":"https:\/\/brandss.com.py\/index\/?post_type=product&#038;p=73982"},"modified":"2025-09-26T10:19:35","modified_gmt":"2025-09-26T10:19:35","slug":"pala-de-padel-drop-shot-power-pro-4-0-bt-ralff-abreu","status":"publish","type":"product","link":"https:\/\/brandss.com.py\/index\/producto\/pala-de-padel-drop-shot-power-pro-4-0-bt-ralff-abreu\/","title":{"rendered":"PALA DE PADEL DROP SHOT POWER PRO 4.0 BT RALFF ABREU"},"content":{"rendered":"<p><img loading=\"lazy\" decoding=\"async\" class=\"\" src=\"https:\/\/racketnow.com\/cdn\/shop\/collections\/logo_0000_venor_drop_shot_360x_9f7033ff-1171-4909-a4a1-5a96e59be10c.webp?v=1727253013\" alt=\"Drop Shot - Racketnow.com\" width=\"255\" height=\"255\" \/><\/p>\n<h1>DP304060<\/h1>\n<h3 data-start=\"0\" data-end=\"81\"><strong data-start=\"4\" data-end=\"79\">Raqueta de Tenis de Playa Drop Shot Power Pro 4.0 \u2013 Edici\u00f3n Ralff Abreu<\/strong><\/h3>\n<p data-start=\"82\" data-end=\"155\">\ud83d\udccc <strong data-start=\"85\" data-end=\"153\">Alta Competici\u00f3n | Formato Profesional | Firmada por Ralff Abreu<\/strong><\/p>\n<p data-start=\"157\" data-end=\"488\">La <strong data-start=\"160\" data-end=\"187\">Drop Shot Power Pro 4.0<\/strong> es una raqueta de <strong data-start=\"206\" data-end=\"226\">edici\u00f3n especial<\/strong> firmada por <strong data-start=\"239\" data-end=\"254\">Ralff Abreu<\/strong>, dise\u00f1ada para los jugadores m\u00e1s <strong data-start=\"288\" data-end=\"316\">exigentes y competitivos<\/strong> del tenis de playa. Con materiales de alta calidad y una construcci\u00f3n enfocada en <strong data-start=\"399\" data-end=\"432\">potencia, control y precisi\u00f3n<\/strong>, esta raqueta eleva el rendimiento al m\u00e1s alto nivel.<\/p>\n<hr data-start=\"490\" data-end=\"493\" \/>\n<h3 data-start=\"495\" data-end=\"532\"><strong data-start=\"499\" data-end=\"530\">\ud83d\udd39 Caracter\u00edsticas T\u00e9cnicas<\/strong><\/h3>\n<p data-start=\"533\" data-end=\"980\">\u2714 <strong data-start=\"535\" data-end=\"569\">Firma exclusiva de Ralff Abreu<\/strong><br data-start=\"569\" data-end=\"572\" \/>\u2714 <strong data-start=\"574\" data-end=\"587\">Material:<\/strong> Carbono de \u00faltima generaci\u00f3n + EVA de alta densidad<br data-start=\"639\" data-end=\"642\" \/>\u2714 <strong data-start=\"644\" data-end=\"656\">Formato:<\/strong> Profesional<br data-start=\"668\" data-end=\"671\" \/>\u2714 <strong data-start=\"673\" data-end=\"696\">Nivel de habilidad:<\/strong> Avanzado \u2013 Competici\u00f3n<br data-start=\"719\" data-end=\"722\" \/>\u2714 <strong data-start=\"724\" data-end=\"739\">Equilibrio:<\/strong> Potencia y control optimizados<br data-start=\"770\" data-end=\"773\" \/>\u2714 <strong data-start=\"775\" data-end=\"784\">Peso:<\/strong> \u00d3ptimo para velocidad y reacci\u00f3n r\u00e1pida<br data-start=\"824\" data-end=\"827\" \/>\u2714 <strong data-start=\"829\" data-end=\"840\">Tama\u00f1o:<\/strong> Talla \u00fanica<br data-start=\"852\" data-end=\"855\" \/>\u2714 <strong data-start=\"857\" data-end=\"869\">Deporte:<\/strong> Tenis de Playa<br data-start=\"884\" data-end=\"887\" \/>\u2714 <strong data-start=\"889\" data-end=\"899\">Marca:<\/strong> Drop Shot<br data-start=\"909\" data-end=\"912\" \/>\u2714 <strong data-start=\"914\" data-end=\"929\">Fabricante:<\/strong> Drop Shot SL<br data-start=\"942\" data-end=\"945\" \/>\u2714 <strong data-start=\"947\" data-end=\"964\" data-is-only-node=\"\">Departamento:<\/strong> Unisex-Adulto<\/p>\n<hr data-start=\"982\" data-end=\"985\" \/>\n<h3 data-start=\"987\" data-end=\"1025\"><strong data-start=\"991\" data-end=\"1023\">\ud83d\udd39 Construcci\u00f3n y Materiales<\/strong><\/h3>\n<p data-start=\"1027\" data-end=\"1061\">\ud83d\udd39 <strong data-start=\"1030\" data-end=\"1059\">Marco de Carbono Premium:<\/strong><\/p>\n<ul data-start=\"1062\" data-end=\"1199\">\n<li data-start=\"1062\" data-end=\"1126\">Asegura <strong data-start=\"1072\" data-end=\"1095\">durabilidad extrema<\/strong> y una estructura <strong data-start=\"1113\" data-end=\"1123\">s\u00f3lida<\/strong>.<\/li>\n<li data-start=\"1127\" data-end=\"1199\">Proporciona un equilibrio perfecto entre <strong data-start=\"1170\" data-end=\"1196\">ligereza y resistencia<\/strong>.<\/li>\n<\/ul>\n<p data-start=\"1201\" data-end=\"1238\">\ud83d\udd39 <strong data-start=\"1204\" data-end=\"1236\">N\u00facleo EVA de Alta Densidad:<\/strong><\/p>\n<ul data-start=\"1239\" data-end=\"1407\">\n<li data-start=\"1239\" data-end=\"1340\">Mejora la <strong data-start=\"1251\" data-end=\"1276\">absorci\u00f3n de impactos<\/strong>, brindando <strong data-start=\"1288\" data-end=\"1307\">mayor comodidad<\/strong> y <strong data-start=\"1310\" data-end=\"1323\">precisi\u00f3n<\/strong> en cada golpe.<\/li>\n<li data-start=\"1341\" data-end=\"1407\">Optimiza la transferencia de energ\u00eda para golpes m\u00e1s potentes.<\/li>\n<\/ul>\n<p data-start=\"1409\" data-end=\"1438\">\ud83d\udd39 <strong data-start=\"1412\" data-end=\"1436\">Formato Profesional:<\/strong><\/p>\n<ul data-start=\"1439\" data-end=\"1611\">\n<li data-start=\"1439\" data-end=\"1531\">Dise\u00f1ada para ofrecer un <strong data-start=\"1466\" data-end=\"1488\">punto dulce amplio<\/strong> y mejorar el rendimiento en competici\u00f3n.<\/li>\n<li data-start=\"1532\" data-end=\"1611\">Ideal para jugadores que buscan un <strong data-start=\"1569\" data-end=\"1608\">control preciso sin perder potencia<\/strong>.<\/li>\n<\/ul>\n<hr data-start=\"1613\" data-end=\"1616\" \/>\n<h3 data-start=\"1618\" data-end=\"1655\"><strong data-start=\"1622\" data-end=\"1653\">\ud83d\udd39 Rendimiento en la Cancha<\/strong><\/h3>\n<p data-start=\"1657\" data-end=\"1706\">\u2705 <strong data-start=\"1659\" data-end=\"1704\">Para jugadores avanzados y profesionales:<\/strong><\/p>\n<ul data-start=\"1707\" data-end=\"1861\">\n<li data-start=\"1707\" data-end=\"1779\">Dise\u00f1ada para quienes buscan <strong data-start=\"1738\" data-end=\"1776\">m\u00e1xima potencia y control absoluto<\/strong>.<\/li>\n<li data-start=\"1780\" data-end=\"1861\">Favorece un juego <strong data-start=\"1800\" data-end=\"1818\">\u00e1gil y preciso<\/strong>, ideal para competiciones de alto nivel.<\/li>\n<\/ul>\n<p data-start=\"1863\" data-end=\"1892\">\u2705 <strong data-start=\"1865\" data-end=\"1890\">Ligera y maniobrable:<\/strong><\/p>\n<ul data-start=\"1893\" data-end=\"2011\">\n<li data-start=\"1893\" data-end=\"1949\">Permite transiciones r\u00e1pidas entre defensa y ataque.<\/li>\n<li data-start=\"1950\" data-end=\"2011\">Responde de manera <strong data-start=\"1971\" data-end=\"1990\">r\u00e1pida y eficaz<\/strong> a cualquier golpe.<\/li>\n<\/ul>\n<p data-start=\"2013\" data-end=\"2062\">\u2705 <strong data-start=\"2015\" data-end=\"2060\">Edici\u00f3n especial firmada por Ralff Abreu:<\/strong><\/p>\n<ul data-start=\"2063\" data-end=\"2181\">\n<li data-start=\"2063\" data-end=\"2126\">Representa la esencia del tenis de playa al m\u00e1s alto nivel.<\/li>\n<li data-start=\"2127\" data-end=\"2181\">Dise\u00f1o exclusivo y materiales de calidad superior.<\/li>\n<\/ul>\n","protected":false},"excerpt":{"rendered":"<p>DP304060 Raqueta de Tenis de Playa Drop Shot Power Pro 4.0 \u2013 Edici\u00f3n Ralff Abreu \ud83d\udccc Alta Competici\u00f3n | Formato<\/p>\n","protected":false},"featured_media":73983,"comment_status":"open","ping_status":"closed","template":"","meta":{"nf_dc_page":""},"product_brand":[],"product_cat":[93],"product_tag":[],"class_list":{"0":"post-73982","1":"product","2":"type-product","3":"status-publish","4":"has-post-thumbnail","6":"product_cat-deportivo","8":"first","9":"instock","10":"shipping-taxable","11":"purchasable","12":"product-type-simple"},"_links":{"self":[{"href":"https:\/\/brandss.com.py\/index\/wp-json\/wp\/v2\/product\/73982","targetHints":{"allow":["GET"]}}],"collection":[{"href":"https:\/\/brandss.com.py\/index\/wp-json\/wp\/v2\/product"}],"about":[{"href":"https:\/\/brandss.com.py\/index\/wp-json\/wp\/v2\/types\/product"}],"replies":[{"embeddable":true,"href":"https:\/\/brandss.com.py\/index\/wp-json\/wp\/v2\/comments?post=73982"}],"version-history":[{"count":1,"href":"https:\/\/brandss.com.py\/index\/wp-json\/wp\/v2\/product\/73982\/revisions"}],"predecessor-version":[{"id":73992,"href":"https:\/\/brandss.com.py\/index\/wp-json\/wp\/v2\/product\/73982\/revisions\/73992"}],"wp:featuredmedia":[{"embeddable":true,"href":"https:\/\/brandss.com.py\/index\/wp-json\/wp\/v2\/media\/73983"}],"wp:attachment":[{"href":"https:\/\/brandss.com.py\/index\/wp-json\/wp\/v2\/media?parent=73982"}],"wp:term":[{"taxonomy":"product_brand","embeddable":true,"href":"https:\/\/brandss.com.py\/index\/wp-json\/wp\/v2\/product_brand?post=73982"},{"taxonomy":"product_cat","embeddable":true,"href":"https:\/\/brandss.com.py\/index\/wp-json\/wp\/v2\/product_cat?post=73982"},{"taxonomy":"product_tag","embeddable":true,"href":"https:\/\/brandss.com.py\/index\/wp-json\/wp\/v2\/product_tag?post=73982"}],"curies":[{"name":"wp","href":"https:\/\/api.w.org\/{rel}","templated":true}]}}