{"id":74027,"date":"2025-02-28T18:21:44","date_gmt":"2025-02-28T18:21:44","guid":{"rendered":"https:\/\/brandss.com.py\/index\/?post_type=product&#038;p=74027"},"modified":"2025-03-08T12:39:36","modified_gmt":"2025-03-08T12:39:36","slug":"control-sony-dualsense-wireless-ps5","status":"publish","type":"product","link":"https:\/\/brandss.com.py\/index\/producto\/control-sony-dualsense-wireless-ps5\/","title":{"rendered":"CONTROL SONY DUALSENSE WIRELESS PS5"},"content":{"rendered":"<p><img loading=\"lazy\" decoding=\"async\" class=\"\" src=\"https:\/\/cdn.freebiesupply.com\/images\/thumbs\/2x\/sony-logo.png\" alt=\"Sony Logo PNG Transparent &amp; SVG Vector - Freebie Supply\" width=\"93\" height=\"70\" \/><\/p>\n<h1>DUALSENSE<\/h1>\n<p>Enciende tus noches de juego en tu consola PS5\u2122 con el control inal\u00e1mbrico DualSense Midnight Black. Descubre una experiencia de juego m\u00e1s profunda y altamente inmersiva* que hace que toda la acci\u00f3n cobre vida en las palmas de tus manos.<\/p>\n<h3 class=\"sony-text-h3\"><span>Aumenta tus sentidos\u2122<\/span><\/h3>\n<div class=\"sony-text-body-1\">\n<p>&nbsp;<\/p>\n<p><b>Da vida a los mundos de los juegos<\/b><\/p>\n<p>Siente tus acciones y el entorno del juego simulados a trav\u00e9s de retroalimentaci\u00f3n h\u00e1ptica.**<\/p>\n<p>Experimente distintas fuerzas y tensiones al alcance de su mano con gatillos adaptables.**<\/p>\n<p>&nbsp;<\/p>\n<p><b>Encuentra tu voz, comparte tu pasi\u00f3n<\/b><\/p>\n<p>Chatea en l\u00ednea a trav\u00e9s del micr\u00f3fono incorporado.***<\/p>\n<p>Conecte unos auriculares directamente a trav\u00e9s del conector de 3,5 mm.<\/p>\n<p>Active y desactive la captura de voz utilizando el bot\u00f3n de silencio dedicado.<\/p>\n<p>Graba y transmite tus momentos \u00e9picos de juego con el bot\u00f3n crear***.<\/p>\n<p>&nbsp;<\/p>\n<p><b>Conectividad multidispositivo<\/b><\/p>\n<p>Con\u00e9ctate mediante un cable USB Type-C\u00ae o tecnolog\u00eda Bluetooth\u00ae y juega f\u00e1cilmente en m\u00e1s dispositivos, incluidos ordenadores Windows PC y Mac\u00ae, y tel\u00e9fonos m\u00f3viles Android e iOS. Mejora los juegos de PC con funciones avanzadas como respuesta h\u00e1ptica y gatillos adaptativos en una variedad de t\u00edtulos de gran \u00e9xito para PC**. Transmite juegos desde tu consola PS5\u00ae o PS4\u2122 a tu PC y otros dispositivos a trav\u00e9s de la aplicaci\u00f3n PS Remote Play****** y juega con el mando DualSense\u00ae.<\/p>\n<p>&nbsp;<\/p>\n<p><b>Un icono del gaming en tus manos<\/b><\/p>\n<p>Disfruta de un dise\u00f1o c\u00f3modo y evolucionado con una disposici\u00f3n ic\u00f3nica y palos mejorados.<\/p>\n<p>Carga y juega con una bater\u00eda incorporada y USB Tipo-C****.<\/p>\n<p>Interact\u00fae intuitivamente con juegos seleccionados utilizando el sensor de movimiento integrado.<\/p>\n<p>Escuche efectos de sonido de mayor fidelidad* a trav\u00e9s del altavoz incorporado en los juegos compatibles.<\/p>\n<h3><\/h3>\n<h3 class=\"visby-bold f40-home texto-madrid bold mb-2\">Especificaciones<\/h3>\n<div class=\"w-100 rounded20 bordinha-cinza mt-3 mb-5\">\n<div id=\"item_product2\" class=\"col-12 item_product active\">\n<div class=\"col-12 box_detail\">\n<div class=\"col-12 item_detail item_dark \">\n<div class=\"col-6 item\">Marca: Sony.<\/div>\n<\/div>\n<div class=\"col-12 item_detail \">\n<div class=\"col-6 item\">Color: Midnight.<\/div>\n<\/div>\n<div class=\"col-12 item_detail item_dark \">\n<div class=\"col-6 item\">Compatibilidad: PlayStation 5.<\/div>\n<\/div>\n<div class=\"col-12 item_detail \">\n<div class=\"col-6 item\">Modelo: DualSense Wireless Controller.<\/div>\n<\/div>\n<div class=\"col-12 item_detail item_dark \">\n<div class=\"col-6 item\">Conectividad: Bluetooth 5.0.<\/div>\n<\/div>\n<div class=\"col-12 item_detail \">\n<div class=\"col-6 item\">Interfaz: 3.5mm.<\/div>\n<\/div>\n<div class=\"col-12 item_detail item_dark \">\n<div class=\"col-6 item\">Alimentaci\u00f3n: USB Tipo-C.<\/div>\n<\/div>\n<div class=\"col-12 item_detail \">\n<div class=\"col-6 item\">Dimensiones del Embalaje: 19.40 cm X 18.80 cm X 6.90 cm.<\/div>\n<\/div>\n<div class=\"col-12 item_detail item_dark \">\n<div class=\"col-6 item\">Peso Bruto: 0.440 kg.<\/div>\n<\/div>\n<\/div>\n<\/div>\n<\/div>\n<\/div>\n","protected":false},"excerpt":{"rendered":"<p>DUALSENSE Enciende tus noches de juego en tu consola PS5\u2122 con el control inal\u00e1mbrico DualSense Midnight Black. Descubre una experiencia<\/p>\n","protected":false},"featured_media":74035,"comment_status":"open","ping_status":"closed","template":"","meta":{"nf_dc_page":""},"product_brand":[],"product_cat":[89],"product_tag":[],"class_list":{"0":"post-74027","1":"product","2":"type-product","3":"status-publish","4":"has-post-thumbnail","6":"product_cat-electronicos","8":"first","9":"instock","10":"shipping-taxable","11":"purchasable","12":"product-type-simple"},"_links":{"self":[{"href":"https:\/\/brandss.com.py\/index\/wp-json\/wp\/v2\/product\/74027","targetHints":{"allow":["GET"]}}],"collection":[{"href":"https:\/\/brandss.com.py\/index\/wp-json\/wp\/v2\/product"}],"about":[{"href":"https:\/\/brandss.com.py\/index\/wp-json\/wp\/v2\/types\/product"}],"replies":[{"embeddable":true,"href":"https:\/\/brandss.com.py\/index\/wp-json\/wp\/v2\/comments?post=74027"}],"version-history":[{"count":1,"href":"https:\/\/brandss.com.py\/index\/wp-json\/wp\/v2\/product\/74027\/revisions"}],"predecessor-version":[{"id":74043,"href":"https:\/\/brandss.com.py\/index\/wp-json\/wp\/v2\/product\/74027\/revisions\/74043"}],"wp:featuredmedia":[{"embeddable":true,"href":"https:\/\/brandss.com.py\/index\/wp-json\/wp\/v2\/media\/74035"}],"wp:attachment":[{"href":"https:\/\/brandss.com.py\/index\/wp-json\/wp\/v2\/media?parent=74027"}],"wp:term":[{"taxonomy":"product_brand","embeddable":true,"href":"https:\/\/brandss.com.py\/index\/wp-json\/wp\/v2\/product_brand?post=74027"},{"taxonomy":"product_cat","embeddable":true,"href":"https:\/\/brandss.com.py\/index\/wp-json\/wp\/v2\/product_cat?post=74027"},{"taxonomy":"product_tag","embeddable":true,"href":"https:\/\/brandss.com.py\/index\/wp-json\/wp\/v2\/product_tag?post=74027"}],"curies":[{"name":"wp","href":"https:\/\/api.w.org\/{rel}","templated":true}]}}