{"id":74057,"date":"2025-02-28T19:07:43","date_gmt":"2025-02-28T19:07:43","guid":{"rendered":"https:\/\/brandss.com.py\/index\/?post_type=product&#038;p=74057"},"modified":"2025-02-28T19:14:07","modified_gmt":"2025-02-28T19:14:07","slug":"control-microsoft-xbox-one-series-x-s-wireless-white","status":"publish","type":"product","link":"https:\/\/brandss.com.py\/index\/producto\/control-microsoft-xbox-one-series-x-s-wireless-white\/","title":{"rendered":"CONTROL MICROSOFT XBOX ONE SERIES X-S WIRELESS WHITE"},"content":{"rendered":"<p><img loading=\"lazy\" decoding=\"async\" class=\"\" src=\"https:\/\/i0.wp.com\/download.logo.wine\/logo\/Microsoft\/Microsoft-Logo.wine.png?resize=99%2C66&amp;ssl=1\" alt=\"Download Microsoft Logo in SVG Vector or PNG File Format - Logo.wine\" width=\"99\" height=\"66\" data-recalc-dims=\"1\" \/><\/p>\n<h1>XBOX ONE SERIES X-S<\/h1>\n<p>El control para Console Microsoft 1914 es compatible con Xbox y cuenta con conectividad Bluetooth. Con un dise\u00f1o ergon\u00f3mico y caracter\u00edsticas avanzadas, ofrece una experiencia de juego envolvente y personalizada, ideal para los gamers que buscan comodidad y rendimiento.<\/p>\n<h2 class=\"c-heading\">Mejora tu juego<\/h2>\n<div class=\"wp-video\">\n<div style=\"width: 1600px;\" class=\"wp-video\"><video class=\"wp-video-shortcode\" id=\"video-74057-1\" width=\"1600\" height=\"808\" preload=\"metadata\" controls=\"controls\"><source type=\"video\/mp4\" src=\"https:\/\/brandss.com.py\/index\/wp-content\/uploads\/2025\/02\/c9c88928-c23e-4162-90b1-120d2f2ada96.mp4?_=1\" \/><a href=\"https:\/\/brandss.com.py\/index\/wp-content\/uploads\/2025\/02\/c9c88928-c23e-4162-90b1-120d2f2ada96.mp4\">https:\/\/brandss.com.py\/index\/wp-content\/uploads\/2025\/02\/c9c88928-c23e-4162-90b1-120d2f2ada96.mp4<\/a><\/video><\/div>\n<\/div>\n<p class=\"c-paragraph\">Experimente el dise\u00f1o modernizado del control inal\u00e1mbrico Xbox, que cuenta con superficies esculpidas y geometr\u00eda refinada para una mayor comodidad durante el juego. Mantenga el objetivo con un agarre texturizado y un pad direccional h\u00edbrido. Capture y comparta contenido sin problemas con un bot\u00f3n dedicado para compartir. Empareje, juegue y cambie r\u00e1pidamente entre dispositivos, incluidos Xbox Series X|S, Xbox One, Windows PC, Android e iOS.<\/p>\n<div class=\"pad48\" data-grid=\"container\" data-bi-id=\"m1r8a3\" data-bi-name=\"m1r8a3\">\n<section class=\"m-feature f-align-center \" data-bi-id=\"c1m1r8a3\" data-bi-name=\"c1m1r8a3\">\n<h2 class=\"c-heading\">Bot\u00f3n para compartir dedicado<\/h2>\n<p class=\"c-paragraph-2\">Capture y comparta contenido sin problemas, como capturas de pantalla, grabaciones y m\u00e1s, con el nuevo bot\u00f3n Compartir.<\/p>\n<h2 class=\"c-heading-3 \">Mantenerse en el objetivo<\/h2>\n<p class=\"c-paragraph-2\">Mant\u00e9ngase concentrado con el nuevo pad direccional h\u00edbrido, agarre texturizado en los gatillos, parachoques y carcasa trasera.<\/p>\n<h2 class=\"c-heading-3\">Cambiar dispositivos<\/h2>\n<p class=\"c-subheading-4\">Empareje y cambie f\u00e1cilmente entre dispositivos, incluidos Xbox Series X, Xbox Series S, Xbox One, PC con Windows, Android e iOS.<\/p>\n<h2 class=\"c-heading\">Compatibilidad<\/h2>\n<p class=\"c-subheading-4\">Incluye tecnolog\u00eda Xbox Wireless y Bluetooth\u00ae para jugar de forma inal\u00e1mbrica en consolas, PC, tel\u00e9fonos m\u00f3viles y tabletas. Conecta cualquier auricular compatible con el conector para auriculares est\u00e9reo de 3,5 mm.<\/p>\n<div data-grid=\"col-6\" data-bi-id=\"c3c1m2r11a3\" data-bi-name=\"c3c1m2r11a3\">\n<h2 class=\"c-table f-divided\">Conectividad<\/h2>\n<div class=\"c-table f-divided\">Con\u00e9ctate a las consolas Xbox con Xbox Wireless. Con\u00e9ctate de forma inal\u00e1mbrica a PC con Windows 10\/11, tabletas, iOS y Android mediante Bluetooth.<\/div>\n<div><\/div>\n<h2 class=\"c-table f-divided\">Compatible con<\/h2>\n<p class=\"c-table f-divided\">Xbox Series X, Xbox Series S, Xbox One, Windows 10\/11, Android e iOS.<\/p>\n<h2 class=\"c-table f-divided\">Bater\u00eda<\/h2>\n<p class=\"c-table f-divided\">Pilas AA para hasta 40 horas de duraci\u00f3n de la bater\u00eda<\/p>\n<h3 class=\"visby-bold f40-home texto-madrid bold mb-2\">Especificaciones<\/h3>\n<div class=\"w-100 rounded20 bordinha-cinza mt-3 mb-5\">\n<div id=\"item_product2\" class=\"col-12 item_product active\">\n<div class=\"col-12 box_detail\">\n<div class=\"col-12 item_detail item_dark \">\n<div class=\"col-6 item\">\n<div class=\"w-100 rounded20 bordinha-cinza mt-3 mb-5\">\n<div id=\"item_product2\" class=\"col-12 item_product active\">\n<div class=\"col-12 box_detail\">\n<div class=\"col-12 item_detail item_dark \">\n<div class=\"col-6 item\">Marca: Microsoft<\/div>\n<\/div>\n<div class=\"col-12 item_detail \">\n<div class=\"col-6 item\">Modelo: 1914<\/div>\n<\/div>\n<div class=\"col-12 item_detail item_dark \">\n<div class=\"col-6 item\">Color: Blanco<\/div>\n<\/div>\n<div class=\"col-12 item_detail \">\n<div class=\"col-6 item\">Compatibilidad: Xbox X\/S\/One &#8211; Windows 10\/11 &#8211; Android\/iOS<\/div>\n<\/div>\n<div class=\"col-12 item_detail item_dark \">\n<div class=\"col-6 item\">Conectividad: Bluetooth<\/div>\n<\/div>\n<div class=\"col-12 item_detail \">\n<div class=\"col-6 item\">Interfaz:USB Tipo C &#8211; AUX 3.5mm<\/div>\n<\/div>\n<div class=\"col-12 item_detail item_dark \">\n<div class=\"col-6 item\">Alimentaci\u00f3n: 2x Pilas AA<\/div>\n<\/div>\n<div class=\"col-12 item_detail \">\n<div class=\"col-6 item\">Dimensiones del Embalaje: 17.50 cm X 17.50 cm X 7.50 cm<\/div>\n<\/div>\n<div class=\"col-12 item_detail item_dark \">\n<div class=\"col-6 item\">Peso Bruto: 0.450 kg<\/div>\n<\/div>\n<\/div>\n<\/div>\n<\/div>\n<\/div>\n<\/div>\n<\/div>\n<\/div>\n<\/div>\n<\/div>\n<\/section>\n<\/div>\n","protected":false},"excerpt":{"rendered":"<p>XBOX ONE SERIES X-S El control para Console Microsoft 1914 es compatible con Xbox y cuenta con conectividad Bluetooth. Con<\/p>\n","protected":false},"featured_media":74058,"comment_status":"open","ping_status":"closed","template":"","meta":{"nf_dc_page":""},"product_brand":[],"product_cat":[89],"product_tag":[],"class_list":{"0":"post-74057","1":"product","2":"type-product","3":"status-publish","4":"has-post-thumbnail","6":"product_cat-electronicos","8":"first","9":"instock","10":"shipping-taxable","11":"purchasable","12":"product-type-simple"},"_links":{"self":[{"href":"https:\/\/brandss.com.py\/index\/wp-json\/wp\/v2\/product\/74057","targetHints":{"allow":["GET"]}}],"collection":[{"href":"https:\/\/brandss.com.py\/index\/wp-json\/wp\/v2\/product"}],"about":[{"href":"https:\/\/brandss.com.py\/index\/wp-json\/wp\/v2\/types\/product"}],"replies":[{"embeddable":true,"href":"https:\/\/brandss.com.py\/index\/wp-json\/wp\/v2\/comments?post=74057"}],"version-history":[{"count":3,"href":"https:\/\/brandss.com.py\/index\/wp-json\/wp\/v2\/product\/74057\/revisions"}],"predecessor-version":[{"id":74067,"href":"https:\/\/brandss.com.py\/index\/wp-json\/wp\/v2\/product\/74057\/revisions\/74067"}],"wp:featuredmedia":[{"embeddable":true,"href":"https:\/\/brandss.com.py\/index\/wp-json\/wp\/v2\/media\/74058"}],"wp:attachment":[{"href":"https:\/\/brandss.com.py\/index\/wp-json\/wp\/v2\/media?parent=74057"}],"wp:term":[{"taxonomy":"product_brand","embeddable":true,"href":"https:\/\/brandss.com.py\/index\/wp-json\/wp\/v2\/product_brand?post=74057"},{"taxonomy":"product_cat","embeddable":true,"href":"https:\/\/brandss.com.py\/index\/wp-json\/wp\/v2\/product_cat?post=74057"},{"taxonomy":"product_tag","embeddable":true,"href":"https:\/\/brandss.com.py\/index\/wp-json\/wp\/v2\/product_tag?post=74057"}],"curies":[{"name":"wp","href":"https:\/\/api.w.org\/{rel}","templated":true}]}}