{"id":74068,"date":"2025-03-01T10:35:36","date_gmt":"2025-03-01T10:35:36","guid":{"rendered":"https:\/\/brandss.com.py\/index\/?post_type=product&#038;p=74068"},"modified":"2026-03-06T13:21:25","modified_gmt":"2026-03-06T13:21:25","slug":"altavoz-portatil-jbl-boombox-3-black","status":"publish","type":"product","link":"https:\/\/brandss.com.py\/index\/producto\/altavoz-portatil-jbl-boombox-3-black\/","title":{"rendered":"ALTAVOZ PORT\u00c1TIL JBL BOOMBOX 3 180W RMS BT BLACK"},"content":{"rendered":"<p><img loading=\"lazy\" decoding=\"async\" class=\"\" src=\"https:\/\/1000marcas.net\/wp-content\/uploads\/2020\/02\/logo-JBL.png\" alt=\"JBL Logo - s\u00edmbolo, significado logotipo, historia, PNG\" width=\"119\" height=\"67\" \/><\/p>\n<h1>BOOMBOX 3<\/h1>\n<h4>Sonido arrollador. Durante todo el d\u00eda.<\/h4>\n<div class=\"spec-row\"><span class=\"spec-key -full\">Hemos mejorado a\u00fan m\u00e1s nuestro altavoz Bluetooth port\u00e1til m\u00e1s potente. La ic\u00f3nica silueta del JBL Boombox 3 presenta una nueva y atrevida versi\u00f3n con un resistente asa de metal y empu\u00f1aduras de silicona, dos tapas laterales y un tejido resistente al agua y al polvo. Tambi\u00e9n se ha redise\u00f1ado el interior, con un nuevo subwoofer que ofrece graves mucho m\u00e1s profundos y el arrollador JBL Original Pro Sound, todo ello con menor distorsi\u00f3n. Gracias a las 24 horas de tiempo de reproducci\u00f3n, podr\u00e1 acompa\u00f1arte desde el entrenamiento de la ma\u00f1ana hasta la cita nocturna con tus amigos. Y para disfrutar de un sonido pr\u00e1cticamente ilimitado, puedes conectar varios altavoces con la aplicaci\u00f3n JBL Portable.<\/span><\/div>\n<div>\n<div class=\"expanded-feature -lifestyle in-view\">\n<div class=\"imagery\"><img loading=\"lazy\" decoding=\"async\" class=\"alignleft\" src=\"https:\/\/uy.jbl.com\/on\/demandware.static\/-\/Sites-masterCatalog_Harman\/default\/dw10ef940a\/pdp\/JBL_Boombox_3_Lifestyle02_904x560px.png\" alt=\"Sonido arrollador y graves m\u00e1s profundos\" width=\"500\" height=\"310\" data-src=\"\/on\/demandware.static\/-\/Sites-masterCatalog_Harman\/default\/dw10ef940a\/pdp\/JBL_Boombox_3_Lifestyle02_904x560px.png\" \/><\/div>\n<div class=\"copy\">\n<h3><\/h3>\n<h3>Sonido arrollador y graves m\u00e1s profundos<\/h3>\n<p>Disfruta de tu m\u00fasica con el arrollador JBL Original Pro Sound. Estos nuevos altavoces de 3 v\u00edas ofrecen nuestro dise\u00f1o ac\u00fastico con una mayor sensibilidad, que mejora la nitidez a la vez que reduce la distorsi\u00f3n de los graves m\u00e1s intensos y un amplio espectro de audio, sin importar cu\u00e1nto subas el volumen.<\/p>\n<\/div>\n<\/div>\n<div class=\"expanded-feature -lifestyle in-view\">\n<div class=\"imagery\"><img loading=\"lazy\" decoding=\"async\" class=\"alignright\" src=\"https:\/\/uy.jbl.com\/on\/demandware.static\/-\/Sites-masterCatalog_Harman\/default\/dw0efbe09b\/pdp\/JBL_Boombox_3_Lifestyle01_904x560px.png\" alt=\"24\u00a0horas de bater\u00eda\" width=\"500\" height=\"310\" data-src=\"\/on\/demandware.static\/-\/Sites-masterCatalog_Harman\/default\/dw0efbe09b\/pdp\/JBL_Boombox_3_Lifestyle01_904x560px.png\" \/><\/div>\n<div class=\"copy\">\n<h3><\/h3>\n<h3><\/h3>\n<h3>24\u00a0horas de bater\u00eda<\/h3>\n<p>Celebra cada momento con los sonidos que m\u00e1s te gustan. Desde el entrenamiento de la ma\u00f1ana hasta la cita nocturna con tus amigos, hemos a\u00f1adido 24 horas de bater\u00eda para que no pierdas el ritmo durante todo el d\u00eda.<\/p>\n<\/div>\n<\/div>\n<div class=\"expanded-feature -lifestyle not-in-view\">\n<div class=\"imagery\"><img loading=\"lazy\" decoding=\"async\" class=\"alignleft\" src=\"https:\/\/uy.jbl.com\/on\/demandware.static\/-\/Sites-masterCatalog_Harman\/default\/dw9d8763ef\/pdp\/JBL_Boombox_3_Lifestyle03_904x560px.png\" alt=\"Resistente al polvo y el agua con certificaci\u00f3n IP67\" width=\"500\" height=\"310\" data-src=\"\/on\/demandware.static\/-\/Sites-masterCatalog_Harman\/default\/dw9d8763ef\/pdp\/JBL_Boombox_3_Lifestyle03_904x560px.png\" \/><\/div>\n<div class=\"copy\">\n<h3><\/h3>\n<h3><\/h3>\n<h3><\/h3>\n<h3><\/h3>\n<h3>Resistente al polvo y el agua con certificaci\u00f3n IP67<\/h3>\n<p>Para ir a la piscina. Para ir al parque. El JBL Boombox 3 es resistente al polvo y al agua conforme a la norma\u00a0IP67 para que puedas llevar tu altavoz a cualquier parte.<\/p>\n<\/div>\n<div class=\"spec-accordion  -active\">\n<h3><\/h3>\n<h3>Caracter\u00edsticas generales<\/h3>\n<div class=\"accordion-content\">\n<div class=\"spec-row\"><span class=\"spec-key\">Potencia de salida: <\/span><span class=\"spec-value\">1x80W RMS-subwoofer + 2x40W RMS-midrange + 2x10W RMS-tweeter (AC mode) 1x60W RMS-subwoofer + 2x30W RMS-midrange + 2x8W RMS-tweeter (Battery mode)<\/span><\/div>\n<\/div>\n<\/div>\n<div class=\"spec-accordion  -active\">\n<h3>Caracter\u00edsticas Audio<\/h3>\n<div class=\"accordion-content\">\n<div class=\"spec-row\"><span class=\"spec-key\">Respuesta de frecuencia din\u00e1mica: <\/span><span class=\"spec-value\">40 Hz &#8211; 20k Hz<\/span><\/div>\n<div>\n<h3>Caracter\u00edsticas de control y conexi\u00f3n<\/h3>\n<div class=\"accordion-content\">\n<div class=\"spec-row\"><span class=\"spec-key\">Perfiles Bluetooth: <\/span><span class=\"spec-value\">A2DP 1.3, AVRCP 1.6<\/span><\/div>\n<div class=\"spec-row\"><span class=\"spec-key\">Rango de frecuencia de transmisi\u00f3n Bluetooth: <\/span><span class=\"spec-value\">2.402GHz &#8211; 2.480GHz<\/span><\/div>\n<div class=\"spec-row\"><span class=\"spec-key\">Transmisi\u00f3n de modulaci\u00f3n GFSK v\u00eda Bluetooth: <\/span><span class=\"spec-value\">GFSK, \u03c0\/4 DQPSK, 8DPSK<\/span><\/div>\n<div class=\"spec-row\"><span class=\"spec-key\">Potencia de transmisi\u00f3n Bluetooth: <\/span><span class=\"spec-value\">\u2264 9 dBm (EIRP)<\/span><\/div>\n<div class=\"spec-row\"><span class=\"spec-key\">Versi\u00f3n Bluetooth: <\/span><span class=\"spec-value\">5.3<\/span><\/div>\n<div>\n<div class=\"spec-accordion  -active\">\n<h3>Caracter\u00edsticas<\/h3>\n<div class=\"accordion-content\">\n<div class=\"spec-row\"><span class=\"spec-key\">Entrada de cable de audio de 3,5 mm: <\/span><span class=\"spec-value\">S\u00ed<\/span><\/div>\n<div class=\"spec-row\"><span class=\"spec-key\">Bluetooth: <\/span><span class=\"spec-value\">S\u00ed<\/span><\/div>\n<div class=\"spec-row\"><span class=\"spec-key\">Charging cable: <\/span><span class=\"spec-value\">S\u00ed<\/span><\/div>\n<div class=\"spec-row\"><span class=\"spec-key\">JBL PartyBoost: <\/span><span class=\"spec-value\">S\u00ed<\/span><\/div>\n<div class=\"spec-row\"><span class=\"spec-key\">USB para carga de dispositivos m\u00f3viles: <\/span><span class=\"spec-value\">S\u00ed<\/span><\/div>\n<div class=\"spec-row\"><span class=\"spec-key\">A prueba de agua: <\/span><span class=\"spec-value\">S\u00ed<\/span><\/div>\n<div class=\"spec-row\"><span class=\"spec-key\">Wireless: <\/span><span class=\"spec-value\">S\u00ed<\/span><\/div>\n<div class=\"spec-row\"><span class=\"spec-key\">Bater\u00eda recargable: <\/span><span class=\"spec-value\">S\u00ed<\/span><\/div>\n<div class=\"spec-row\"><span class=\"spec-key\">Certificaci\u00f3n: IPX<\/span><span class=\"spec-value\">IP67<\/span><\/div>\n<\/div>\n<\/div>\n<div class=\"spec-accordion -active\">\n<h3>Contenido de la caja<\/h3>\n<div class=\"accordion-content\">\n<div class=\"box-contents\">\n<ul class=\"bulleted\">\n<li>1 JBL Boombox 3<\/li>\n<li>Cable de alimentaci\u00f3n de CA (el enchufe de CA y la cantidad cambia seg\u00fan la regi\u00f3n)<\/li>\n<li>1 gu\u00eda de inicio r\u00e1pido<\/li>\n<li>1 hoja de seguridad<\/li>\n<li>1 tarjeta de\u00a0garant\u00eda<\/li>\n<\/ul>\n<\/div>\n<\/div>\n<\/div>\n<\/div>\n<\/div>\n<\/div>\n<\/div>\n<\/div>\n<\/div>\n<\/div>\n","protected":false},"excerpt":{"rendered":"<p>BOOMBOX 3 Sonido arrollador. Durante todo el d\u00eda. Hemos mejorado a\u00fan m\u00e1s nuestro altavoz Bluetooth port\u00e1til m\u00e1s potente. La ic\u00f3nica<\/p>\n","protected":false},"featured_media":74069,"comment_status":"open","ping_status":"closed","template":"","meta":{"nf_dc_page":""},"product_brand":[541],"product_cat":[89],"product_tag":[993],"class_list":{"0":"post-74068","1":"product","2":"type-product","3":"status-publish","4":"has-post-thumbnail","6":"product_brand-jbl","7":"product_cat-electronicos","8":"product_tag-993","10":"first","11":"outofstock","12":"sale","13":"shipping-taxable","14":"purchasable","15":"product-type-simple"},"_links":{"self":[{"href":"https:\/\/brandss.com.py\/index\/wp-json\/wp\/v2\/product\/74068","targetHints":{"allow":["GET"]}}],"collection":[{"href":"https:\/\/brandss.com.py\/index\/wp-json\/wp\/v2\/product"}],"about":[{"href":"https:\/\/brandss.com.py\/index\/wp-json\/wp\/v2\/types\/product"}],"replies":[{"embeddable":true,"href":"https:\/\/brandss.com.py\/index\/wp-json\/wp\/v2\/comments?post=74068"}],"version-history":[{"count":3,"href":"https:\/\/brandss.com.py\/index\/wp-json\/wp\/v2\/product\/74068\/revisions"}],"predecessor-version":[{"id":75253,"href":"https:\/\/brandss.com.py\/index\/wp-json\/wp\/v2\/product\/74068\/revisions\/75253"}],"wp:featuredmedia":[{"embeddable":true,"href":"https:\/\/brandss.com.py\/index\/wp-json\/wp\/v2\/media\/74069"}],"wp:attachment":[{"href":"https:\/\/brandss.com.py\/index\/wp-json\/wp\/v2\/media?parent=74068"}],"wp:term":[{"taxonomy":"product_brand","embeddable":true,"href":"https:\/\/brandss.com.py\/index\/wp-json\/wp\/v2\/product_brand?post=74068"},{"taxonomy":"product_cat","embeddable":true,"href":"https:\/\/brandss.com.py\/index\/wp-json\/wp\/v2\/product_cat?post=74068"},{"taxonomy":"product_tag","embeddable":true,"href":"https:\/\/brandss.com.py\/index\/wp-json\/wp\/v2\/product_tag?post=74068"}],"curies":[{"name":"wp","href":"https:\/\/api.w.org\/{rel}","templated":true}]}}