{"id":74092,"date":"2025-03-01T11:18:14","date_gmt":"2025-03-01T11:18:14","guid":{"rendered":"https:\/\/brandss.com.py\/index\/?post_type=product&#038;p=74092"},"modified":"2026-02-13T10:59:53","modified_gmt":"2026-02-13T10:59:53","slug":"calzado-casulal-masculino-fila-lifestyle-moda-acd-classic","status":"publish","type":"product","link":"https:\/\/brandss.com.py\/index\/producto\/calzado-casulal-masculino-fila-lifestyle-moda-acd-classic\/","title":{"rendered":"CALZADO CASUAL MASCULINO FILA LIFESTYLE MODA ACD-CLASSIC"},"content":{"rendered":"<p><img loading=\"lazy\" decoding=\"async\" class=\"\" src=\"https:\/\/1000marcas.net\/wp-content\/uploads\/2019\/12\/logo-Fila.png\" alt=\"Logo de Fila: la historia y el significado del logotipo, la ...\" width=\"320\" height=\"180\" \/><\/p>\n<h1>FO1LOO207-4955<\/h1>\n<div class=\"flex max-w-full flex-col flex-grow\">\n<div class=\"min-h-8 text-message relative flex w-full flex-col items-end gap-2 whitespace-normal break-words text-start [.text-message+&amp;]:mt-5\" dir=\"auto\" data-message-author-role=\"assistant\" data-message-id=\"dececc60-3f51-4ffd-a1f6-84008cd7a9ed\" data-message-model-slug=\"gpt-4o\">\n<div class=\"flex w-full flex-col gap-1 empty:hidden first:pt-[3px]\">\n<div class=\"markdown prose w-full break-words dark:prose-invert light\">\n<h3 data-start=\"0\" data-end=\"71\"><strong data-start=\"4\" data-end=\"69\">Fila Lifestyle Masculino Moda ACD Classic Black\/Vaporous Grey<\/strong><\/h3>\n<p data-start=\"73\" data-end=\"453\">Inspirada en el dise\u00f1o ic\u00f3nico de la <strong data-start=\"110\" data-end=\"124\">Arcade Low<\/strong> , la <strong data-start=\"129\" data-end=\"149\">Fila ACD Classic<\/strong> es una zapatilla que combina estilo retro con un toque moderno, ideal para quienes buscan destacar en la moda urbana sin sacrificar la comodidad. Su dise\u00f1o minimalista y sofisticado la convierte en una opci\u00f3n vers\u00e1til, perfecta tanto para el d\u00eda a d\u00eda como para complementar un look streetwear aut\u00e9ntico.<\/p>\n<h3 data-start=\"455\" data-end=\"492\"><strong data-start=\"459\" data-end=\"490\">Caracter\u00edsticas destacadas:<\/strong><\/h3>\n<p data-start=\"494\" data-end=\"659\">\u2714 <strong data-start=\"496\" data-end=\"527\">Dise\u00f1o atemporal y vers\u00e1til<\/strong> : Con una est\u00e9tica cl\u00e1sica y refinada, esta zapatilla se adapta a m\u00faltiples estilos, desde los m\u00e1s casuales hasta los m\u00e1s urbanos.<\/p>\n<p data-start=\"661\" data-end=\"812\">\u2714 <strong data-start=\"663\" data-end=\"694\">Colores sobrios y elegantes<\/strong> : La combinaci\u00f3n de <strong data-start=\"714\" data-end=\"737\">Black\/Vaporous Grey<\/strong> proporciona un aspecto moderno y f\u00e1cil de combinar con cualquier outfit.<\/p>\n<p data-start=\"814\" data-end=\"1000\">\u2714 <strong data-start=\"816\" data-end=\"846\">Materiales de alta calidad<\/strong> : Fabricada con materiales resistentes, ofrece una excelente durabilidad, garantizando un calzado que se mantiene en \u00f3ptimas condiciones por m\u00e1s tiempo.<\/p>\n<p data-start=\"1002\" data-end=\"1147\">\u2714 <strong data-start=\"1004\" data-end=\"1027\">Comodidad asegurada<\/strong> : Su estructura ergon\u00f3mica brinda un ajuste c\u00f3modo y preciso, permitiendo una sensaci\u00f3n agradable durante todo el d\u00eda.<\/p>\n<p data-start=\"1149\" data-end=\"1268\">\u2714 <strong data-start=\"1151\" data-end=\"1179\">Suela de goma resistente<\/strong> : Proporciona una tracci\u00f3n superior, mejorando la estabilidad y seguridad en cada paso.<\/p>\n<p data-start=\"1270\" data-end=\"1503\" data-is-last-node=\"\" data-is-only-node=\"\">Ya sea para una salida casual, una caminata por la ciudad o simplemente para lucir un look moderno, la <strong data-start=\"1373\" data-end=\"1393\">Fila ACD Classic<\/strong> es la opci\u00f3n ideal para quienes buscan un equilibrio perfecto entre <strong data-start=\"1462\" data-end=\"1497\">moda, comodidad y funcionalidad<\/strong> . \ud83d\udc5f\ud83d\udd25<\/p>\n<\/div>\n<\/div>\n<\/div>\n<\/div>\n","protected":false},"excerpt":{"rendered":"<p>FO1LOO207-4955 Fila Lifestyle Masculino Moda ACD Classic Black\/Vaporous Grey Inspirada en el dise\u00f1o ic\u00f3nico de la Arcade Low , la<\/p>\n","protected":false},"featured_media":74093,"comment_status":"open","ping_status":"closed","template":"","meta":{"nf_dc_page":""},"product_brand":[],"product_cat":[76],"product_tag":[],"class_list":{"0":"post-74092","1":"product","2":"type-product","3":"status-publish","4":"has-post-thumbnail","6":"product_cat-masculino","8":"first","9":"instock","10":"shipping-taxable","11":"purchasable","12":"product-type-simple"},"_links":{"self":[{"href":"https:\/\/brandss.com.py\/index\/wp-json\/wp\/v2\/product\/74092","targetHints":{"allow":["GET"]}}],"collection":[{"href":"https:\/\/brandss.com.py\/index\/wp-json\/wp\/v2\/product"}],"about":[{"href":"https:\/\/brandss.com.py\/index\/wp-json\/wp\/v2\/types\/product"}],"replies":[{"embeddable":true,"href":"https:\/\/brandss.com.py\/index\/wp-json\/wp\/v2\/comments?post=74092"}],"version-history":[{"count":2,"href":"https:\/\/brandss.com.py\/index\/wp-json\/wp\/v2\/product\/74092\/revisions"}],"predecessor-version":[{"id":74104,"href":"https:\/\/brandss.com.py\/index\/wp-json\/wp\/v2\/product\/74092\/revisions\/74104"}],"wp:featuredmedia":[{"embeddable":true,"href":"https:\/\/brandss.com.py\/index\/wp-json\/wp\/v2\/media\/74093"}],"wp:attachment":[{"href":"https:\/\/brandss.com.py\/index\/wp-json\/wp\/v2\/media?parent=74092"}],"wp:term":[{"taxonomy":"product_brand","embeddable":true,"href":"https:\/\/brandss.com.py\/index\/wp-json\/wp\/v2\/product_brand?post=74092"},{"taxonomy":"product_cat","embeddable":true,"href":"https:\/\/brandss.com.py\/index\/wp-json\/wp\/v2\/product_cat?post=74092"},{"taxonomy":"product_tag","embeddable":true,"href":"https:\/\/brandss.com.py\/index\/wp-json\/wp\/v2\/product_tag?post=74092"}],"curies":[{"name":"wp","href":"https:\/\/api.w.org\/{rel}","templated":true}]}}