{"id":74098,"date":"2025-03-01T11:23:22","date_gmt":"2025-03-01T11:23:22","guid":{"rendered":"https:\/\/brandss.com.py\/index\/?post_type=product&#038;p=74098"},"modified":"2025-03-01T11:23:40","modified_gmt":"2025-03-01T11:23:40","slug":"calzado-casual-masculino-fila-lifestyle-moda-acd-classic","status":"publish","type":"product","link":"https:\/\/brandss.com.py\/index\/producto\/calzado-casual-masculino-fila-lifestyle-moda-acd-classic\/","title":{"rendered":"CALZADO CASUAL MASCULINO FILA LIFESTYLE MODA ACD-CLASSIC"},"content":{"rendered":"<p><img loading=\"lazy\" decoding=\"async\" class=\"\" src=\"https:\/\/1000marcas.net\/wp-content\/uploads\/2019\/12\/logo-Fila.png\" alt=\"Logo de Fila: la historia y el significado del logotipo, la ...\" width=\"543\" height=\"306\" \/><\/p>\n<h1>FO1LOO207-6121<\/h1>\n<div class=\"flex max-w-full flex-col flex-grow\">\n<div class=\"min-h-8 text-message relative flex w-full flex-col items-end gap-2 whitespace-normal break-words text-start [.text-message+&amp;]:mt-5\" dir=\"auto\" data-message-author-role=\"assistant\" data-message-id=\"0fbd6088-41cb-44ad-9149-7ce310435a17\" data-message-model-slug=\"gpt-4o\">\n<div class=\"flex w-full flex-col gap-1 empty:hidden first:pt-[3px]\">\n<div class=\"markdown prose w-full break-words dark:prose-invert light\">\n<h3 data-start=\"0\" data-end=\"77\"><strong data-start=\"4\" data-end=\"75\"><span>Fila Lifestyle Masculino Moda ACD Classic Vaporous Gris\/Plata\/Azul Marino<\/span><\/strong><\/h3>\n<p data-start=\"79\" data-end=\"481\"><span>La <\/span><strong data-start=\"82\" data-end=\"102\"><span>Fila ACD Classic<\/span><\/strong><span> en combinaci\u00f3n de colores <\/span><strong data-start=\"129\" data-end=\"158\"><span>Vaporous Grey\/Silver\/Navy<\/span><\/strong><span> es una zapatilla con un dise\u00f1o cl\u00e1sico inspirado en la ic\u00f3nica <\/span><strong data-start=\"222\" data-end=\"236\"><span>Arcade Low<\/span><\/strong><span> , ideal para quienes buscan un equilibrio entre estilo retro y las tendencias actuales del streetwear. Su est\u00e9tica refinada y su paleta de colores neutros con detalles en azul marino la convierten en una opci\u00f3n vers\u00e1til para cualquier ocasi\u00f3n.<\/span><\/p>\n<h3 data-start=\"483\" data-end=\"520\"><strong data-start=\"487\" data-end=\"518\"><span>Caracter\u00edsticas destacadas:<\/span><\/strong><\/h3>\n<p data-start=\"522\" data-end=\"1093\"><span>\u2714 <\/span><strong data-start=\"524\" data-end=\"562\"><span>Dise\u00f1o cl\u00e1sico con toques modernos<\/span><\/strong><span> : Perfecto para looks urbanos y casuales. <\/span><br data-start=\"603\" data-end=\"606\" \/><span>\u2714 <\/span><strong data-start=\"608\" data-end=\"646\"><span>Combinaci\u00f3n de colores sofisticada<\/span><\/strong><span> : El gris y plateado aportan elegancia, mientras que el azul marino brinda un contraste sutil y atractivo. <\/span><br data-start=\"752\" data-end=\"755\" data-is-only-node=\"\" \/><span>\u2714 <\/span><strong data-start=\"757\" data-end=\"779\"><span>Materiales premium<\/span><\/strong><span> : Confeccionada en cuero sint\u00e9tico y malla para mayor transpirabilidad y resistencia. <\/span><br data-start=\"864\" data-end=\"867\" \/><span>\u2714 <\/span><strong data-start=\"869\" data-end=\"895\"><span>Suela de goma duradera<\/span><\/strong><span> : Garantiza estabilidad y tracci\u00f3n en diferentes superficies. <\/span><br data-start=\"956\" data-end=\"959\" \/><span>\u2714 <\/span><strong data-start=\"961\" data-end=\"984\"><span>Comodidad asegurada<\/span><\/strong><span> : Su dise\u00f1o ergon\u00f3mico y acolchado interno permiten una experiencia de uso confortable durante todo el d\u00eda.<\/span><\/p>\n<p data-start=\"1095\" data-end=\"1286\" data-is-last-node=\"\" data-is-only-node=\"\"><span>Esta zapatilla es la opci\u00f3n ideal para quienes buscan un calzado con <\/span><strong data-start=\"1164\" data-end=\"1212\"><span>personalidad, comodidad y un dise\u00f1o vers\u00e1til<\/span><\/strong><span> , que se adapta tanto a outfits deportivos como a looks m\u00e1s casuales. \ud83d\udc5f\ud83d\udd25<\/span><\/p>\n<\/div>\n<\/div>\n<\/div>\n<\/div>\n","protected":false},"excerpt":{"rendered":"<p>FO1LOO207-6121 Fila Lifestyle Masculino Moda ACD Classic Vaporous Gris\/Plata\/Azul Marino La Fila ACD Classic en combinaci\u00f3n de colores Vaporous Grey\/Silver\/Navy<\/p>\n","protected":false},"featured_media":74099,"comment_status":"open","ping_status":"closed","template":"","meta":{"nf_dc_page":""},"product_brand":[],"product_cat":[76],"product_tag":[],"class_list":{"0":"post-74098","1":"product","2":"type-product","3":"status-publish","4":"has-post-thumbnail","6":"product_cat-masculino","8":"first","9":"instock","10":"shipping-taxable","11":"purchasable","12":"product-type-simple"},"_links":{"self":[{"href":"https:\/\/brandss.com.py\/index\/wp-json\/wp\/v2\/product\/74098","targetHints":{"allow":["GET"]}}],"collection":[{"href":"https:\/\/brandss.com.py\/index\/wp-json\/wp\/v2\/product"}],"about":[{"href":"https:\/\/brandss.com.py\/index\/wp-json\/wp\/v2\/types\/product"}],"replies":[{"embeddable":true,"href":"https:\/\/brandss.com.py\/index\/wp-json\/wp\/v2\/comments?post=74098"}],"version-history":[{"count":1,"href":"https:\/\/brandss.com.py\/index\/wp-json\/wp\/v2\/product\/74098\/revisions"}],"predecessor-version":[{"id":74103,"href":"https:\/\/brandss.com.py\/index\/wp-json\/wp\/v2\/product\/74098\/revisions\/74103"}],"wp:featuredmedia":[{"embeddable":true,"href":"https:\/\/brandss.com.py\/index\/wp-json\/wp\/v2\/media\/74099"}],"wp:attachment":[{"href":"https:\/\/brandss.com.py\/index\/wp-json\/wp\/v2\/media?parent=74098"}],"wp:term":[{"taxonomy":"product_brand","embeddable":true,"href":"https:\/\/brandss.com.py\/index\/wp-json\/wp\/v2\/product_brand?post=74098"},{"taxonomy":"product_cat","embeddable":true,"href":"https:\/\/brandss.com.py\/index\/wp-json\/wp\/v2\/product_cat?post=74098"},{"taxonomy":"product_tag","embeddable":true,"href":"https:\/\/brandss.com.py\/index\/wp-json\/wp\/v2\/product_tag?post=74098"}],"curies":[{"name":"wp","href":"https:\/\/api.w.org\/{rel}","templated":true}]}}