{"id":74105,"date":"2025-03-01T11:31:51","date_gmt":"2025-03-01T11:31:51","guid":{"rendered":"https:\/\/brandss.com.py\/index\/?post_type=product&#038;p=74105"},"modified":"2025-03-01T11:32:06","modified_gmt":"2025-03-01T11:32:06","slug":"calzado-casual-masculino-fila-lifestyle-moda-fx33-low-ne","status":"publish","type":"product","link":"https:\/\/brandss.com.py\/index\/producto\/calzado-casual-masculino-fila-lifestyle-moda-fx33-low-ne\/","title":{"rendered":"CALZADO CASUAL MASCULINO FILA LIFESTYLE MODA FX33-LOW NE"},"content":{"rendered":"<p><img loading=\"lazy\" decoding=\"async\" class=\"\" src=\"https:\/\/1000marcas.net\/wp-content\/uploads\/2019\/12\/logo-Fila.png\" alt=\"Logo de Fila: la historia y el significado del logotipo, la ...\" width=\"392\" height=\"221\" \/><\/p>\n<h1>FO1LOO217-397<\/h1>\n<div class=\"flex max-w-full flex-col flex-grow\">\n<div class=\"min-h-8 text-message relative flex w-full flex-col items-end gap-2 whitespace-normal break-words text-start [.text-message+&amp;]:mt-5\" dir=\"auto\" data-message-author-role=\"assistant\" data-message-id=\"c4b7479d-d8d1-4a91-a8a1-a2a1b4f47b14\" data-message-model-slug=\"gpt-4o\">\n<div class=\"flex w-full flex-col gap-1 empty:hidden first:pt-[3px]\">\n<div class=\"markdown prose w-full break-words dark:prose-invert light\">\n<h3 data-start=\"0\" data-end=\"54\"><strong data-start=\"4\" data-end=\"52\"><span>Fila Lifestyle Masculino Moda FX33 Low Negro<\/span><\/strong><\/h3>\n<p data-start=\"56\" data-end=\"389\"><span>La <\/span><strong data-start=\"59\" data-end=\"82\"><span>Fila FX33 Low Negro<\/span><\/strong><span> es una zapatilla de estilo <\/span><strong data-start=\"110\" data-end=\"123\"><span>life<\/span><\/strong><span> con un dise\u00f1o inspirado en el <\/span><strong data-start=\"154\" data-end=\"170\"><span>basket retro<\/span><\/strong><span> , ideal para quienes buscan un look urbano, elegante y atemporal. Su silueta cl\u00e1sica de ca\u00f1a baja, combinada con una construcci\u00f3n resistente y detalles sutiles, la convierte en una opci\u00f3n perfecta para el uso diario.<\/span><\/p>\n<h3 data-start=\"391\" data-end=\"428\"><strong data-start=\"395\" data-end=\"426\"><span>Caracter\u00edsticas destacadas:<\/span><\/strong><\/h3>\n<p data-start=\"430\" data-end=\"1008\"><span>\u2714 <\/span><strong data-start=\"432\" data-end=\"465\"><span>Dise\u00f1o minimalista y vers\u00e1til<\/span><\/strong><span> : Su tono negro total aporta un toque c\u00f3modo y f\u00e1cil de combinar con cualquier outfit. <\/span><br data-start=\"556\" data-end=\"559\" \/><span>\u2714 <\/span><strong data-start=\"561\" data-end=\"601\"><span>Inspiraci\u00f3n en el baloncesto vintage<\/span><\/strong><span> : Silueta cl\u00e1sica con detalles modernos que la hacen destacar en la moda urbana. <\/span><br data-start=\"681\" data-end=\"684\" data-is-only-node=\"\" \/><span>\u2714 <\/span><strong data-start=\"686\" data-end=\"716\"><span>Materiales de alta calidad<\/span><\/strong><span> : Fabricada en cuero sint\u00e9tico para mayor durabilidad y un acabado premium. <\/span><br data-start=\"791\" data-end=\"794\" \/><span>\u2714 <\/span><strong data-start=\"796\" data-end=\"819\"><span>Comodidad asegurada<\/span><\/strong><span> : Interior acolchado y ajuste ergon\u00f3mico que brindan comodidad durante todo el d\u00eda. <\/span><br data-start=\"900\" data-end=\"903\" \/><span>\u2714 <\/span><strong data-start=\"905\" data-end=\"933\"><span>Suela de goma resistente<\/span><\/strong><span> : Proporciona excelente tracci\u00f3n y estabilidad en diferentes superficies.<\/span><\/p>\n<p data-start=\"1010\" data-end=\"1220\" data-is-last-node=\"\" data-is-only-node=\"\"><span>Ideal para quienes buscan un calzado <\/span><strong data-start=\"1047\" data-end=\"1077\"><span>moderno, c\u00f3modo y duradero<\/span><\/strong><span> , la <\/span><strong data-start=\"1082\" data-end=\"1105\"><span>Fila FX33 Low Negro<\/span><\/strong><span> es perfecta para complementar cualquier estilo, desde lo m\u00e1s casual hasta un look m\u00e1s streetwear c\u00f3modo. \ud83d\udc5f\ud83d\udd25<\/span><\/p>\n<\/div>\n<\/div>\n<\/div>\n<\/div>\n","protected":false},"excerpt":{"rendered":"<p>FO1LOO217-397 Fila Lifestyle Masculino Moda FX33 Low Negro La Fila FX33 Low Negro es una zapatilla de estilo life con<\/p>\n","protected":false},"featured_media":74106,"comment_status":"open","ping_status":"closed","template":"","meta":{"nf_dc_page":""},"product_brand":[],"product_cat":[76],"product_tag":[],"class_list":{"0":"post-74105","1":"product","2":"type-product","3":"status-publish","4":"has-post-thumbnail","6":"product_cat-masculino","8":"first","9":"instock","10":"shipping-taxable","11":"purchasable","12":"product-type-simple"},"_links":{"self":[{"href":"https:\/\/brandss.com.py\/index\/wp-json\/wp\/v2\/product\/74105","targetHints":{"allow":["GET"]}}],"collection":[{"href":"https:\/\/brandss.com.py\/index\/wp-json\/wp\/v2\/product"}],"about":[{"href":"https:\/\/brandss.com.py\/index\/wp-json\/wp\/v2\/types\/product"}],"replies":[{"embeddable":true,"href":"https:\/\/brandss.com.py\/index\/wp-json\/wp\/v2\/comments?post=74105"}],"version-history":[{"count":1,"href":"https:\/\/brandss.com.py\/index\/wp-json\/wp\/v2\/product\/74105\/revisions"}],"predecessor-version":[{"id":74112,"href":"https:\/\/brandss.com.py\/index\/wp-json\/wp\/v2\/product\/74105\/revisions\/74112"}],"wp:featuredmedia":[{"embeddable":true,"href":"https:\/\/brandss.com.py\/index\/wp-json\/wp\/v2\/media\/74106"}],"wp:attachment":[{"href":"https:\/\/brandss.com.py\/index\/wp-json\/wp\/v2\/media?parent=74105"}],"wp:term":[{"taxonomy":"product_brand","embeddable":true,"href":"https:\/\/brandss.com.py\/index\/wp-json\/wp\/v2\/product_brand?post=74105"},{"taxonomy":"product_cat","embeddable":true,"href":"https:\/\/brandss.com.py\/index\/wp-json\/wp\/v2\/product_cat?post=74105"},{"taxonomy":"product_tag","embeddable":true,"href":"https:\/\/brandss.com.py\/index\/wp-json\/wp\/v2\/product_tag?post=74105"}],"curies":[{"name":"wp","href":"https:\/\/api.w.org\/{rel}","templated":true}]}}