{"id":74138,"date":"2025-03-01T11:57:03","date_gmt":"2025-03-01T11:57:03","guid":{"rendered":"https:\/\/brandss.com.py\/index\/?post_type=product&#038;p=74138"},"modified":"2025-03-01T11:57:35","modified_gmt":"2025-03-01T11:57:35","slug":"camiseta-casual-masculino-umbro-fire-ball-mangas-cortas-2","status":"publish","type":"product","link":"https:\/\/brandss.com.py\/index\/producto\/camiseta-casual-masculino-umbro-fire-ball-mangas-cortas-2\/","title":{"rendered":"CAMISETA CASUAL MASCULINO UMBRO FIRE BALL MANGAS CORTAS"},"content":{"rendered":"<p><img loading=\"lazy\" decoding=\"async\" class=\"\" src=\"https:\/\/upload.wikimedia.org\/wikipedia\/commons\/b\/b7\/Logo_Umbro.png\" alt=\"Archivo:Logo Umbro.png - Wikipedia, la enciclopedia libre\" width=\"107\" height=\"72\" \/><\/p>\n<h1>FIRE BALL<\/h1>\n<div class=\"vtex-flex-layout-0-x-flexColChild vtex-flex-layout-0-x-flexColChild--details-product pb0\">\n<div class=\"vtex-store-components-3-x-productDescriptionContainer\">\n<div class=\"vtex-store-components-3-x-productDescriptionText c-muted-1\">\n<div class=\"vtex-store-components-3-x-container relative\">\n<div class=\"vtex-store-components-3-x-content h-auto\"><span>\u00a1La camisa Umbro Fire Ball para hombre combina estilo deportivo y estilo de vida, llevando la inspiraci\u00f3n de las gradas a las calles! El modelo est\u00e1 confeccionado en jersey de algod\u00f3n de primera calidad, con un ajuste c\u00f3modo, m\u00e1s holgado en el cuerpo, con sisas desplazadas y mangas cortas. Adem\u00e1s, tiene cuello redondo acanalado y un estampado personalizado aplicado en la parte delantera de la camiseta.<\/span><\/div>\n<\/div>\n<\/div>\n<\/div>\n<\/div>\n<div class=\"vtex-flex-layout-0-x-flexColChild vtex-flex-layout-0-x-flexColChild--details-product pb0\"><\/div>\n<div>G\u00e9nero: Masculino.<br \/>\nColor: Blanco.<br \/>\nComposici\u00f3n: 100% Algod\u00f3n.<\/div>\n<div class=\"vtex-flex-layout-0-x-flexColChild vtex-flex-layout-0-x-flexColChild--details-product pb0\"><span class=\"vtex-product-identifier-0-x-product-identifier vtex-product-identifier-0-x-product-identifier--productReference c-muted-1\"><span class=\"vtex-product-identifier-0-x-product-identifier__label\"><span>Modelo<\/span><\/span><span class=\"vtex-product-identifier-0-x-product-identifier__separator\"><span>:\u00a0<\/span><\/span><span class=\"vtex-product-identifier-0-x-product-identifier__value\"><span>U11L00626-222.<\/span><\/span><\/span><\/div>\n","protected":false},"excerpt":{"rendered":"<p>FIRE BALL \u00a1La camisa Umbro Fire Ball para hombre combina estilo deportivo y estilo de vida, llevando la inspiraci\u00f3n de<\/p>\n","protected":false},"featured_media":74139,"comment_status":"open","ping_status":"closed","template":"","meta":{"nf_dc_page":""},"product_brand":[],"product_cat":[76],"product_tag":[],"class_list":{"0":"post-74138","1":"product","2":"type-product","3":"status-publish","4":"has-post-thumbnail","6":"product_cat-masculino","8":"first","9":"instock","10":"shipping-taxable","11":"purchasable","12":"product-type-simple"},"_links":{"self":[{"href":"https:\/\/brandss.com.py\/index\/wp-json\/wp\/v2\/product\/74138","targetHints":{"allow":["GET"]}}],"collection":[{"href":"https:\/\/brandss.com.py\/index\/wp-json\/wp\/v2\/product"}],"about":[{"href":"https:\/\/brandss.com.py\/index\/wp-json\/wp\/v2\/types\/product"}],"replies":[{"embeddable":true,"href":"https:\/\/brandss.com.py\/index\/wp-json\/wp\/v2\/comments?post=74138"}],"version-history":[{"count":1,"href":"https:\/\/brandss.com.py\/index\/wp-json\/wp\/v2\/product\/74138\/revisions"}],"predecessor-version":[{"id":74144,"href":"https:\/\/brandss.com.py\/index\/wp-json\/wp\/v2\/product\/74138\/revisions\/74144"}],"wp:featuredmedia":[{"embeddable":true,"href":"https:\/\/brandss.com.py\/index\/wp-json\/wp\/v2\/media\/74139"}],"wp:attachment":[{"href":"https:\/\/brandss.com.py\/index\/wp-json\/wp\/v2\/media?parent=74138"}],"wp:term":[{"taxonomy":"product_brand","embeddable":true,"href":"https:\/\/brandss.com.py\/index\/wp-json\/wp\/v2\/product_brand?post=74138"},{"taxonomy":"product_cat","embeddable":true,"href":"https:\/\/brandss.com.py\/index\/wp-json\/wp\/v2\/product_cat?post=74138"},{"taxonomy":"product_tag","embeddable":true,"href":"https:\/\/brandss.com.py\/index\/wp-json\/wp\/v2\/product_tag?post=74138"}],"curies":[{"name":"wp","href":"https:\/\/api.w.org\/{rel}","templated":true}]}}