{"id":74151,"date":"2025-03-01T12:07:36","date_gmt":"2025-03-01T12:07:36","guid":{"rendered":"https:\/\/brandss.com.py\/index\/?post_type=product&#038;p=74151"},"modified":"2025-05-03T10:39:26","modified_gmt":"2025-05-03T10:39:26","slug":"calzado-casual-masculino-lifestyle-moda-revenge-ne","status":"publish","type":"product","link":"https:\/\/brandss.com.py\/index\/producto\/calzado-casual-masculino-lifestyle-moda-revenge-ne\/","title":{"rendered":"CALZADO CASUAL MASCULINO LIFESTYLE MODA REVENGE NE"},"content":{"rendered":"<p><img loading=\"lazy\" decoding=\"async\" class=\"\" src=\"https:\/\/1000marcas.net\/wp-content\/uploads\/2019\/12\/logo-Fila.png\" alt=\"Logo de Fila: la historia y el significado del logotipo, la ...\" width=\"331\" height=\"186\" \/><\/p>\n<div class=\"flex-1 overflow-hidden @container\/thread translate-y-[2rem] -mt-[2rem] pb-[1.5rem]\">\n<div class=\"relative h-full\">\n<div class=\"flex h-full flex-col overflow-y-auto [scrollbar-gutter:stable]\">\n<div class=\"flex flex-col text-sm md:pb-9\">\n<article class=\"w-full text-token-text-primary focus-visible:outline-2 focus-visible:outline-offset-[-4px]\" dir=\"auto\" data-testid=\"conversation-turn-19\" data-scroll-anchor=\"true\">\n<div class=\"m-auto text-base py-[18px] px-6\">\n<div class=\"mx-auto flex flex-1 text-base gap-4 md:gap-5 lg:gap-6 md:max-w-3xl lg:max-w-[40rem] xl:max-w-[48rem]\">\n<div class=\"group\/conversation-turn relative flex w-full min-w-0 flex-col agent-turn @xs\/thread:px-0 @sm\/thread:px-1.5 @md\/thread:px-4\">\n<div class=\"flex-col gap-1 md:gap-3\">\n<div class=\"flex max-w-full flex-col flex-grow\">\n<div class=\"min-h-8 text-message relative flex w-full flex-col items-end gap-2 whitespace-normal break-words text-start [.text-message+&amp;]:mt-5\" dir=\"auto\" data-message-author-role=\"assistant\" data-message-id=\"c52c471c-1959-43b1-8223-0f4ae85207db\" data-message-model-slug=\"gpt-4o\">\n<div class=\"flex w-full flex-col gap-1 empty:hidden first:pt-[3px]\">\n<div class=\"markdown prose w-full break-words dark:prose-invert light\">\n<h3 data-start=\"0\" data-end=\"73\"><strong data-start=\"4\" data-end=\"71\"><span>Fila Calzados Lifestyle Masculino Moda Revenge<\/span><\/strong><\/h3>\n<h1>FO1LOO288-4955<\/h1>\n<p data-start=\"75\" data-end=\"441\"><span>La <\/span><strong data-start=\"78\" data-end=\"94\"><span>Fila Revenge<\/span><\/strong><span> es una zapatilla <\/span><strong data-start=\"112\" data-end=\"135\"><span>lifestyle masculina<\/span><\/strong><span> que combina el dise\u00f1o cl\u00e1sico del tenis con detalles modernos, ofreciendo un equilibrio perfecto entre <\/span><strong data-start=\"239\" data-end=\"281\"><span>comodidad, durabilidad y estilo urbano<\/span><\/strong><span> . Con una est\u00e9tica retro inspirada en los modelos ic\u00f3nicos de la marca, este calzado es ideal para quienes buscan un look casual y vers\u00e1til para el d\u00eda a d\u00eda.<\/span><\/p>\n<h3 data-start=\"443\" data-end=\"480\"><strong data-start=\"447\" data-end=\"478\"><span>Caracter\u00edsticas destacadas:<\/span><\/strong><\/h3>\n<p data-start=\"482\" data-end=\"1082\"><span>\u2714 <\/span><strong data-start=\"484\" data-end=\"524\"><span>Dise\u00f1o inspirado en el tenis cl\u00e1sico<\/span><\/strong><span> : Silueta elegante con un toque vintage, perfecta para looks urbanos. <\/span><br data-start=\"593\" data-end=\"596\" \/><span>\u2714 <\/span><strong data-start=\"598\" data-end=\"628\"><span>Materiales de alta calidad<\/span><\/strong><span> : Construcci\u00f3n en cuero sint\u00e9tico con detalles en gamuza o malla para mayor resistencia y transpirabilidad. <\/span><br data-start=\"735\" data-end=\"738\" data-is-only-node=\"\" \/><span>\u2714 <\/span><strong data-start=\"740\" data-end=\"775\"><span>Colores modernos y preferidos<\/span><\/strong><span> : La combinaci\u00f3n de tonos permite una f\u00e1cil combinaci\u00f3n con cualquier outfit. <\/span><br data-start=\"852\" data-end=\"855\" \/><span>\u2714 <\/span><strong data-start=\"857\" data-end=\"883\"><span>Suela de goma duradera<\/span><\/strong><span> : Ofrece una excelente tracci\u00f3n y estabilidad, asegurando una pisada firme y segura. <\/span><br data-start=\"967\" data-end=\"970\" \/><span>\u2714 <\/span><strong data-start=\"972\" data-end=\"990\"><span>M\u00e1ximo confort<\/span><\/strong><span> : Interior acolchado y plantilla ergon\u00f3mica para una sensaci\u00f3n c\u00f3moda durante todo el d\u00eda.<\/span><\/p>\n<p data-start=\"1084\" data-end=\"1260\" data-is-last-node=\"\" data-is-only-node=\"\"><span>Si buscas un calzado con <\/span><strong data-start=\"1109\" data-end=\"1148\"><span>personalidad, estilo y versatilidad<\/span><\/strong><span> , la <\/span><strong data-start=\"1153\" data-end=\"1169\"><span>Fila Revenge<\/span><\/strong><span> es una excelente opci\u00f3n para complementar cualquier look, ya sea casual o streetwear.\u00a0<\/span><\/p>\n<\/div>\n<\/div>\n<\/div>\n<\/div>\n<\/div>\n<\/div>\n<\/div>\n<\/div>\n<\/article>\n<\/div>\n<\/div>\n<\/div>\n<\/div>\n","protected":false},"excerpt":{"rendered":"<p>Fila Calzados Lifestyle Masculino Moda Revenge FO1LOO288-4955 La Fila Revenge es una zapatilla lifestyle masculina que combina el dise\u00f1o cl\u00e1sico<\/p>\n","protected":false},"featured_media":74153,"comment_status":"open","ping_status":"closed","template":"","meta":{"nf_dc_page":""},"product_brand":[],"product_cat":[76],"product_tag":[],"class_list":{"0":"post-74151","1":"product","2":"type-product","3":"status-publish","4":"has-post-thumbnail","6":"product_cat-masculino","8":"first","9":"instock","10":"shipping-taxable","11":"purchasable","12":"product-type-simple"},"_links":{"self":[{"href":"https:\/\/brandss.com.py\/index\/wp-json\/wp\/v2\/product\/74151","targetHints":{"allow":["GET"]}}],"collection":[{"href":"https:\/\/brandss.com.py\/index\/wp-json\/wp\/v2\/product"}],"about":[{"href":"https:\/\/brandss.com.py\/index\/wp-json\/wp\/v2\/types\/product"}],"replies":[{"embeddable":true,"href":"https:\/\/brandss.com.py\/index\/wp-json\/wp\/v2\/comments?post=74151"}],"version-history":[{"count":1,"href":"https:\/\/brandss.com.py\/index\/wp-json\/wp\/v2\/product\/74151\/revisions"}],"predecessor-version":[{"id":74157,"href":"https:\/\/brandss.com.py\/index\/wp-json\/wp\/v2\/product\/74151\/revisions\/74157"}],"wp:featuredmedia":[{"embeddable":true,"href":"https:\/\/brandss.com.py\/index\/wp-json\/wp\/v2\/media\/74153"}],"wp:attachment":[{"href":"https:\/\/brandss.com.py\/index\/wp-json\/wp\/v2\/media?parent=74151"}],"wp:term":[{"taxonomy":"product_brand","embeddable":true,"href":"https:\/\/brandss.com.py\/index\/wp-json\/wp\/v2\/product_brand?post=74151"},{"taxonomy":"product_cat","embeddable":true,"href":"https:\/\/brandss.com.py\/index\/wp-json\/wp\/v2\/product_cat?post=74151"},{"taxonomy":"product_tag","embeddable":true,"href":"https:\/\/brandss.com.py\/index\/wp-json\/wp\/v2\/product_tag?post=74151"}],"curies":[{"name":"wp","href":"https:\/\/api.w.org\/{rel}","templated":true}]}}