{"id":74152,"date":"2025-03-01T12:08:58","date_gmt":"2025-03-01T12:08:58","guid":{"rendered":"https:\/\/brandss.com.py\/index\/?post_type=product&#038;p=74152"},"modified":"2025-03-01T12:10:17","modified_gmt":"2025-03-01T12:10:17","slug":"camiseta-deportivo-masculino-umbro-futevolei-graphic-c-sin-mangas","status":"publish","type":"product","link":"https:\/\/brandss.com.py\/index\/producto\/camiseta-deportivo-masculino-umbro-futevolei-graphic-c-sin-mangas\/","title":{"rendered":"CAMISETA DEPORTIVO MASCULINO UMBRO FUTEVOLEI GRAPHIC C SIN MANGAS"},"content":{"rendered":"<p><img loading=\"lazy\" decoding=\"async\" class=\"\" src=\"https:\/\/upload.wikimedia.org\/wikipedia\/commons\/b\/b7\/Logo_Umbro.png\" alt=\"Archivo:Logo Umbro.png - Wikipedia, la enciclopedia libre\" width=\"150\" height=\"100\" \/><\/p>\n<h1>FUTEVOLEI GRAPHIC C<\/h1>\n<div class=\"vtex-flex-layout-0-x-flexColChild vtex-flex-layout-0-x-flexColChild--details-product pb0\">\n<div class=\"vtex-store-components-3-x-productDescriptionContainer\">\n<div class=\"vtex-store-components-3-x-productDescriptionText c-muted-1\">\n<div class=\"vtex-store-components-3-x-container relative\">\n<div class=\"vtex-store-components-3-x-content h-auto\"><span>Camiseta sin mangas para hombre confeccionada en poli\u00e9ster y elastano, con hilo tecnol\u00f3gico que contiene protecci\u00f3n solar SPF 50+ contra los rayos UVA y UVB. Corte regular con hombros anchos y cuello redondo. La variante amarilla presenta una impresi\u00f3n sublimada en la parte delantera y un logotipo Umbro centralizado en la parte superior delantera. Tiene sisas con acabado bies, sello Futev\u00f4lei aplicado en la parte delantera izquierda cerca del dobladillo, logo Umbro Futev\u00f4lei centrado en la espalda cerca del cuello, maxi logo Umbro personalizado centrado en la parte superior delantera (solo en la variante azul).<\/span><\/div>\n<\/div>\n<\/div>\n<\/div>\n<\/div>\n<div class=\"vtex-flex-layout-0-x-flexColChild vtex-flex-layout-0-x-flexColChild--details-product pb0\"><\/div>\n<div>G\u00e9nero: Masculino.<br \/>\nColor: Marino.<br \/>\nComposici\u00f3n: 93% Poli\u00e9ster, 7% Elastano.<\/div>\n<div class=\"vtex-flex-layout-0-x-flexColChild vtex-flex-layout-0-x-flexColChild--details-product pb0\"><span class=\"vtex-product-identifier-0-x-product-identifier vtex-product-identifier-0-x-product-identifier--productReference c-muted-1\"><span class=\"vtex-product-identifier-0-x-product-identifier__label\"><span>Modelo<\/span><\/span><span class=\"vtex-product-identifier-0-x-product-identifier__separator\"><span>:\u00a0<\/span><\/span><span class=\"vtex-product-identifier-0-x-product-identifier__value\"><span>U11TW00012-777.<\/span><\/span><\/span><\/div>\n","protected":false},"excerpt":{"rendered":"<p>FUTEVOLEI GRAPHIC C Camiseta sin mangas para hombre confeccionada en poli\u00e9ster y elastano, con hilo tecnol\u00f3gico que contiene protecci\u00f3n solar<\/p>\n","protected":false},"featured_media":74158,"comment_status":"open","ping_status":"closed","template":"","meta":{"nf_dc_page":""},"product_brand":[],"product_cat":[76],"product_tag":[],"class_list":{"0":"post-74152","1":"product","2":"type-product","3":"status-publish","4":"has-post-thumbnail","6":"product_cat-masculino","8":"first","9":"instock","10":"shipping-taxable","11":"purchasable","12":"product-type-simple"},"_links":{"self":[{"href":"https:\/\/brandss.com.py\/index\/wp-json\/wp\/v2\/product\/74152","targetHints":{"allow":["GET"]}}],"collection":[{"href":"https:\/\/brandss.com.py\/index\/wp-json\/wp\/v2\/product"}],"about":[{"href":"https:\/\/brandss.com.py\/index\/wp-json\/wp\/v2\/types\/product"}],"replies":[{"embeddable":true,"href":"https:\/\/brandss.com.py\/index\/wp-json\/wp\/v2\/comments?post=74152"}],"version-history":[{"count":1,"href":"https:\/\/brandss.com.py\/index\/wp-json\/wp\/v2\/product\/74152\/revisions"}],"predecessor-version":[{"id":74165,"href":"https:\/\/brandss.com.py\/index\/wp-json\/wp\/v2\/product\/74152\/revisions\/74165"}],"wp:featuredmedia":[{"embeddable":true,"href":"https:\/\/brandss.com.py\/index\/wp-json\/wp\/v2\/media\/74158"}],"wp:attachment":[{"href":"https:\/\/brandss.com.py\/index\/wp-json\/wp\/v2\/media?parent=74152"}],"wp:term":[{"taxonomy":"product_brand","embeddable":true,"href":"https:\/\/brandss.com.py\/index\/wp-json\/wp\/v2\/product_brand?post=74152"},{"taxonomy":"product_cat","embeddable":true,"href":"https:\/\/brandss.com.py\/index\/wp-json\/wp\/v2\/product_cat?post=74152"},{"taxonomy":"product_tag","embeddable":true,"href":"https:\/\/brandss.com.py\/index\/wp-json\/wp\/v2\/product_tag?post=74152"}],"curies":[{"name":"wp","href":"https:\/\/api.w.org\/{rel}","templated":true}]}}