{"id":74199,"date":"2025-03-01T13:27:43","date_gmt":"2025-03-01T13:27:43","guid":{"rendered":"https:\/\/brandss.com.py\/index\/?post_type=product&#038;p=74199"},"modified":"2025-03-01T13:28:32","modified_gmt":"2025-03-01T13:28:32","slug":"bermuda-deportivo-masculino-umbro-termico-ligero","status":"publish","type":"product","link":"https:\/\/brandss.com.py\/index\/producto\/bermuda-deportivo-masculino-umbro-termico-ligero\/","title":{"rendered":"BERMUDA DEPORTIVO MASCULINO UMBRO T\u00c9RMICO LIGERO"},"content":{"rendered":"<p><img loading=\"lazy\" decoding=\"async\" class=\"\" src=\"https:\/\/upload.wikimedia.org\/wikipedia\/commons\/b\/b7\/Logo_Umbro.png\" alt=\"Archivo:Logo Umbro.png - Wikipedia, la enciclopedia libre\" width=\"172\" height=\"115\" \/><\/p>\n<h1>T\u00c9RMICO LIGERO<\/h1>\n<div class=\"vtex-flex-layout-0-x-flexColChild vtex-flex-layout-0-x-flexColChild--details-product pb0\">\n<div class=\"vtex-store-components-3-x-productDescriptionContainer\">\n<div class=\"vtex-store-components-3-x-productDescriptionText c-muted-1\">\n<div class=\"vtex-store-components-3-x-container relative\">\n<div class=\"vtex-store-components-3-x-content h-auto\"><span>Pantal\u00f3n corto t\u00e9rmico para hombre confeccionado en tejido de poliamida y elastano, con hilo tecnol\u00f3gico que contiene protecci\u00f3n solar SPF 50+ contra los rayos UVA y UVB. Modelo slim fit, bien ajustado al cuerpo, con cinturilla el\u00e1stica personalizada. Tiene costuras planas que no rozan el cuerpo y un corte frontal estrat\u00e9gicamente posicionado para brindar mayor comodidad durante el uso. Longitud total: 42 cm.<\/span><\/div>\n<div><\/div>\n<\/div>\n<\/div>\n<\/div>\n<\/div>\n<div class=\"vtex-flex-layout-0-x-flexColChild vtex-flex-layout-0-x-flexColChild--details-product pb0\">G\u00e9nero: Masculino.<br \/>\nColor: Negro.<br \/>\nComposici\u00f3n: 90% Poliamida, 10% Elastano.<\/div>\n<div class=\"vtex-flex-layout-0-x-flexColChild vtex-flex-layout-0-x-flexColChild--details-product pb0\"><span class=\"vtex-product-identifier-0-x-product-identifier vtex-product-identifier-0-x-product-identifier--productReference c-muted-1\"><span class=\"vtex-product-identifier-0-x-product-identifier__label\"><span>Modelo<\/span><\/span><span class=\"vtex-product-identifier-0-x-product-identifier__separator\"><span>:\u00a0<\/span><\/span><span class=\"vtex-product-identifier-0-x-product-identifier__value\"><span>U11TW00083-111.<\/span><\/span><\/span><\/div>\n","protected":false},"excerpt":{"rendered":"<p>T\u00c9RMICO LIGERO Pantal\u00f3n corto t\u00e9rmico para hombre confeccionado en tejido de poliamida y elastano, con hilo tecnol\u00f3gico que contiene protecci\u00f3n<\/p>\n","protected":false},"featured_media":74201,"comment_status":"open","ping_status":"closed","template":"","meta":{"nf_dc_page":""},"product_brand":[],"product_cat":[76],"product_tag":[],"class_list":{"0":"post-74199","1":"product","2":"type-product","3":"status-publish","4":"has-post-thumbnail","6":"product_cat-masculino","8":"first","9":"instock","10":"shipping-taxable","11":"purchasable","12":"product-type-simple"},"_links":{"self":[{"href":"https:\/\/brandss.com.py\/index\/wp-json\/wp\/v2\/product\/74199","targetHints":{"allow":["GET"]}}],"collection":[{"href":"https:\/\/brandss.com.py\/index\/wp-json\/wp\/v2\/product"}],"about":[{"href":"https:\/\/brandss.com.py\/index\/wp-json\/wp\/v2\/types\/product"}],"replies":[{"embeddable":true,"href":"https:\/\/brandss.com.py\/index\/wp-json\/wp\/v2\/comments?post=74199"}],"version-history":[{"count":1,"href":"https:\/\/brandss.com.py\/index\/wp-json\/wp\/v2\/product\/74199\/revisions"}],"predecessor-version":[{"id":74209,"href":"https:\/\/brandss.com.py\/index\/wp-json\/wp\/v2\/product\/74199\/revisions\/74209"}],"wp:featuredmedia":[{"embeddable":true,"href":"https:\/\/brandss.com.py\/index\/wp-json\/wp\/v2\/media\/74201"}],"wp:attachment":[{"href":"https:\/\/brandss.com.py\/index\/wp-json\/wp\/v2\/media?parent=74199"}],"wp:term":[{"taxonomy":"product_brand","embeddable":true,"href":"https:\/\/brandss.com.py\/index\/wp-json\/wp\/v2\/product_brand?post=74199"},{"taxonomy":"product_cat","embeddable":true,"href":"https:\/\/brandss.com.py\/index\/wp-json\/wp\/v2\/product_cat?post=74199"},{"taxonomy":"product_tag","embeddable":true,"href":"https:\/\/brandss.com.py\/index\/wp-json\/wp\/v2\/product_tag?post=74199"}],"curies":[{"name":"wp","href":"https:\/\/api.w.org\/{rel}","templated":true}]}}