{"id":74210,"date":"2025-03-01T13:52:25","date_gmt":"2025-03-01T13:52:25","guid":{"rendered":"https:\/\/brandss.com.py\/index\/?post_type=product&#038;p=74210"},"modified":"2025-03-01T13:53:08","modified_gmt":"2025-03-01T13:53:08","slug":"camiseta-deportivo-masculino-umbro-basic-uv-mangas-cortas","status":"publish","type":"product","link":"https:\/\/brandss.com.py\/index\/producto\/camiseta-deportivo-masculino-umbro-basic-uv-mangas-cortas\/","title":{"rendered":"CAMISETA DEPORTIVO MASCULINO UMBRO BASIC UV MANGAS CORTAS"},"content":{"rendered":"<p><img loading=\"lazy\" decoding=\"async\" class=\"\" src=\"https:\/\/upload.wikimedia.org\/wikipedia\/commons\/b\/b7\/Logo_Umbro.png\" alt=\"Archivo:Logo Umbro.png - Wikipedia, la enciclopedia libre\" width=\"101\" height=\"68\" \/><\/p>\n<h1>BASIC UV<\/h1>\n<div class=\"vtex-flex-layout-0-x-flexColChild vtex-flex-layout-0-x-flexColChild--details-product pb0\">\n<div class=\"vtex-store-components-3-x-productDescriptionContainer\">\n<div class=\"vtex-store-components-3-x-productDescriptionText c-muted-1\">\n<div class=\"vtex-store-components-3-x-container relative\">\n<div class=\"vtex-store-components-3-x-content h-auto\"><span>Camisa de hombre confeccionada en malla de poli\u00e9ster y elastano, con hilo tecnol\u00f3gico que contiene protecci\u00f3n solar SPF 50+ contra los rayos UVA y UVB. Sostenible y pr\u00e1ctica, esta pieza contiene tecnolog\u00eda POLYGIENE\u00ae: una innovaci\u00f3n que reduce los olores y mantiene el tejido fresco y limpio por m\u00e1s tiempo, evitando lavados excesivos y ayudando al planeta ahorrando agua. Corte regular con mangas cortas y cuello redondo. Tiene un cubrecuello con cinta Umbro personalizada, una etiqueta de protecci\u00f3n UV plateada aplicada en calor en el dobladillo de la manga izquierda y el logotipo de Umbro tambi\u00e9n aplicado en calor en la parte frontal superior derecha.<\/span><\/div>\n<\/div>\n<\/div>\n<\/div>\n<\/div>\n<div class=\"vtex-flex-layout-0-x-flexColChild vtex-flex-layout-0-x-flexColChild--details-product pb0\"><\/div>\n<p>G\u00e9nero: Masculino.<\/p>\n<p>Color: Negro.<\/p>\n<p>Composici\u00f3n: 97% Poli\u00e9ster, 3% Elastano.<\/p>\n<p><span class=\"vtex-product-identifier-0-x-product-identifier vtex-product-identifier-0-x-product-identifier--productReference c-muted-1\"><span class=\"vtex-product-identifier-0-x-product-identifier__label\"><span>Modelo<\/span><\/span><span class=\"vtex-product-identifier-0-x-product-identifier__separator\"><span>:\u00a0<\/span><\/span><span class=\"vtex-product-identifier-0-x-product-identifier__value\"><span>U11TW00087-111.<\/span><\/span><\/span><\/p>\n","protected":false},"excerpt":{"rendered":"<p>BASIC UV Camisa de hombre confeccionada en malla de poli\u00e9ster y elastano, con hilo tecnol\u00f3gico que contiene protecci\u00f3n solar SPF<\/p>\n","protected":false},"featured_media":74211,"comment_status":"open","ping_status":"closed","template":"","meta":{"nf_dc_page":""},"product_brand":[],"product_cat":[76],"product_tag":[],"class_list":{"0":"post-74210","1":"product","2":"type-product","3":"status-publish","4":"has-post-thumbnail","6":"product_cat-masculino","8":"first","9":"instock","10":"shipping-taxable","11":"purchasable","12":"product-type-simple"},"_links":{"self":[{"href":"https:\/\/brandss.com.py\/index\/wp-json\/wp\/v2\/product\/74210","targetHints":{"allow":["GET"]}}],"collection":[{"href":"https:\/\/brandss.com.py\/index\/wp-json\/wp\/v2\/product"}],"about":[{"href":"https:\/\/brandss.com.py\/index\/wp-json\/wp\/v2\/types\/product"}],"replies":[{"embeddable":true,"href":"https:\/\/brandss.com.py\/index\/wp-json\/wp\/v2\/comments?post=74210"}],"version-history":[{"count":1,"href":"https:\/\/brandss.com.py\/index\/wp-json\/wp\/v2\/product\/74210\/revisions"}],"predecessor-version":[{"id":74216,"href":"https:\/\/brandss.com.py\/index\/wp-json\/wp\/v2\/product\/74210\/revisions\/74216"}],"wp:featuredmedia":[{"embeddable":true,"href":"https:\/\/brandss.com.py\/index\/wp-json\/wp\/v2\/media\/74211"}],"wp:attachment":[{"href":"https:\/\/brandss.com.py\/index\/wp-json\/wp\/v2\/media?parent=74210"}],"wp:term":[{"taxonomy":"product_brand","embeddable":true,"href":"https:\/\/brandss.com.py\/index\/wp-json\/wp\/v2\/product_brand?post=74210"},{"taxonomy":"product_cat","embeddable":true,"href":"https:\/\/brandss.com.py\/index\/wp-json\/wp\/v2\/product_cat?post=74210"},{"taxonomy":"product_tag","embeddable":true,"href":"https:\/\/brandss.com.py\/index\/wp-json\/wp\/v2\/product_tag?post=74210"}],"curies":[{"name":"wp","href":"https:\/\/api.w.org\/{rel}","templated":true}]}}