{"id":74217,"date":"2025-03-01T14:01:46","date_gmt":"2025-03-01T14:01:46","guid":{"rendered":"https:\/\/brandss.com.py\/index\/?post_type=product&#038;p=74217"},"modified":"2025-10-27T14:09:27","modified_gmt":"2025-10-27T14:09:27","slug":"short-deportivo-masculino-umbro-arbitro","status":"publish","type":"product","link":"https:\/\/brandss.com.py\/index\/producto\/short-deportivo-masculino-umbro-arbitro\/","title":{"rendered":"SHORT DEPORTIVO MASCULINO UMBRO \u00c1RBITRO"},"content":{"rendered":"<p><img loading=\"lazy\" decoding=\"async\" class=\"\" src=\"https:\/\/upload.wikimedia.org\/wikipedia\/commons\/b\/b7\/Logo_Umbro.png\" alt=\"Archivo:Logo Umbro.png - Wikipedia, la enciclopedia libre\" width=\"92\" height=\"61\" \/><\/p>\n<h1>\u00c1RBITRO<\/h1>\n<div class=\"vtex-flex-layout-0-x-flexColChild vtex-flex-layout-0-x-flexColChild--details-product pb0\">\n<div class=\"vtex-store-components-3-x-productDescriptionContainer\">\n<div class=\"vtex-store-components-3-x-productDescriptionText c-muted-1\">\n<div class=\"vtex-store-components-3-x-container relative\">\n<div class=\"vtex-store-components-3-x-content h-auto\"><span>Pantal\u00f3n corto de \u00e1rbitro para hombre fabricado 100% poli\u00e9ster. Ajuste regular con una longitud total de 48 cm. Tiene cinturilla ca\u00edda con el\u00e1stico interno y cord\u00f3n, bolsillos laterales y bolsillo trasero con detalles cosidos, gancho con costura reforzada y logotipo Umbro en transferencia de calor aplicado en la parte delantera izquierda cerca del dobladillo.<\/span><\/div>\n<\/div>\n<\/div>\n<\/div>\n<\/div>\n<div class=\"vtex-flex-layout-0-x-flexColChild vtex-flex-layout-0-x-flexColChild--details-product pb0\"><\/div>\n<div>G\u00e9nero: Masculino.<br \/>\nColor: Blanco y negro.<br \/>\nComposici\u00f3n: 100% Poli\u00e9ster.<\/div>\n<div class=\"vtex-flex-layout-0-x-flexColChild vtex-flex-layout-0-x-flexColChild--details-product pb0\"><span class=\"vtex-product-identifier-0-x-product-identifier vtex-product-identifier-0-x-product-identifier--productReference c-muted-1\"><span class=\"vtex-product-identifier-0-x-product-identifier__label\"><span>Modelo<\/span><\/span><span class=\"vtex-product-identifier-0-x-product-identifier__separator\"><span>:\u00a0<\/span><\/span><span class=\"vtex-product-identifier-0-x-product-identifier__value\"><span>U11TW00143-121.<\/span><\/span><\/span><\/div>\n","protected":false},"excerpt":{"rendered":"<p>\u00c1RBITRO Pantal\u00f3n corto de \u00e1rbitro para hombre fabricado 100% poli\u00e9ster. Ajuste regular con una longitud total de 48 cm. Tiene<\/p>\n","protected":false},"featured_media":74218,"comment_status":"open","ping_status":"closed","template":"","meta":{"nf_dc_page":""},"product_brand":[],"product_cat":[76],"product_tag":[],"class_list":{"0":"post-74217","1":"product","2":"type-product","3":"status-publish","4":"has-post-thumbnail","6":"product_cat-masculino","8":"first","9":"instock","10":"shipping-taxable","11":"purchasable","12":"product-type-simple"},"_links":{"self":[{"href":"https:\/\/brandss.com.py\/index\/wp-json\/wp\/v2\/product\/74217","targetHints":{"allow":["GET"]}}],"collection":[{"href":"https:\/\/brandss.com.py\/index\/wp-json\/wp\/v2\/product"}],"about":[{"href":"https:\/\/brandss.com.py\/index\/wp-json\/wp\/v2\/types\/product"}],"replies":[{"embeddable":true,"href":"https:\/\/brandss.com.py\/index\/wp-json\/wp\/v2\/comments?post=74217"}],"version-history":[{"count":1,"href":"https:\/\/brandss.com.py\/index\/wp-json\/wp\/v2\/product\/74217\/revisions"}],"predecessor-version":[{"id":74219,"href":"https:\/\/brandss.com.py\/index\/wp-json\/wp\/v2\/product\/74217\/revisions\/74219"}],"wp:featuredmedia":[{"embeddable":true,"href":"https:\/\/brandss.com.py\/index\/wp-json\/wp\/v2\/media\/74218"}],"wp:attachment":[{"href":"https:\/\/brandss.com.py\/index\/wp-json\/wp\/v2\/media?parent=74217"}],"wp:term":[{"taxonomy":"product_brand","embeddable":true,"href":"https:\/\/brandss.com.py\/index\/wp-json\/wp\/v2\/product_brand?post=74217"},{"taxonomy":"product_cat","embeddable":true,"href":"https:\/\/brandss.com.py\/index\/wp-json\/wp\/v2\/product_cat?post=74217"},{"taxonomy":"product_tag","embeddable":true,"href":"https:\/\/brandss.com.py\/index\/wp-json\/wp\/v2\/product_tag?post=74217"}],"curies":[{"name":"wp","href":"https:\/\/api.w.org\/{rel}","templated":true}]}}