{"id":74230,"date":"2025-03-01T14:24:28","date_gmt":"2025-03-01T14:24:28","guid":{"rendered":"https:\/\/brandss.com.py\/index\/?post_type=product&#038;p=74230"},"modified":"2025-04-24T10:30:19","modified_gmt":"2025-04-24T10:30:19","slug":"camiseta-casual-masculino-umbro-essential-mangas-cortas-2","status":"publish","type":"product","link":"https:\/\/brandss.com.py\/index\/producto\/camiseta-casual-masculino-umbro-essential-mangas-cortas-2\/","title":{"rendered":"CAMISETA CASUAL MASCULINO UMBRO ESSENTIAL MANGAS CORTAS"},"content":{"rendered":"<p><img loading=\"lazy\" decoding=\"async\" class=\"\" src=\"https:\/\/upload.wikimedia.org\/wikipedia\/commons\/b\/b7\/Logo_Umbro.png\" alt=\"Archivo:Logo Umbro.png - Wikipedia, la enciclopedia libre\" width=\"127\" height=\"85\" \/><\/p>\n<h1>ESSENTIAL<\/h1>\n<div class=\"vtex-flex-layout-0-x-flexColChild vtex-flex-layout-0-x-flexColChild--details-product pb0\">\n<div class=\"vtex-store-components-3-x-productDescriptionContainer\">\n<div class=\"vtex-store-components-3-x-productDescriptionText c-muted-1\">\n<div class=\"vtex-store-components-3-x-container relative\">\n<div class=\"vtex-store-components-3-x-content h-auto\"><span>La camiseta casual Umbro Essential para hombre es perfecta para tu estilo, sea cual sea. El modelo de dise\u00f1o minimalista est\u00e1 confeccionado en punto 100% algod\u00f3n, lo que garantiza comodidad y versatilidad. Con un corte regular y cuello redondo acanalado, la pieza es ideal para crear looks modernos e casuales para el d\u00eda a d\u00eda.<\/span><\/div>\n<\/div>\n<\/div>\n<\/div>\n<\/div>\n<div class=\"vtex-flex-layout-0-x-flexColChild vtex-flex-layout-0-x-flexColChild--details-product pb0\"><\/div>\n<div>G\u00e9nero: Masculino.<br \/>\nColor: Blanco.<br \/>\nComposici\u00f3n: 100% Algod\u00f3n.<\/div>\n<div class=\"vtex-flex-layout-0-x-flexColChild vtex-flex-layout-0-x-flexColChild--details-product pb0\"><span class=\"vtex-product-identifier-0-x-product-identifier vtex-product-identifier-0-x-product-identifier--productReference c-muted-1\"><span class=\"vtex-product-identifier-0-x-product-identifier__label\"><span>Modelo<\/span><\/span><span class=\"vtex-product-identifier-0-x-product-identifier__separator\"><span>:\u00a0<\/span><\/span><span class=\"vtex-product-identifier-0-x-product-identifier__value\"><span>U11TW00295-222.<\/span><\/span><\/span><\/div>\n","protected":false},"excerpt":{"rendered":"<p>ESSENTIAL La camiseta casual Umbro Essential para hombre es perfecta para tu estilo, sea cual sea. El modelo de dise\u00f1o<\/p>\n","protected":false},"featured_media":74239,"comment_status":"open","ping_status":"closed","template":"","meta":{"nf_dc_page":""},"product_brand":[],"product_cat":[76],"product_tag":[],"class_list":{"0":"post-74230","1":"product","2":"type-product","3":"status-publish","4":"has-post-thumbnail","6":"product_cat-masculino","8":"first","9":"instock","10":"shipping-taxable","11":"purchasable","12":"product-type-simple"},"_links":{"self":[{"href":"https:\/\/brandss.com.py\/index\/wp-json\/wp\/v2\/product\/74230","targetHints":{"allow":["GET"]}}],"collection":[{"href":"https:\/\/brandss.com.py\/index\/wp-json\/wp\/v2\/product"}],"about":[{"href":"https:\/\/brandss.com.py\/index\/wp-json\/wp\/v2\/types\/product"}],"replies":[{"embeddable":true,"href":"https:\/\/brandss.com.py\/index\/wp-json\/wp\/v2\/comments?post=74230"}],"version-history":[{"count":1,"href":"https:\/\/brandss.com.py\/index\/wp-json\/wp\/v2\/product\/74230\/revisions"}],"predecessor-version":[{"id":74245,"href":"https:\/\/brandss.com.py\/index\/wp-json\/wp\/v2\/product\/74230\/revisions\/74245"}],"wp:featuredmedia":[{"embeddable":true,"href":"https:\/\/brandss.com.py\/index\/wp-json\/wp\/v2\/media\/74239"}],"wp:attachment":[{"href":"https:\/\/brandss.com.py\/index\/wp-json\/wp\/v2\/media?parent=74230"}],"wp:term":[{"taxonomy":"product_brand","embeddable":true,"href":"https:\/\/brandss.com.py\/index\/wp-json\/wp\/v2\/product_brand?post=74230"},{"taxonomy":"product_cat","embeddable":true,"href":"https:\/\/brandss.com.py\/index\/wp-json\/wp\/v2\/product_cat?post=74230"},{"taxonomy":"product_tag","embeddable":true,"href":"https:\/\/brandss.com.py\/index\/wp-json\/wp\/v2\/product_tag?post=74230"}],"curies":[{"name":"wp","href":"https:\/\/api.w.org\/{rel}","templated":true}]}}