{"id":74263,"date":"2025-03-01T16:39:27","date_gmt":"2025-03-01T16:39:27","guid":{"rendered":"https:\/\/brandss.com.py\/index\/?post_type=product&#038;p=74263"},"modified":"2025-03-01T16:40:08","modified_gmt":"2025-03-01T16:40:08","slug":"camiseta-casual-femenino-umbro-essential-comfy-mangas-cortas","status":"publish","type":"product","link":"https:\/\/brandss.com.py\/index\/producto\/camiseta-casual-femenino-umbro-essential-comfy-mangas-cortas\/","title":{"rendered":"CAMISETA CASUAL FEMENINO UMBRO ESSENTIAL COMFY MANGAS CORTAS"},"content":{"rendered":"<p><img loading=\"lazy\" decoding=\"async\" class=\"\" src=\"https:\/\/upload.wikimedia.org\/wikipedia\/commons\/b\/b7\/Logo_Umbro.png\" alt=\"Archivo:Logo Umbro.png - Wikipedia, la enciclopedia libre\" width=\"132\" height=\"88\" \/><\/p>\n<h1>ESSENTIAL COMFY<\/h1>\n<div class=\"vtex-flex-layout-0-x-flexColChild vtex-flex-layout-0-x-flexColChild--details-product pb0\">\n<div class=\"vtex-store-components-3-x-productDescriptionContainer\">\n<div class=\"vtex-store-components-3-x-productDescriptionText c-muted-1\">\n<div class=\"vtex-store-components-3-x-container relative\">\n<div class=\"vtex-store-components-3-x-content h-auto\"><span>La camiseta c\u00f3moda esencial para mujer de Umbro es perfecta para un look moderno. Confeccionada en 100% algod\u00f3n, la pieza tiene un dise\u00f1o cropped que se ajusta al cuerpo, con mangas cortas, cuello redondo en canal\u00e9 y el logo de la marca bordado tono sobre tono. \u00a1Ideal para crear looks atemporales y con estilo!<\/span><\/div>\n<\/div>\n<\/div>\n<\/div>\n<\/div>\n<div class=\"vtex-flex-layout-0-x-flexColChild vtex-flex-layout-0-x-flexColChild--details-product pb0\"><\/div>\n<p>G\u00e9nero: Femenino.<\/p>\n<p>Color: Negro.<\/p>\n<p>Composici\u00f3n: 95% Algod\u00f3n, 5% Elastano.<\/p>\n<div class=\"vtex-flex-layout-0-x-flexColChild vtex-flex-layout-0-x-flexColChild--details-product pb0\"><span class=\"vtex-product-identifier-0-x-product-identifier vtex-product-identifier-0-x-product-identifier--productReference c-muted-1\"><span class=\"vtex-product-identifier-0-x-product-identifier__label\"><span>Modelo<\/span><\/span><span class=\"vtex-product-identifier-0-x-product-identifier__separator\"><span>:\u00a0<\/span><\/span><span class=\"vtex-product-identifier-0-x-product-identifier__value\"><span>U12L00597-111.<\/span><\/span><\/span><\/div>\n","protected":false},"excerpt":{"rendered":"<p>ESSENTIAL COMFY La camiseta c\u00f3moda esencial para mujer de Umbro es perfecta para un look moderno. Confeccionada en 100% algod\u00f3n,<\/p>\n","protected":false},"featured_media":74269,"comment_status":"open","ping_status":"closed","template":"","meta":{"nf_dc_page":""},"product_brand":[],"product_cat":[73],"product_tag":[],"class_list":{"0":"post-74263","1":"product","2":"type-product","3":"status-publish","4":"has-post-thumbnail","6":"product_cat-femenino","8":"first","9":"instock","10":"shipping-taxable","11":"purchasable","12":"product-type-simple"},"_links":{"self":[{"href":"https:\/\/brandss.com.py\/index\/wp-json\/wp\/v2\/product\/74263","targetHints":{"allow":["GET"]}}],"collection":[{"href":"https:\/\/brandss.com.py\/index\/wp-json\/wp\/v2\/product"}],"about":[{"href":"https:\/\/brandss.com.py\/index\/wp-json\/wp\/v2\/types\/product"}],"replies":[{"embeddable":true,"href":"https:\/\/brandss.com.py\/index\/wp-json\/wp\/v2\/comments?post=74263"}],"version-history":[{"count":1,"href":"https:\/\/brandss.com.py\/index\/wp-json\/wp\/v2\/product\/74263\/revisions"}],"predecessor-version":[{"id":74274,"href":"https:\/\/brandss.com.py\/index\/wp-json\/wp\/v2\/product\/74263\/revisions\/74274"}],"wp:featuredmedia":[{"embeddable":true,"href":"https:\/\/brandss.com.py\/index\/wp-json\/wp\/v2\/media\/74269"}],"wp:attachment":[{"href":"https:\/\/brandss.com.py\/index\/wp-json\/wp\/v2\/media?parent=74263"}],"wp:term":[{"taxonomy":"product_brand","embeddable":true,"href":"https:\/\/brandss.com.py\/index\/wp-json\/wp\/v2\/product_brand?post=74263"},{"taxonomy":"product_cat","embeddable":true,"href":"https:\/\/brandss.com.py\/index\/wp-json\/wp\/v2\/product_cat?post=74263"},{"taxonomy":"product_tag","embeddable":true,"href":"https:\/\/brandss.com.py\/index\/wp-json\/wp\/v2\/product_tag?post=74263"}],"curies":[{"name":"wp","href":"https:\/\/api.w.org\/{rel}","templated":true}]}}