{"id":74294,"date":"2025-03-01T17:04:14","date_gmt":"2025-03-01T17:04:14","guid":{"rendered":"https:\/\/brandss.com.py\/index\/?post_type=product&#038;p=74294"},"modified":"2025-03-01T17:04:50","modified_gmt":"2025-03-01T17:04:50","slug":"sujetador-deportivo-femenino-umbro-futevolei-graphic-camouflage","status":"publish","type":"product","link":"https:\/\/brandss.com.py\/index\/producto\/sujetador-deportivo-femenino-umbro-futevolei-graphic-camouflage\/","title":{"rendered":"SUJETADOR DEPORTIVO FEMENINO UMBRO FUTEVOLEI GRAPHIC CAMOUFLAGE"},"content":{"rendered":"<p><img loading=\"lazy\" decoding=\"async\" class=\"\" src=\"https:\/\/upload.wikimedia.org\/wikipedia\/commons\/b\/b7\/Logo_Umbro.png\" alt=\"Archivo:Logo Umbro.png - Wikipedia, la enciclopedia libre\" width=\"105\" height=\"70\" \/><\/p>\n<h1>FUTEVOLEI GRAPHIC CAMOUFLAGE<\/h1>\n<div class=\"vtex-flex-layout-0-x-flexColChild vtex-flex-layout-0-x-flexColChild--details-product pb0\">\n<div class=\"vtex-store-components-3-x-productDescriptionContainer\">\n<div class=\"vtex-store-components-3-x-productDescriptionText c-muted-1\">\n<div class=\"vtex-store-components-3-x-container relative\">\n<div class=\"vtex-store-components-3-x-content h-auto\"><span>Fabricada en poli\u00e9ster y elastano, la camiseta para mujer Umbro Futevolei Graphic Camuflage presenta una impresi\u00f3n sublimada completa (solo en la variante azul), forro en la parte delantera, dobladillo con el\u00e1stico interno y logotipo de la colecci\u00f3n. El modelo es ideal para la pr\u00e1ctica deportiva c\u00f3moda.<\/span><\/div>\n<\/div>\n<\/div>\n<\/div>\n<\/div>\n<div class=\"vtex-flex-layout-0-x-flexColChild vtex-flex-layout-0-x-flexColChild--details-product pb0\"><\/div>\n<p>G\u00e9nero: Femenino.<\/p>\n<p>Color: Marino.<\/p>\n<p>Composici\u00f3n: 82% Poli\u00e9ster, 18% Elastano\/ Forro: 88% Poliamida, 12% Elastano.<\/p>\n<div class=\"vtex-flex-layout-0-x-flexColChild vtex-flex-layout-0-x-flexColChild--details-product pb0\"><span class=\"vtex-product-identifier-0-x-product-identifier vtex-product-identifier-0-x-product-identifier--productReference c-muted-1\"><span class=\"vtex-product-identifier-0-x-product-identifier__label\"><span>Referencia\u00a0<\/span><\/span><span class=\"vtex-product-identifier-0-x-product-identifier__separator\"><span>:\u00a0<\/span><\/span><span class=\"vtex-product-identifier-0-x-product-identifier__value\"><span>U12TW00002-777.<\/span><\/span><\/span><\/div>\n","protected":false},"excerpt":{"rendered":"<p>FUTEVOLEI GRAPHIC CAMOUFLAGE Fabricada en poli\u00e9ster y elastano, la camiseta para mujer Umbro Futevolei Graphic Camuflage presenta una impresi\u00f3n sublimada<\/p>\n","protected":false},"featured_media":74297,"comment_status":"open","ping_status":"closed","template":"","meta":{"nf_dc_page":""},"product_brand":[],"product_cat":[73],"product_tag":[],"class_list":{"0":"post-74294","1":"product","2":"type-product","3":"status-publish","4":"has-post-thumbnail","6":"product_cat-femenino","8":"first","9":"instock","10":"shipping-taxable","11":"purchasable","12":"product-type-simple"},"_links":{"self":[{"href":"https:\/\/brandss.com.py\/index\/wp-json\/wp\/v2\/product\/74294","targetHints":{"allow":["GET"]}}],"collection":[{"href":"https:\/\/brandss.com.py\/index\/wp-json\/wp\/v2\/product"}],"about":[{"href":"https:\/\/brandss.com.py\/index\/wp-json\/wp\/v2\/types\/product"}],"replies":[{"embeddable":true,"href":"https:\/\/brandss.com.py\/index\/wp-json\/wp\/v2\/comments?post=74294"}],"version-history":[{"count":1,"href":"https:\/\/brandss.com.py\/index\/wp-json\/wp\/v2\/product\/74294\/revisions"}],"predecessor-version":[{"id":74301,"href":"https:\/\/brandss.com.py\/index\/wp-json\/wp\/v2\/product\/74294\/revisions\/74301"}],"wp:featuredmedia":[{"embeddable":true,"href":"https:\/\/brandss.com.py\/index\/wp-json\/wp\/v2\/media\/74297"}],"wp:attachment":[{"href":"https:\/\/brandss.com.py\/index\/wp-json\/wp\/v2\/media?parent=74294"}],"wp:term":[{"taxonomy":"product_brand","embeddable":true,"href":"https:\/\/brandss.com.py\/index\/wp-json\/wp\/v2\/product_brand?post=74294"},{"taxonomy":"product_cat","embeddable":true,"href":"https:\/\/brandss.com.py\/index\/wp-json\/wp\/v2\/product_cat?post=74294"},{"taxonomy":"product_tag","embeddable":true,"href":"https:\/\/brandss.com.py\/index\/wp-json\/wp\/v2\/product_tag?post=74294"}],"curies":[{"name":"wp","href":"https:\/\/api.w.org\/{rel}","templated":true}]}}