{"id":74303,"date":"2025-03-01T17:15:31","date_gmt":"2025-03-01T17:15:31","guid":{"rendered":"https:\/\/brandss.com.py\/index\/?post_type=product&#038;p=74303"},"modified":"2025-03-01T17:16:03","modified_gmt":"2025-03-01T17:16:03","slug":"camiseta-deportivo-femenino-umbro-futevolei-graphic-camouflage-mangas-cortas","status":"publish","type":"product","link":"https:\/\/brandss.com.py\/index\/producto\/camiseta-deportivo-femenino-umbro-futevolei-graphic-camouflage-mangas-cortas\/","title":{"rendered":"CAMISETA DEPORTIVO FEMENINO UMBRO FUTEVOLEI GRAPHIC CAMOUFLAGE MANGAS CORTAS"},"content":{"rendered":"<p><img loading=\"lazy\" decoding=\"async\" class=\"\" src=\"https:\/\/upload.wikimedia.org\/wikipedia\/commons\/b\/b7\/Logo_Umbro.png\" alt=\"Archivo:Logo Umbro.png - Wikipedia, la enciclopedia libre\" width=\"129\" height=\"86\" \/><\/p>\n<h1>FUTEVOLEI GRAPHIC CAMOUFLAGE<\/h1>\n<div class=\"vtex-flex-layout-0-x-flexColChild vtex-flex-layout-0-x-flexColChild--details-product pb0\">\n<div class=\"vtex-store-components-3-x-productDescriptionContainer\">\n<div class=\"vtex-store-components-3-x-productDescriptionText c-muted-1\">\n<div class=\"vtex-store-components-3-x-container relative\">\n<div class=\"vtex-store-components-3-x-content h-auto\"><span>Con un logotipo personalizado de la colecci\u00f3n, la camiseta de footvolley para mujer Umbro Graphic presenta hilo tecnol\u00f3gico con protecci\u00f3n solar SPF 50+. La pieza presenta un corte regular ligeramente entallado, mangas cortas ragl\u00e1n, cuello redondo y estampado sublimado en las mangas (solo en la variante coral).<\/span><\/div>\n<\/div>\n<\/div>\n<\/div>\n<\/div>\n<div class=\"vtex-flex-layout-0-x-flexColChild vtex-flex-layout-0-x-flexColChild--details-product pb0\"><\/div>\n<p>G\u00e9nero: Femenino.<\/p>\n<p>Color: Coral.<\/p>\n<p>Composici\u00f3n: 93% Poli\u00e9ster, 7% Elastano.<\/p>\n<div class=\"vtex-flex-layout-0-x-flexColChild vtex-flex-layout-0-x-flexColChild--details-product pb0\"><span class=\"vtex-product-identifier-0-x-product-identifier vtex-product-identifier-0-x-product-identifier--productReference c-muted-1\"><span class=\"vtex-product-identifier-0-x-product-identifier__label\"><span>Modelo<\/span><\/span><span class=\"vtex-product-identifier-0-x-product-identifier__separator\"><span>:\u00a0<\/span><\/span><span class=\"vtex-product-identifier-0-x-product-identifier__value\"><span>U12TW00009-000.<\/span><\/span><\/span><\/div>\n","protected":false},"excerpt":{"rendered":"<p>FUTEVOLEI GRAPHIC CAMOUFLAGE Con un logotipo personalizado de la colecci\u00f3n, la camiseta de footvolley para mujer Umbro Graphic presenta hilo<\/p>\n","protected":false},"featured_media":74304,"comment_status":"open","ping_status":"closed","template":"","meta":{"nf_dc_page":""},"product_brand":[],"product_cat":[73],"product_tag":[],"class_list":{"0":"post-74303","1":"product","2":"type-product","3":"status-publish","4":"has-post-thumbnail","6":"product_cat-femenino","8":"first","9":"instock","10":"shipping-taxable","11":"purchasable","12":"product-type-simple"},"_links":{"self":[{"href":"https:\/\/brandss.com.py\/index\/wp-json\/wp\/v2\/product\/74303","targetHints":{"allow":["GET"]}}],"collection":[{"href":"https:\/\/brandss.com.py\/index\/wp-json\/wp\/v2\/product"}],"about":[{"href":"https:\/\/brandss.com.py\/index\/wp-json\/wp\/v2\/types\/product"}],"replies":[{"embeddable":true,"href":"https:\/\/brandss.com.py\/index\/wp-json\/wp\/v2\/comments?post=74303"}],"version-history":[{"count":1,"href":"https:\/\/brandss.com.py\/index\/wp-json\/wp\/v2\/product\/74303\/revisions"}],"predecessor-version":[{"id":74312,"href":"https:\/\/brandss.com.py\/index\/wp-json\/wp\/v2\/product\/74303\/revisions\/74312"}],"wp:featuredmedia":[{"embeddable":true,"href":"https:\/\/brandss.com.py\/index\/wp-json\/wp\/v2\/media\/74304"}],"wp:attachment":[{"href":"https:\/\/brandss.com.py\/index\/wp-json\/wp\/v2\/media?parent=74303"}],"wp:term":[{"taxonomy":"product_brand","embeddable":true,"href":"https:\/\/brandss.com.py\/index\/wp-json\/wp\/v2\/product_brand?post=74303"},{"taxonomy":"product_cat","embeddable":true,"href":"https:\/\/brandss.com.py\/index\/wp-json\/wp\/v2\/product_cat?post=74303"},{"taxonomy":"product_tag","embeddable":true,"href":"https:\/\/brandss.com.py\/index\/wp-json\/wp\/v2\/product_tag?post=74303"}],"curies":[{"name":"wp","href":"https:\/\/api.w.org\/{rel}","templated":true}]}}