{"id":74319,"date":"2025-03-01T17:23:59","date_gmt":"2025-03-01T17:23:59","guid":{"rendered":"https:\/\/brandss.com.py\/index\/?post_type=product&#038;p=74319"},"modified":"2025-03-01T17:24:46","modified_gmt":"2025-03-01T17:24:46","slug":"camiseta-deportivo-femenino-umbro-futevolei-graphic-camouflage-mangas-cortas-2","status":"publish","type":"product","link":"https:\/\/brandss.com.py\/index\/producto\/camiseta-deportivo-femenino-umbro-futevolei-graphic-camouflage-mangas-cortas-2\/","title":{"rendered":"CAMISETA DEPORTIVO FEMENINO UMBRO FUTEVOLEI GRAPHIC CAMOUFLAGE MANGAS CORTAS"},"content":{"rendered":"<p><img loading=\"lazy\" decoding=\"async\" class=\"\" src=\"https:\/\/upload.wikimedia.org\/wikipedia\/commons\/b\/b7\/Logo_Umbro.png\" alt=\"Archivo:Logo Umbro.png - Wikipedia, la enciclopedia libre\" width=\"120\" height=\"80\" \/><\/p>\n<h1>FUTEVOLEI GRAPHIC CAMOUFLAGE<\/h1>\n<div class=\"vtex-flex-layout-0-x-flexColChild vtex-flex-layout-0-x-flexColChild--details-product pb0\">\n<div class=\"vtex-store-components-3-x-productDescriptionContainer\">\n<div class=\"vtex-store-components-3-x-productDescriptionText c-muted-1\">\n<div class=\"vtex-store-components-3-x-container relative\">\n<div class=\"vtex-store-components-3-x-content h-auto\"><span>Camisa de mujer confeccionada en poli\u00e9ster y elastano, con hilo tecnol\u00f3gico que contiene protecci\u00f3n solar SPF 50+ contra los rayos UVA y UVB. Modelo regular ligeramente entallado, con mangas ragl\u00e1n cortas y cuello redondo. Tiene una impresi\u00f3n sublimada personalizada en las mangas (solo en la variante rosa), sello Futev\u00f4lei aplicado en la parte delantera izquierda cerca del dobladillo, logo Umbro Futev\u00f4lei en la espalda cerca del cuello y logo Umbro en t\u00e9rminos sustentables centrado en la parte superior delantera.<\/span><\/div>\n<\/div>\n<\/div>\n<\/div>\n<\/div>\n<div class=\"vtex-flex-layout-0-x-flexColChild vtex-flex-layout-0-x-flexColChild--details-product pb0\"><\/div>\n<p>G\u00e9nero: Femenino.<\/p>\n<p>Color: Negro.<\/p>\n<p>Composici\u00f3n: 93% Poli\u00e9ster, 7% Elastano.<\/p>\n<div class=\"vtex-flex-layout-0-x-flexColChild vtex-flex-layout-0-x-flexColChild--details-product pb0\"><span class=\"vtex-product-identifier-0-x-product-identifier vtex-product-identifier-0-x-product-identifier--productReference c-muted-1\"><span class=\"vtex-product-identifier-0-x-product-identifier__label\"><span>Modelo<\/span><\/span><span class=\"vtex-product-identifier-0-x-product-identifier__separator\"><span>:\u00a0<\/span><\/span><span class=\"vtex-product-identifier-0-x-product-identifier__value\"><span>U12TW00009-111.<\/span><\/span><\/span><\/div>\n","protected":false},"excerpt":{"rendered":"<p>FUTEVOLEI GRAPHIC CAMOUFLAGE Camisa de mujer confeccionada en poli\u00e9ster y elastano, con hilo tecnol\u00f3gico que contiene protecci\u00f3n solar SPF 50+<\/p>\n","protected":false},"featured_media":74320,"comment_status":"open","ping_status":"closed","template":"","meta":{"nf_dc_page":""},"product_brand":[],"product_cat":[73],"product_tag":[],"class_list":{"0":"post-74319","1":"product","2":"type-product","3":"status-publish","4":"has-post-thumbnail","6":"product_cat-femenino","8":"first","9":"instock","10":"shipping-taxable","11":"purchasable","12":"product-type-simple"},"_links":{"self":[{"href":"https:\/\/brandss.com.py\/index\/wp-json\/wp\/v2\/product\/74319","targetHints":{"allow":["GET"]}}],"collection":[{"href":"https:\/\/brandss.com.py\/index\/wp-json\/wp\/v2\/product"}],"about":[{"href":"https:\/\/brandss.com.py\/index\/wp-json\/wp\/v2\/types\/product"}],"replies":[{"embeddable":true,"href":"https:\/\/brandss.com.py\/index\/wp-json\/wp\/v2\/comments?post=74319"}],"version-history":[{"count":1,"href":"https:\/\/brandss.com.py\/index\/wp-json\/wp\/v2\/product\/74319\/revisions"}],"predecessor-version":[{"id":74324,"href":"https:\/\/brandss.com.py\/index\/wp-json\/wp\/v2\/product\/74319\/revisions\/74324"}],"wp:featuredmedia":[{"embeddable":true,"href":"https:\/\/brandss.com.py\/index\/wp-json\/wp\/v2\/media\/74320"}],"wp:attachment":[{"href":"https:\/\/brandss.com.py\/index\/wp-json\/wp\/v2\/media?parent=74319"}],"wp:term":[{"taxonomy":"product_brand","embeddable":true,"href":"https:\/\/brandss.com.py\/index\/wp-json\/wp\/v2\/product_brand?post=74319"},{"taxonomy":"product_cat","embeddable":true,"href":"https:\/\/brandss.com.py\/index\/wp-json\/wp\/v2\/product_cat?post=74319"},{"taxonomy":"product_tag","embeddable":true,"href":"https:\/\/brandss.com.py\/index\/wp-json\/wp\/v2\/product_tag?post=74319"}],"curies":[{"name":"wp","href":"https:\/\/api.w.org\/{rel}","templated":true}]}}