{"id":74331,"date":"2025-03-01T17:56:30","date_gmt":"2025-03-01T17:56:30","guid":{"rendered":"https:\/\/brandss.com.py\/index\/?post_type=product&#038;p=74331"},"modified":"2025-03-01T17:59:03","modified_gmt":"2025-03-01T17:59:03","slug":"short-deportivo-femenino-umbro-futevolei-double-color","status":"publish","type":"product","link":"https:\/\/brandss.com.py\/index\/producto\/short-deportivo-femenino-umbro-futevolei-double-color\/","title":{"rendered":"SHORT DEPORTIVO FEMENINO UMBRO FUTEVOLEI DOUBLE COLOR"},"content":{"rendered":"<p><img loading=\"lazy\" decoding=\"async\" class=\"\" src=\"https:\/\/upload.wikimedia.org\/wikipedia\/commons\/b\/b7\/Logo_Umbro.png\" alt=\"Archivo:Logo Umbro.png - Wikipedia, la enciclopedia libre\" width=\"103\" height=\"69\" \/><\/p>\n<h1>FUTEVOLEI DOUBLE COLOR<\/h1>\n<div class=\"vtex-flex-layout-0-x-flexColChild vtex-flex-layout-0-x-flexColChild--details-product pb0\">\n<div class=\"vtex-store-components-3-x-productDescriptionContainer\">\n<div class=\"vtex-store-components-3-x-productDescriptionText c-muted-1\">\n<div class=\"vtex-store-components-3-x-container relative\">\n<div class=\"vtex-store-components-3-x-content h-auto\">Con un ajuste entallado (m\u00e1s cercano al cuerpo), los pantalones cortos Umbro Double Color Futev\u00f4lei para mujer presentan una cinturilla de dos tonos, dobladillo con ribete bies y el logotipo de la colecci\u00f3n. La pieza est\u00e1 fabricada en poliamida con elastano, ideal para una pr\u00e1ctica deportiva m\u00e1s c\u00f3moda y con estilo.<\/div>\n<\/div>\n<\/div>\n<\/div>\n<\/div>\n<div class=\"vtex-flex-layout-0-x-flexColChild vtex-flex-layout-0-x-flexColChild--details-product pb0\"><\/div>\n<div>G\u00e9nero: Femenino.<\/div>\n<div>Color: Negro\/Coral.<br \/>\nModelo: 10% Elastano, 90% Poliamida.<\/div>\n<div class=\"vtex-flex-layout-0-x-flexColChild vtex-flex-layout-0-x-flexColChild--details-product pb0\"><span class=\"vtex-product-identifier-0-x-product-identifier vtex-product-identifier-0-x-product-identifier--productReference c-muted-1\"><span class=\"vtex-product-identifier-0-x-product-identifier__label\">Modelo<\/span><span class=\"vtex-product-identifier-0-x-product-identifier__separator\">:\u00a0<\/span><span class=\"vtex-product-identifier-0-x-product-identifier__value\">U12TW00038-101.<\/span><\/span><\/div>\n","protected":false},"excerpt":{"rendered":"<p>FUTEVOLEI DOUBLE COLOR Con un ajuste entallado (m\u00e1s cercano al cuerpo), los pantalones cortos Umbro Double Color Futev\u00f4lei para mujer<\/p>\n","protected":false},"featured_media":74332,"comment_status":"open","ping_status":"closed","template":"","meta":{"nf_dc_page":""},"product_brand":[],"product_cat":[73],"product_tag":[],"class_list":{"0":"post-74331","1":"product","2":"type-product","3":"status-publish","4":"has-post-thumbnail","6":"product_cat-femenino","8":"first","9":"instock","10":"shipping-taxable","11":"purchasable","12":"product-type-simple"},"_links":{"self":[{"href":"https:\/\/brandss.com.py\/index\/wp-json\/wp\/v2\/product\/74331","targetHints":{"allow":["GET"]}}],"collection":[{"href":"https:\/\/brandss.com.py\/index\/wp-json\/wp\/v2\/product"}],"about":[{"href":"https:\/\/brandss.com.py\/index\/wp-json\/wp\/v2\/types\/product"}],"replies":[{"embeddable":true,"href":"https:\/\/brandss.com.py\/index\/wp-json\/wp\/v2\/comments?post=74331"}],"version-history":[{"count":2,"href":"https:\/\/brandss.com.py\/index\/wp-json\/wp\/v2\/product\/74331\/revisions"}],"predecessor-version":[{"id":74338,"href":"https:\/\/brandss.com.py\/index\/wp-json\/wp\/v2\/product\/74331\/revisions\/74338"}],"wp:featuredmedia":[{"embeddable":true,"href":"https:\/\/brandss.com.py\/index\/wp-json\/wp\/v2\/media\/74332"}],"wp:attachment":[{"href":"https:\/\/brandss.com.py\/index\/wp-json\/wp\/v2\/media?parent=74331"}],"wp:term":[{"taxonomy":"product_brand","embeddable":true,"href":"https:\/\/brandss.com.py\/index\/wp-json\/wp\/v2\/product_brand?post=74331"},{"taxonomy":"product_cat","embeddable":true,"href":"https:\/\/brandss.com.py\/index\/wp-json\/wp\/v2\/product_cat?post=74331"},{"taxonomy":"product_tag","embeddable":true,"href":"https:\/\/brandss.com.py\/index\/wp-json\/wp\/v2\/product_tag?post=74331"}],"curies":[{"name":"wp","href":"https:\/\/api.w.org\/{rel}","templated":true}]}}