{"id":74380,"date":"2025-03-03T11:44:12","date_gmt":"2025-03-03T11:44:12","guid":{"rendered":"https:\/\/brandss.com.py\/index\/?post_type=product&#038;p=74380"},"modified":"2025-03-03T11:45:02","modified_gmt":"2025-03-03T11:45:02","slug":"calzado-casual-femenino-lifestyle-moda-revenge","status":"publish","type":"product","link":"https:\/\/brandss.com.py\/index\/producto\/calzado-casual-femenino-lifestyle-moda-revenge\/","title":{"rendered":"CALZADO CASUAL FEMENINO LIFESTYLE MODA REVENGE"},"content":{"rendered":"<p><img decoding=\"async\" src=\"https:\/\/encrypted-tbn0.gstatic.com\/images?q=tbn:ANd9GcRZKPU-L84pMinFvNgnSPyPCloh2m2KdTiomg&amp;s\" alt=\"Logo de Fila: la historia y el significado del logotipo, la ...\" \/><\/p>\n<h1>FO2L00289-6350<\/h1>\n<h3 data-start=\"132\" data-end=\"206\"><strong data-start=\"136\" data-end=\"204\"><span>FILA Lifestyle Moda Revenge \u2013 Elegancia Urbana con ADN Deportivo<\/span><\/strong><\/h3>\n<p data-start=\"208\" data-end=\"547\"><span>Si buscas un calzado que combine <\/span><strong data-start=\"241\" data-end=\"303\"><span>dise\u00f1o ic\u00f3nico, comodidad superior y una actitud aut\u00e9ntica<\/span><\/strong><span> , los<\/span><strong data-start=\"309\" data-end=\"340\"><span>Estilo de vida FILA Moda Venganza<\/span><\/strong><span>entonces<\/span><strong data-start=\"520\" data-end=\"544\"><span>moda y funcionalidad<\/span><\/strong><span> .<\/span><\/p>\n<h3 data-start=\"549\" data-end=\"589\"><strong data-start=\"553\" data-end=\"587\"><span>\ud83d\udd39 Dise\u00f1o que Impone Tendencia<\/span><\/strong><\/h3>\n<p data-start=\"590\" data-end=\"1013\"><span>La venganza de Los <\/span><strong data-start=\"594\" data-end=\"610\"><span>Moda<\/span><\/strong><span>Capit\u00e1n<\/span><strong data-start=\"787\" data-end=\"829\"><span>Atrevido, vers\u00e1til y siempre a la moda.<\/span><\/strong><span>. D<\/span><\/p>\n<h3 data-start=\"1015\" data-end=\"1083\"><strong data-start=\"1019\" data-end=\"1081\"><span>\ud83d\udd39 Materiales Premium para una Experiencia de Uso Superior<\/span><\/strong><\/h3>\n<p data-start=\"1084\" data-end=\"1181\"><span>Cada par est\u00e1 fabricado con materiales seleccionados para garantizar <\/span><strong data-start=\"1153\" data-end=\"1178\"><span>durabilidad y confort<\/span><\/strong><span> :<\/span><\/p>\n<ul data-start=\"1183\" data-end=\"1519\">\n<li data-start=\"1183\" data-end=\"1312\"><strong data-start=\"1185\" data-end=\"1247\"><span>Capellada en cuero sint\u00e9tico y detalles en gamuza o textil<\/span><\/strong><span> ,<\/span><\/li>\n<li data-start=\"1313\" data-end=\"1418\"><strong data-start=\"1315\" data-end=\"1354\"><span>Forro interior suave y transpirable<\/span><\/strong><span> .<\/span><\/li>\n<li data-start=\"1419\" data-end=\"1519\"><strong data-start=\"1421\" data-end=\"1464\"><span>Refuerzos estrat\u00e9gicos en la estructura<\/span><\/strong><span> , que brind<\/span><\/li>\n<\/ul>\n<h3 data-start=\"1521\" data-end=\"1561\"><strong data-start=\"1525\" data-end=\"1559\"><span>\ud83d\udd39 M\u00e1ximo Confort en Cada Paso<\/span><\/strong><\/h3>\n<p data-start=\"1562\" data-end=\"1707\"><span>Pensados \u200b\u200bpara quienes llevan un estilo de vida din\u00e1mico, los <\/span><strong data-start=\"1623\" data-end=\"1654\"><span>FILA Lifestyle Moda Revenge<\/span><\/strong><span>Inco<\/span><\/p>\n<ul data-start=\"1709\" data-end=\"1996\">\n<li data-start=\"1709\" data-end=\"1795\"><strong data-start=\"1711\" data-end=\"1753\"><span>Plantilla ergon\u00f3mica con amortiguaci\u00f3n<\/span><\/strong><span> para reducir<\/span><\/li>\n<li data-start=\"1796\" data-end=\"1887\"><strong data-start=\"1798\" data-end=\"1819\"><span>Entresuela de EVA<\/span><\/strong><span> ,<\/span><\/li>\n<li data-start=\"1888\" data-end=\"1996\"><strong data-start=\"1890\" data-end=\"1933\"><span>Suela de goma con patr\u00f3n antideslizante<\/span><\/strong><span> , asegurando<\/span><\/li>\n<\/ul>\n<h3 data-start=\"1998\" data-end=\"2046\"><strong data-start=\"2002\" data-end=\"2044\"><span>\ud83d\udd39 Versatilidad para Todos los Estilos<\/span><\/strong><\/h3>\n<p data-start=\"2047\" data-end=\"2372\"><span>Ya sea que los combina con <\/span><strong data-start=\"2075\" data-end=\"2136\"><span>jeans ajustados, joggers deportivos o incluso faldas midi<\/span><\/strong><span> , estas zapatillas<\/span><\/p>\n<h3 data-start=\"2374\" data-end=\"2424\"><strong data-start=\"2378\" data-end=\"2422\"><span>\ud83d\udd39 FILA: Un \u00cdcono del Streetwear Moderno<\/span><\/strong><\/h3>\n<p data-start=\"2425\" data-end=\"2719\"><span>Con una trayectoria de m\u00e1s de 100 a\u00f1os, FILA se ha consolidado como una de las marcas l\u00edderes en la industria del calzado y la moda deportiva. La l\u00ednea <\/span><strong data-start=\"2577\" data-end=\"2603\"><span>Lifestyle Moda Revenge<\/span><\/strong><span> es un reflejo<\/span><\/p>\n<h4 data-start=\"2721\" data-end=\"2823\"><strong data-start=\"2726\" data-end=\"2821\"><span>\ud83c\udfaf Para mujeres que buscan marcar la diferencia, sin renunciar a la comodidad y la calidad.<\/span><\/strong><\/h4>\n","protected":false},"excerpt":{"rendered":"<p>FO2L00289-6350 FILA Lifestyle Moda Revenge \u2013 Elegancia Urbana con ADN Deportivo Si buscas un calzado que combine dise\u00f1o ic\u00f3nico, comodidad<\/p>\n","protected":false},"featured_media":74381,"comment_status":"open","ping_status":"closed","template":"","meta":{"nf_dc_page":""},"product_brand":[],"product_cat":[73],"product_tag":[],"class_list":{"0":"post-74380","1":"product","2":"type-product","3":"status-publish","4":"has-post-thumbnail","6":"product_cat-femenino","8":"first","9":"instock","10":"shipping-taxable","11":"purchasable","12":"product-type-simple"},"_links":{"self":[{"href":"https:\/\/brandss.com.py\/index\/wp-json\/wp\/v2\/product\/74380","targetHints":{"allow":["GET"]}}],"collection":[{"href":"https:\/\/brandss.com.py\/index\/wp-json\/wp\/v2\/product"}],"about":[{"href":"https:\/\/brandss.com.py\/index\/wp-json\/wp\/v2\/types\/product"}],"replies":[{"embeddable":true,"href":"https:\/\/brandss.com.py\/index\/wp-json\/wp\/v2\/comments?post=74380"}],"version-history":[{"count":1,"href":"https:\/\/brandss.com.py\/index\/wp-json\/wp\/v2\/product\/74380\/revisions"}],"predecessor-version":[{"id":74386,"href":"https:\/\/brandss.com.py\/index\/wp-json\/wp\/v2\/product\/74380\/revisions\/74386"}],"wp:featuredmedia":[{"embeddable":true,"href":"https:\/\/brandss.com.py\/index\/wp-json\/wp\/v2\/media\/74381"}],"wp:attachment":[{"href":"https:\/\/brandss.com.py\/index\/wp-json\/wp\/v2\/media?parent=74380"}],"wp:term":[{"taxonomy":"product_brand","embeddable":true,"href":"https:\/\/brandss.com.py\/index\/wp-json\/wp\/v2\/product_brand?post=74380"},{"taxonomy":"product_cat","embeddable":true,"href":"https:\/\/brandss.com.py\/index\/wp-json\/wp\/v2\/product_cat?post=74380"},{"taxonomy":"product_tag","embeddable":true,"href":"https:\/\/brandss.com.py\/index\/wp-json\/wp\/v2\/product_tag?post=74380"}],"curies":[{"name":"wp","href":"https:\/\/api.w.org\/{rel}","templated":true}]}}