{"id":74475,"date":"2025-03-03T14:35:53","date_gmt":"2025-03-03T14:35:53","guid":{"rendered":"https:\/\/brandss.com.py\/index\/?post_type=product&#038;p=74475"},"modified":"2025-03-03T14:36:50","modified_gmt":"2025-03-03T14:36:50","slug":"canillera-deportivo-unisex-umbro-protection-st","status":"publish","type":"product","link":"https:\/\/brandss.com.py\/index\/producto\/canillera-deportivo-unisex-umbro-protection-st\/","title":{"rendered":"CANILLERA DEPORTIVO UNISEX UMBRO PROTECTION ST"},"content":{"rendered":"<p><img loading=\"lazy\" decoding=\"async\" class=\"\" src=\"https:\/\/upload.wikimedia.org\/wikipedia\/commons\/b\/b7\/Logo_Umbro.png\" alt=\"Archivo:Logo Umbro.png - Wikipedia, la enciclopedia libre\" width=\"108\" height=\"72\" \/><\/p>\n<h1>PROTECTION ST<\/h1>\n<div class=\"vtex-flex-layout-0-x-flexColChild vtex-flex-layout-0-x-flexColChild--details-product pb0\">\n<div class=\"vtex-store-components-3-x-productDescriptionContainer\">\n<div class=\"vtex-store-components-3-x-productDescriptionText c-muted-1\">\n<div class=\"vtex-store-components-3-x-container relative\">\n<div class=\"vtex-store-components-3-x-content h-auto\"><span>Espinillera protectora fabricada en material r\u00edgido. Tiene forma anat\u00f3mica y dise\u00f1o en relieve para una mayor fijaci\u00f3n al calcet\u00edn, as\u00ed como EVA moldeada en el interior para una mayor comodidad y transpirabilidad. Logotipo Umbro met\u00e1lico en la parte delantera.<\/span><\/div>\n<\/div>\n<\/div>\n<\/div>\n<\/div>\n<div class=\"vtex-flex-layout-0-x-flexColChild vtex-flex-layout-0-x-flexColChild--details-product pb0\"><\/div>\n<div>G\u00e9nero: Unisex.<br \/>\nColor: Negro\/dorado.<br \/>\nComposic\u00f3n: Externo: 100% Polipropileno\/ Interno: 100% Eva.<\/div>\n<div class=\"vtex-flex-layout-0-x-flexColChild vtex-flex-layout-0-x-flexColChild--details-product pb0\"><span class=\"vtex-product-identifier-0-x-product-identifier vtex-product-identifier-0-x-product-identifier--productReference c-muted-1\"><span class=\"vtex-product-identifier-0-x-product-identifier__label\"><span>Referencia\u00a0<\/span><\/span><span class=\"vtex-product-identifier-0-x-product-identifier__separator\"><span>:\u00a0<\/span><\/span><span class=\"vtex-product-identifier-0-x-product-identifier__value\"><span>U23EQ030-292.<\/span><\/span><\/span><\/div>\n","protected":false},"excerpt":{"rendered":"<p>PROTECTION ST Espinillera protectora fabricada en material r\u00edgido. Tiene forma anat\u00f3mica y dise\u00f1o en relieve para una mayor fijaci\u00f3n al<\/p>\n","protected":false},"featured_media":74476,"comment_status":"open","ping_status":"closed","template":"","meta":{"nf_dc_page":""},"product_brand":[],"product_cat":[74,77],"product_tag":[],"class_list":{"0":"post-74475","1":"product","2":"type-product","3":"status-publish","4":"has-post-thumbnail","6":"product_cat-accesorios-fem","7":"product_cat-accesorios-masc","9":"first","10":"instock","11":"shipping-taxable","12":"purchasable","13":"product-type-simple"},"_links":{"self":[{"href":"https:\/\/brandss.com.py\/index\/wp-json\/wp\/v2\/product\/74475","targetHints":{"allow":["GET"]}}],"collection":[{"href":"https:\/\/brandss.com.py\/index\/wp-json\/wp\/v2\/product"}],"about":[{"href":"https:\/\/brandss.com.py\/index\/wp-json\/wp\/v2\/types\/product"}],"replies":[{"embeddable":true,"href":"https:\/\/brandss.com.py\/index\/wp-json\/wp\/v2\/comments?post=74475"}],"version-history":[{"count":1,"href":"https:\/\/brandss.com.py\/index\/wp-json\/wp\/v2\/product\/74475\/revisions"}],"predecessor-version":[{"id":74477,"href":"https:\/\/brandss.com.py\/index\/wp-json\/wp\/v2\/product\/74475\/revisions\/74477"}],"wp:featuredmedia":[{"embeddable":true,"href":"https:\/\/brandss.com.py\/index\/wp-json\/wp\/v2\/media\/74476"}],"wp:attachment":[{"href":"https:\/\/brandss.com.py\/index\/wp-json\/wp\/v2\/media?parent=74475"}],"wp:term":[{"taxonomy":"product_brand","embeddable":true,"href":"https:\/\/brandss.com.py\/index\/wp-json\/wp\/v2\/product_brand?post=74475"},{"taxonomy":"product_cat","embeddable":true,"href":"https:\/\/brandss.com.py\/index\/wp-json\/wp\/v2\/product_cat?post=74475"},{"taxonomy":"product_tag","embeddable":true,"href":"https:\/\/brandss.com.py\/index\/wp-json\/wp\/v2\/product_tag?post=74475"}],"curies":[{"name":"wp","href":"https:\/\/api.w.org\/{rel}","templated":true}]}}