{"id":74507,"date":"2025-03-03T16:06:08","date_gmt":"2025-03-03T16:06:08","guid":{"rendered":"https:\/\/brandss.com.py\/index\/?post_type=product&#038;p=74507"},"modified":"2025-09-11T10:33:47","modified_gmt":"2025-09-11T10:33:47","slug":"camiseta-casual-femenina-fila-moda-vita-sportiva-black","status":"publish","type":"product","link":"https:\/\/brandss.com.py\/index\/producto\/camiseta-casual-femenina-fila-moda-vita-sportiva-black\/","title":{"rendered":"CAMISETA CASUAL FEMENINA FILA MODA VITA SPORTIVA BLACK"},"content":{"rendered":"<h1 data-start=\"0\" data-end=\"109\"><img decoding=\"async\" src=\"https:\/\/i0.wp.com\/1000marcas.net\/wp-content\/uploads\/2019\/12\/logo-Fila.png?resize=140%2C79&amp;ssl=1\" \/><\/h1>\n<h1 data-start=\"0\" data-end=\"109\">FILA Camiseta Femenina Moda T Shirt Vita Sportiva Black<\/h1>\n<p data-start=\"111\" data-end=\"393\">La FILA Camiseta Femenina Moda T Shirt Vita Sportiva Black (F12L01124 100) es la opci\u00f3n perfecta para quienes buscan un estilo deportivo y casual en su vestimenta diaria. Con su dise\u00f1o minimalista y c\u00f3modo, esta camiseta ofrece un look vers\u00e1til que se adapta a diferentes ocasiones.<\/p>\n<p data-start=\"395\" data-end=\"415\"><strong data-start=\"395\" data-end=\"415\">Caracter\u00edsticas:<\/strong><\/p>\n<ul data-start=\"416\" data-end=\"929\">\n<li data-start=\"416\" data-end=\"433\"><strong data-start=\"418\" data-end=\"428\">Marca:<\/strong> FILA<\/li>\n<li data-start=\"434\" data-end=\"491\"><strong data-start=\"436\" data-end=\"447\">Modelo:<\/strong> T Shirt Vita Sportiva Black (F12L01124 100)<\/li>\n<li data-start=\"492\" data-end=\"540\"><strong data-start=\"494\" data-end=\"503\">Tipo:<\/strong> Camiseta femenina casual y deportiva<\/li>\n<li data-start=\"541\" data-end=\"610\"><strong data-start=\"543\" data-end=\"556\">Material:<\/strong> Algod\u00f3n suave de alta calidad, ideal para todo el d\u00eda<\/li>\n<li data-start=\"611\" data-end=\"672\"><strong data-start=\"613\" data-end=\"624\">Dise\u00f1o:<\/strong> Logo FILA en el pecho, dise\u00f1o simple y elegante<\/li>\n<li data-start=\"673\" data-end=\"733\"><strong data-start=\"675\" data-end=\"685\">Corte:<\/strong> Ajuste c\u00f3modo con un estilo cl\u00e1sico de camiseta<\/li>\n<li data-start=\"734\" data-end=\"775\"><strong data-start=\"736\" data-end=\"746\">Color:<\/strong> Negro con detalles en blanco<\/li>\n<li data-start=\"776\" data-end=\"853\"><strong data-start=\"778\" data-end=\"798\">Uso recomendado:<\/strong> Uso diario, actividades deportivas suaves, look casual<\/li>\n<li data-start=\"854\" data-end=\"900\"><strong data-start=\"856\" data-end=\"867\">Estilo:<\/strong> Deportivo, minimalista y moderno<\/li>\n<li data-start=\"901\" data-end=\"929\"><strong data-start=\"903\" data-end=\"917\">Temporada:<\/strong> Todo el a\u00f1o<\/li>\n<\/ul>\n<p data-start=\"931\" data-end=\"1040\"><strong data-start=\"931\" data-end=\"954\">El paquete incluye:<\/strong><\/p>\n<ul>\n<li data-start=\"931\" data-end=\"1040\">1 x Camiseta FILA T Shirt Vita Sportiva Black<\/li>\n<li data-start=\"931\" data-end=\"1040\">1 x Etiqueta original de la marca<\/li>\n<\/ul>\n<p data-start=\"1042\" data-end=\"1151\" data-is-last-node=\"\" data-is-only-node=\"\"><strong data-start=\"1042\" data-end=\"1063\">Tipo de producto:<\/strong> Camiseta femenina b\u00e1sica con un dise\u00f1o deportivo, ideal para un look c\u00f3modo y elegante.<\/p>\n","protected":false},"excerpt":{"rendered":"<p>FILA Camiseta Femenina Moda T Shirt Vita Sportiva Black La FILA Camiseta Femenina Moda T Shirt Vita Sportiva Black (F12L01124<\/p>\n","protected":false},"featured_media":74508,"comment_status":"open","ping_status":"closed","template":"","meta":{"nf_dc_page":""},"product_brand":[],"product_cat":[73],"product_tag":[],"class_list":{"0":"post-74507","1":"product","2":"type-product","3":"status-publish","4":"has-post-thumbnail","6":"product_cat-femenino","8":"first","9":"instock","10":"shipping-taxable","11":"purchasable","12":"product-type-simple"},"_links":{"self":[{"href":"https:\/\/brandss.com.py\/index\/wp-json\/wp\/v2\/product\/74507","targetHints":{"allow":["GET"]}}],"collection":[{"href":"https:\/\/brandss.com.py\/index\/wp-json\/wp\/v2\/product"}],"about":[{"href":"https:\/\/brandss.com.py\/index\/wp-json\/wp\/v2\/types\/product"}],"replies":[{"embeddable":true,"href":"https:\/\/brandss.com.py\/index\/wp-json\/wp\/v2\/comments?post=74507"}],"version-history":[{"count":1,"href":"https:\/\/brandss.com.py\/index\/wp-json\/wp\/v2\/product\/74507\/revisions"}],"predecessor-version":[{"id":74511,"href":"https:\/\/brandss.com.py\/index\/wp-json\/wp\/v2\/product\/74507\/revisions\/74511"}],"wp:featuredmedia":[{"embeddable":true,"href":"https:\/\/brandss.com.py\/index\/wp-json\/wp\/v2\/media\/74508"}],"wp:attachment":[{"href":"https:\/\/brandss.com.py\/index\/wp-json\/wp\/v2\/media?parent=74507"}],"wp:term":[{"taxonomy":"product_brand","embeddable":true,"href":"https:\/\/brandss.com.py\/index\/wp-json\/wp\/v2\/product_brand?post=74507"},{"taxonomy":"product_cat","embeddable":true,"href":"https:\/\/brandss.com.py\/index\/wp-json\/wp\/v2\/product_cat?post=74507"},{"taxonomy":"product_tag","embeddable":true,"href":"https:\/\/brandss.com.py\/index\/wp-json\/wp\/v2\/product_tag?post=74507"}],"curies":[{"name":"wp","href":"https:\/\/api.w.org\/{rel}","templated":true}]}}