{"id":74523,"date":"2025-03-03T16:37:19","date_gmt":"2025-03-03T16:37:19","guid":{"rendered":"https:\/\/brandss.com.py\/index\/?post_type=product&#038;p=74523"},"modified":"2025-03-03T16:37:19","modified_gmt":"2025-03-03T16:37:19","slug":"camiseta-femenino-casual-fila-moda-tennis-club-branca","status":"publish","type":"product","link":"https:\/\/brandss.com.py\/index\/producto\/camiseta-femenino-casual-fila-moda-tennis-club-branca\/","title":{"rendered":"CAMISETA FEMENINO CASUAL FILA MODA TENNIS CLUB BRANCA"},"content":{"rendered":"<h1 data-start=\"0\" data-end=\"99\"><img decoding=\"async\" src=\"https:\/\/i0.wp.com\/1000marcas.net\/wp-content\/uploads\/2019\/12\/logo-Fila.png?resize=140%2C79&amp;ssl=1\" \/><\/h1>\n<h1 data-start=\"0\" data-end=\"99\"><strong data-start=\"0\" data-end=\"99\">FILA Camiseta Femenina Moda T Shirt Tennis Club Branca<\/strong><\/h1>\n<p data-start=\"101\" data-end=\"392\">La FILA Camiseta Femenina Moda T Shirt Tennis Club Branca (F12L01248 100) es una prenda que fusiona la elegancia deportiva con un dise\u00f1o cl\u00e1sico. Con su logo distintivo y su corte c\u00f3modo, esta camiseta es perfecta para un look casual o para quienes disfrutan de un estilo de vida activo.<\/p>\n<p data-start=\"394\" data-end=\"414\"><strong data-start=\"394\" data-end=\"414\">Caracter\u00edsticas:<\/strong><\/p>\n<ul data-start=\"415\" data-end=\"952\">\n<li data-start=\"415\" data-end=\"434\"><strong data-start=\"417\" data-end=\"427\">Marca:<\/strong> FILA<\/li>\n<li data-start=\"435\" data-end=\"485\"><strong data-start=\"437\" data-end=\"448\">Modelo:<\/strong> Tennis Club Branca (F12L01248 100)<\/li>\n<li data-start=\"486\" data-end=\"536\"><strong data-start=\"488\" data-end=\"497\">Tipo:<\/strong> Camiseta femenina casual y deportiva<\/li>\n<li data-start=\"537\" data-end=\"594\"><strong data-start=\"539\" data-end=\"552\">Material:<\/strong> Algod\u00f3n de alta calidad, suave y c\u00f3modo<\/li>\n<li data-start=\"595\" data-end=\"683\"><strong data-start=\"597\" data-end=\"608\">Dise\u00f1o:<\/strong> Logo FILA bordado en el pecho, detalles inspirados en el mundo del tenis<\/li>\n<li data-start=\"684\" data-end=\"735\"><strong data-start=\"686\" data-end=\"696\">Corte:<\/strong> Ajuste regular, favorecedor y c\u00f3modo<\/li>\n<li data-start=\"736\" data-end=\"785\"><strong data-start=\"738\" data-end=\"748\">Color:<\/strong> Blanco con detalles en azul y rojo<\/li>\n<li data-start=\"786\" data-end=\"876\"><strong data-start=\"788\" data-end=\"808\">Uso recomendado:<\/strong> Uso diario, actividades deportivas suaves, look casual y elegante<\/li>\n<li data-start=\"877\" data-end=\"921\"><strong data-start=\"879\" data-end=\"890\">Estilo:<\/strong> Deportivo, cl\u00e1sico y moderno<\/li>\n<li data-start=\"922\" data-end=\"952\"><strong data-start=\"924\" data-end=\"938\">Temporada:<\/strong> Todo el a\u00f1o<\/li>\n<\/ul>\n<p data-start=\"954\" data-end=\"1058\"><strong data-start=\"954\" data-end=\"977\">El paquete incluye:<\/strong><\/p>\n<ul>\n<li data-start=\"954\" data-end=\"1058\">1 x Camiseta FILA Tennis Club Branca<\/li>\n<li data-start=\"954\" data-end=\"1058\">1 x Etiqueta original de la marca<\/li>\n<\/ul>\n<p data-start=\"1060\" data-end=\"1185\" data-is-last-node=\"\" data-is-only-node=\"\"><strong data-start=\"1060\" data-end=\"1081\">Tipo de producto:<\/strong> Camiseta femenina con un dise\u00f1o elegante y deportivo, ideal para un estilo casual con un toque cl\u00e1sico.<\/p>\n","protected":false},"excerpt":{"rendered":"<p>FILA Camiseta Femenina Moda T Shirt Tennis Club Branca La FILA Camiseta Femenina Moda T Shirt Tennis Club Branca (F12L01248<\/p>\n","protected":false},"featured_media":74524,"comment_status":"open","ping_status":"closed","template":"","meta":{"nf_dc_page":""},"product_brand":[],"product_cat":[73],"product_tag":[],"class_list":{"0":"post-74523","1":"product","2":"type-product","3":"status-publish","4":"has-post-thumbnail","6":"product_cat-femenino","8":"first","9":"instock","10":"shipping-taxable","11":"purchasable","12":"product-type-simple"},"_links":{"self":[{"href":"https:\/\/brandss.com.py\/index\/wp-json\/wp\/v2\/product\/74523","targetHints":{"allow":["GET"]}}],"collection":[{"href":"https:\/\/brandss.com.py\/index\/wp-json\/wp\/v2\/product"}],"about":[{"href":"https:\/\/brandss.com.py\/index\/wp-json\/wp\/v2\/types\/product"}],"replies":[{"embeddable":true,"href":"https:\/\/brandss.com.py\/index\/wp-json\/wp\/v2\/comments?post=74523"}],"version-history":[{"count":1,"href":"https:\/\/brandss.com.py\/index\/wp-json\/wp\/v2\/product\/74523\/revisions"}],"predecessor-version":[{"id":74528,"href":"https:\/\/brandss.com.py\/index\/wp-json\/wp\/v2\/product\/74523\/revisions\/74528"}],"wp:featuredmedia":[{"embeddable":true,"href":"https:\/\/brandss.com.py\/index\/wp-json\/wp\/v2\/media\/74524"}],"wp:attachment":[{"href":"https:\/\/brandss.com.py\/index\/wp-json\/wp\/v2\/media?parent=74523"}],"wp:term":[{"taxonomy":"product_brand","embeddable":true,"href":"https:\/\/brandss.com.py\/index\/wp-json\/wp\/v2\/product_brand?post=74523"},{"taxonomy":"product_cat","embeddable":true,"href":"https:\/\/brandss.com.py\/index\/wp-json\/wp\/v2\/product_cat?post=74523"},{"taxonomy":"product_tag","embeddable":true,"href":"https:\/\/brandss.com.py\/index\/wp-json\/wp\/v2\/product_tag?post=74523"}],"curies":[{"name":"wp","href":"https:\/\/api.w.org\/{rel}","templated":true}]}}