{"id":74534,"date":"2025-03-03T16:50:30","date_gmt":"2025-03-03T16:50:30","guid":{"rendered":"https:\/\/brandss.com.py\/index\/?post_type=product&#038;p=74534"},"modified":"2025-03-03T16:50:49","modified_gmt":"2025-03-03T16:50:49","slug":"cinturon-casual-masculino-paul-smith","status":"publish","type":"product","link":"https:\/\/brandss.com.py\/index\/producto\/cinturon-casual-masculino-paul-smith\/","title":{"rendered":"CINTURON CASUAL MASCULINO  PAUL SMITH"},"content":{"rendered":"<p><img loading=\"lazy\" decoding=\"async\" class=\"\" src=\"https:\/\/dbkpraha.cz\/images\/stores\/56\/logo.svg\" alt=\"Paul | SC DBK Bud\u011bjovick\u00e1\" width=\"157\" height=\"157\" \/><\/p>\n<h1>5059553009898<\/h1>\n<div class=\"flex max-w-full flex-col flex-grow\">\n<div class=\"min-h-8 text-message relative flex w-full flex-col items-end gap-2 whitespace-normal break-words text-start [.text-message+&amp;]:mt-5\" dir=\"auto\" data-message-author-role=\"assistant\" data-message-id=\"16d0d486-3aac-4b3b-b6c4-367504b12a5c\" data-message-model-slug=\"gpt-4o\">\n<div class=\"flex w-full flex-col gap-1 empty:hidden first:pt-[3px]\">\n<div class=\"markdown prose w-full break-words dark:prose-invert light\">\n<p data-start=\"0\" data-end=\"261\"><span>El <\/span><strong data-start=\"3\" data-end=\"47\"><span>cintur\u00f3n de rayas ic\u00f3nicas de Paul Smith<\/span><\/strong><span> es un accesorio c\u00f3modo que combina elegancia y personalidad en un solo dise\u00f1o. Confeccionado en cuero de alta calidad, este cintur\u00f3n refleja la esencia del estilo brit\u00e1nico con un toque moderno y distintivo.<\/span><\/p>\n<p data-start=\"263\" data-end=\"538\"><span>Su dise\u00f1o destaca por las ic\u00f3nicas bandas multicolores de la marca, un sello caracter\u00edstico de Paul Smith que aporta vitalidad y originalidad al conjunto. Estas l\u00edneas de colores contrastan sutilmente con la base de cuero, logrando un equilibrio entre lo cl\u00e1sico y lo audaz.<\/span><\/p>\n<p data-start=\"540\" data-end=\"873\"><span>El cierre de hebilla, de dise\u00f1o simple pero funcional, garantiza un ajuste seguro y c\u00f3modo, adapt\u00e1ndose con facilidad a diferentes estilos y ocasiones. Ya sea para complementar un look formal o para dar un giro elegante a un atuendo casual, este cintur\u00f3n es una pieza vers\u00e1til que a\u00f1ade un toque de distinci\u00f3n a cualquier vestimenta.<\/span><\/p>\n<p data-start=\"875\" data-end=\"1122\" data-is-last-node=\"\" data-is-only-node=\"\"><span>Ideal para quienes buscan expresar su individualidad a trav\u00e9s de los detalles, el cintur\u00f3n de cuero con rayas ic\u00f3nicas de Paul Smith es m\u00e1s que un simple accesorio: es una declaraci\u00f3n de estilo con la calidad y el dise\u00f1o inconfundible de la marca.<\/span><\/p>\n<\/div>\n<\/div>\n<\/div>\n<\/div>\n<div class=\"flex max-w-full flex-col flex-grow\">\n<div class=\"min-h-8 text-message relative flex w-full flex-col items-end gap-2 whitespace-normal break-words text-start [.text-message+&amp;]:mt-5\" dir=\"auto\" data-message-author-role=\"assistant\" data-message-id=\"16d0d486-3aac-4b3b-b6c4-367504b12a5c\" data-message-model-slug=\"gpt-4o\">\n<div class=\"flex w-full flex-col gap-1 empty:hidden first:pt-[3px]\">\n<div class=\"markdown prose w-full break-words dark:prose-invert light\">\n<p data-start=\"875\" data-end=\"1122\" data-is-last-node=\"\" data-is-only-node=\"\">\n<\/div>\n<\/div>\n<\/div>\n<\/div>\n","protected":false},"excerpt":{"rendered":"<p>5059553009898 El cintur\u00f3n de rayas ic\u00f3nicas de Paul Smith es un accesorio c\u00f3modo que combina elegancia y personalidad en un<\/p>\n","protected":false},"featured_media":74540,"comment_status":"open","ping_status":"closed","template":"","meta":{"nf_dc_page":""},"product_brand":[],"product_cat":[76],"product_tag":[],"class_list":{"0":"post-74534","1":"product","2":"type-product","3":"status-publish","4":"has-post-thumbnail","6":"product_cat-masculino","8":"first","9":"instock","10":"shipping-taxable","11":"purchasable","12":"product-type-simple"},"_links":{"self":[{"href":"https:\/\/brandss.com.py\/index\/wp-json\/wp\/v2\/product\/74534","targetHints":{"allow":["GET"]}}],"collection":[{"href":"https:\/\/brandss.com.py\/index\/wp-json\/wp\/v2\/product"}],"about":[{"href":"https:\/\/brandss.com.py\/index\/wp-json\/wp\/v2\/types\/product"}],"replies":[{"embeddable":true,"href":"https:\/\/brandss.com.py\/index\/wp-json\/wp\/v2\/comments?post=74534"}],"version-history":[{"count":1,"href":"https:\/\/brandss.com.py\/index\/wp-json\/wp\/v2\/product\/74534\/revisions"}],"predecessor-version":[{"id":74543,"href":"https:\/\/brandss.com.py\/index\/wp-json\/wp\/v2\/product\/74534\/revisions\/74543"}],"wp:featuredmedia":[{"embeddable":true,"href":"https:\/\/brandss.com.py\/index\/wp-json\/wp\/v2\/media\/74540"}],"wp:attachment":[{"href":"https:\/\/brandss.com.py\/index\/wp-json\/wp\/v2\/media?parent=74534"}],"wp:term":[{"taxonomy":"product_brand","embeddable":true,"href":"https:\/\/brandss.com.py\/index\/wp-json\/wp\/v2\/product_brand?post=74534"},{"taxonomy":"product_cat","embeddable":true,"href":"https:\/\/brandss.com.py\/index\/wp-json\/wp\/v2\/product_cat?post=74534"},{"taxonomy":"product_tag","embeddable":true,"href":"https:\/\/brandss.com.py\/index\/wp-json\/wp\/v2\/product_tag?post=74534"}],"curies":[{"name":"wp","href":"https:\/\/api.w.org\/{rel}","templated":true}]}}