{"id":74550,"date":"2025-03-03T17:01:52","date_gmt":"2025-03-03T17:01:52","guid":{"rendered":"https:\/\/brandss.com.py\/index\/?post_type=product&#038;p=74550"},"modified":"2025-03-03T17:03:17","modified_gmt":"2025-03-03T17:03:17","slug":"calzado-deportivo-masculino-balr-d3-storm-runner-sneakers","status":"publish","type":"product","link":"https:\/\/brandss.com.py\/index\/producto\/calzado-deportivo-masculino-balr-d3-storm-runner-sneakers\/","title":{"rendered":"CALZADO DEPORTIVO MASCULINO BALR D3 STORM RUNNER SNEAKERS"},"content":{"rendered":"<p><img loading=\"lazy\" decoding=\"async\" class=\"\" src=\"https:\/\/img.freepik.com\/vector-premium\/logotipo-zapatillas_25327-267.jpg\" alt=\"Vectores e ilustraciones de Sneakers Logo para descargar gratis | Freepik\" width=\"189\" height=\"189\" \/><\/p>\n<h1>B1513-1017<\/h1>\n<div class=\"flex max-w-full flex-col flex-grow\">\n<div class=\"min-h-8 text-message relative flex w-full flex-col items-end gap-2 whitespace-normal break-words text-start [.text-message+&amp;]:mt-5\" dir=\"auto\" data-message-author-role=\"assistant\" data-message-id=\"db86105c-4377-4fc8-8d21-df0dfcfc0c82\" data-message-model-slug=\"gpt-4o\">\n<div class=\"flex w-full flex-col gap-1 empty:hidden first:pt-[3px]\">\n<div class=\"markdown prose w-full break-words dark:prose-invert light\">\n<p data-start=\"0\" data-end=\"325\">Las <strong data-start=\"4\" data-end=\"43\">zapatillas D3 Storm Runner de BALR.<\/strong> son la combinaci\u00f3n perfecta de estilo, innovaci\u00f3n y funcionalidad. Dise\u00f1adas para quienes buscan un calzado moderno y sofisticado, estas zapatillas destacan por su construcci\u00f3n en malla transpirable con capas de cuero negro, ofreciendo una est\u00e9tica elegante y deportiva a la vez.<\/p>\n<p data-start=\"327\" data-end=\"766\">Su dise\u00f1o de <strong data-start=\"340\" data-end=\"366\">ca\u00f1a baja con cordones<\/strong> garantiza un ajuste c\u00f3modo y seguro, mientras que la <strong data-start=\"420\" data-end=\"444\">suela de goma gruesa<\/strong> proporciona una excelente amortiguaci\u00f3n y tracci\u00f3n, ideal para el uso diario o actividades urbanas. Uno de los detalles m\u00e1s llamativos de este modelo son sus <strong data-start=\"603\" data-end=\"629\">leng\u00fcetas reflectantes<\/strong> en la leng\u00fceta y el tal\u00f3n, que no solo aportan un toque distintivo sino que tambi\u00e9n mejoran la visibilidad en condiciones de poca luz.<\/p>\n<p data-start=\"768\" data-end=\"974\">La esencia de BALR. se refleja en los acabados exclusivos, como la <strong data-start=\"835\" data-end=\"863\">marca hexagonal plateada<\/strong> caracter\u00edstica, presente tanto en los ojales como en el tal\u00f3n, reafirmando la identidad premium de la marca.<\/p>\n<h3 data-start=\"976\" data-end=\"1004\">Detalles del producto:<\/h3>\n<ul data-start=\"1005\" data-end=\"1179\">\n<li data-start=\"1005\" data-end=\"1035\"><strong data-start=\"1007\" data-end=\"1018\">C\u00f3digo:<\/strong> B1513-1017-102<\/li>\n<li data-start=\"1036\" data-end=\"1083\"><strong data-start=\"1038\" data-end=\"1051\">Material:<\/strong> Tela negra con capas de cuero.<\/li>\n<li data-start=\"1084\" data-end=\"1113\"><strong data-start=\"1086\" data-end=\"1102\">Fabricaci\u00f3n:<\/strong> Portugal<\/li>\n<li data-start=\"1114\" data-end=\"1179\"><strong data-start=\"1116\" data-end=\"1127\">Ajuste:<\/strong> Se ajusta al tama\u00f1o real, elige tu talla habitual<\/li>\n<\/ul>\n<p data-start=\"1181\" data-end=\"1350\" data-is-last-node=\"\" data-is-only-node=\"\">Las <strong data-start=\"1185\" data-end=\"1213\">D3 Storm Runner de BALR.<\/strong> son el equilibrio ideal entre rendimiento y dise\u00f1o de lujo, perfectos para quienes buscan destacar con un calzado exclusivo y funcional.<\/p>\n<\/div>\n<\/div>\n<\/div>\n<\/div>\n<div class=\"mb-2 flex gap-3 empty:hidden -ml-2\">\n<div class=\"items-center justify-start rounded-xl p-1 flex\">\n<div class=\"flex items-center\">\n<div class=\"flex items-center pb-0\"><\/div>\n<\/div>\n<\/div>\n<\/div>\n","protected":false},"excerpt":{"rendered":"<p>B1513-1017 Las zapatillas D3 Storm Runner de BALR. son la combinaci\u00f3n perfecta de estilo, innovaci\u00f3n y funcionalidad. Dise\u00f1adas para quienes<\/p>\n","protected":false},"featured_media":74560,"comment_status":"open","ping_status":"closed","template":"","meta":{"nf_dc_page":""},"product_brand":[],"product_cat":[76],"product_tag":[],"class_list":{"0":"post-74550","1":"product","2":"type-product","3":"status-publish","4":"has-post-thumbnail","6":"product_cat-masculino","8":"first","9":"instock","10":"shipping-taxable","11":"purchasable","12":"product-type-simple"},"_links":{"self":[{"href":"https:\/\/brandss.com.py\/index\/wp-json\/wp\/v2\/product\/74550","targetHints":{"allow":["GET"]}}],"collection":[{"href":"https:\/\/brandss.com.py\/index\/wp-json\/wp\/v2\/product"}],"about":[{"href":"https:\/\/brandss.com.py\/index\/wp-json\/wp\/v2\/types\/product"}],"replies":[{"embeddable":true,"href":"https:\/\/brandss.com.py\/index\/wp-json\/wp\/v2\/comments?post=74550"}],"version-history":[{"count":2,"href":"https:\/\/brandss.com.py\/index\/wp-json\/wp\/v2\/product\/74550\/revisions"}],"predecessor-version":[{"id":74566,"href":"https:\/\/brandss.com.py\/index\/wp-json\/wp\/v2\/product\/74550\/revisions\/74566"}],"wp:featuredmedia":[{"embeddable":true,"href":"https:\/\/brandss.com.py\/index\/wp-json\/wp\/v2\/media\/74560"}],"wp:attachment":[{"href":"https:\/\/brandss.com.py\/index\/wp-json\/wp\/v2\/media?parent=74550"}],"wp:term":[{"taxonomy":"product_brand","embeddable":true,"href":"https:\/\/brandss.com.py\/index\/wp-json\/wp\/v2\/product_brand?post=74550"},{"taxonomy":"product_cat","embeddable":true,"href":"https:\/\/brandss.com.py\/index\/wp-json\/wp\/v2\/product_cat?post=74550"},{"taxonomy":"product_tag","embeddable":true,"href":"https:\/\/brandss.com.py\/index\/wp-json\/wp\/v2\/product_tag?post=74550"}],"curies":[{"name":"wp","href":"https:\/\/api.w.org\/{rel}","templated":true}]}}