{"id":74568,"date":"2025-03-03T17:10:56","date_gmt":"2025-03-03T17:10:56","guid":{"rendered":"https:\/\/brandss.com.py\/index\/?post_type=product&#038;p=74568"},"modified":"2025-03-03T17:18:35","modified_gmt":"2025-03-03T17:18:35","slug":"camiseta-casual-femenina-fila-court-club-blanco","status":"publish","type":"product","link":"https:\/\/brandss.com.py\/index\/producto\/camiseta-casual-femenina-fila-court-club-blanco\/","title":{"rendered":"CAMISETA CASUAL FEMENINA FILA COURT CLUB BLANCO"},"content":{"rendered":"<h1 data-start=\"0\" data-end=\"76\"><img decoding=\"async\" src=\"https:\/\/i0.wp.com\/1000marcas.net\/wp-content\/uploads\/2019\/12\/logo-Fila.png?resize=140%2C79&amp;ssl=1\" \/><\/h1>\n<h1 data-start=\"0\" data-end=\"76\"><strong data-start=\"0\" data-end=\"74\">FILA Camiseta Femenina Court Club Blanco<\/strong><\/h1>\n<p data-start=\"78\" data-end=\"343\">La <strong data-start=\"81\" data-end=\"118\">FILA Camiseta Femenina Court Club Blanco<\/strong> (F12L143 100) es una prenda dise\u00f1ada para quienes buscan comodidad y un estilo deportivo sofisticado. Su dise\u00f1o atemporal con detalles inspirados en el tenis la convierte en una opci\u00f3n ideal para un look casual y din\u00e1mico.<\/p>\n<h3 data-start=\"345\" data-end=\"371\"><strong data-start=\"349\" data-end=\"369\">Caracter\u00edsticas:<\/strong><\/h3>\n<ul data-start=\"372\" data-end=\"879\">\n<li data-start=\"372\" data-end=\"391\"><strong data-start=\"374\" data-end=\"384\">Marca:<\/strong> FILA<\/li>\n<li data-start=\"392\" data-end=\"432\"><strong data-start=\"394\" data-end=\"405\">Modelo:<\/strong> Court Club (F12L143 100)<\/li>\n<li data-start=\"433\" data-end=\"483\"><strong data-start=\"435\" data-end=\"444\">Tipo:<\/strong> Camiseta femenina casual y deportiva<\/li>\n<li data-start=\"484\" data-end=\"547\"><strong data-start=\"486\" data-end=\"499\">Material:<\/strong> Algod\u00f3n de alta calidad, suave y transpirable<\/li>\n<li data-start=\"548\" data-end=\"619\"><strong data-start=\"550\" data-end=\"561\">Dise\u00f1o:<\/strong> Logo FILA bordado en el pecho con detalles minimalistas<\/li>\n<li data-start=\"620\" data-end=\"671\"><strong data-start=\"622\" data-end=\"632\">Corte:<\/strong> Ajuste regular, c\u00f3modo y favorecedor<\/li>\n<li data-start=\"672\" data-end=\"721\"><strong data-start=\"674\" data-end=\"684\">Color:<\/strong> Blanco con detalles en azul y rojo<\/li>\n<li data-start=\"722\" data-end=\"803\"><strong data-start=\"724\" data-end=\"744\">Uso recomendado:<\/strong> Uso diario, actividades deportivas, look casual elegante<\/li>\n<li data-start=\"804\" data-end=\"848\"><strong data-start=\"806\" data-end=\"817\">Estilo:<\/strong> Deportivo, cl\u00e1sico y moderno<\/li>\n<li data-start=\"849\" data-end=\"879\"><strong data-start=\"851\" data-end=\"865\">Temporada:<\/strong> Todo el a\u00f1o<\/li>\n<\/ul>\n<h3 data-start=\"881\" data-end=\"910\"><strong data-start=\"885\" data-end=\"908\">El paquete incluye:<\/strong><\/h3>\n<ul>\n<li data-start=\"911\" data-end=\"981\">1 x Camiseta FILA Court Club<\/li>\n<li data-start=\"911\" data-end=\"981\">1 x Etiqueta original de la marca<\/li>\n<\/ul>\n<p data-start=\"983\" data-end=\"1124\" data-is-last-node=\"\" data-is-only-node=\"\"><strong data-start=\"983\" data-end=\"1004\">Tipo de producto:<\/strong> Camiseta femenina con un dise\u00f1o deportivo y vers\u00e1til, perfecta para quienes buscan un estilo c\u00f3modo y con personalidad.<\/p>\n","protected":false},"excerpt":{"rendered":"<p>FILA Camiseta Femenina Court Club Blanco La FILA Camiseta Femenina Court Club Blanco (F12L143 100) es una prenda dise\u00f1ada para<\/p>\n","protected":false},"featured_media":74570,"comment_status":"open","ping_status":"closed","template":"","meta":{"nf_dc_page":""},"product_brand":[],"product_cat":[73],"product_tag":[],"class_list":{"0":"post-74568","1":"product","2":"type-product","3":"status-publish","4":"has-post-thumbnail","6":"product_cat-femenino","8":"first","9":"instock","10":"shipping-taxable","11":"purchasable","12":"product-type-simple"},"_links":{"self":[{"href":"https:\/\/brandss.com.py\/index\/wp-json\/wp\/v2\/product\/74568","targetHints":{"allow":["GET"]}}],"collection":[{"href":"https:\/\/brandss.com.py\/index\/wp-json\/wp\/v2\/product"}],"about":[{"href":"https:\/\/brandss.com.py\/index\/wp-json\/wp\/v2\/types\/product"}],"replies":[{"embeddable":true,"href":"https:\/\/brandss.com.py\/index\/wp-json\/wp\/v2\/comments?post=74568"}],"version-history":[{"count":1,"href":"https:\/\/brandss.com.py\/index\/wp-json\/wp\/v2\/product\/74568\/revisions"}],"predecessor-version":[{"id":74572,"href":"https:\/\/brandss.com.py\/index\/wp-json\/wp\/v2\/product\/74568\/revisions\/74572"}],"wp:featuredmedia":[{"embeddable":true,"href":"https:\/\/brandss.com.py\/index\/wp-json\/wp\/v2\/media\/74570"}],"wp:attachment":[{"href":"https:\/\/brandss.com.py\/index\/wp-json\/wp\/v2\/media?parent=74568"}],"wp:term":[{"taxonomy":"product_brand","embeddable":true,"href":"https:\/\/brandss.com.py\/index\/wp-json\/wp\/v2\/product_brand?post=74568"},{"taxonomy":"product_cat","embeddable":true,"href":"https:\/\/brandss.com.py\/index\/wp-json\/wp\/v2\/product_cat?post=74568"},{"taxonomy":"product_tag","embeddable":true,"href":"https:\/\/brandss.com.py\/index\/wp-json\/wp\/v2\/product_tag?post=74568"}],"curies":[{"name":"wp","href":"https:\/\/api.w.org\/{rel}","templated":true}]}}